{"id":3075,"date":"2023-06-04T10:45:38","date_gmt":"2023-06-04T14:45:38","guid":{"rendered":"https:\/\/whitebirchpaper.com\/?page_id=3075"},"modified":"2023-06-04T10:45:51","modified_gmt":"2023-06-04T14:45:51","slug":"politique-de-reconnaissance-et-de-respect-des-droits-des-peuples-autochtones","status":"publish","type":"page","link":"https:\/\/whitebirchpaper.com\/fr\/certifications\/politique-de-reconnaissance-et-de-respect-des-droits-des-peuples-autochtones\/","title":{"rendered":"Politique de Reconnaissance et de Respect des Droits des Peuples Autochtones"},"content":{"rendered":"<p>Papiers White Birch est une entreprise proactive notamment en adoptant des proc\u00e9dures environnementales dans le cadre de la fabrication de son papier. Elle s\u2019engage \u00e0 offrir des produits qui r\u00e9pondent aux exigences de ses partenaires tout en assurant sa viabilit\u00e9 \u00e9conomique. La fibre vierge utilis\u00e9e dans nos produits provient de for\u00eats am\u00e9nag\u00e9es de fa\u00e7on durable, en respect avec les valeurs environnementale, sociales et \u00e9conomiques. Parmi les valeurs sociales, PWB reconnait les droits des Autochtones comme premiers occupants du territoire qui constitue de nos jours le Canada. Dans le cadre de son engagement aupr\u00e8s des collectivit\u00e9s autochtones et favoriser des relations harmonieuses avec elles et ses fournisseurs, PWB s\u2019engage \u00e0 r\u00e9pondre et \u00e0 partager de l\u2019information de gestion foresti\u00e8re associ\u00e9e aux r\u00e9gions d\u2019approvisionnement de ses installations. Au besoin, PWB s\u2019engage \u00e0 communiquer et partager les informations pertinentes avec les peuples autochtones.<\/p>\n","protected":false},"excerpt":{"rendered":"<p>Papiers White Birch est une entreprise proactive notamment en adoptant des proc\u00e9dures environnementales dans le cadre de la fabrication de son papier. Elle s\u2019engage \u00e0 offrir des produits qui r\u00e9pondent aux exigences de ses partenaires tout en assurant sa viabilit\u00e9 \u00e9conomique. La fibre vierge utilis\u00e9e dans nos produits provient de for\u00eats am\u00e9nag\u00e9es de fa\u00e7on durable, [&hellip;]<\/p>\n","protected":false},"author":19,"featured_media":0,"parent":1095,"menu_order":0,"comment_status":"closed","ping_status":"closed","template":"","meta":{"_acf_changed":false,"footnotes":""},"class_list":["post-3075","page","type-page","status-publish","hentry"],"acf":[],"yoast_head":"<!-- This site is optimized with the Yoast SEO plugin v27.3 - https:\/\/yoast.com\/product\/yoast-seo-wordpress\/ -->\n<title>Politique de Reconnaissance et de Respect des Droits des Peuples Autochtones - White Birch Paper<\/title>\n<meta name=\"robots\" content=\"index, follow, max-snippet:-1, max-image-preview:large, max-video-preview:-1\" \/>\n<link rel=\"canonical\" href=\"https:\/\/whitebirchpaper.com\/fr\/certifications\/politique-de-reconnaissance-et-de-respect-des-droits-des-peuples-autochtones\/\" \/>\n<meta property=\"og:locale\" content=\"fr_FR\" \/>\n<meta property=\"og:type\" content=\"article\" \/>\n<meta property=\"og:title\" content=\"Politique de Reconnaissance et de Respect des Droits des Peuples Autochtones - White Birch Paper\" \/>\n<meta property=\"og:description\" content=\"Papiers White Birch est une entreprise proactive notamment en adoptant des proc\u00e9dures environnementales dans le cadre de la fabrication de son papier. Elle s\u2019engage \u00e0 offrir des produits qui r\u00e9pondent aux exigences de ses partenaires tout en assurant sa viabilit\u00e9 \u00e9conomique. La fibre vierge utilis\u00e9e dans nos produits provient de for\u00eats am\u00e9nag\u00e9es de fa\u00e7on durable, [&hellip;]\" \/>\n<meta property=\"og:url\" content=\"https:\/\/whitebirchpaper.com\/fr\/certifications\/politique-de-reconnaissance-et-de-respect-des-droits-des-peuples-autochtones\/\" \/>\n<meta property=\"og:site_name\" content=\"White Birch Paper\" \/>\n<meta property=\"article:modified_time\" content=\"2023-06-04T14:45:51+00:00\" \/>\n<meta name=\"twitter:card\" content=\"summary_large_image\" \/>\n<meta name=\"twitter:label1\" content=\"Dur\u00e9e de lecture estim\u00e9e\" \/>\n\t<meta name=\"twitter:data1\" content=\"1 minute\" \/>\n<script type=\"application\/ld+json\" class=\"yoast-schema-graph\">{\"@context\":\"https:\\\/\\\/schema.org\",\"@graph\":[{\"@type\":\"WebPage\",\"@id\":\"https:\\\/\\\/whitebirchpaper.com\\\/fr\\\/certifications\\\/politique-de-reconnaissance-et-de-respect-des-droits-des-peuples-autochtones\\\/\",\"url\":\"https:\\\/\\\/whitebirchpaper.com\\\/fr\\\/certifications\\\/politique-de-reconnaissance-et-de-respect-des-droits-des-peuples-autochtones\\\/\",\"name\":\"Politique de Reconnaissance et de Respect des Droits des Peuples Autochtones - White Birch Paper\",\"isPartOf\":{\"@id\":\"https:\\\/\\\/whitebirchpaper.com\\\/#website\"},\"datePublished\":\"2023-06-04T14:45:38+00:00\",\"dateModified\":\"2023-06-04T14:45:51+00:00\",\"breadcrumb\":{\"@id\":\"https:\\\/\\\/whitebirchpaper.com\\\/fr\\\/certifications\\\/politique-de-reconnaissance-et-de-respect-des-droits-des-peuples-autochtones\\\/#breadcrumb\"},\"inLanguage\":\"fr-FR\",\"potentialAction\":[{\"@type\":\"ReadAction\",\"target\":[\"https:\\\/\\\/whitebirchpaper.com\\\/fr\\\/certifications\\\/politique-de-reconnaissance-et-de-respect-des-droits-des-peuples-autochtones\\\/\"]}]},{\"@type\":\"BreadcrumbList\",\"@id\":\"https:\\\/\\\/whitebirchpaper.com\\\/fr\\\/certifications\\\/politique-de-reconnaissance-et-de-respect-des-droits-des-peuples-autochtones\\\/#breadcrumb\",\"itemListElement\":[{\"@type\":\"ListItem\",\"position\":1,\"name\":\"Home\",\"item\":\"https:\\\/\\\/whitebirchpaper.com\\\/fr\\\/\"},{\"@type\":\"ListItem\",\"position\":2,\"name\":\"Certifications\",\"item\":\"https:\\\/\\\/whitebirchpaper.com\\\/fr\\\/certifications\\\/\"},{\"@type\":\"ListItem\",\"position\":3,\"name\":\"Politique de Reconnaissance et de Respect des Droits des Peuples Autochtones\"}]},{\"@type\":\"WebSite\",\"@id\":\"https:\\\/\\\/whitebirchpaper.com\\\/#website\",\"url\":\"https:\\\/\\\/whitebirchpaper.com\\\/\",\"name\":\"White Birch Paper\",\"description\":\"\",\"publisher\":{\"@id\":\"https:\\\/\\\/whitebirchpaper.com\\\/#organization\"},\"potentialAction\":[{\"@type\":\"SearchAction\",\"target\":{\"@type\":\"EntryPoint\",\"urlTemplate\":\"https:\\\/\\\/whitebirchpaper.com\\\/?s={search_term_string}\"},\"query-input\":{\"@type\":\"PropertyValueSpecification\",\"valueRequired\":true,\"valueName\":\"search_term_string\"}}],\"inLanguage\":\"fr-FR\"},{\"@type\":\"Organization\",\"@id\":\"https:\\\/\\\/whitebirchpaper.com\\\/#organization\",\"name\":\"White Birch Paper\",\"url\":\"https:\\\/\\\/whitebirchpaper.com\\\/\",\"logo\":{\"@type\":\"ImageObject\",\"inLanguage\":\"fr-FR\",\"@id\":\"https:\\\/\\\/whitebirchpaper.com\\\/#\\\/schema\\\/logo\\\/image\\\/\",\"url\":\"https:\\\/\\\/whitebirchpaper.com\\\/wp-content\\\/uploads\\\/logo-white-birch-paper.png\",\"contentUrl\":\"https:\\\/\\\/whitebirchpaper.com\\\/wp-content\\\/uploads\\\/logo-white-birch-paper.png\",\"width\":395,\"height\":75,\"caption\":\"White Birch Paper\"},\"image\":{\"@id\":\"https:\\\/\\\/whitebirchpaper.com\\\/#\\\/schema\\\/logo\\\/image\\\/\"}}]}<\/script>\n<!-- \/ Yoast SEO plugin. -->","yoast_head_json":{"title":"Politique de Reconnaissance et de Respect des Droits des Peuples Autochtones - White Birch Paper","robots":{"index":"index","follow":"follow","max-snippet":"max-snippet:-1","max-image-preview":"max-image-preview:large","max-video-preview":"max-video-preview:-1"},"canonical":"https:\/\/whitebirchpaper.com\/fr\/certifications\/politique-de-reconnaissance-et-de-respect-des-droits-des-peuples-autochtones\/","og_locale":"fr_FR","og_type":"article","og_title":"Politique de Reconnaissance et de Respect des Droits des Peuples Autochtones - White Birch Paper","og_description":"Papiers White Birch est une entreprise proactive notamment en adoptant des proc\u00e9dures environnementales dans le cadre de la fabrication de son papier. Elle s\u2019engage \u00e0 offrir des produits qui r\u00e9pondent aux exigences de ses partenaires tout en assurant sa viabilit\u00e9 \u00e9conomique. La fibre vierge utilis\u00e9e dans nos produits provient de for\u00eats am\u00e9nag\u00e9es de fa\u00e7on durable, [&hellip;]","og_url":"https:\/\/whitebirchpaper.com\/fr\/certifications\/politique-de-reconnaissance-et-de-respect-des-droits-des-peuples-autochtones\/","og_site_name":"White Birch Paper","article_modified_time":"2023-06-04T14:45:51+00:00","twitter_card":"summary_large_image","twitter_misc":{"Dur\u00e9e de lecture estim\u00e9e":"1 minute"},"schema":{"@context":"https:\/\/schema.org","@graph":[{"@type":"WebPage","@id":"https:\/\/whitebirchpaper.com\/fr\/certifications\/politique-de-reconnaissance-et-de-respect-des-droits-des-peuples-autochtones\/","url":"https:\/\/whitebirchpaper.com\/fr\/certifications\/politique-de-reconnaissance-et-de-respect-des-droits-des-peuples-autochtones\/","name":"Politique de Reconnaissance et de Respect des Droits des Peuples Autochtones - White Birch Paper","isPartOf":{"@id":"https:\/\/whitebirchpaper.com\/#website"},"datePublished":"2023-06-04T14:45:38+00:00","dateModified":"2023-06-04T14:45:51+00:00","breadcrumb":{"@id":"https:\/\/whitebirchpaper.com\/fr\/certifications\/politique-de-reconnaissance-et-de-respect-des-droits-des-peuples-autochtones\/#breadcrumb"},"inLanguage":"fr-FR","potentialAction":[{"@type":"ReadAction","target":["https:\/\/whitebirchpaper.com\/fr\/certifications\/politique-de-reconnaissance-et-de-respect-des-droits-des-peuples-autochtones\/"]}]},{"@type":"BreadcrumbList","@id":"https:\/\/whitebirchpaper.com\/fr\/certifications\/politique-de-reconnaissance-et-de-respect-des-droits-des-peuples-autochtones\/#breadcrumb","itemListElement":[{"@type":"ListItem","position":1,"name":"Home","item":"https:\/\/whitebirchpaper.com\/fr\/"},{"@type":"ListItem","position":2,"name":"Certifications","item":"https:\/\/whitebirchpaper.com\/fr\/certifications\/"},{"@type":"ListItem","position":3,"name":"Politique de Reconnaissance et de Respect des Droits des Peuples Autochtones"}]},{"@type":"WebSite","@id":"https:\/\/whitebirchpaper.com\/#website","url":"https:\/\/whitebirchpaper.com\/","name":"White Birch Paper","description":"","publisher":{"@id":"https:\/\/whitebirchpaper.com\/#organization"},"potentialAction":[{"@type":"SearchAction","target":{"@type":"EntryPoint","urlTemplate":"https:\/\/whitebirchpaper.com\/?s={search_term_string}"},"query-input":{"@type":"PropertyValueSpecification","valueRequired":true,"valueName":"search_term_string"}}],"inLanguage":"fr-FR"},{"@type":"Organization","@id":"https:\/\/whitebirchpaper.com\/#organization","name":"White Birch Paper","url":"https:\/\/whitebirchpaper.com\/","logo":{"@type":"ImageObject","inLanguage":"fr-FR","@id":"https:\/\/whitebirchpaper.com\/#\/schema\/logo\/image\/","url":"https:\/\/whitebirchpaper.com\/wp-content\/uploads\/logo-white-birch-paper.png","contentUrl":"https:\/\/whitebirchpaper.com\/wp-content\/uploads\/logo-white-birch-paper.png","width":395,"height":75,"caption":"White Birch Paper"},"image":{"@id":"https:\/\/whitebirchpaper.com\/#\/schema\/logo\/image\/"}}]}},"_links":{"self":[{"href":"https:\/\/whitebirchpaper.com\/fr\/wp-json\/wp\/v2\/pages\/3075","targetHints":{"allow":["GET"]}}],"collection":[{"href":"https:\/\/whitebirchpaper.com\/fr\/wp-json\/wp\/v2\/pages"}],"about":[{"href":"https:\/\/whitebirchpaper.com\/fr\/wp-json\/wp\/v2\/types\/page"}],"author":[{"embeddable":true,"href":"https:\/\/whitebirchpaper.com\/fr\/wp-json\/wp\/v2\/users\/19"}],"replies":[{"embeddable":true,"href":"https:\/\/whitebirchpaper.com\/fr\/wp-json\/wp\/v2\/comments?post=3075"}],"version-history":[{"count":0,"href":"https:\/\/whitebirchpaper.com\/fr\/wp-json\/wp\/v2\/pages\/3075\/revisions"}],"up":[{"embeddable":true,"href":"https:\/\/whitebirchpaper.com\/fr\/wp-json\/wp\/v2\/pages\/1095"}],"wp:attachment":[{"href":"https:\/\/whitebirchpaper.com\/fr\/wp-json\/wp\/v2\/media?parent=3075"}],"curies":[{"name":"wp","href":"https:\/\/api.w.org\/{rel}","templated":true}]}}