{"id":1143,"date":"2015-11-25T14:45:32","date_gmt":"2015-11-25T19:45:32","guid":{"rendered":"https:\/\/whitebirchpaper.com\/fr\/products\/commercial-papers\/directory-paper\/"},"modified":"2017-03-16T16:14:11","modified_gmt":"2017-03-16T20:14:11","slug":"papier-annuaire","status":"publish","type":"page","link":"https:\/\/whitebirchpaper.com\/fr\/nos-produits\/papiers-commerciaux\/papier-annuaire\/","title":{"rendered":"Papier annuaire"},"content":{"rendered":"<p>Fabriqu\u00e9 \u00e0 nos usines Stadacona et F.F. Soucy, notre papier annuaire est reconnu pour sa r\u00e9sistance et ses excellentes propri\u00e9t\u00e9s optiques. Depuis plus de 25 ans, notre papier annuaire a fait ses preuves dans plusieurs applications, y compris les annuaires t\u00e9l\u00e9phoniques, les r\u00e9pertoires d\u2019entreprises, les catalogues et les horaires de compagnies a\u00e9riennes. Offert dans plusieurs poids de base, de brillances et de teintes, notre papier annuaire est achemin\u00e9 \u00e0 travers le monde et fabriqu\u00e9 sur mesure dans une vari\u00e9t\u00e9 de couleurs, y compris le bleu et le jaune.<\/p>\n<h3>Gamme offerte de papier annuaire<\/h3>\n<table width=\"100%\">\n<tbody>\n<tr>\n<td><strong>Poids de base\u00a0(rame)<\/strong><\/td>\n<td><strong>Poids de base\u00a0(g\/m2)<\/strong><\/td>\n<td><strong>Brillance*<\/strong><\/td>\n<td><strong>Teinte<\/strong><\/td>\n<\/tr>\n<tr>\n<td>20<\/td>\n<td>32,5<\/td>\n<td>55-65<\/td>\n<td>cr\u00e8me<\/td>\n<\/tr>\n<tr>\n<td>20,9<\/td>\n<td>34<\/td>\n<td>55-65<\/td>\n<td>cr\u00e8me<\/td>\n<\/tr>\n<tr>\n<td>22,1<\/td>\n<td>36<\/td>\n<td>55-65<\/td>\n<td>cr\u00e8me, bleue, jaune<\/td>\n<\/tr>\n<tr>\n<td>24,6<\/td>\n<td>40<\/td>\n<td>55-65<\/td>\n<td>cr\u00e8me, bleue-blanc<\/td>\n<\/tr>\n<tr>\n<td>25,5<\/td>\n<td>41,5<\/td>\n<td>55-65<\/td>\n<td>cr\u00e8me, bleue-blanc<\/td>\n<\/tr>\n<\/tbody>\n<\/table>\n<p>* Des options de brillance plus \u00e9lev\u00e9e sont disponibles sur demande.<\/p>\n<p><a class=\"more\" href=\"https:\/\/whitebirchpaper.com\/fr\/nous-joindre\/demande-de-renseignement-commerciale\/\">soumettre une dEMANDE DE RENSEIGNEMENT COMMERCIALE<\/a><\/p>\n<p><a class=\"more\" href=\"https:\/\/whitebirchpaper.com\/wp-content\/uploads\/directory_specs.pdf\">T\u00c9L\u00c9CHARGER LA FEUILLE DE SP\u00c9CIFICATIONS DE PAPIER ANNUAIRE<\/a><\/p>\n<p>&nbsp;<\/p>\n","protected":false},"excerpt":{"rendered":"<p>Fabriqu\u00e9 \u00e0 nos usines Stadacona et F.F. Soucy, notre papier annuaire est reconnu pour sa r\u00e9sistance et ses excellentes propri\u00e9t\u00e9s optiques. Depuis plus de 25 ans, notre papier annuaire a fait ses preuves dans plusieurs applications, y compris les annuaires t\u00e9l\u00e9phoniques, les r\u00e9pertoires d\u2019entreprises, les catalogues et les horaires de compagnies a\u00e9riennes. Offert dans plusieurs [&hellip;]<\/p>\n","protected":false},"author":19,"featured_media":1019,"parent":1137,"menu_order":0,"comment_status":"closed","ping_status":"closed","template":"","meta":{"_acf_changed":false,"footnotes":""},"class_list":["post-1143","page","type-page","status-publish","hentry"],"acf":[],"yoast_head":"<!-- This site is optimized with the Yoast SEO plugin v27.3 - https:\/\/yoast.com\/product\/yoast-seo-wordpress\/ -->\n<title>Papier annuaire | Papier pour impression commerciale | Papiers White Birch<\/title>\n<meta name=\"description\" content=\"Le papier annuaire de Papiers White Birch ea fait ses preuves dans plusieurs applications, y compris les annuaires t\u00e9l\u00e9phoniques, les r\u00e9pertoires d\u2019entreprises, les catalogues et les horaires de compagnies a\u00e9riennes\" \/>\n<meta name=\"robots\" content=\"index, follow, max-snippet:-1, max-image-preview:large, max-video-preview:-1\" \/>\n<link rel=\"canonical\" href=\"https:\/\/whitebirchpaper.com\/fr\/nos-produits\/papiers-commerciaux\/papier-annuaire\/\" \/>\n<meta property=\"og:locale\" content=\"fr_FR\" \/>\n<meta property=\"og:type\" content=\"article\" \/>\n<meta property=\"og:title\" content=\"Papier annuaire | Papier pour impression commerciale | Papiers White Birch\" \/>\n<meta property=\"og:description\" content=\"Le papier annuaire de Papiers White Birch ea fait ses preuves dans plusieurs applications, y compris les annuaires t\u00e9l\u00e9phoniques, les r\u00e9pertoires d\u2019entreprises, les catalogues et les horaires de compagnies a\u00e9riennes\" \/>\n<meta property=\"og:url\" content=\"https:\/\/whitebirchpaper.com\/fr\/nos-produits\/papiers-commerciaux\/papier-annuaire\/\" \/>\n<meta property=\"og:site_name\" content=\"White Birch Paper\" \/>\n<meta property=\"article:modified_time\" content=\"2017-03-16T20:14:11+00:00\" \/>\n<meta property=\"og:image\" content=\"https:\/\/whitebirchpaper.com\/wp-content\/uploads\/sub_commercial_papers.jpg\" \/>\n\t<meta property=\"og:image:width\" content=\"1298\" \/>\n\t<meta property=\"og:image:height\" content=\"164\" \/>\n\t<meta property=\"og:image:type\" content=\"image\/jpeg\" \/>\n<meta name=\"twitter:card\" content=\"summary_large_image\" \/>\n<meta name=\"twitter:label1\" content=\"Dur\u00e9e de lecture estim\u00e9e\" \/>\n\t<meta name=\"twitter:data1\" content=\"1 minute\" \/>\n<script type=\"application\/ld+json\" class=\"yoast-schema-graph\">{\"@context\":\"https:\\\/\\\/schema.org\",\"@graph\":[{\"@type\":\"WebPage\",\"@id\":\"https:\\\/\\\/whitebirchpaper.com\\\/fr\\\/nos-produits\\\/papiers-commerciaux\\\/papier-annuaire\\\/\",\"url\":\"https:\\\/\\\/whitebirchpaper.com\\\/fr\\\/nos-produits\\\/papiers-commerciaux\\\/papier-annuaire\\\/\",\"name\":\"Papier annuaire | Papier pour impression commerciale | Papiers White Birch\",\"isPartOf\":{\"@id\":\"https:\\\/\\\/whitebirchpaper.com\\\/#website\"},\"primaryImageOfPage\":{\"@id\":\"https:\\\/\\\/whitebirchpaper.com\\\/fr\\\/nos-produits\\\/papiers-commerciaux\\\/papier-annuaire\\\/#primaryimage\"},\"image\":{\"@id\":\"https:\\\/\\\/whitebirchpaper.com\\\/fr\\\/nos-produits\\\/papiers-commerciaux\\\/papier-annuaire\\\/#primaryimage\"},\"thumbnailUrl\":\"https:\\\/\\\/whitebirchpaper.com\\\/wp-content\\\/uploads\\\/sub_commercial_papers.jpg\",\"datePublished\":\"2015-11-25T19:45:32+00:00\",\"dateModified\":\"2017-03-16T20:14:11+00:00\",\"description\":\"Le papier annuaire de Papiers White Birch ea fait ses preuves dans plusieurs applications, y compris les annuaires t\u00e9l\u00e9phoniques, les r\u00e9pertoires d\u2019entreprises, les catalogues et les horaires de compagnies a\u00e9riennes\",\"breadcrumb\":{\"@id\":\"https:\\\/\\\/whitebirchpaper.com\\\/fr\\\/nos-produits\\\/papiers-commerciaux\\\/papier-annuaire\\\/#breadcrumb\"},\"inLanguage\":\"fr-FR\",\"potentialAction\":[{\"@type\":\"ReadAction\",\"target\":[\"https:\\\/\\\/whitebirchpaper.com\\\/fr\\\/nos-produits\\\/papiers-commerciaux\\\/papier-annuaire\\\/\"]}]},{\"@type\":\"ImageObject\",\"inLanguage\":\"fr-FR\",\"@id\":\"https:\\\/\\\/whitebirchpaper.com\\\/fr\\\/nos-produits\\\/papiers-commerciaux\\\/papier-annuaire\\\/#primaryimage\",\"url\":\"https:\\\/\\\/whitebirchpaper.com\\\/wp-content\\\/uploads\\\/sub_commercial_papers.jpg\",\"contentUrl\":\"https:\\\/\\\/whitebirchpaper.com\\\/wp-content\\\/uploads\\\/sub_commercial_papers.jpg\",\"width\":1298,\"height\":164,\"caption\":\"Papiers Commerciaux\"},{\"@type\":\"BreadcrumbList\",\"@id\":\"https:\\\/\\\/whitebirchpaper.com\\\/fr\\\/nos-produits\\\/papiers-commerciaux\\\/papier-annuaire\\\/#breadcrumb\",\"itemListElement\":[{\"@type\":\"ListItem\",\"position\":1,\"name\":\"Home\",\"item\":\"https:\\\/\\\/whitebirchpaper.com\\\/fr\\\/\"},{\"@type\":\"ListItem\",\"position\":2,\"name\":\"Produits\",\"item\":\"https:\\\/\\\/whitebirchpaper.com\\\/fr\\\/nos-produits\\\/\"},{\"@type\":\"ListItem\",\"position\":3,\"name\":\"Papiers commerciaux\",\"item\":\"https:\\\/\\\/whitebirchpaper.com\\\/fr\\\/nos-produits\\\/papiers-commerciaux\\\/\"},{\"@type\":\"ListItem\",\"position\":4,\"name\":\"Papier annuaire\"}]},{\"@type\":\"WebSite\",\"@id\":\"https:\\\/\\\/whitebirchpaper.com\\\/#website\",\"url\":\"https:\\\/\\\/whitebirchpaper.com\\\/\",\"name\":\"White Birch Paper\",\"description\":\"\",\"publisher\":{\"@id\":\"https:\\\/\\\/whitebirchpaper.com\\\/#organization\"},\"potentialAction\":[{\"@type\":\"SearchAction\",\"target\":{\"@type\":\"EntryPoint\",\"urlTemplate\":\"https:\\\/\\\/whitebirchpaper.com\\\/?s={search_term_string}\"},\"query-input\":{\"@type\":\"PropertyValueSpecification\",\"valueRequired\":true,\"valueName\":\"search_term_string\"}}],\"inLanguage\":\"fr-FR\"},{\"@type\":\"Organization\",\"@id\":\"https:\\\/\\\/whitebirchpaper.com\\\/#organization\",\"name\":\"White Birch Paper\",\"url\":\"https:\\\/\\\/whitebirchpaper.com\\\/\",\"logo\":{\"@type\":\"ImageObject\",\"inLanguage\":\"fr-FR\",\"@id\":\"https:\\\/\\\/whitebirchpaper.com\\\/#\\\/schema\\\/logo\\\/image\\\/\",\"url\":\"https:\\\/\\\/whitebirchpaper.com\\\/wp-content\\\/uploads\\\/logo-white-birch-paper.png\",\"contentUrl\":\"https:\\\/\\\/whitebirchpaper.com\\\/wp-content\\\/uploads\\\/logo-white-birch-paper.png\",\"width\":395,\"height\":75,\"caption\":\"White Birch Paper\"},\"image\":{\"@id\":\"https:\\\/\\\/whitebirchpaper.com\\\/#\\\/schema\\\/logo\\\/image\\\/\"}}]}<\/script>\n<!-- \/ Yoast SEO plugin. -->","yoast_head_json":{"title":"Papier annuaire | Papier pour impression commerciale | Papiers White Birch","description":"Le papier annuaire de Papiers White Birch ea fait ses preuves dans plusieurs applications, y compris les annuaires t\u00e9l\u00e9phoniques, les r\u00e9pertoires d\u2019entreprises, les catalogues et les horaires de compagnies a\u00e9riennes","robots":{"index":"index","follow":"follow","max-snippet":"max-snippet:-1","max-image-preview":"max-image-preview:large","max-video-preview":"max-video-preview:-1"},"canonical":"https:\/\/whitebirchpaper.com\/fr\/nos-produits\/papiers-commerciaux\/papier-annuaire\/","og_locale":"fr_FR","og_type":"article","og_title":"Papier annuaire | Papier pour impression commerciale | Papiers White Birch","og_description":"Le papier annuaire de Papiers White Birch ea fait ses preuves dans plusieurs applications, y compris les annuaires t\u00e9l\u00e9phoniques, les r\u00e9pertoires d\u2019entreprises, les catalogues et les horaires de compagnies a\u00e9riennes","og_url":"https:\/\/whitebirchpaper.com\/fr\/nos-produits\/papiers-commerciaux\/papier-annuaire\/","og_site_name":"White Birch Paper","article_modified_time":"2017-03-16T20:14:11+00:00","og_image":[{"width":1298,"height":164,"url":"https:\/\/whitebirchpaper.com\/wp-content\/uploads\/sub_commercial_papers.jpg","type":"image\/jpeg"}],"twitter_card":"summary_large_image","twitter_misc":{"Dur\u00e9e de lecture estim\u00e9e":"1 minute"},"schema":{"@context":"https:\/\/schema.org","@graph":[{"@type":"WebPage","@id":"https:\/\/whitebirchpaper.com\/fr\/nos-produits\/papiers-commerciaux\/papier-annuaire\/","url":"https:\/\/whitebirchpaper.com\/fr\/nos-produits\/papiers-commerciaux\/papier-annuaire\/","name":"Papier annuaire | Papier pour impression commerciale | Papiers White Birch","isPartOf":{"@id":"https:\/\/whitebirchpaper.com\/#website"},"primaryImageOfPage":{"@id":"https:\/\/whitebirchpaper.com\/fr\/nos-produits\/papiers-commerciaux\/papier-annuaire\/#primaryimage"},"image":{"@id":"https:\/\/whitebirchpaper.com\/fr\/nos-produits\/papiers-commerciaux\/papier-annuaire\/#primaryimage"},"thumbnailUrl":"https:\/\/whitebirchpaper.com\/wp-content\/uploads\/sub_commercial_papers.jpg","datePublished":"2015-11-25T19:45:32+00:00","dateModified":"2017-03-16T20:14:11+00:00","description":"Le papier annuaire de Papiers White Birch ea fait ses preuves dans plusieurs applications, y compris les annuaires t\u00e9l\u00e9phoniques, les r\u00e9pertoires d\u2019entreprises, les catalogues et les horaires de compagnies a\u00e9riennes","breadcrumb":{"@id":"https:\/\/whitebirchpaper.com\/fr\/nos-produits\/papiers-commerciaux\/papier-annuaire\/#breadcrumb"},"inLanguage":"fr-FR","potentialAction":[{"@type":"ReadAction","target":["https:\/\/whitebirchpaper.com\/fr\/nos-produits\/papiers-commerciaux\/papier-annuaire\/"]}]},{"@type":"ImageObject","inLanguage":"fr-FR","@id":"https:\/\/whitebirchpaper.com\/fr\/nos-produits\/papiers-commerciaux\/papier-annuaire\/#primaryimage","url":"https:\/\/whitebirchpaper.com\/wp-content\/uploads\/sub_commercial_papers.jpg","contentUrl":"https:\/\/whitebirchpaper.com\/wp-content\/uploads\/sub_commercial_papers.jpg","width":1298,"height":164,"caption":"Papiers Commerciaux"},{"@type":"BreadcrumbList","@id":"https:\/\/whitebirchpaper.com\/fr\/nos-produits\/papiers-commerciaux\/papier-annuaire\/#breadcrumb","itemListElement":[{"@type":"ListItem","position":1,"name":"Home","item":"https:\/\/whitebirchpaper.com\/fr\/"},{"@type":"ListItem","position":2,"name":"Produits","item":"https:\/\/whitebirchpaper.com\/fr\/nos-produits\/"},{"@type":"ListItem","position":3,"name":"Papiers commerciaux","item":"https:\/\/whitebirchpaper.com\/fr\/nos-produits\/papiers-commerciaux\/"},{"@type":"ListItem","position":4,"name":"Papier annuaire"}]},{"@type":"WebSite","@id":"https:\/\/whitebirchpaper.com\/#website","url":"https:\/\/whitebirchpaper.com\/","name":"White Birch Paper","description":"","publisher":{"@id":"https:\/\/whitebirchpaper.com\/#organization"},"potentialAction":[{"@type":"SearchAction","target":{"@type":"EntryPoint","urlTemplate":"https:\/\/whitebirchpaper.com\/?s={search_term_string}"},"query-input":{"@type":"PropertyValueSpecification","valueRequired":true,"valueName":"search_term_string"}}],"inLanguage":"fr-FR"},{"@type":"Organization","@id":"https:\/\/whitebirchpaper.com\/#organization","name":"White Birch Paper","url":"https:\/\/whitebirchpaper.com\/","logo":{"@type":"ImageObject","inLanguage":"fr-FR","@id":"https:\/\/whitebirchpaper.com\/#\/schema\/logo\/image\/","url":"https:\/\/whitebirchpaper.com\/wp-content\/uploads\/logo-white-birch-paper.png","contentUrl":"https:\/\/whitebirchpaper.com\/wp-content\/uploads\/logo-white-birch-paper.png","width":395,"height":75,"caption":"White Birch Paper"},"image":{"@id":"https:\/\/whitebirchpaper.com\/#\/schema\/logo\/image\/"}}]}},"_links":{"self":[{"href":"https:\/\/whitebirchpaper.com\/fr\/wp-json\/wp\/v2\/pages\/1143","targetHints":{"allow":["GET"]}}],"collection":[{"href":"https:\/\/whitebirchpaper.com\/fr\/wp-json\/wp\/v2\/pages"}],"about":[{"href":"https:\/\/whitebirchpaper.com\/fr\/wp-json\/wp\/v2\/types\/page"}],"author":[{"embeddable":true,"href":"https:\/\/whitebirchpaper.com\/fr\/wp-json\/wp\/v2\/users\/19"}],"replies":[{"embeddable":true,"href":"https:\/\/whitebirchpaper.com\/fr\/wp-json\/wp\/v2\/comments?post=1143"}],"version-history":[{"count":0,"href":"https:\/\/whitebirchpaper.com\/fr\/wp-json\/wp\/v2\/pages\/1143\/revisions"}],"up":[{"embeddable":true,"href":"https:\/\/whitebirchpaper.com\/fr\/wp-json\/wp\/v2\/pages\/1137"}],"wp:featuredmedia":[{"embeddable":true,"href":"https:\/\/whitebirchpaper.com\/fr\/wp-json\/wp\/v2\/media\/1019"}],"wp:attachment":[{"href":"https:\/\/whitebirchpaper.com\/fr\/wp-json\/wp\/v2\/media?parent=1143"}],"curies":[{"name":"wp","href":"https:\/\/api.w.org\/{rel}","templated":true}]}}