{"id":1142,"date":"2015-11-25T14:53:52","date_gmt":"2015-11-25T19:53:52","guid":{"rendered":"https:\/\/whitebirchpaper.com\/fr\/products\/commercial-papers\/high-bright-paper\/"},"modified":"2017-02-10T18:34:10","modified_gmt":"2017-02-10T23:34:10","slug":"papier-haute-brillance","status":"publish","type":"page","link":"https:\/\/whitebirchpaper.com\/fr\/nos-produits\/papiers-commerciaux\/papier-haute-brillance\/","title":{"rendered":"Papier haute brillance"},"content":{"rendered":"<p>Le papier haute brillance signifie un papier de brillance 65 \u00e0 75, qui est aussi connu sous le terme \u00ab\u2009papier am\u00e9lior\u00e9\u2009\u00bb. Ce produit a une grande vari\u00e9t\u00e9 d\u2019usages dans l\u2019impression commerciale, y compris les journaux haut de gamme, les encarts publicitaires, les circulaires et les papiers publicitaires. Nos clients appr\u00e9cient l\u2019aspect et le toucher sup\u00e9rieurs de ce produit, en plus de son excellent passage sur machine et une vaste gamme de sp\u00e9cifications.<\/p>\n<h3>Gamme offerte de papiers haute brillance<\/h3>\n<table width=\"100%\">\n<tbody>\n<tr>\n<td><strong>Poids de base\u00a0(25 x 38 x 500)<\/strong><\/td>\n<td><strong>Poids de base\u00a0(g\/m2)<\/strong><\/td>\n<td><strong>Brillance*<\/strong><\/td>\n<\/tr>\n<tr>\n<td>30,3<\/td>\n<td>45<\/td>\n<td>65, 70<\/td>\n<\/tr>\n<tr>\n<td>33<\/td>\n<td>48,8<\/td>\n<td>65, 70, 75<\/td>\n<\/tr>\n<tr>\n<td>35<\/td>\n<td>51,8<\/td>\n<td>65, 70, 75<\/td>\n<\/tr>\n<tr>\n<td>40<\/td>\n<td>59,2<\/td>\n<td>75<\/td>\n<\/tr>\n<tr>\n<td>45<\/td>\n<td>66,6<\/td>\n<td>75<\/td>\n<\/tr>\n<\/tbody>\n<\/table>\n<p>* Des brillances plus \u00e9lev\u00e9es sont disponibles dans la cat\u00e9gorie \u00ab\u2009papiers tr\u00e8s haute brillance\u2009\u00bb.<\/p>\n<h3>Applications cl\u00e9s :<\/h3>\n<p>Journaux haut de gamme, encarts publicitaires, circulaires, papiers publicitaires<\/p>\n<p><em>Pour en savoir plus sur nos produits haute-brillance, <\/em><a class=\"more\" href=\"https:\/\/whitebirchpaper.com\/fr\/nous-joindre\/demande-de-renseignement-commerciale\/\">soumettre une demande de renseignement commerciaLE<\/a><\/p>\n<p><a class=\"more\">T\u00c9L\u00c9CHARGER FEUILLE DE SP\u00c9CIFICATIONS HAUTE BRILLANCE 65 <\/a><\/p>\n<p><a class=\"more\">T\u00c9L\u00c9CHARGER FEUILLE DE SP\u00c9CIFICATIONS HAUTE BRILLANCE 70<\/a><\/p>\n<p><a class=\"more\">T\u00c9L\u00c9CHARGER FEUILLE DE SP\u00c9CIFICATIONS HAUTE BRILLANCE 75<\/a><\/p>\n","protected":false},"excerpt":{"rendered":"<p>Le papier haute brillance signifie un papier de brillance 65 \u00e0 75, qui est aussi connu sous le terme \u00ab\u2009papier am\u00e9lior\u00e9\u2009\u00bb. Ce produit a une grande vari\u00e9t\u00e9 d\u2019usages dans l\u2019impression commerciale, y compris les journaux haut de gamme, les encarts publicitaires, les circulaires et les papiers publicitaires. Nos clients appr\u00e9cient l\u2019aspect et le toucher sup\u00e9rieurs [&hellip;]<\/p>\n","protected":false},"author":19,"featured_media":1019,"parent":1137,"menu_order":0,"comment_status":"closed","ping_status":"closed","template":"","meta":{"_acf_changed":false,"footnotes":""},"class_list":["post-1142","page","type-page","status-publish","hentry"],"acf":[],"yoast_head":"<!-- This site is optimized with the Yoast SEO plugin v27.3 - https:\/\/yoast.com\/product\/yoast-seo-wordpress\/ -->\n<title>Papier haute brillance | Papier journal am\u00e9lior\u00e9 | Impression commerciale<\/title>\n<meta name=\"description\" content=\"Le papier haute brillance, aussi connu sous le nom de \u00ab papier am\u00e9lior\u00e9 \u00bb est utilis\u00e9 dans une grande vari\u00e9t\u00e9 d\u2019usages y compris les journaux haut de gamme, les encarts publicitaires, les circulaires et les papiers publicitaires.\" \/>\n<meta name=\"robots\" content=\"index, follow, max-snippet:-1, max-image-preview:large, max-video-preview:-1\" \/>\n<link rel=\"canonical\" href=\"https:\/\/whitebirchpaper.com\/fr\/nos-produits\/papiers-commerciaux\/papier-haute-brillance\/\" \/>\n<meta property=\"og:locale\" content=\"fr_FR\" \/>\n<meta property=\"og:type\" content=\"article\" \/>\n<meta property=\"og:title\" content=\"Papier haute brillance | Papier journal am\u00e9lior\u00e9 | Impression commerciale\" \/>\n<meta property=\"og:description\" content=\"Le papier haute brillance, aussi connu sous le nom de \u00ab papier am\u00e9lior\u00e9 \u00bb est utilis\u00e9 dans une grande vari\u00e9t\u00e9 d\u2019usages y compris les journaux haut de gamme, les encarts publicitaires, les circulaires et les papiers publicitaires.\" \/>\n<meta property=\"og:url\" content=\"https:\/\/whitebirchpaper.com\/fr\/nos-produits\/papiers-commerciaux\/papier-haute-brillance\/\" \/>\n<meta property=\"og:site_name\" content=\"White Birch Paper\" \/>\n<meta property=\"article:modified_time\" content=\"2017-02-10T23:34:10+00:00\" \/>\n<meta property=\"og:image\" content=\"https:\/\/whitebirchpaper.com\/wp-content\/uploads\/sub_commercial_papers.jpg\" \/>\n\t<meta property=\"og:image:width\" content=\"1298\" \/>\n\t<meta property=\"og:image:height\" content=\"164\" \/>\n\t<meta property=\"og:image:type\" content=\"image\/jpeg\" \/>\n<meta name=\"twitter:card\" content=\"summary_large_image\" \/>\n<meta name=\"twitter:label1\" content=\"Dur\u00e9e de lecture estim\u00e9e\" \/>\n\t<meta name=\"twitter:data1\" content=\"1 minute\" \/>\n<script type=\"application\/ld+json\" class=\"yoast-schema-graph\">{\"@context\":\"https:\\\/\\\/schema.org\",\"@graph\":[{\"@type\":\"WebPage\",\"@id\":\"https:\\\/\\\/whitebirchpaper.com\\\/fr\\\/nos-produits\\\/papiers-commerciaux\\\/papier-haute-brillance\\\/\",\"url\":\"https:\\\/\\\/whitebirchpaper.com\\\/fr\\\/nos-produits\\\/papiers-commerciaux\\\/papier-haute-brillance\\\/\",\"name\":\"Papier haute brillance | Papier journal am\u00e9lior\u00e9 | Impression commerciale\",\"isPartOf\":{\"@id\":\"https:\\\/\\\/whitebirchpaper.com\\\/#website\"},\"primaryImageOfPage\":{\"@id\":\"https:\\\/\\\/whitebirchpaper.com\\\/fr\\\/nos-produits\\\/papiers-commerciaux\\\/papier-haute-brillance\\\/#primaryimage\"},\"image\":{\"@id\":\"https:\\\/\\\/whitebirchpaper.com\\\/fr\\\/nos-produits\\\/papiers-commerciaux\\\/papier-haute-brillance\\\/#primaryimage\"},\"thumbnailUrl\":\"https:\\\/\\\/whitebirchpaper.com\\\/wp-content\\\/uploads\\\/sub_commercial_papers.jpg\",\"datePublished\":\"2015-11-25T19:53:52+00:00\",\"dateModified\":\"2017-02-10T23:34:10+00:00\",\"description\":\"Le papier haute brillance, aussi connu sous le nom de \u00ab papier am\u00e9lior\u00e9 \u00bb est utilis\u00e9 dans une grande vari\u00e9t\u00e9 d\u2019usages y compris les journaux haut de gamme, les encarts publicitaires, les circulaires et les papiers publicitaires.\",\"breadcrumb\":{\"@id\":\"https:\\\/\\\/whitebirchpaper.com\\\/fr\\\/nos-produits\\\/papiers-commerciaux\\\/papier-haute-brillance\\\/#breadcrumb\"},\"inLanguage\":\"fr-FR\",\"potentialAction\":[{\"@type\":\"ReadAction\",\"target\":[\"https:\\\/\\\/whitebirchpaper.com\\\/fr\\\/nos-produits\\\/papiers-commerciaux\\\/papier-haute-brillance\\\/\"]}]},{\"@type\":\"ImageObject\",\"inLanguage\":\"fr-FR\",\"@id\":\"https:\\\/\\\/whitebirchpaper.com\\\/fr\\\/nos-produits\\\/papiers-commerciaux\\\/papier-haute-brillance\\\/#primaryimage\",\"url\":\"https:\\\/\\\/whitebirchpaper.com\\\/wp-content\\\/uploads\\\/sub_commercial_papers.jpg\",\"contentUrl\":\"https:\\\/\\\/whitebirchpaper.com\\\/wp-content\\\/uploads\\\/sub_commercial_papers.jpg\",\"width\":1298,\"height\":164,\"caption\":\"Papiers Commerciaux\"},{\"@type\":\"BreadcrumbList\",\"@id\":\"https:\\\/\\\/whitebirchpaper.com\\\/fr\\\/nos-produits\\\/papiers-commerciaux\\\/papier-haute-brillance\\\/#breadcrumb\",\"itemListElement\":[{\"@type\":\"ListItem\",\"position\":1,\"name\":\"Home\",\"item\":\"https:\\\/\\\/whitebirchpaper.com\\\/fr\\\/\"},{\"@type\":\"ListItem\",\"position\":2,\"name\":\"Produits\",\"item\":\"https:\\\/\\\/whitebirchpaper.com\\\/fr\\\/nos-produits\\\/\"},{\"@type\":\"ListItem\",\"position\":3,\"name\":\"Papiers commerciaux\",\"item\":\"https:\\\/\\\/whitebirchpaper.com\\\/fr\\\/nos-produits\\\/papiers-commerciaux\\\/\"},{\"@type\":\"ListItem\",\"position\":4,\"name\":\"Papier haute brillance\"}]},{\"@type\":\"WebSite\",\"@id\":\"https:\\\/\\\/whitebirchpaper.com\\\/#website\",\"url\":\"https:\\\/\\\/whitebirchpaper.com\\\/\",\"name\":\"White Birch Paper\",\"description\":\"\",\"publisher\":{\"@id\":\"https:\\\/\\\/whitebirchpaper.com\\\/#organization\"},\"potentialAction\":[{\"@type\":\"SearchAction\",\"target\":{\"@type\":\"EntryPoint\",\"urlTemplate\":\"https:\\\/\\\/whitebirchpaper.com\\\/?s={search_term_string}\"},\"query-input\":{\"@type\":\"PropertyValueSpecification\",\"valueRequired\":true,\"valueName\":\"search_term_string\"}}],\"inLanguage\":\"fr-FR\"},{\"@type\":\"Organization\",\"@id\":\"https:\\\/\\\/whitebirchpaper.com\\\/#organization\",\"name\":\"White Birch Paper\",\"url\":\"https:\\\/\\\/whitebirchpaper.com\\\/\",\"logo\":{\"@type\":\"ImageObject\",\"inLanguage\":\"fr-FR\",\"@id\":\"https:\\\/\\\/whitebirchpaper.com\\\/#\\\/schema\\\/logo\\\/image\\\/\",\"url\":\"https:\\\/\\\/whitebirchpaper.com\\\/wp-content\\\/uploads\\\/logo-white-birch-paper.png\",\"contentUrl\":\"https:\\\/\\\/whitebirchpaper.com\\\/wp-content\\\/uploads\\\/logo-white-birch-paper.png\",\"width\":395,\"height\":75,\"caption\":\"White Birch Paper\"},\"image\":{\"@id\":\"https:\\\/\\\/whitebirchpaper.com\\\/#\\\/schema\\\/logo\\\/image\\\/\"}}]}<\/script>\n<!-- \/ Yoast SEO plugin. -->","yoast_head_json":{"title":"Papier haute brillance | Papier journal am\u00e9lior\u00e9 | Impression commerciale","description":"Le papier haute brillance, aussi connu sous le nom de \u00ab papier am\u00e9lior\u00e9 \u00bb est utilis\u00e9 dans une grande vari\u00e9t\u00e9 d\u2019usages y compris les journaux haut de gamme, les encarts publicitaires, les circulaires et les papiers publicitaires.","robots":{"index":"index","follow":"follow","max-snippet":"max-snippet:-1","max-image-preview":"max-image-preview:large","max-video-preview":"max-video-preview:-1"},"canonical":"https:\/\/whitebirchpaper.com\/fr\/nos-produits\/papiers-commerciaux\/papier-haute-brillance\/","og_locale":"fr_FR","og_type":"article","og_title":"Papier haute brillance | Papier journal am\u00e9lior\u00e9 | Impression commerciale","og_description":"Le papier haute brillance, aussi connu sous le nom de \u00ab papier am\u00e9lior\u00e9 \u00bb est utilis\u00e9 dans une grande vari\u00e9t\u00e9 d\u2019usages y compris les journaux haut de gamme, les encarts publicitaires, les circulaires et les papiers publicitaires.","og_url":"https:\/\/whitebirchpaper.com\/fr\/nos-produits\/papiers-commerciaux\/papier-haute-brillance\/","og_site_name":"White Birch Paper","article_modified_time":"2017-02-10T23:34:10+00:00","og_image":[{"width":1298,"height":164,"url":"https:\/\/whitebirchpaper.com\/wp-content\/uploads\/sub_commercial_papers.jpg","type":"image\/jpeg"}],"twitter_card":"summary_large_image","twitter_misc":{"Dur\u00e9e de lecture estim\u00e9e":"1 minute"},"schema":{"@context":"https:\/\/schema.org","@graph":[{"@type":"WebPage","@id":"https:\/\/whitebirchpaper.com\/fr\/nos-produits\/papiers-commerciaux\/papier-haute-brillance\/","url":"https:\/\/whitebirchpaper.com\/fr\/nos-produits\/papiers-commerciaux\/papier-haute-brillance\/","name":"Papier haute brillance | Papier journal am\u00e9lior\u00e9 | Impression commerciale","isPartOf":{"@id":"https:\/\/whitebirchpaper.com\/#website"},"primaryImageOfPage":{"@id":"https:\/\/whitebirchpaper.com\/fr\/nos-produits\/papiers-commerciaux\/papier-haute-brillance\/#primaryimage"},"image":{"@id":"https:\/\/whitebirchpaper.com\/fr\/nos-produits\/papiers-commerciaux\/papier-haute-brillance\/#primaryimage"},"thumbnailUrl":"https:\/\/whitebirchpaper.com\/wp-content\/uploads\/sub_commercial_papers.jpg","datePublished":"2015-11-25T19:53:52+00:00","dateModified":"2017-02-10T23:34:10+00:00","description":"Le papier haute brillance, aussi connu sous le nom de \u00ab papier am\u00e9lior\u00e9 \u00bb est utilis\u00e9 dans une grande vari\u00e9t\u00e9 d\u2019usages y compris les journaux haut de gamme, les encarts publicitaires, les circulaires et les papiers publicitaires.","breadcrumb":{"@id":"https:\/\/whitebirchpaper.com\/fr\/nos-produits\/papiers-commerciaux\/papier-haute-brillance\/#breadcrumb"},"inLanguage":"fr-FR","potentialAction":[{"@type":"ReadAction","target":["https:\/\/whitebirchpaper.com\/fr\/nos-produits\/papiers-commerciaux\/papier-haute-brillance\/"]}]},{"@type":"ImageObject","inLanguage":"fr-FR","@id":"https:\/\/whitebirchpaper.com\/fr\/nos-produits\/papiers-commerciaux\/papier-haute-brillance\/#primaryimage","url":"https:\/\/whitebirchpaper.com\/wp-content\/uploads\/sub_commercial_papers.jpg","contentUrl":"https:\/\/whitebirchpaper.com\/wp-content\/uploads\/sub_commercial_papers.jpg","width":1298,"height":164,"caption":"Papiers Commerciaux"},{"@type":"BreadcrumbList","@id":"https:\/\/whitebirchpaper.com\/fr\/nos-produits\/papiers-commerciaux\/papier-haute-brillance\/#breadcrumb","itemListElement":[{"@type":"ListItem","position":1,"name":"Home","item":"https:\/\/whitebirchpaper.com\/fr\/"},{"@type":"ListItem","position":2,"name":"Produits","item":"https:\/\/whitebirchpaper.com\/fr\/nos-produits\/"},{"@type":"ListItem","position":3,"name":"Papiers commerciaux","item":"https:\/\/whitebirchpaper.com\/fr\/nos-produits\/papiers-commerciaux\/"},{"@type":"ListItem","position":4,"name":"Papier haute brillance"}]},{"@type":"WebSite","@id":"https:\/\/whitebirchpaper.com\/#website","url":"https:\/\/whitebirchpaper.com\/","name":"White Birch Paper","description":"","publisher":{"@id":"https:\/\/whitebirchpaper.com\/#organization"},"potentialAction":[{"@type":"SearchAction","target":{"@type":"EntryPoint","urlTemplate":"https:\/\/whitebirchpaper.com\/?s={search_term_string}"},"query-input":{"@type":"PropertyValueSpecification","valueRequired":true,"valueName":"search_term_string"}}],"inLanguage":"fr-FR"},{"@type":"Organization","@id":"https:\/\/whitebirchpaper.com\/#organization","name":"White Birch Paper","url":"https:\/\/whitebirchpaper.com\/","logo":{"@type":"ImageObject","inLanguage":"fr-FR","@id":"https:\/\/whitebirchpaper.com\/#\/schema\/logo\/image\/","url":"https:\/\/whitebirchpaper.com\/wp-content\/uploads\/logo-white-birch-paper.png","contentUrl":"https:\/\/whitebirchpaper.com\/wp-content\/uploads\/logo-white-birch-paper.png","width":395,"height":75,"caption":"White Birch Paper"},"image":{"@id":"https:\/\/whitebirchpaper.com\/#\/schema\/logo\/image\/"}}]}},"_links":{"self":[{"href":"https:\/\/whitebirchpaper.com\/fr\/wp-json\/wp\/v2\/pages\/1142","targetHints":{"allow":["GET"]}}],"collection":[{"href":"https:\/\/whitebirchpaper.com\/fr\/wp-json\/wp\/v2\/pages"}],"about":[{"href":"https:\/\/whitebirchpaper.com\/fr\/wp-json\/wp\/v2\/types\/page"}],"author":[{"embeddable":true,"href":"https:\/\/whitebirchpaper.com\/fr\/wp-json\/wp\/v2\/users\/19"}],"replies":[{"embeddable":true,"href":"https:\/\/whitebirchpaper.com\/fr\/wp-json\/wp\/v2\/comments?post=1142"}],"version-history":[{"count":0,"href":"https:\/\/whitebirchpaper.com\/fr\/wp-json\/wp\/v2\/pages\/1142\/revisions"}],"up":[{"embeddable":true,"href":"https:\/\/whitebirchpaper.com\/fr\/wp-json\/wp\/v2\/pages\/1137"}],"wp:featuredmedia":[{"embeddable":true,"href":"https:\/\/whitebirchpaper.com\/fr\/wp-json\/wp\/v2\/media\/1019"}],"wp:attachment":[{"href":"https:\/\/whitebirchpaper.com\/fr\/wp-json\/wp\/v2\/media?parent=1142"}],"curies":[{"name":"wp","href":"https:\/\/api.w.org\/{rel}","templated":true}]}}