{"id":1141,"date":"2015-11-30T12:38:18","date_gmt":"2015-11-30T17:38:18","guid":{"rendered":"https:\/\/whitebirchpaper.com\/fr\/products\/commercial-papers\/super-bright-paper\/"},"modified":"2024-05-15T10:41:16","modified_gmt":"2024-05-15T14:41:16","slug":"papier-tres-haute-brillance","status":"publish","type":"page","link":"https:\/\/whitebirchpaper.com\/fr\/nos-produits\/papiers-commerciaux\/papier-tres-haute-brillance\/","title":{"rendered":"Papier tr\u00e8s haute brillance"},"content":{"rendered":"<p>Le papier tr\u00e8s haute brillance de White Birch est utilis\u00e9 pour des applications qui requi\u00e8rent un niveau sup\u00e9rieur de blancheur, et Papiers White Birch offre sa cat\u00e9gorie de produit \u00ab\u2009tr\u00e8s haute brillance\u2009\u00bb. Avec ce niveau de brillance variant de 76 \u00e0 80, ce papier non couch\u00e9 fabriqu\u00e9 avec proc\u00e9d\u00e9 de p\u00e2te m\u00e9canique est une alternative rentable et \u00e9cologique aux papiers de publications fabriqu\u00e9s avec proc\u00e9d\u00e9 de p\u00e2te chimique. D\u00e9finie par sa brillance exceptionnelle et son opacit\u00e9 \u00e9lev\u00e9e, ce produit se d\u00e9marque dans des usages comme des encarts publicitaires, des brochures, des livres, des envois postaux directs, des livrets d\u2019instructions et autres utilisations d\u2019impression commerciale. Ce produit est offert dans plusieurs vari\u00e9t\u00e9s de poids de base, de niveau de brillance et autres caract\u00e9ristiques sur mesure.<\/p>\n<h3>Gamme offerte de papiers tr\u00e8s haute brillance<\/h3>\n<table width=\"100%\">\n<tbody>\n<tr>\n<td><strong>Poids de base\u00a0(25 x 38 x 500 feuilles)<\/strong><\/td>\n<td><strong>Poids de base\u00a0(g\/m2)<\/strong><\/td>\n<td><strong>Brillance<\/strong><\/td>\n<\/tr>\n<tr>\n<td>33<\/td>\n<td>48,8<\/td>\n<td>80<\/td>\n<\/tr>\n<tr>\n<td>35<\/td>\n<td>51,8<\/td>\n<td>80<\/td>\n<\/tr>\n<tr>\n<td>40<\/td>\n<td>59,2<\/td>\n<td>80<\/td>\n<\/tr>\n<tr>\n<td>45<\/td>\n<td>66,6<\/td>\n<td>80<\/td>\n<\/tr>\n<\/tbody>\n<\/table>\n<h3><\/h3>\n<h3>Applications cl\u00e9s :<\/h3>\n<p>Encarts publicitaires, brochures, livres, envois postaux directs, livrets d\u2019instructions et impression commerciale<\/p>\n<p><em>Pour en savoir plus sur nos produits de tr\u00e8s haute brillance,\u00a0<\/em><a class=\"more\" href=\"https:\/\/whitebirchpaper.com\/fr\/nous-joindre\/demande-de-renseignement-commerciale\/\">soumettre une demande de renseignement commerciaLE<\/a><\/p>\n<p><a class=\"more\">T\u00c9L\u00c9CHARGER FEUILLE DE SP\u00c9CIFICATIONS HAUTE BRILLANCE 80<\/a><\/p>\n","protected":false},"excerpt":{"rendered":"<p>Le papier tr\u00e8s haute brillance de White Birch est utilis\u00e9 pour des applications qui requi\u00e8rent un niveau sup\u00e9rieur de blancheur, et Papiers White Birch offre sa cat\u00e9gorie de produit \u00ab\u2009tr\u00e8s haute brillance\u2009\u00bb. Avec ce niveau de brillance variant de 76 \u00e0 80, ce papier non couch\u00e9 fabriqu\u00e9 avec proc\u00e9d\u00e9 de p\u00e2te m\u00e9canique est une alternative [&hellip;]<\/p>\n","protected":false},"author":19,"featured_media":1019,"parent":1137,"menu_order":0,"comment_status":"closed","ping_status":"closed","template":"","meta":{"_acf_changed":false,"footnotes":""},"class_list":["post-1141","page","type-page","status-publish","hentry"],"acf":[],"yoast_head":"<!-- This site is optimized with the Yoast SEO plugin v27.3 - https:\/\/yoast.com\/product\/yoast-seo-wordpress\/ -->\n<title>Papier tr\u00e8s haute brillance | Impression commerciale | Papier \u00e9dition, Manuels<\/title>\n<meta name=\"description\" content=\"D\u00e9finie par sa brillance exceptionnelle et son opacit\u00e9 \u00e9lev\u00e9e, le papier tr\u00e8s haute brillance est utilis\u00e9 pour l&#039;impressions commerciale de livrets d\u2019instructions et autres utilisations.\" \/>\n<meta name=\"robots\" content=\"index, follow, max-snippet:-1, max-image-preview:large, max-video-preview:-1\" \/>\n<link rel=\"canonical\" href=\"https:\/\/whitebirchpaper.com\/fr\/nos-produits\/papiers-commerciaux\/papier-tres-haute-brillance\/\" \/>\n<meta property=\"og:locale\" content=\"fr_FR\" \/>\n<meta property=\"og:type\" content=\"article\" \/>\n<meta property=\"og:title\" content=\"Papier tr\u00e8s haute brillance | Impression commerciale | Papier \u00e9dition, Manuels\" \/>\n<meta property=\"og:description\" content=\"D\u00e9finie par sa brillance exceptionnelle et son opacit\u00e9 \u00e9lev\u00e9e, le papier tr\u00e8s haute brillance est utilis\u00e9 pour l&#039;impressions commerciale de livrets d\u2019instructions et autres utilisations.\" \/>\n<meta property=\"og:url\" content=\"https:\/\/whitebirchpaper.com\/fr\/nos-produits\/papiers-commerciaux\/papier-tres-haute-brillance\/\" \/>\n<meta property=\"og:site_name\" content=\"White Birch Paper\" \/>\n<meta property=\"article:modified_time\" content=\"2024-05-15T14:41:16+00:00\" \/>\n<meta property=\"og:image\" content=\"https:\/\/whitebirchpaper.com\/wp-content\/uploads\/sub_commercial_papers.jpg\" \/>\n\t<meta property=\"og:image:width\" content=\"1298\" \/>\n\t<meta property=\"og:image:height\" content=\"164\" \/>\n\t<meta property=\"og:image:type\" content=\"image\/jpeg\" \/>\n<meta name=\"twitter:card\" content=\"summary_large_image\" \/>\n<meta name=\"twitter:label1\" content=\"Dur\u00e9e de lecture estim\u00e9e\" \/>\n\t<meta name=\"twitter:data1\" content=\"1 minute\" \/>\n<script type=\"application\/ld+json\" class=\"yoast-schema-graph\">{\"@context\":\"https:\\\/\\\/schema.org\",\"@graph\":[{\"@type\":\"WebPage\",\"@id\":\"https:\\\/\\\/whitebirchpaper.com\\\/fr\\\/nos-produits\\\/papiers-commerciaux\\\/papier-tres-haute-brillance\\\/\",\"url\":\"https:\\\/\\\/whitebirchpaper.com\\\/fr\\\/nos-produits\\\/papiers-commerciaux\\\/papier-tres-haute-brillance\\\/\",\"name\":\"Papier tr\u00e8s haute brillance | Impression commerciale | Papier \u00e9dition, Manuels\",\"isPartOf\":{\"@id\":\"https:\\\/\\\/whitebirchpaper.com\\\/#website\"},\"primaryImageOfPage\":{\"@id\":\"https:\\\/\\\/whitebirchpaper.com\\\/fr\\\/nos-produits\\\/papiers-commerciaux\\\/papier-tres-haute-brillance\\\/#primaryimage\"},\"image\":{\"@id\":\"https:\\\/\\\/whitebirchpaper.com\\\/fr\\\/nos-produits\\\/papiers-commerciaux\\\/papier-tres-haute-brillance\\\/#primaryimage\"},\"thumbnailUrl\":\"https:\\\/\\\/whitebirchpaper.com\\\/wp-content\\\/uploads\\\/sub_commercial_papers.jpg\",\"datePublished\":\"2015-11-30T17:38:18+00:00\",\"dateModified\":\"2024-05-15T14:41:16+00:00\",\"description\":\"D\u00e9finie par sa brillance exceptionnelle et son opacit\u00e9 \u00e9lev\u00e9e, le papier tr\u00e8s haute brillance est utilis\u00e9 pour l'impressions commerciale de livrets d\u2019instructions et autres utilisations.\",\"breadcrumb\":{\"@id\":\"https:\\\/\\\/whitebirchpaper.com\\\/fr\\\/nos-produits\\\/papiers-commerciaux\\\/papier-tres-haute-brillance\\\/#breadcrumb\"},\"inLanguage\":\"fr-FR\",\"potentialAction\":[{\"@type\":\"ReadAction\",\"target\":[\"https:\\\/\\\/whitebirchpaper.com\\\/fr\\\/nos-produits\\\/papiers-commerciaux\\\/papier-tres-haute-brillance\\\/\"]}]},{\"@type\":\"ImageObject\",\"inLanguage\":\"fr-FR\",\"@id\":\"https:\\\/\\\/whitebirchpaper.com\\\/fr\\\/nos-produits\\\/papiers-commerciaux\\\/papier-tres-haute-brillance\\\/#primaryimage\",\"url\":\"https:\\\/\\\/whitebirchpaper.com\\\/wp-content\\\/uploads\\\/sub_commercial_papers.jpg\",\"contentUrl\":\"https:\\\/\\\/whitebirchpaper.com\\\/wp-content\\\/uploads\\\/sub_commercial_papers.jpg\",\"width\":1298,\"height\":164,\"caption\":\"Papiers Commerciaux\"},{\"@type\":\"BreadcrumbList\",\"@id\":\"https:\\\/\\\/whitebirchpaper.com\\\/fr\\\/nos-produits\\\/papiers-commerciaux\\\/papier-tres-haute-brillance\\\/#breadcrumb\",\"itemListElement\":[{\"@type\":\"ListItem\",\"position\":1,\"name\":\"Home\",\"item\":\"https:\\\/\\\/whitebirchpaper.com\\\/fr\\\/\"},{\"@type\":\"ListItem\",\"position\":2,\"name\":\"Produits\",\"item\":\"https:\\\/\\\/whitebirchpaper.com\\\/fr\\\/nos-produits\\\/\"},{\"@type\":\"ListItem\",\"position\":3,\"name\":\"Papiers commerciaux\",\"item\":\"https:\\\/\\\/whitebirchpaper.com\\\/fr\\\/nos-produits\\\/papiers-commerciaux\\\/\"},{\"@type\":\"ListItem\",\"position\":4,\"name\":\"Papier tr\u00e8s haute brillance\"}]},{\"@type\":\"WebSite\",\"@id\":\"https:\\\/\\\/whitebirchpaper.com\\\/#website\",\"url\":\"https:\\\/\\\/whitebirchpaper.com\\\/\",\"name\":\"White Birch Paper\",\"description\":\"\",\"publisher\":{\"@id\":\"https:\\\/\\\/whitebirchpaper.com\\\/#organization\"},\"potentialAction\":[{\"@type\":\"SearchAction\",\"target\":{\"@type\":\"EntryPoint\",\"urlTemplate\":\"https:\\\/\\\/whitebirchpaper.com\\\/?s={search_term_string}\"},\"query-input\":{\"@type\":\"PropertyValueSpecification\",\"valueRequired\":true,\"valueName\":\"search_term_string\"}}],\"inLanguage\":\"fr-FR\"},{\"@type\":\"Organization\",\"@id\":\"https:\\\/\\\/whitebirchpaper.com\\\/#organization\",\"name\":\"White Birch Paper\",\"url\":\"https:\\\/\\\/whitebirchpaper.com\\\/\",\"logo\":{\"@type\":\"ImageObject\",\"inLanguage\":\"fr-FR\",\"@id\":\"https:\\\/\\\/whitebirchpaper.com\\\/#\\\/schema\\\/logo\\\/image\\\/\",\"url\":\"https:\\\/\\\/whitebirchpaper.com\\\/wp-content\\\/uploads\\\/logo-white-birch-paper.png\",\"contentUrl\":\"https:\\\/\\\/whitebirchpaper.com\\\/wp-content\\\/uploads\\\/logo-white-birch-paper.png\",\"width\":395,\"height\":75,\"caption\":\"White Birch Paper\"},\"image\":{\"@id\":\"https:\\\/\\\/whitebirchpaper.com\\\/#\\\/schema\\\/logo\\\/image\\\/\"}}]}<\/script>\n<!-- \/ Yoast SEO plugin. -->","yoast_head_json":{"title":"Papier tr\u00e8s haute brillance | Impression commerciale | Papier \u00e9dition, Manuels","description":"D\u00e9finie par sa brillance exceptionnelle et son opacit\u00e9 \u00e9lev\u00e9e, le papier tr\u00e8s haute brillance est utilis\u00e9 pour l'impressions commerciale de livrets d\u2019instructions et autres utilisations.","robots":{"index":"index","follow":"follow","max-snippet":"max-snippet:-1","max-image-preview":"max-image-preview:large","max-video-preview":"max-video-preview:-1"},"canonical":"https:\/\/whitebirchpaper.com\/fr\/nos-produits\/papiers-commerciaux\/papier-tres-haute-brillance\/","og_locale":"fr_FR","og_type":"article","og_title":"Papier tr\u00e8s haute brillance | Impression commerciale | Papier \u00e9dition, Manuels","og_description":"D\u00e9finie par sa brillance exceptionnelle et son opacit\u00e9 \u00e9lev\u00e9e, le papier tr\u00e8s haute brillance est utilis\u00e9 pour l'impressions commerciale de livrets d\u2019instructions et autres utilisations.","og_url":"https:\/\/whitebirchpaper.com\/fr\/nos-produits\/papiers-commerciaux\/papier-tres-haute-brillance\/","og_site_name":"White Birch Paper","article_modified_time":"2024-05-15T14:41:16+00:00","og_image":[{"width":1298,"height":164,"url":"https:\/\/whitebirchpaper.com\/wp-content\/uploads\/sub_commercial_papers.jpg","type":"image\/jpeg"}],"twitter_card":"summary_large_image","twitter_misc":{"Dur\u00e9e de lecture estim\u00e9e":"1 minute"},"schema":{"@context":"https:\/\/schema.org","@graph":[{"@type":"WebPage","@id":"https:\/\/whitebirchpaper.com\/fr\/nos-produits\/papiers-commerciaux\/papier-tres-haute-brillance\/","url":"https:\/\/whitebirchpaper.com\/fr\/nos-produits\/papiers-commerciaux\/papier-tres-haute-brillance\/","name":"Papier tr\u00e8s haute brillance | Impression commerciale | Papier \u00e9dition, Manuels","isPartOf":{"@id":"https:\/\/whitebirchpaper.com\/#website"},"primaryImageOfPage":{"@id":"https:\/\/whitebirchpaper.com\/fr\/nos-produits\/papiers-commerciaux\/papier-tres-haute-brillance\/#primaryimage"},"image":{"@id":"https:\/\/whitebirchpaper.com\/fr\/nos-produits\/papiers-commerciaux\/papier-tres-haute-brillance\/#primaryimage"},"thumbnailUrl":"https:\/\/whitebirchpaper.com\/wp-content\/uploads\/sub_commercial_papers.jpg","datePublished":"2015-11-30T17:38:18+00:00","dateModified":"2024-05-15T14:41:16+00:00","description":"D\u00e9finie par sa brillance exceptionnelle et son opacit\u00e9 \u00e9lev\u00e9e, le papier tr\u00e8s haute brillance est utilis\u00e9 pour l'impressions commerciale de livrets d\u2019instructions et autres utilisations.","breadcrumb":{"@id":"https:\/\/whitebirchpaper.com\/fr\/nos-produits\/papiers-commerciaux\/papier-tres-haute-brillance\/#breadcrumb"},"inLanguage":"fr-FR","potentialAction":[{"@type":"ReadAction","target":["https:\/\/whitebirchpaper.com\/fr\/nos-produits\/papiers-commerciaux\/papier-tres-haute-brillance\/"]}]},{"@type":"ImageObject","inLanguage":"fr-FR","@id":"https:\/\/whitebirchpaper.com\/fr\/nos-produits\/papiers-commerciaux\/papier-tres-haute-brillance\/#primaryimage","url":"https:\/\/whitebirchpaper.com\/wp-content\/uploads\/sub_commercial_papers.jpg","contentUrl":"https:\/\/whitebirchpaper.com\/wp-content\/uploads\/sub_commercial_papers.jpg","width":1298,"height":164,"caption":"Papiers Commerciaux"},{"@type":"BreadcrumbList","@id":"https:\/\/whitebirchpaper.com\/fr\/nos-produits\/papiers-commerciaux\/papier-tres-haute-brillance\/#breadcrumb","itemListElement":[{"@type":"ListItem","position":1,"name":"Home","item":"https:\/\/whitebirchpaper.com\/fr\/"},{"@type":"ListItem","position":2,"name":"Produits","item":"https:\/\/whitebirchpaper.com\/fr\/nos-produits\/"},{"@type":"ListItem","position":3,"name":"Papiers commerciaux","item":"https:\/\/whitebirchpaper.com\/fr\/nos-produits\/papiers-commerciaux\/"},{"@type":"ListItem","position":4,"name":"Papier tr\u00e8s haute brillance"}]},{"@type":"WebSite","@id":"https:\/\/whitebirchpaper.com\/#website","url":"https:\/\/whitebirchpaper.com\/","name":"White Birch Paper","description":"","publisher":{"@id":"https:\/\/whitebirchpaper.com\/#organization"},"potentialAction":[{"@type":"SearchAction","target":{"@type":"EntryPoint","urlTemplate":"https:\/\/whitebirchpaper.com\/?s={search_term_string}"},"query-input":{"@type":"PropertyValueSpecification","valueRequired":true,"valueName":"search_term_string"}}],"inLanguage":"fr-FR"},{"@type":"Organization","@id":"https:\/\/whitebirchpaper.com\/#organization","name":"White Birch Paper","url":"https:\/\/whitebirchpaper.com\/","logo":{"@type":"ImageObject","inLanguage":"fr-FR","@id":"https:\/\/whitebirchpaper.com\/#\/schema\/logo\/image\/","url":"https:\/\/whitebirchpaper.com\/wp-content\/uploads\/logo-white-birch-paper.png","contentUrl":"https:\/\/whitebirchpaper.com\/wp-content\/uploads\/logo-white-birch-paper.png","width":395,"height":75,"caption":"White Birch Paper"},"image":{"@id":"https:\/\/whitebirchpaper.com\/#\/schema\/logo\/image\/"}}]}},"_links":{"self":[{"href":"https:\/\/whitebirchpaper.com\/fr\/wp-json\/wp\/v2\/pages\/1141","targetHints":{"allow":["GET"]}}],"collection":[{"href":"https:\/\/whitebirchpaper.com\/fr\/wp-json\/wp\/v2\/pages"}],"about":[{"href":"https:\/\/whitebirchpaper.com\/fr\/wp-json\/wp\/v2\/types\/page"}],"author":[{"embeddable":true,"href":"https:\/\/whitebirchpaper.com\/fr\/wp-json\/wp\/v2\/users\/19"}],"replies":[{"embeddable":true,"href":"https:\/\/whitebirchpaper.com\/fr\/wp-json\/wp\/v2\/comments?post=1141"}],"version-history":[{"count":0,"href":"https:\/\/whitebirchpaper.com\/fr\/wp-json\/wp\/v2\/pages\/1141\/revisions"}],"up":[{"embeddable":true,"href":"https:\/\/whitebirchpaper.com\/fr\/wp-json\/wp\/v2\/pages\/1137"}],"wp:featuredmedia":[{"embeddable":true,"href":"https:\/\/whitebirchpaper.com\/fr\/wp-json\/wp\/v2\/media\/1019"}],"wp:attachment":[{"href":"https:\/\/whitebirchpaper.com\/fr\/wp-json\/wp\/v2\/media?parent=1141"}],"curies":[{"name":"wp","href":"https:\/\/api.w.org\/{rel}","templated":true}]}}