{"id":1140,"date":"2015-11-30T13:09:28","date_gmt":"2015-11-30T18:09:28","guid":{"rendered":"https:\/\/whitebirchpaper.com\/fr\/products\/commercial-papers\/book-grade-paper\/"},"modified":"2026-04-15T02:40:45","modified_gmt":"2026-04-15T06:40:45","slug":"papier-edition","status":"publish","type":"page","link":"https:\/\/whitebirchpaper.com\/fr\/nos-produits\/papiers-commerciaux\/papier-edition\/","title":{"rendered":"Papier \u00e9dition"},"content":{"rendered":"<p>Pour des livres \u00e0 couvertures souples et rigides, des livres \u00e0 colorier, des livres de mots crois\u00e9s, du papier Sudoku, des livres de commerce et plusieurs autres applications qui requi\u00e8rent une \u00e9paisseur constante, Papiers White Birch offre une gamme compl\u00e8te de papier \u00e9dition. Disponible dans une vari\u00e9t\u00e9 de grammages de base, d&rsquo;\u00e9paisseurs, de luminosit\u00e9s et de nuances, ce produit est con\u00e7u pour fournir une stabilit\u00e9 dimensionnelle pour les applications de reliure.<\/p>\n<table width=\"100%\">\n<tbody>\n<tr>\n<td><strong>Poids de base\u00a0(lbs)<br \/>\n(25 x 38 x 500)<\/strong><\/td>\n<td><strong>Poids de base<br \/>\n(g\/m2)<\/strong><\/td>\n<td><strong>\u00c9paisseur<br \/>\n(microns)<\/strong><\/td>\n<td><strong>\u00c9paisseur<br \/>\n(pts)<br \/>\n<\/strong><\/td>\n<td><strong>Brillance<\/strong><\/td>\n<td><strong>Couleur*<\/strong><\/td>\n<\/tr>\n<tr>\n<td>30,4<\/td>\n<td>45<\/td>\n<td>78 \u00e0 102<\/td>\n<td>3,1 \u00e0 4,0<\/td>\n<td>56 \u00e0 70<\/td>\n<td>bleu-blanc ou cr\u00e8me<\/td>\n<\/tr>\n<tr>\n<td>33<\/td>\n<td>48,8<\/td>\n<td>85 \u00e0 114<\/td>\n<td>3,5 \u00e0 4,5<\/td>\n<td>56 \u00e0 80<\/td>\n<td>bleu-blanc ou cr\u00e8me<\/td>\n<\/tr>\n<tr>\n<td>35<\/td>\n<td>51,8<\/td>\n<td>89 \u00e0 127<\/td>\n<td>3,5 \u00e0 5,0<\/td>\n<td>70 \u00e0 80<\/td>\n<td>bleu-blanc ou cr\u00e8me<\/td>\n<\/tr>\n<tr>\n<td>40<\/td>\n<td>59,2<\/td>\n<td>102 \u00e0 127<\/td>\n<td>4,0 \u00e0 5,0<\/td>\n<td>70 \u00e0 80<\/td>\n<td>bleu-blanc ou cr\u00e8me<\/td>\n<\/tr>\n<tr>\n<td>45<\/td>\n<td>66,6<\/td>\n<td>102 \u00e0 127<\/td>\n<td>4,0 \u00e0 5,0<\/td>\n<td>70 \u00e0 80<\/td>\n<td>bleu-blanc ou cr\u00e8me<\/td>\n<\/tr>\n<\/tbody>\n<\/table>\n<p><em>Pour en savoir plus,<\/em>\u00a0<a class=\"more\" href=\"https:\/\/whitebirchpaper.com\/fr\/nous-joindre\/demande-de-renseignement-commerciale\/\">SOUMETTRE UNE DEMANDE DE RENSEIGNEMENT COMMERCIALE<\/a><\/p>\n<p><a class=\"more\">T\u00c9L\u00c9CHARGER LA FEUILLE DE SP\u00c9CIFICATIONS DE PAPIER \u00c9DITION BRUT<\/a><\/p>\n<p><a class=\"more\">T\u00c9L\u00c9CHARGER LA FEUILLE DE SP\u00c9CIFICATIONS POUR LE PAPIER \u00c9DITION \u00c0 HAUTE BRILLANCE<\/a><\/p>\n","protected":false},"excerpt":{"rendered":"<p>Pour des livres \u00e0 couvertures souples et rigides, des livres \u00e0 colorier, des livres de mots crois\u00e9s, du papier Sudoku, des livres de commerce et plusieurs autres applications qui requi\u00e8rent une \u00e9paisseur constante, Papiers White Birch offre une gamme compl\u00e8te de papier \u00e9dition. Disponible dans une vari\u00e9t\u00e9 de grammages de base, d&rsquo;\u00e9paisseurs, de luminosit\u00e9s et [&hellip;]<\/p>\n","protected":false},"author":19,"featured_media":1019,"parent":1137,"menu_order":0,"comment_status":"closed","ping_status":"closed","template":"","meta":{"_acf_changed":false,"footnotes":""},"class_list":["post-1140","page","type-page","status-publish","hentry"],"acf":[],"yoast_head":"<!-- This site is optimized with the Yoast SEO plugin v27.3 - https:\/\/yoast.com\/product\/yoast-seo-wordpress\/ -->\n<title>Papier \u00e9dition | Papier pour Sudoku | Papier pour impression commerciale<\/title>\n<meta name=\"description\" content=\"Papiers White Birch offre une gamme compl\u00e8te de papier \u00e9dition pour des livres \u00e0 couvertures souples et rigides, des livres \u00e0 colorier, des livres de mots crois\u00e9s, du papier Sudoku, des livres de commerce et plusieurs autres\" \/>\n<meta name=\"robots\" content=\"index, follow, max-snippet:-1, max-image-preview:large, max-video-preview:-1\" \/>\n<link rel=\"canonical\" href=\"https:\/\/whitebirchpaper.com\/fr\/nos-produits\/papiers-commerciaux\/papier-edition\/\" \/>\n<meta property=\"og:locale\" content=\"fr_FR\" \/>\n<meta property=\"og:type\" content=\"article\" \/>\n<meta property=\"og:title\" content=\"Papier \u00e9dition | Papier pour Sudoku | Papier pour impression commerciale\" \/>\n<meta property=\"og:description\" content=\"Papiers White Birch offre une gamme compl\u00e8te de papier \u00e9dition pour des livres \u00e0 couvertures souples et rigides, des livres \u00e0 colorier, des livres de mots crois\u00e9s, du papier Sudoku, des livres de commerce et plusieurs autres\" \/>\n<meta property=\"og:url\" content=\"https:\/\/whitebirchpaper.com\/fr\/nos-produits\/papiers-commerciaux\/papier-edition\/\" \/>\n<meta property=\"og:site_name\" content=\"White Birch Paper\" \/>\n<meta property=\"article:modified_time\" content=\"2026-04-15T06:40:45+00:00\" \/>\n<meta property=\"og:image\" content=\"https:\/\/whitebirchpaper.com\/wp-content\/uploads\/sub_commercial_papers.jpg\" \/>\n\t<meta property=\"og:image:width\" content=\"1298\" \/>\n\t<meta property=\"og:image:height\" content=\"164\" \/>\n\t<meta property=\"og:image:type\" content=\"image\/jpeg\" \/>\n<meta name=\"twitter:card\" content=\"summary_large_image\" \/>\n<meta name=\"twitter:label1\" content=\"Dur\u00e9e de lecture estim\u00e9e\" \/>\n\t<meta name=\"twitter:data1\" content=\"2 minutes\" \/>\n<script type=\"application\/ld+json\" class=\"yoast-schema-graph\">{\"@context\":\"https:\\\/\\\/schema.org\",\"@graph\":[{\"@type\":\"WebPage\",\"@id\":\"https:\\\/\\\/whitebirchpaper.com\\\/fr\\\/nos-produits\\\/papiers-commerciaux\\\/papier-edition\\\/\",\"url\":\"https:\\\/\\\/whitebirchpaper.com\\\/fr\\\/nos-produits\\\/papiers-commerciaux\\\/papier-edition\\\/\",\"name\":\"Papier \u00e9dition | Papier pour Sudoku | Papier pour impression commerciale\",\"isPartOf\":{\"@id\":\"https:\\\/\\\/whitebirchpaper.com\\\/#website\"},\"primaryImageOfPage\":{\"@id\":\"https:\\\/\\\/whitebirchpaper.com\\\/fr\\\/nos-produits\\\/papiers-commerciaux\\\/papier-edition\\\/#primaryimage\"},\"image\":{\"@id\":\"https:\\\/\\\/whitebirchpaper.com\\\/fr\\\/nos-produits\\\/papiers-commerciaux\\\/papier-edition\\\/#primaryimage\"},\"thumbnailUrl\":\"https:\\\/\\\/whitebirchpaper.com\\\/wp-content\\\/uploads\\\/sub_commercial_papers.jpg\",\"datePublished\":\"2015-11-30T18:09:28+00:00\",\"dateModified\":\"2026-04-15T06:40:45+00:00\",\"description\":\"Papiers White Birch offre une gamme compl\u00e8te de papier \u00e9dition pour des livres \u00e0 couvertures souples et rigides, des livres \u00e0 colorier, des livres de mots crois\u00e9s, du papier Sudoku, des livres de commerce et plusieurs autres\",\"breadcrumb\":{\"@id\":\"https:\\\/\\\/whitebirchpaper.com\\\/fr\\\/nos-produits\\\/papiers-commerciaux\\\/papier-edition\\\/#breadcrumb\"},\"inLanguage\":\"fr-FR\",\"potentialAction\":[{\"@type\":\"ReadAction\",\"target\":[\"https:\\\/\\\/whitebirchpaper.com\\\/fr\\\/nos-produits\\\/papiers-commerciaux\\\/papier-edition\\\/\"]}]},{\"@type\":\"ImageObject\",\"inLanguage\":\"fr-FR\",\"@id\":\"https:\\\/\\\/whitebirchpaper.com\\\/fr\\\/nos-produits\\\/papiers-commerciaux\\\/papier-edition\\\/#primaryimage\",\"url\":\"https:\\\/\\\/whitebirchpaper.com\\\/wp-content\\\/uploads\\\/sub_commercial_papers.jpg\",\"contentUrl\":\"https:\\\/\\\/whitebirchpaper.com\\\/wp-content\\\/uploads\\\/sub_commercial_papers.jpg\",\"width\":1298,\"height\":164,\"caption\":\"Papiers Commerciaux\"},{\"@type\":\"BreadcrumbList\",\"@id\":\"https:\\\/\\\/whitebirchpaper.com\\\/fr\\\/nos-produits\\\/papiers-commerciaux\\\/papier-edition\\\/#breadcrumb\",\"itemListElement\":[{\"@type\":\"ListItem\",\"position\":1,\"name\":\"Home\",\"item\":\"https:\\\/\\\/whitebirchpaper.com\\\/fr\\\/\"},{\"@type\":\"ListItem\",\"position\":2,\"name\":\"Produits\",\"item\":\"https:\\\/\\\/whitebirchpaper.com\\\/fr\\\/nos-produits\\\/\"},{\"@type\":\"ListItem\",\"position\":3,\"name\":\"Papiers commerciaux\",\"item\":\"https:\\\/\\\/whitebirchpaper.com\\\/fr\\\/nos-produits\\\/papiers-commerciaux\\\/\"},{\"@type\":\"ListItem\",\"position\":4,\"name\":\"Papier \u00e9dition\"}]},{\"@type\":\"WebSite\",\"@id\":\"https:\\\/\\\/whitebirchpaper.com\\\/#website\",\"url\":\"https:\\\/\\\/whitebirchpaper.com\\\/\",\"name\":\"White Birch Paper\",\"description\":\"\",\"publisher\":{\"@id\":\"https:\\\/\\\/whitebirchpaper.com\\\/#organization\"},\"potentialAction\":[{\"@type\":\"SearchAction\",\"target\":{\"@type\":\"EntryPoint\",\"urlTemplate\":\"https:\\\/\\\/whitebirchpaper.com\\\/?s={search_term_string}\"},\"query-input\":{\"@type\":\"PropertyValueSpecification\",\"valueRequired\":true,\"valueName\":\"search_term_string\"}}],\"inLanguage\":\"fr-FR\"},{\"@type\":\"Organization\",\"@id\":\"https:\\\/\\\/whitebirchpaper.com\\\/#organization\",\"name\":\"White Birch Paper\",\"url\":\"https:\\\/\\\/whitebirchpaper.com\\\/\",\"logo\":{\"@type\":\"ImageObject\",\"inLanguage\":\"fr-FR\",\"@id\":\"https:\\\/\\\/whitebirchpaper.com\\\/#\\\/schema\\\/logo\\\/image\\\/\",\"url\":\"https:\\\/\\\/whitebirchpaper.com\\\/wp-content\\\/uploads\\\/logo-white-birch-paper.png\",\"contentUrl\":\"https:\\\/\\\/whitebirchpaper.com\\\/wp-content\\\/uploads\\\/logo-white-birch-paper.png\",\"width\":395,\"height\":75,\"caption\":\"White Birch Paper\"},\"image\":{\"@id\":\"https:\\\/\\\/whitebirchpaper.com\\\/#\\\/schema\\\/logo\\\/image\\\/\"}}]}<\/script>\n<!-- \/ Yoast SEO plugin. -->","yoast_head_json":{"title":"Papier \u00e9dition | Papier pour Sudoku | Papier pour impression commerciale","description":"Papiers White Birch offre une gamme compl\u00e8te de papier \u00e9dition pour des livres \u00e0 couvertures souples et rigides, des livres \u00e0 colorier, des livres de mots crois\u00e9s, du papier Sudoku, des livres de commerce et plusieurs autres","robots":{"index":"index","follow":"follow","max-snippet":"max-snippet:-1","max-image-preview":"max-image-preview:large","max-video-preview":"max-video-preview:-1"},"canonical":"https:\/\/whitebirchpaper.com\/fr\/nos-produits\/papiers-commerciaux\/papier-edition\/","og_locale":"fr_FR","og_type":"article","og_title":"Papier \u00e9dition | Papier pour Sudoku | Papier pour impression commerciale","og_description":"Papiers White Birch offre une gamme compl\u00e8te de papier \u00e9dition pour des livres \u00e0 couvertures souples et rigides, des livres \u00e0 colorier, des livres de mots crois\u00e9s, du papier Sudoku, des livres de commerce et plusieurs autres","og_url":"https:\/\/whitebirchpaper.com\/fr\/nos-produits\/papiers-commerciaux\/papier-edition\/","og_site_name":"White Birch Paper","article_modified_time":"2026-04-15T06:40:45+00:00","og_image":[{"width":1298,"height":164,"url":"https:\/\/whitebirchpaper.com\/wp-content\/uploads\/sub_commercial_papers.jpg","type":"image\/jpeg"}],"twitter_card":"summary_large_image","twitter_misc":{"Dur\u00e9e de lecture estim\u00e9e":"2 minutes"},"schema":{"@context":"https:\/\/schema.org","@graph":[{"@type":"WebPage","@id":"https:\/\/whitebirchpaper.com\/fr\/nos-produits\/papiers-commerciaux\/papier-edition\/","url":"https:\/\/whitebirchpaper.com\/fr\/nos-produits\/papiers-commerciaux\/papier-edition\/","name":"Papier \u00e9dition | Papier pour Sudoku | Papier pour impression commerciale","isPartOf":{"@id":"https:\/\/whitebirchpaper.com\/#website"},"primaryImageOfPage":{"@id":"https:\/\/whitebirchpaper.com\/fr\/nos-produits\/papiers-commerciaux\/papier-edition\/#primaryimage"},"image":{"@id":"https:\/\/whitebirchpaper.com\/fr\/nos-produits\/papiers-commerciaux\/papier-edition\/#primaryimage"},"thumbnailUrl":"https:\/\/whitebirchpaper.com\/wp-content\/uploads\/sub_commercial_papers.jpg","datePublished":"2015-11-30T18:09:28+00:00","dateModified":"2026-04-15T06:40:45+00:00","description":"Papiers White Birch offre une gamme compl\u00e8te de papier \u00e9dition pour des livres \u00e0 couvertures souples et rigides, des livres \u00e0 colorier, des livres de mots crois\u00e9s, du papier Sudoku, des livres de commerce et plusieurs autres","breadcrumb":{"@id":"https:\/\/whitebirchpaper.com\/fr\/nos-produits\/papiers-commerciaux\/papier-edition\/#breadcrumb"},"inLanguage":"fr-FR","potentialAction":[{"@type":"ReadAction","target":["https:\/\/whitebirchpaper.com\/fr\/nos-produits\/papiers-commerciaux\/papier-edition\/"]}]},{"@type":"ImageObject","inLanguage":"fr-FR","@id":"https:\/\/whitebirchpaper.com\/fr\/nos-produits\/papiers-commerciaux\/papier-edition\/#primaryimage","url":"https:\/\/whitebirchpaper.com\/wp-content\/uploads\/sub_commercial_papers.jpg","contentUrl":"https:\/\/whitebirchpaper.com\/wp-content\/uploads\/sub_commercial_papers.jpg","width":1298,"height":164,"caption":"Papiers Commerciaux"},{"@type":"BreadcrumbList","@id":"https:\/\/whitebirchpaper.com\/fr\/nos-produits\/papiers-commerciaux\/papier-edition\/#breadcrumb","itemListElement":[{"@type":"ListItem","position":1,"name":"Home","item":"https:\/\/whitebirchpaper.com\/fr\/"},{"@type":"ListItem","position":2,"name":"Produits","item":"https:\/\/whitebirchpaper.com\/fr\/nos-produits\/"},{"@type":"ListItem","position":3,"name":"Papiers commerciaux","item":"https:\/\/whitebirchpaper.com\/fr\/nos-produits\/papiers-commerciaux\/"},{"@type":"ListItem","position":4,"name":"Papier \u00e9dition"}]},{"@type":"WebSite","@id":"https:\/\/whitebirchpaper.com\/#website","url":"https:\/\/whitebirchpaper.com\/","name":"White Birch Paper","description":"","publisher":{"@id":"https:\/\/whitebirchpaper.com\/#organization"},"potentialAction":[{"@type":"SearchAction","target":{"@type":"EntryPoint","urlTemplate":"https:\/\/whitebirchpaper.com\/?s={search_term_string}"},"query-input":{"@type":"PropertyValueSpecification","valueRequired":true,"valueName":"search_term_string"}}],"inLanguage":"fr-FR"},{"@type":"Organization","@id":"https:\/\/whitebirchpaper.com\/#organization","name":"White Birch Paper","url":"https:\/\/whitebirchpaper.com\/","logo":{"@type":"ImageObject","inLanguage":"fr-FR","@id":"https:\/\/whitebirchpaper.com\/#\/schema\/logo\/image\/","url":"https:\/\/whitebirchpaper.com\/wp-content\/uploads\/logo-white-birch-paper.png","contentUrl":"https:\/\/whitebirchpaper.com\/wp-content\/uploads\/logo-white-birch-paper.png","width":395,"height":75,"caption":"White Birch Paper"},"image":{"@id":"https:\/\/whitebirchpaper.com\/#\/schema\/logo\/image\/"}}]}},"_links":{"self":[{"href":"https:\/\/whitebirchpaper.com\/fr\/wp-json\/wp\/v2\/pages\/1140","targetHints":{"allow":["GET"]}}],"collection":[{"href":"https:\/\/whitebirchpaper.com\/fr\/wp-json\/wp\/v2\/pages"}],"about":[{"href":"https:\/\/whitebirchpaper.com\/fr\/wp-json\/wp\/v2\/types\/page"}],"author":[{"embeddable":true,"href":"https:\/\/whitebirchpaper.com\/fr\/wp-json\/wp\/v2\/users\/19"}],"replies":[{"embeddable":true,"href":"https:\/\/whitebirchpaper.com\/fr\/wp-json\/wp\/v2\/comments?post=1140"}],"version-history":[{"count":0,"href":"https:\/\/whitebirchpaper.com\/fr\/wp-json\/wp\/v2\/pages\/1140\/revisions"}],"up":[{"embeddable":true,"href":"https:\/\/whitebirchpaper.com\/fr\/wp-json\/wp\/v2\/pages\/1137"}],"wp:featuredmedia":[{"embeddable":true,"href":"https:\/\/whitebirchpaper.com\/fr\/wp-json\/wp\/v2\/media\/1019"}],"wp:attachment":[{"href":"https:\/\/whitebirchpaper.com\/fr\/wp-json\/wp\/v2\/media?parent=1140"}],"curies":[{"name":"wp","href":"https:\/\/api.w.org\/{rel}","templated":true}]}}