{"id":1139,"date":"2015-11-30T13:38:23","date_gmt":"2015-11-30T18:38:23","guid":{"rendered":"https:\/\/whitebirchpaper.com\/fr\/products\/commercial-papers\/inserts-wrap-paper\/"},"modified":"2017-02-10T18:30:37","modified_gmt":"2017-02-10T23:30:37","slug":"papier-demballage","status":"publish","type":"page","link":"https:\/\/whitebirchpaper.com\/fr\/nos-produits\/papiers-commerciaux\/papier-demballage\/","title":{"rendered":"Papier d\u2019emballage"},"content":{"rendered":"<p>Fabriqu\u00e9 \u00e0 l\u2019usine F.F. Soucy de Papiers White Birch, nos papiers d\u2019emballage ou \u00e0 encarts sont faits avec des poids de base plus \u00e9lev\u00e9s pour des applications comme des encarts, des circulaires et des envois postaux.<\/p>\n<h3>Vari\u00e9t\u00e9 offerte de papiers d\u2019emballage ou \u00e0 encart<\/h3>\n<table width=\"100%\">\n<tbody>\n<tr>\n<td><strong>Poids de base\u00a0(g\/m2)<\/strong><\/td>\n<td><strong>Brillance<\/strong><\/td>\n<td><strong>Teinte<\/strong><\/td>\n<\/tr>\n<tr>\n<td>73 g\u00a0(45 lb. 24 x 36)<\/td>\n<td>56<\/td>\n<td>cr\u00e8me, bleue-blanc<\/td>\n<\/tr>\n<tr>\n<td>81 g (55 lb. 24 x 36)<\/td>\n<td>56<\/td>\n<td>bleue-blanc<\/td>\n<\/tr>\n<\/tbody>\n<\/table>\n<p><a class=\"more\" href=\"https:\/\/whitebirchpaper.com\/fr\/nous-joindre\/demande-de-renseignement-commerciale\/\"><br \/>\nSOUMETTRE UNE DEMANDE de renseignement COMMERCIALE <\/a><\/p>\n<p><a class=\"more\">T\u00c9L\u00c9CHARGER FEUILLE DE SP\u00c9CIFICATIONS POUR LE PAPIER D\u2019EMBALLAGE<\/a><\/p>\n","protected":false},"excerpt":{"rendered":"<p>Fabriqu\u00e9 \u00e0 l\u2019usine F.F. Soucy de Papiers White Birch, nos papiers d\u2019emballage ou \u00e0 encarts sont faits avec des poids de base plus \u00e9lev\u00e9s pour des applications comme des encarts, des circulaires et des envois postaux. Vari\u00e9t\u00e9 offerte de papiers d\u2019emballage ou \u00e0 encart Poids de base\u00a0(g\/m2) Brillance Teinte 73 g\u00a0(45 lb. 24 x 36) [&hellip;]<\/p>\n","protected":false},"author":19,"featured_media":1019,"parent":1137,"menu_order":0,"comment_status":"closed","ping_status":"closed","template":"","meta":{"_acf_changed":false,"footnotes":""},"class_list":["post-1139","page","type-page","status-publish","hentry"],"acf":[],"yoast_head":"<!-- This site is optimized with the Yoast SEO plugin v27.5 - https:\/\/yoast.com\/product\/yoast-seo-wordpress\/ -->\n<title>Papier d&#039;emballage ou \u00e0 encarts | Papier pour circulaires, envois postaux | White Birch<\/title>\n<meta name=\"description\" content=\"Nos papiers d\u2019emballage ou \u00e0 encarts sont faits avec des poids de base plus \u00e9lev\u00e9s pour des applications comme des encarts, des circulaires et des envois postaux\" \/>\n<meta name=\"robots\" content=\"index, follow, max-snippet:-1, max-image-preview:large, max-video-preview:-1\" \/>\n<link rel=\"canonical\" href=\"https:\/\/whitebirchpaper.com\/fr\/nos-produits\/papiers-commerciaux\/papier-demballage\/\" \/>\n<meta property=\"og:locale\" content=\"fr_FR\" \/>\n<meta property=\"og:type\" content=\"article\" \/>\n<meta property=\"og:title\" content=\"Papier d&#039;emballage ou \u00e0 encarts | Papier pour circulaires, envois postaux | White Birch\" \/>\n<meta property=\"og:description\" content=\"Nos papiers d\u2019emballage ou \u00e0 encarts sont faits avec des poids de base plus \u00e9lev\u00e9s pour des applications comme des encarts, des circulaires et des envois postaux\" \/>\n<meta property=\"og:url\" content=\"https:\/\/whitebirchpaper.com\/fr\/nos-produits\/papiers-commerciaux\/papier-demballage\/\" \/>\n<meta property=\"og:site_name\" content=\"White Birch Paper\" \/>\n<meta property=\"article:modified_time\" content=\"2017-02-10T23:30:37+00:00\" \/>\n<meta property=\"og:image\" content=\"https:\/\/whitebirchpaper.com\/wp-content\/uploads\/sub_commercial_papers.jpg\" \/>\n\t<meta property=\"og:image:width\" content=\"1298\" \/>\n\t<meta property=\"og:image:height\" content=\"164\" \/>\n\t<meta property=\"og:image:type\" content=\"image\/jpeg\" \/>\n<meta name=\"twitter:card\" content=\"summary_large_image\" \/>\n<script type=\"application\/ld+json\" class=\"yoast-schema-graph\">{\"@context\":\"https:\\\/\\\/schema.org\",\"@graph\":[{\"@type\":\"WebPage\",\"@id\":\"https:\\\/\\\/whitebirchpaper.com\\\/fr\\\/nos-produits\\\/papiers-commerciaux\\\/papier-demballage\\\/\",\"url\":\"https:\\\/\\\/whitebirchpaper.com\\\/fr\\\/nos-produits\\\/papiers-commerciaux\\\/papier-demballage\\\/\",\"name\":\"Papier d'emballage ou \u00e0 encarts | Papier pour circulaires, envois postaux | White Birch\",\"isPartOf\":{\"@id\":\"https:\\\/\\\/whitebirchpaper.com\\\/#website\"},\"primaryImageOfPage\":{\"@id\":\"https:\\\/\\\/whitebirchpaper.com\\\/fr\\\/nos-produits\\\/papiers-commerciaux\\\/papier-demballage\\\/#primaryimage\"},\"image\":{\"@id\":\"https:\\\/\\\/whitebirchpaper.com\\\/fr\\\/nos-produits\\\/papiers-commerciaux\\\/papier-demballage\\\/#primaryimage\"},\"thumbnailUrl\":\"https:\\\/\\\/whitebirchpaper.com\\\/wp-content\\\/uploads\\\/sub_commercial_papers.jpg\",\"datePublished\":\"2015-11-30T18:38:23+00:00\",\"dateModified\":\"2017-02-10T23:30:37+00:00\",\"description\":\"Nos papiers d\u2019emballage ou \u00e0 encarts sont faits avec des poids de base plus \u00e9lev\u00e9s pour des applications comme des encarts, des circulaires et des envois postaux\",\"breadcrumb\":{\"@id\":\"https:\\\/\\\/whitebirchpaper.com\\\/fr\\\/nos-produits\\\/papiers-commerciaux\\\/papier-demballage\\\/#breadcrumb\"},\"inLanguage\":\"fr-FR\",\"potentialAction\":[{\"@type\":\"ReadAction\",\"target\":[\"https:\\\/\\\/whitebirchpaper.com\\\/fr\\\/nos-produits\\\/papiers-commerciaux\\\/papier-demballage\\\/\"]}]},{\"@type\":\"ImageObject\",\"inLanguage\":\"fr-FR\",\"@id\":\"https:\\\/\\\/whitebirchpaper.com\\\/fr\\\/nos-produits\\\/papiers-commerciaux\\\/papier-demballage\\\/#primaryimage\",\"url\":\"https:\\\/\\\/whitebirchpaper.com\\\/wp-content\\\/uploads\\\/sub_commercial_papers.jpg\",\"contentUrl\":\"https:\\\/\\\/whitebirchpaper.com\\\/wp-content\\\/uploads\\\/sub_commercial_papers.jpg\",\"width\":1298,\"height\":164,\"caption\":\"Papiers Commerciaux\"},{\"@type\":\"BreadcrumbList\",\"@id\":\"https:\\\/\\\/whitebirchpaper.com\\\/fr\\\/nos-produits\\\/papiers-commerciaux\\\/papier-demballage\\\/#breadcrumb\",\"itemListElement\":[{\"@type\":\"ListItem\",\"position\":1,\"name\":\"Home\",\"item\":\"https:\\\/\\\/whitebirchpaper.com\\\/fr\\\/\"},{\"@type\":\"ListItem\",\"position\":2,\"name\":\"Produits\",\"item\":\"https:\\\/\\\/whitebirchpaper.com\\\/fr\\\/nos-produits\\\/\"},{\"@type\":\"ListItem\",\"position\":3,\"name\":\"Papiers commerciaux\",\"item\":\"https:\\\/\\\/whitebirchpaper.com\\\/fr\\\/nos-produits\\\/papiers-commerciaux\\\/\"},{\"@type\":\"ListItem\",\"position\":4,\"name\":\"Papier d\u2019emballage\"}]},{\"@type\":\"WebSite\",\"@id\":\"https:\\\/\\\/whitebirchpaper.com\\\/#website\",\"url\":\"https:\\\/\\\/whitebirchpaper.com\\\/\",\"name\":\"White Birch Paper\",\"description\":\"\",\"publisher\":{\"@id\":\"https:\\\/\\\/whitebirchpaper.com\\\/#organization\"},\"potentialAction\":[{\"@type\":\"SearchAction\",\"target\":{\"@type\":\"EntryPoint\",\"urlTemplate\":\"https:\\\/\\\/whitebirchpaper.com\\\/?s={search_term_string}\"},\"query-input\":{\"@type\":\"PropertyValueSpecification\",\"valueRequired\":true,\"valueName\":\"search_term_string\"}}],\"inLanguage\":\"fr-FR\"},{\"@type\":\"Organization\",\"@id\":\"https:\\\/\\\/whitebirchpaper.com\\\/#organization\",\"name\":\"White Birch Paper\",\"url\":\"https:\\\/\\\/whitebirchpaper.com\\\/\",\"logo\":{\"@type\":\"ImageObject\",\"inLanguage\":\"fr-FR\",\"@id\":\"https:\\\/\\\/whitebirchpaper.com\\\/#\\\/schema\\\/logo\\\/image\\\/\",\"url\":\"https:\\\/\\\/whitebirchpaper.com\\\/wp-content\\\/uploads\\\/logo-white-birch-paper.png\",\"contentUrl\":\"https:\\\/\\\/whitebirchpaper.com\\\/wp-content\\\/uploads\\\/logo-white-birch-paper.png\",\"width\":395,\"height\":75,\"caption\":\"White Birch Paper\"},\"image\":{\"@id\":\"https:\\\/\\\/whitebirchpaper.com\\\/#\\\/schema\\\/logo\\\/image\\\/\"}}]}<\/script>\n<!-- \/ Yoast SEO plugin. -->","yoast_head_json":{"title":"Papier d'emballage ou \u00e0 encarts | Papier pour circulaires, envois postaux | White Birch","description":"Nos papiers d\u2019emballage ou \u00e0 encarts sont faits avec des poids de base plus \u00e9lev\u00e9s pour des applications comme des encarts, des circulaires et des envois postaux","robots":{"index":"index","follow":"follow","max-snippet":"max-snippet:-1","max-image-preview":"max-image-preview:large","max-video-preview":"max-video-preview:-1"},"canonical":"https:\/\/whitebirchpaper.com\/fr\/nos-produits\/papiers-commerciaux\/papier-demballage\/","og_locale":"fr_FR","og_type":"article","og_title":"Papier d'emballage ou \u00e0 encarts | Papier pour circulaires, envois postaux | White Birch","og_description":"Nos papiers d\u2019emballage ou \u00e0 encarts sont faits avec des poids de base plus \u00e9lev\u00e9s pour des applications comme des encarts, des circulaires et des envois postaux","og_url":"https:\/\/whitebirchpaper.com\/fr\/nos-produits\/papiers-commerciaux\/papier-demballage\/","og_site_name":"White Birch Paper","article_modified_time":"2017-02-10T23:30:37+00:00","og_image":[{"width":1298,"height":164,"url":"https:\/\/whitebirchpaper.com\/wp-content\/uploads\/sub_commercial_papers.jpg","type":"image\/jpeg"}],"twitter_card":"summary_large_image","schema":{"@context":"https:\/\/schema.org","@graph":[{"@type":"WebPage","@id":"https:\/\/whitebirchpaper.com\/fr\/nos-produits\/papiers-commerciaux\/papier-demballage\/","url":"https:\/\/whitebirchpaper.com\/fr\/nos-produits\/papiers-commerciaux\/papier-demballage\/","name":"Papier d'emballage ou \u00e0 encarts | Papier pour circulaires, envois postaux | White Birch","isPartOf":{"@id":"https:\/\/whitebirchpaper.com\/#website"},"primaryImageOfPage":{"@id":"https:\/\/whitebirchpaper.com\/fr\/nos-produits\/papiers-commerciaux\/papier-demballage\/#primaryimage"},"image":{"@id":"https:\/\/whitebirchpaper.com\/fr\/nos-produits\/papiers-commerciaux\/papier-demballage\/#primaryimage"},"thumbnailUrl":"https:\/\/whitebirchpaper.com\/wp-content\/uploads\/sub_commercial_papers.jpg","datePublished":"2015-11-30T18:38:23+00:00","dateModified":"2017-02-10T23:30:37+00:00","description":"Nos papiers d\u2019emballage ou \u00e0 encarts sont faits avec des poids de base plus \u00e9lev\u00e9s pour des applications comme des encarts, des circulaires et des envois postaux","breadcrumb":{"@id":"https:\/\/whitebirchpaper.com\/fr\/nos-produits\/papiers-commerciaux\/papier-demballage\/#breadcrumb"},"inLanguage":"fr-FR","potentialAction":[{"@type":"ReadAction","target":["https:\/\/whitebirchpaper.com\/fr\/nos-produits\/papiers-commerciaux\/papier-demballage\/"]}]},{"@type":"ImageObject","inLanguage":"fr-FR","@id":"https:\/\/whitebirchpaper.com\/fr\/nos-produits\/papiers-commerciaux\/papier-demballage\/#primaryimage","url":"https:\/\/whitebirchpaper.com\/wp-content\/uploads\/sub_commercial_papers.jpg","contentUrl":"https:\/\/whitebirchpaper.com\/wp-content\/uploads\/sub_commercial_papers.jpg","width":1298,"height":164,"caption":"Papiers Commerciaux"},{"@type":"BreadcrumbList","@id":"https:\/\/whitebirchpaper.com\/fr\/nos-produits\/papiers-commerciaux\/papier-demballage\/#breadcrumb","itemListElement":[{"@type":"ListItem","position":1,"name":"Home","item":"https:\/\/whitebirchpaper.com\/fr\/"},{"@type":"ListItem","position":2,"name":"Produits","item":"https:\/\/whitebirchpaper.com\/fr\/nos-produits\/"},{"@type":"ListItem","position":3,"name":"Papiers commerciaux","item":"https:\/\/whitebirchpaper.com\/fr\/nos-produits\/papiers-commerciaux\/"},{"@type":"ListItem","position":4,"name":"Papier d\u2019emballage"}]},{"@type":"WebSite","@id":"https:\/\/whitebirchpaper.com\/#website","url":"https:\/\/whitebirchpaper.com\/","name":"White Birch Paper","description":"","publisher":{"@id":"https:\/\/whitebirchpaper.com\/#organization"},"potentialAction":[{"@type":"SearchAction","target":{"@type":"EntryPoint","urlTemplate":"https:\/\/whitebirchpaper.com\/?s={search_term_string}"},"query-input":{"@type":"PropertyValueSpecification","valueRequired":true,"valueName":"search_term_string"}}],"inLanguage":"fr-FR"},{"@type":"Organization","@id":"https:\/\/whitebirchpaper.com\/#organization","name":"White Birch Paper","url":"https:\/\/whitebirchpaper.com\/","logo":{"@type":"ImageObject","inLanguage":"fr-FR","@id":"https:\/\/whitebirchpaper.com\/#\/schema\/logo\/image\/","url":"https:\/\/whitebirchpaper.com\/wp-content\/uploads\/logo-white-birch-paper.png","contentUrl":"https:\/\/whitebirchpaper.com\/wp-content\/uploads\/logo-white-birch-paper.png","width":395,"height":75,"caption":"White Birch Paper"},"image":{"@id":"https:\/\/whitebirchpaper.com\/#\/schema\/logo\/image\/"}}]}},"_links":{"self":[{"href":"https:\/\/whitebirchpaper.com\/fr\/wp-json\/wp\/v2\/pages\/1139","targetHints":{"allow":["GET"]}}],"collection":[{"href":"https:\/\/whitebirchpaper.com\/fr\/wp-json\/wp\/v2\/pages"}],"about":[{"href":"https:\/\/whitebirchpaper.com\/fr\/wp-json\/wp\/v2\/types\/page"}],"author":[{"embeddable":true,"href":"https:\/\/whitebirchpaper.com\/fr\/wp-json\/wp\/v2\/users\/19"}],"replies":[{"embeddable":true,"href":"https:\/\/whitebirchpaper.com\/fr\/wp-json\/wp\/v2\/comments?post=1139"}],"version-history":[{"count":0,"href":"https:\/\/whitebirchpaper.com\/fr\/wp-json\/wp\/v2\/pages\/1139\/revisions"}],"up":[{"embeddable":true,"href":"https:\/\/whitebirchpaper.com\/fr\/wp-json\/wp\/v2\/pages\/1137"}],"wp:featuredmedia":[{"embeddable":true,"href":"https:\/\/whitebirchpaper.com\/fr\/wp-json\/wp\/v2\/media\/1019"}],"wp:attachment":[{"href":"https:\/\/whitebirchpaper.com\/fr\/wp-json\/wp\/v2\/media?parent=1139"}],"curies":[{"name":"wp","href":"https:\/\/api.w.org\/{rel}","templated":true}]}}