{"id":1138,"date":"2015-10-29T14:36:21","date_gmt":"2015-10-29T18:36:21","guid":{"rendered":"https:\/\/whitebirchpaper.com\/fr\/products\/newsprint\/"},"modified":"2018-11-02T11:43:08","modified_gmt":"2018-11-02T15:43:08","slug":"papier-journal","status":"publish","type":"page","link":"https:\/\/whitebirchpaper.com\/fr\/nos-produits\/papier-journal\/","title":{"rendered":"Papier journal"},"content":{"rendered":"<p>Notre papier journal de grande qualit\u00e9 assure \u00e0 nos clients qu\u2019ils pourront livrer les nouvelles \u00e0 temps, avec une image et un fini professionnel. Le passage sur machine, l\u2019imprimabilit\u00e9 et la grande opacit\u00e9 sont les \u00e9l\u00e9ments cl\u00e9s de ce produit classique qui est utilis\u00e9 pour les journaux, les mat\u00e9riels publicitaires et les circulaires. Offerte dans plusieurs poids de base et plusieurs niveaux de brillance, notre papier journal est offert \u00e0 nos quatre usines Papiers White Birch et est distribu\u00e9 \u00e0 travers le monde.<\/p>\n<p>Papiers White Birch offre aussi du papier journal sp\u00e9cial de couleur, offert en teintes de rose, de saumon, de vert, de canari et plusieurs autres couleurs. Le <a href=\"https:\/\/whitebirchpaper.com\/fr\/nos-produits\/papiers-pour-usages-speciaux\/\">papier journal de couleur<\/a> est fabriqu\u00e9 dans les poids de base de 45,0, 48,8, et 52,0 g\/m2.<\/p>\n<h3>Cat\u00e9gories de papier journal offertes<\/h3>\n<table width=\"100%\">\n<tbody>\n<tr>\n<td><strong>Poids\u00a0(rame, 24 x 36 x 500)<\/strong><\/td>\n<td><strong>Poids de base (g\/m2)<\/strong><\/td>\n<td><strong>Brillance*<\/strong><\/td>\n<td><strong>Teinte<\/strong><\/td>\n<\/tr>\n<tr>\n<td>24,6<\/td>\n<td>40,0<\/td>\n<td>55 \u00e0 62<\/td>\n<td>R\u00e9guli\u00e8re<\/td>\n<\/tr>\n<tr>\n<td>25,8<\/td>\n<td>42,0<\/td>\n<td>55 \u00e0 62<\/td>\n<td>R\u00e9guli\u00e8re<\/td>\n<\/tr>\n<tr>\n<td>26,1<\/td>\n<td>42,5<\/td>\n<td>55 \u00e0 62<\/td>\n<td>R\u00e9guli\u00e8re<\/td>\n<\/tr>\n<tr>\n<td>26,4<\/td>\n<td>43,0<\/td>\n<td>55 \u00e0 62<\/td>\n<td>R\u00e9guli\u00e8re<\/td>\n<\/tr>\n<tr>\n<td>27,7<\/td>\n<td>45,0<\/td>\n<td>55 \u00e0 62<\/td>\n<td>R\u00e9guli\u00e8re<\/td>\n<\/tr>\n<tr>\n<td>30,0<\/td>\n<td>48,8<\/td>\n<td>55 \u00e0 62<\/td>\n<td>R\u00e9guli\u00e8re<\/td>\n<\/tr>\n<tr>\n<td>32,0<\/td>\n<td>52,0<\/td>\n<td>55 \u00e0 62<\/td>\n<td>R\u00e9guli\u00e8re<\/td>\n<\/tr>\n<\/tbody>\n<\/table>\n<p>*Options de brillance plus \u00e9lev\u00e9e (jusqu\u2019\u00e0 84) sont aussi offertes<\/p>\n<h3><strong>applications cl\u00e9s:<\/strong><\/h3>\n<p>Journaux quotidiens, mat\u00e9riels publicitaires et circulaires<\/p>\n<p><a class=\"more\" href=\"https:\/\/whitebirchpaper.com\/fr\/nous-joindre\/demande-de-renseignement-commerciale\/\">Soumettre une demande de renseignement commerciaLE<\/a><\/p>\n<p><a class=\"more\">t\u00e9l\u00e9charger les sp\u00e9cifications du papier journal<\/a><\/p>\n","protected":false},"excerpt":{"rendered":"<p>Notre papier journal de grande qualit\u00e9 assure \u00e0 nos clients qu\u2019ils pourront livrer les nouvelles \u00e0 temps, avec une image et un fini professionnel. Le passage sur machine, l\u2019imprimabilit\u00e9 et la grande opacit\u00e9 sont les \u00e9l\u00e9ments cl\u00e9s de ce produit classique qui est utilis\u00e9 pour les journaux, les mat\u00e9riels publicitaires et les circulaires. Offerte dans [&hellip;]<\/p>\n","protected":false},"author":19,"featured_media":996,"parent":1094,"menu_order":0,"comment_status":"closed","ping_status":"closed","template":"","meta":{"_acf_changed":false,"footnotes":""},"class_list":["post-1138","page","type-page","status-publish","hentry"],"acf":[],"yoast_head":"<!-- This site is optimized with the Yoast SEO plugin v27.3 - https:\/\/yoast.com\/product\/yoast-seo-wordpress\/ -->\n<title>Papier journal | Papier commercial | Papiers White Birch<\/title>\n<meta name=\"description\" content=\"Passage sur machines, imprimabilit\u00e9 et grande opacit\u00e9 sont les \u00e9l\u00e9ments cl\u00e9s du papier PWB qui est utilis\u00e9 pour les journaux, les mat\u00e9riels publicitaires et les circulaires\" \/>\n<meta name=\"robots\" content=\"index, follow, max-snippet:-1, max-image-preview:large, max-video-preview:-1\" \/>\n<link rel=\"canonical\" href=\"https:\/\/whitebirchpaper.com\/fr\/nos-produits\/papier-journal\/\" \/>\n<meta property=\"og:locale\" content=\"fr_FR\" \/>\n<meta property=\"og:type\" content=\"article\" \/>\n<meta property=\"og:title\" content=\"Papier journal | Papier commercial | Papiers White Birch\" \/>\n<meta property=\"og:description\" content=\"Passage sur machines, imprimabilit\u00e9 et grande opacit\u00e9 sont les \u00e9l\u00e9ments cl\u00e9s du papier PWB qui est utilis\u00e9 pour les journaux, les mat\u00e9riels publicitaires et les circulaires\" \/>\n<meta property=\"og:url\" content=\"https:\/\/whitebirchpaper.com\/fr\/nos-produits\/papier-journal\/\" \/>\n<meta property=\"og:site_name\" content=\"White Birch Paper\" \/>\n<meta property=\"article:modified_time\" content=\"2018-11-02T15:43:08+00:00\" \/>\n<meta property=\"og:image\" content=\"https:\/\/whitebirchpaper.com\/wp-content\/uploads\/cutters.jpg\" \/>\n\t<meta property=\"og:image:width\" content=\"1903\" \/>\n\t<meta property=\"og:image:height\" content=\"240\" \/>\n\t<meta property=\"og:image:type\" content=\"image\/jpeg\" \/>\n<meta name=\"twitter:card\" content=\"summary_large_image\" \/>\n<meta name=\"twitter:label1\" content=\"Dur\u00e9e de lecture estim\u00e9e\" \/>\n\t<meta name=\"twitter:data1\" content=\"1 minute\" \/>\n<script type=\"application\/ld+json\" class=\"yoast-schema-graph\">{\"@context\":\"https:\\\/\\\/schema.org\",\"@graph\":[{\"@type\":\"WebPage\",\"@id\":\"https:\\\/\\\/whitebirchpaper.com\\\/fr\\\/nos-produits\\\/papier-journal\\\/\",\"url\":\"https:\\\/\\\/whitebirchpaper.com\\\/fr\\\/nos-produits\\\/papier-journal\\\/\",\"name\":\"Papier journal | Papier commercial | Papiers White Birch\",\"isPartOf\":{\"@id\":\"https:\\\/\\\/whitebirchpaper.com\\\/#website\"},\"primaryImageOfPage\":{\"@id\":\"https:\\\/\\\/whitebirchpaper.com\\\/fr\\\/nos-produits\\\/papier-journal\\\/#primaryimage\"},\"image\":{\"@id\":\"https:\\\/\\\/whitebirchpaper.com\\\/fr\\\/nos-produits\\\/papier-journal\\\/#primaryimage\"},\"thumbnailUrl\":\"https:\\\/\\\/whitebirchpaper.com\\\/wp-content\\\/uploads\\\/cutters.jpg\",\"datePublished\":\"2015-10-29T18:36:21+00:00\",\"dateModified\":\"2018-11-02T15:43:08+00:00\",\"description\":\"Passage sur machines, imprimabilit\u00e9 et grande opacit\u00e9 sont les \u00e9l\u00e9ments cl\u00e9s du papier PWB qui est utilis\u00e9 pour les journaux, les mat\u00e9riels publicitaires et les circulaires\",\"breadcrumb\":{\"@id\":\"https:\\\/\\\/whitebirchpaper.com\\\/fr\\\/nos-produits\\\/papier-journal\\\/#breadcrumb\"},\"inLanguage\":\"fr-FR\",\"potentialAction\":[{\"@type\":\"ReadAction\",\"target\":[\"https:\\\/\\\/whitebirchpaper.com\\\/fr\\\/nos-produits\\\/papier-journal\\\/\"]}]},{\"@type\":\"ImageObject\",\"inLanguage\":\"fr-FR\",\"@id\":\"https:\\\/\\\/whitebirchpaper.com\\\/fr\\\/nos-produits\\\/papier-journal\\\/#primaryimage\",\"url\":\"https:\\\/\\\/whitebirchpaper.com\\\/wp-content\\\/uploads\\\/cutters.jpg\",\"contentUrl\":\"https:\\\/\\\/whitebirchpaper.com\\\/wp-content\\\/uploads\\\/cutters.jpg\",\"width\":1903,\"height\":240},{\"@type\":\"BreadcrumbList\",\"@id\":\"https:\\\/\\\/whitebirchpaper.com\\\/fr\\\/nos-produits\\\/papier-journal\\\/#breadcrumb\",\"itemListElement\":[{\"@type\":\"ListItem\",\"position\":1,\"name\":\"Home\",\"item\":\"https:\\\/\\\/whitebirchpaper.com\\\/fr\\\/\"},{\"@type\":\"ListItem\",\"position\":2,\"name\":\"Produits\",\"item\":\"https:\\\/\\\/whitebirchpaper.com\\\/fr\\\/nos-produits\\\/\"},{\"@type\":\"ListItem\",\"position\":3,\"name\":\"Papier journal\"}]},{\"@type\":\"WebSite\",\"@id\":\"https:\\\/\\\/whitebirchpaper.com\\\/#website\",\"url\":\"https:\\\/\\\/whitebirchpaper.com\\\/\",\"name\":\"White Birch Paper\",\"description\":\"\",\"publisher\":{\"@id\":\"https:\\\/\\\/whitebirchpaper.com\\\/#organization\"},\"potentialAction\":[{\"@type\":\"SearchAction\",\"target\":{\"@type\":\"EntryPoint\",\"urlTemplate\":\"https:\\\/\\\/whitebirchpaper.com\\\/?s={search_term_string}\"},\"query-input\":{\"@type\":\"PropertyValueSpecification\",\"valueRequired\":true,\"valueName\":\"search_term_string\"}}],\"inLanguage\":\"fr-FR\"},{\"@type\":\"Organization\",\"@id\":\"https:\\\/\\\/whitebirchpaper.com\\\/#organization\",\"name\":\"White Birch Paper\",\"url\":\"https:\\\/\\\/whitebirchpaper.com\\\/\",\"logo\":{\"@type\":\"ImageObject\",\"inLanguage\":\"fr-FR\",\"@id\":\"https:\\\/\\\/whitebirchpaper.com\\\/#\\\/schema\\\/logo\\\/image\\\/\",\"url\":\"https:\\\/\\\/whitebirchpaper.com\\\/wp-content\\\/uploads\\\/logo-white-birch-paper.png\",\"contentUrl\":\"https:\\\/\\\/whitebirchpaper.com\\\/wp-content\\\/uploads\\\/logo-white-birch-paper.png\",\"width\":395,\"height\":75,\"caption\":\"White Birch Paper\"},\"image\":{\"@id\":\"https:\\\/\\\/whitebirchpaper.com\\\/#\\\/schema\\\/logo\\\/image\\\/\"}}]}<\/script>\n<!-- \/ Yoast SEO plugin. -->","yoast_head_json":{"title":"Papier journal | Papier commercial | Papiers White Birch","description":"Passage sur machines, imprimabilit\u00e9 et grande opacit\u00e9 sont les \u00e9l\u00e9ments cl\u00e9s du papier PWB qui est utilis\u00e9 pour les journaux, les mat\u00e9riels publicitaires et les circulaires","robots":{"index":"index","follow":"follow","max-snippet":"max-snippet:-1","max-image-preview":"max-image-preview:large","max-video-preview":"max-video-preview:-1"},"canonical":"https:\/\/whitebirchpaper.com\/fr\/nos-produits\/papier-journal\/","og_locale":"fr_FR","og_type":"article","og_title":"Papier journal | Papier commercial | Papiers White Birch","og_description":"Passage sur machines, imprimabilit\u00e9 et grande opacit\u00e9 sont les \u00e9l\u00e9ments cl\u00e9s du papier PWB qui est utilis\u00e9 pour les journaux, les mat\u00e9riels publicitaires et les circulaires","og_url":"https:\/\/whitebirchpaper.com\/fr\/nos-produits\/papier-journal\/","og_site_name":"White Birch Paper","article_modified_time":"2018-11-02T15:43:08+00:00","og_image":[{"width":1903,"height":240,"url":"https:\/\/whitebirchpaper.com\/wp-content\/uploads\/cutters.jpg","type":"image\/jpeg"}],"twitter_card":"summary_large_image","twitter_misc":{"Dur\u00e9e de lecture estim\u00e9e":"1 minute"},"schema":{"@context":"https:\/\/schema.org","@graph":[{"@type":"WebPage","@id":"https:\/\/whitebirchpaper.com\/fr\/nos-produits\/papier-journal\/","url":"https:\/\/whitebirchpaper.com\/fr\/nos-produits\/papier-journal\/","name":"Papier journal | Papier commercial | Papiers White Birch","isPartOf":{"@id":"https:\/\/whitebirchpaper.com\/#website"},"primaryImageOfPage":{"@id":"https:\/\/whitebirchpaper.com\/fr\/nos-produits\/papier-journal\/#primaryimage"},"image":{"@id":"https:\/\/whitebirchpaper.com\/fr\/nos-produits\/papier-journal\/#primaryimage"},"thumbnailUrl":"https:\/\/whitebirchpaper.com\/wp-content\/uploads\/cutters.jpg","datePublished":"2015-10-29T18:36:21+00:00","dateModified":"2018-11-02T15:43:08+00:00","description":"Passage sur machines, imprimabilit\u00e9 et grande opacit\u00e9 sont les \u00e9l\u00e9ments cl\u00e9s du papier PWB qui est utilis\u00e9 pour les journaux, les mat\u00e9riels publicitaires et les circulaires","breadcrumb":{"@id":"https:\/\/whitebirchpaper.com\/fr\/nos-produits\/papier-journal\/#breadcrumb"},"inLanguage":"fr-FR","potentialAction":[{"@type":"ReadAction","target":["https:\/\/whitebirchpaper.com\/fr\/nos-produits\/papier-journal\/"]}]},{"@type":"ImageObject","inLanguage":"fr-FR","@id":"https:\/\/whitebirchpaper.com\/fr\/nos-produits\/papier-journal\/#primaryimage","url":"https:\/\/whitebirchpaper.com\/wp-content\/uploads\/cutters.jpg","contentUrl":"https:\/\/whitebirchpaper.com\/wp-content\/uploads\/cutters.jpg","width":1903,"height":240},{"@type":"BreadcrumbList","@id":"https:\/\/whitebirchpaper.com\/fr\/nos-produits\/papier-journal\/#breadcrumb","itemListElement":[{"@type":"ListItem","position":1,"name":"Home","item":"https:\/\/whitebirchpaper.com\/fr\/"},{"@type":"ListItem","position":2,"name":"Produits","item":"https:\/\/whitebirchpaper.com\/fr\/nos-produits\/"},{"@type":"ListItem","position":3,"name":"Papier journal"}]},{"@type":"WebSite","@id":"https:\/\/whitebirchpaper.com\/#website","url":"https:\/\/whitebirchpaper.com\/","name":"White Birch Paper","description":"","publisher":{"@id":"https:\/\/whitebirchpaper.com\/#organization"},"potentialAction":[{"@type":"SearchAction","target":{"@type":"EntryPoint","urlTemplate":"https:\/\/whitebirchpaper.com\/?s={search_term_string}"},"query-input":{"@type":"PropertyValueSpecification","valueRequired":true,"valueName":"search_term_string"}}],"inLanguage":"fr-FR"},{"@type":"Organization","@id":"https:\/\/whitebirchpaper.com\/#organization","name":"White Birch Paper","url":"https:\/\/whitebirchpaper.com\/","logo":{"@type":"ImageObject","inLanguage":"fr-FR","@id":"https:\/\/whitebirchpaper.com\/#\/schema\/logo\/image\/","url":"https:\/\/whitebirchpaper.com\/wp-content\/uploads\/logo-white-birch-paper.png","contentUrl":"https:\/\/whitebirchpaper.com\/wp-content\/uploads\/logo-white-birch-paper.png","width":395,"height":75,"caption":"White Birch Paper"},"image":{"@id":"https:\/\/whitebirchpaper.com\/#\/schema\/logo\/image\/"}}]}},"_links":{"self":[{"href":"https:\/\/whitebirchpaper.com\/fr\/wp-json\/wp\/v2\/pages\/1138","targetHints":{"allow":["GET"]}}],"collection":[{"href":"https:\/\/whitebirchpaper.com\/fr\/wp-json\/wp\/v2\/pages"}],"about":[{"href":"https:\/\/whitebirchpaper.com\/fr\/wp-json\/wp\/v2\/types\/page"}],"author":[{"embeddable":true,"href":"https:\/\/whitebirchpaper.com\/fr\/wp-json\/wp\/v2\/users\/19"}],"replies":[{"embeddable":true,"href":"https:\/\/whitebirchpaper.com\/fr\/wp-json\/wp\/v2\/comments?post=1138"}],"version-history":[{"count":0,"href":"https:\/\/whitebirchpaper.com\/fr\/wp-json\/wp\/v2\/pages\/1138\/revisions"}],"up":[{"embeddable":true,"href":"https:\/\/whitebirchpaper.com\/fr\/wp-json\/wp\/v2\/pages\/1094"}],"wp:featuredmedia":[{"embeddable":true,"href":"https:\/\/whitebirchpaper.com\/fr\/wp-json\/wp\/v2\/media\/996"}],"wp:attachment":[{"href":"https:\/\/whitebirchpaper.com\/fr\/wp-json\/wp\/v2\/media?parent=1138"}],"curies":[{"name":"wp","href":"https:\/\/api.w.org\/{rel}","templated":true}]}}