{"id":1137,"date":"2015-10-29T14:36:46","date_gmt":"2015-10-29T18:36:46","guid":{"rendered":"https:\/\/whitebirchpaper.com\/fr\/products\/commercial-papers\/"},"modified":"2018-11-02T14:09:34","modified_gmt":"2018-11-02T18:09:34","slug":"papiers-commerciaux","status":"publish","type":"page","link":"https:\/\/whitebirchpaper.com\/fr\/nos-produits\/papiers-commerciaux\/","title":{"rendered":"Papiers commerciaux"},"content":{"rendered":"<p>Que vos besoins d\u2019affaires soient pour des circulaires, du papier \u00e9dition, annuaire ou autre application commerciale, nos produits de papiers commerciaux offrent une valeur et une imprimabilit\u00e9 exceptionnelles. Papiers White Birch fabrique une grande vari\u00e9t\u00e9 de papiers commerciaux pour presque tous les types de communications imprim\u00e9es. Nos cat\u00e9gories de papiers commerciaux sont les suivants\u00a0:<\/p>\n<ul>\n<li><a href=\"https:\/\/whitebirchpaper.com\/fr\/nos-produits\/papiers-commerciaux\/papier-haute-brillance\/\">Papier haute brillance<\/a><\/li>\n<li><a href=\"https:\/\/whitebirchpaper.com\/fr\/nos-produits\/papiers-commerciaux\/papier-tres-haute-brillance\/\">Papier tr\u00e8s haute brillance<\/a><\/li>\n<li><a href=\"https:\/\/whitebirchpaper.com\/fr\/nos-produits\/papiers-commerciaux\/papier-edition\/\">Papier \u00e9dition<\/a><\/li>\n<\/ul>\n<p>Pour en savoir plus sur nos produits de papiers commerciaux, <a class=\"more\" href=\"https:\/\/whitebirchpaper.com\/fr\/nous-joindre\/demande-de-renseignement-commerciale\/\">communiquez avec notre d\u00e9partement des ventes<\/a><\/p>\n","protected":false},"excerpt":{"rendered":"<p>Que vos besoins d\u2019affaires soient pour des circulaires, du papier \u00e9dition, annuaire ou autre application commerciale, nos produits de papiers commerciaux offrent une valeur et une imprimabilit\u00e9 exceptionnelles. Papiers White Birch fabrique une grande vari\u00e9t\u00e9 de papiers commerciaux pour presque tous les types de communications imprim\u00e9es. Nos cat\u00e9gories de papiers commerciaux sont les suivants\u00a0: Papier [&hellip;]<\/p>\n","protected":false},"author":19,"featured_media":1019,"parent":1094,"menu_order":1,"comment_status":"closed","ping_status":"closed","template":"","meta":{"_acf_changed":false,"footnotes":""},"class_list":["post-1137","page","type-page","status-publish","hentry"],"acf":[],"yoast_head":"<!-- This site is optimized with the Yoast SEO plugin v27.4 - https:\/\/yoast.com\/product\/yoast-seo-wordpress\/ -->\n<title>Produits de papiers commerciaux | Papiers White Birch<\/title>\n<meta name=\"description\" content=\"Que vos besoins d\u2019affaires soient pour des circulaires, du papier \u00e9dition, annuaire ou autre application commerciale, nos produits de papiers commerciaux offrent une valeur et une imprimabilit\u00e9 exceptionnelles.\" \/>\n<meta name=\"robots\" content=\"index, follow, max-snippet:-1, max-image-preview:large, max-video-preview:-1\" \/>\n<link rel=\"canonical\" href=\"https:\/\/whitebirchpaper.com\/fr\/nos-produits\/papiers-commerciaux\/\" \/>\n<meta property=\"og:locale\" content=\"fr_FR\" \/>\n<meta property=\"og:type\" content=\"article\" \/>\n<meta property=\"og:title\" content=\"Produits de papiers commerciaux | Papiers White Birch\" \/>\n<meta property=\"og:description\" content=\"Que vos besoins d\u2019affaires soient pour des circulaires, du papier \u00e9dition, annuaire ou autre application commerciale, nos produits de papiers commerciaux offrent une valeur et une imprimabilit\u00e9 exceptionnelles.\" \/>\n<meta property=\"og:url\" content=\"https:\/\/whitebirchpaper.com\/fr\/nos-produits\/papiers-commerciaux\/\" \/>\n<meta property=\"og:site_name\" content=\"White Birch Paper\" \/>\n<meta property=\"article:modified_time\" content=\"2018-11-02T18:09:34+00:00\" \/>\n<meta property=\"og:image\" content=\"https:\/\/whitebirchpaper.com\/wp-content\/uploads\/sub_commercial_papers.jpg\" \/>\n\t<meta property=\"og:image:width\" content=\"1298\" \/>\n\t<meta property=\"og:image:height\" content=\"164\" \/>\n\t<meta property=\"og:image:type\" content=\"image\/jpeg\" \/>\n<meta name=\"twitter:card\" content=\"summary_large_image\" \/>\n<script type=\"application\/ld+json\" class=\"yoast-schema-graph\">{\"@context\":\"https:\\\/\\\/schema.org\",\"@graph\":[{\"@type\":\"WebPage\",\"@id\":\"https:\\\/\\\/whitebirchpaper.com\\\/fr\\\/nos-produits\\\/papiers-commerciaux\\\/\",\"url\":\"https:\\\/\\\/whitebirchpaper.com\\\/fr\\\/nos-produits\\\/papiers-commerciaux\\\/\",\"name\":\"Produits de papiers commerciaux | Papiers White Birch\",\"isPartOf\":{\"@id\":\"https:\\\/\\\/whitebirchpaper.com\\\/#website\"},\"primaryImageOfPage\":{\"@id\":\"https:\\\/\\\/whitebirchpaper.com\\\/fr\\\/nos-produits\\\/papiers-commerciaux\\\/#primaryimage\"},\"image\":{\"@id\":\"https:\\\/\\\/whitebirchpaper.com\\\/fr\\\/nos-produits\\\/papiers-commerciaux\\\/#primaryimage\"},\"thumbnailUrl\":\"https:\\\/\\\/whitebirchpaper.com\\\/wp-content\\\/uploads\\\/sub_commercial_papers.jpg\",\"datePublished\":\"2015-10-29T18:36:46+00:00\",\"dateModified\":\"2018-11-02T18:09:34+00:00\",\"description\":\"Que vos besoins d\u2019affaires soient pour des circulaires, du papier \u00e9dition, annuaire ou autre application commerciale, nos produits de papiers commerciaux offrent une valeur et une imprimabilit\u00e9 exceptionnelles.\",\"breadcrumb\":{\"@id\":\"https:\\\/\\\/whitebirchpaper.com\\\/fr\\\/nos-produits\\\/papiers-commerciaux\\\/#breadcrumb\"},\"inLanguage\":\"fr-FR\",\"potentialAction\":[{\"@type\":\"ReadAction\",\"target\":[\"https:\\\/\\\/whitebirchpaper.com\\\/fr\\\/nos-produits\\\/papiers-commerciaux\\\/\"]}]},{\"@type\":\"ImageObject\",\"inLanguage\":\"fr-FR\",\"@id\":\"https:\\\/\\\/whitebirchpaper.com\\\/fr\\\/nos-produits\\\/papiers-commerciaux\\\/#primaryimage\",\"url\":\"https:\\\/\\\/whitebirchpaper.com\\\/wp-content\\\/uploads\\\/sub_commercial_papers.jpg\",\"contentUrl\":\"https:\\\/\\\/whitebirchpaper.com\\\/wp-content\\\/uploads\\\/sub_commercial_papers.jpg\",\"width\":1298,\"height\":164,\"caption\":\"Papiers Commerciaux\"},{\"@type\":\"BreadcrumbList\",\"@id\":\"https:\\\/\\\/whitebirchpaper.com\\\/fr\\\/nos-produits\\\/papiers-commerciaux\\\/#breadcrumb\",\"itemListElement\":[{\"@type\":\"ListItem\",\"position\":1,\"name\":\"Home\",\"item\":\"https:\\\/\\\/whitebirchpaper.com\\\/fr\\\/\"},{\"@type\":\"ListItem\",\"position\":2,\"name\":\"Produits\",\"item\":\"https:\\\/\\\/whitebirchpaper.com\\\/fr\\\/nos-produits\\\/\"},{\"@type\":\"ListItem\",\"position\":3,\"name\":\"Papiers commerciaux\"}]},{\"@type\":\"WebSite\",\"@id\":\"https:\\\/\\\/whitebirchpaper.com\\\/#website\",\"url\":\"https:\\\/\\\/whitebirchpaper.com\\\/\",\"name\":\"White Birch Paper\",\"description\":\"\",\"publisher\":{\"@id\":\"https:\\\/\\\/whitebirchpaper.com\\\/#organization\"},\"potentialAction\":[{\"@type\":\"SearchAction\",\"target\":{\"@type\":\"EntryPoint\",\"urlTemplate\":\"https:\\\/\\\/whitebirchpaper.com\\\/?s={search_term_string}\"},\"query-input\":{\"@type\":\"PropertyValueSpecification\",\"valueRequired\":true,\"valueName\":\"search_term_string\"}}],\"inLanguage\":\"fr-FR\"},{\"@type\":\"Organization\",\"@id\":\"https:\\\/\\\/whitebirchpaper.com\\\/#organization\",\"name\":\"White Birch Paper\",\"url\":\"https:\\\/\\\/whitebirchpaper.com\\\/\",\"logo\":{\"@type\":\"ImageObject\",\"inLanguage\":\"fr-FR\",\"@id\":\"https:\\\/\\\/whitebirchpaper.com\\\/#\\\/schema\\\/logo\\\/image\\\/\",\"url\":\"https:\\\/\\\/whitebirchpaper.com\\\/wp-content\\\/uploads\\\/logo-white-birch-paper.png\",\"contentUrl\":\"https:\\\/\\\/whitebirchpaper.com\\\/wp-content\\\/uploads\\\/logo-white-birch-paper.png\",\"width\":395,\"height\":75,\"caption\":\"White Birch Paper\"},\"image\":{\"@id\":\"https:\\\/\\\/whitebirchpaper.com\\\/#\\\/schema\\\/logo\\\/image\\\/\"}}]}<\/script>\n<!-- \/ Yoast SEO plugin. -->","yoast_head_json":{"title":"Produits de papiers commerciaux | Papiers White Birch","description":"Que vos besoins d\u2019affaires soient pour des circulaires, du papier \u00e9dition, annuaire ou autre application commerciale, nos produits de papiers commerciaux offrent une valeur et une imprimabilit\u00e9 exceptionnelles.","robots":{"index":"index","follow":"follow","max-snippet":"max-snippet:-1","max-image-preview":"max-image-preview:large","max-video-preview":"max-video-preview:-1"},"canonical":"https:\/\/whitebirchpaper.com\/fr\/nos-produits\/papiers-commerciaux\/","og_locale":"fr_FR","og_type":"article","og_title":"Produits de papiers commerciaux | Papiers White Birch","og_description":"Que vos besoins d\u2019affaires soient pour des circulaires, du papier \u00e9dition, annuaire ou autre application commerciale, nos produits de papiers commerciaux offrent une valeur et une imprimabilit\u00e9 exceptionnelles.","og_url":"https:\/\/whitebirchpaper.com\/fr\/nos-produits\/papiers-commerciaux\/","og_site_name":"White Birch Paper","article_modified_time":"2018-11-02T18:09:34+00:00","og_image":[{"width":1298,"height":164,"url":"https:\/\/whitebirchpaper.com\/wp-content\/uploads\/sub_commercial_papers.jpg","type":"image\/jpeg"}],"twitter_card":"summary_large_image","schema":{"@context":"https:\/\/schema.org","@graph":[{"@type":"WebPage","@id":"https:\/\/whitebirchpaper.com\/fr\/nos-produits\/papiers-commerciaux\/","url":"https:\/\/whitebirchpaper.com\/fr\/nos-produits\/papiers-commerciaux\/","name":"Produits de papiers commerciaux | Papiers White Birch","isPartOf":{"@id":"https:\/\/whitebirchpaper.com\/#website"},"primaryImageOfPage":{"@id":"https:\/\/whitebirchpaper.com\/fr\/nos-produits\/papiers-commerciaux\/#primaryimage"},"image":{"@id":"https:\/\/whitebirchpaper.com\/fr\/nos-produits\/papiers-commerciaux\/#primaryimage"},"thumbnailUrl":"https:\/\/whitebirchpaper.com\/wp-content\/uploads\/sub_commercial_papers.jpg","datePublished":"2015-10-29T18:36:46+00:00","dateModified":"2018-11-02T18:09:34+00:00","description":"Que vos besoins d\u2019affaires soient pour des circulaires, du papier \u00e9dition, annuaire ou autre application commerciale, nos produits de papiers commerciaux offrent une valeur et une imprimabilit\u00e9 exceptionnelles.","breadcrumb":{"@id":"https:\/\/whitebirchpaper.com\/fr\/nos-produits\/papiers-commerciaux\/#breadcrumb"},"inLanguage":"fr-FR","potentialAction":[{"@type":"ReadAction","target":["https:\/\/whitebirchpaper.com\/fr\/nos-produits\/papiers-commerciaux\/"]}]},{"@type":"ImageObject","inLanguage":"fr-FR","@id":"https:\/\/whitebirchpaper.com\/fr\/nos-produits\/papiers-commerciaux\/#primaryimage","url":"https:\/\/whitebirchpaper.com\/wp-content\/uploads\/sub_commercial_papers.jpg","contentUrl":"https:\/\/whitebirchpaper.com\/wp-content\/uploads\/sub_commercial_papers.jpg","width":1298,"height":164,"caption":"Papiers Commerciaux"},{"@type":"BreadcrumbList","@id":"https:\/\/whitebirchpaper.com\/fr\/nos-produits\/papiers-commerciaux\/#breadcrumb","itemListElement":[{"@type":"ListItem","position":1,"name":"Home","item":"https:\/\/whitebirchpaper.com\/fr\/"},{"@type":"ListItem","position":2,"name":"Produits","item":"https:\/\/whitebirchpaper.com\/fr\/nos-produits\/"},{"@type":"ListItem","position":3,"name":"Papiers commerciaux"}]},{"@type":"WebSite","@id":"https:\/\/whitebirchpaper.com\/#website","url":"https:\/\/whitebirchpaper.com\/","name":"White Birch Paper","description":"","publisher":{"@id":"https:\/\/whitebirchpaper.com\/#organization"},"potentialAction":[{"@type":"SearchAction","target":{"@type":"EntryPoint","urlTemplate":"https:\/\/whitebirchpaper.com\/?s={search_term_string}"},"query-input":{"@type":"PropertyValueSpecification","valueRequired":true,"valueName":"search_term_string"}}],"inLanguage":"fr-FR"},{"@type":"Organization","@id":"https:\/\/whitebirchpaper.com\/#organization","name":"White Birch Paper","url":"https:\/\/whitebirchpaper.com\/","logo":{"@type":"ImageObject","inLanguage":"fr-FR","@id":"https:\/\/whitebirchpaper.com\/#\/schema\/logo\/image\/","url":"https:\/\/whitebirchpaper.com\/wp-content\/uploads\/logo-white-birch-paper.png","contentUrl":"https:\/\/whitebirchpaper.com\/wp-content\/uploads\/logo-white-birch-paper.png","width":395,"height":75,"caption":"White Birch Paper"},"image":{"@id":"https:\/\/whitebirchpaper.com\/#\/schema\/logo\/image\/"}}]}},"_links":{"self":[{"href":"https:\/\/whitebirchpaper.com\/fr\/wp-json\/wp\/v2\/pages\/1137","targetHints":{"allow":["GET"]}}],"collection":[{"href":"https:\/\/whitebirchpaper.com\/fr\/wp-json\/wp\/v2\/pages"}],"about":[{"href":"https:\/\/whitebirchpaper.com\/fr\/wp-json\/wp\/v2\/types\/page"}],"author":[{"embeddable":true,"href":"https:\/\/whitebirchpaper.com\/fr\/wp-json\/wp\/v2\/users\/19"}],"replies":[{"embeddable":true,"href":"https:\/\/whitebirchpaper.com\/fr\/wp-json\/wp\/v2\/comments?post=1137"}],"version-history":[{"count":0,"href":"https:\/\/whitebirchpaper.com\/fr\/wp-json\/wp\/v2\/pages\/1137\/revisions"}],"up":[{"embeddable":true,"href":"https:\/\/whitebirchpaper.com\/fr\/wp-json\/wp\/v2\/pages\/1094"}],"wp:featuredmedia":[{"embeddable":true,"href":"https:\/\/whitebirchpaper.com\/fr\/wp-json\/wp\/v2\/media\/1019"}],"wp:attachment":[{"href":"https:\/\/whitebirchpaper.com\/fr\/wp-json\/wp\/v2\/media?parent=1137"}],"curies":[{"name":"wp","href":"https:\/\/api.w.org\/{rel}","templated":true}]}}