{"id":1135,"date":"2015-11-30T13:28:34","date_gmt":"2015-11-30T18:28:34","guid":{"rendered":"https:\/\/whitebirchpaper.com\/fr\/products\/specialty-papers\/"},"modified":"2016-11-28T22:51:20","modified_gmt":"2016-11-29T03:51:20","slug":"papiers-pour-usages-speciaux","status":"publish","type":"page","link":"https:\/\/whitebirchpaper.com\/fr\/nos-produits\/papiers-pour-usages-speciaux\/","title":{"rendered":"Papiers pour usages sp\u00e9ciaux"},"content":{"rendered":"<h2>Fabrication de papiers pour usages sp\u00e9ciaux<\/h2>\n<p>Nos papiers pour usages sp\u00e9ciaux comprennent plusieurs types de produits et des applications cibl\u00e9es y compris du papier d\u2019emballage alimentaire, du papier pour blocs-notes et du papier journal de couleur. Nous sommes en mesure de fabriquer plusieurs produits qui respectent les r\u00e9glementations de contact alimentaire de la FDA, REACH et la Proposition 65 de la Californie. Nous sommes toujours \u00e0 la recherche de nouvelles fa\u00e7ons d\u2019utiliser notre expertise et nos infrastructures manufacturi\u00e8res pour cr\u00e9er de nouveaux produits de papier afin de r\u00e9pondre aux besoins de nos clients.<\/p>\n<p>Pour en savoir plus sur nos produits de papier pour usages sp\u00e9ciaux ou tout autre besoin en papier sp\u00e9cialis\u00e9, communiquer avec nous ou soumettre une demande d\u2019information.<\/p>\n<h2>Papier d\u2019emballage alimentaire<\/h2>\n<p>Pour des applications qui requi\u00e8rent un contact direct avec des aliments, Papiers White Birch offre des produits de papier conformes aux normes de la FDA pour contact direct avec les aliments.<\/p>\n<p><a class=\"more\">T\u00c9L\u00c9CHARGER LA FEUILLE DE SP\u00c9CIFICATIONS DU BRUT FDA<\/a><\/p>\n<h2>Papier journal de couleur<\/h2>\n<p>\u00c9galement couvert dans la section principale de la cat\u00e9gorie de papier journal, nous offrons du papier journal dans plusieurs couleurs standards y compris le saumon, le rose, le canari, le vert et le bleu. D\u2019autres couleurs peuvent aussi \u00eatre fabriqu\u00e9es sur mesure lorsque les quantit\u00e9s demand\u00e9es sont suffisantes.<\/p>\n<p><a class=\"more\">T\u00c9L\u00c9CHARGER LA FEUILLE DE SP\u00c9CIFICATIONS DE PAPIER JOURNAL DE COULEUR<\/a><\/p>\n<h2>Papier pour bloc-notes<\/h2>\n<p>Papiers White Birch offre du papier de couleur pastel pour utilisation dans des blocs-notes de format l\u00e9gal. Les couleurs offertes sont le rose, le vert, l\u2019orchid\u00e9e, le bleu et l\u2019ivoire.<\/p>\n<p><a class=\"more\">T\u00c9L\u00c9CHARGER LA FEUILLE DE SP\u00c9CIFICATIONS DE PAPIER POUR BLOC-NOTES DE COULEUR<\/a><\/p>\n<p><a class=\"more\" href=\"https:\/\/whitebirchpaper.com\/fr\/nous-joindre\/demande-de-renseignement-commerciale\/\">COMMUNIQUEZ AVEC LES VENTES<\/a><\/p>\n","protected":false},"excerpt":{"rendered":"<p>Fabrication de papiers pour usages sp\u00e9ciaux Nos papiers pour usages sp\u00e9ciaux comprennent plusieurs types de produits et des applications cibl\u00e9es y compris du papier d\u2019emballage alimentaire, du papier pour blocs-notes et du papier journal de couleur. Nous sommes en mesure de fabriquer plusieurs produits qui respectent les r\u00e9glementations de contact alimentaire de la FDA, REACH [&hellip;]<\/p>\n","protected":false},"author":19,"featured_media":1003,"parent":1094,"menu_order":0,"comment_status":"closed","ping_status":"closed","template":"","meta":{"_acf_changed":false,"footnotes":""},"class_list":["post-1135","page","type-page","status-publish","hentry"],"acf":[],"yoast_head":"<!-- This site is optimized with the Yoast SEO plugin v27.4 - https:\/\/yoast.com\/product\/yoast-seo-wordpress\/ -->\n<title>Fabrication de papiers pour usages sp\u00e9ciaux | Papiers White Birch<\/title>\n<meta name=\"description\" content=\"Nos papiers pour usages sp\u00e9ciaux comprennent plusieurs types de produits et des applications cibl\u00e9es y compris du papier d\u2019emballage alimentaire, du papier pour blocs-notes et du papier journal de couleur.\" \/>\n<meta name=\"robots\" content=\"index, follow, max-snippet:-1, max-image-preview:large, max-video-preview:-1\" \/>\n<link rel=\"canonical\" href=\"https:\/\/whitebirchpaper.com\/fr\/nos-produits\/papiers-pour-usages-speciaux\/\" \/>\n<meta property=\"og:locale\" content=\"fr_FR\" \/>\n<meta property=\"og:type\" content=\"article\" \/>\n<meta property=\"og:title\" content=\"Fabrication de papiers pour usages sp\u00e9ciaux | Papiers White Birch\" \/>\n<meta property=\"og:description\" content=\"Nos papiers pour usages sp\u00e9ciaux comprennent plusieurs types de produits et des applications cibl\u00e9es y compris du papier d\u2019emballage alimentaire, du papier pour blocs-notes et du papier journal de couleur.\" \/>\n<meta property=\"og:url\" content=\"https:\/\/whitebirchpaper.com\/fr\/nos-produits\/papiers-pour-usages-speciaux\/\" \/>\n<meta property=\"og:site_name\" content=\"White Birch Paper\" \/>\n<meta property=\"article:modified_time\" content=\"2016-11-29T03:51:20+00:00\" \/>\n<meta property=\"og:image\" content=\"https:\/\/whitebirchpaper.com\/wp-content\/uploads\/specialty-paper-horizontal.jpg\" \/>\n\t<meta property=\"og:image:width\" content=\"1298\" \/>\n\t<meta property=\"og:image:height\" content=\"164\" \/>\n\t<meta property=\"og:image:type\" content=\"image\/jpeg\" \/>\n<meta name=\"twitter:card\" content=\"summary_large_image\" \/>\n<meta name=\"twitter:label1\" content=\"Dur\u00e9e de lecture estim\u00e9e\" \/>\n\t<meta name=\"twitter:data1\" content=\"2 minutes\" \/>\n<script type=\"application\/ld+json\" class=\"yoast-schema-graph\">{\"@context\":\"https:\\\/\\\/schema.org\",\"@graph\":[{\"@type\":\"WebPage\",\"@id\":\"https:\\\/\\\/whitebirchpaper.com\\\/fr\\\/nos-produits\\\/papiers-pour-usages-speciaux\\\/\",\"url\":\"https:\\\/\\\/whitebirchpaper.com\\\/fr\\\/nos-produits\\\/papiers-pour-usages-speciaux\\\/\",\"name\":\"Fabrication de papiers pour usages sp\u00e9ciaux | Papiers White Birch\",\"isPartOf\":{\"@id\":\"https:\\\/\\\/whitebirchpaper.com\\\/#website\"},\"primaryImageOfPage\":{\"@id\":\"https:\\\/\\\/whitebirchpaper.com\\\/fr\\\/nos-produits\\\/papiers-pour-usages-speciaux\\\/#primaryimage\"},\"image\":{\"@id\":\"https:\\\/\\\/whitebirchpaper.com\\\/fr\\\/nos-produits\\\/papiers-pour-usages-speciaux\\\/#primaryimage\"},\"thumbnailUrl\":\"https:\\\/\\\/whitebirchpaper.com\\\/wp-content\\\/uploads\\\/specialty-paper-horizontal.jpg\",\"datePublished\":\"2015-11-30T18:28:34+00:00\",\"dateModified\":\"2016-11-29T03:51:20+00:00\",\"description\":\"Nos papiers pour usages sp\u00e9ciaux comprennent plusieurs types de produits et des applications cibl\u00e9es y compris du papier d\u2019emballage alimentaire, du papier pour blocs-notes et du papier journal de couleur.\",\"breadcrumb\":{\"@id\":\"https:\\\/\\\/whitebirchpaper.com\\\/fr\\\/nos-produits\\\/papiers-pour-usages-speciaux\\\/#breadcrumb\"},\"inLanguage\":\"fr-FR\",\"potentialAction\":[{\"@type\":\"ReadAction\",\"target\":[\"https:\\\/\\\/whitebirchpaper.com\\\/fr\\\/nos-produits\\\/papiers-pour-usages-speciaux\\\/\"]}]},{\"@type\":\"ImageObject\",\"inLanguage\":\"fr-FR\",\"@id\":\"https:\\\/\\\/whitebirchpaper.com\\\/fr\\\/nos-produits\\\/papiers-pour-usages-speciaux\\\/#primaryimage\",\"url\":\"https:\\\/\\\/whitebirchpaper.com\\\/wp-content\\\/uploads\\\/specialty-paper-horizontal.jpg\",\"contentUrl\":\"https:\\\/\\\/whitebirchpaper.com\\\/wp-content\\\/uploads\\\/specialty-paper-horizontal.jpg\",\"width\":1298,\"height\":164},{\"@type\":\"BreadcrumbList\",\"@id\":\"https:\\\/\\\/whitebirchpaper.com\\\/fr\\\/nos-produits\\\/papiers-pour-usages-speciaux\\\/#breadcrumb\",\"itemListElement\":[{\"@type\":\"ListItem\",\"position\":1,\"name\":\"Home\",\"item\":\"https:\\\/\\\/whitebirchpaper.com\\\/fr\\\/\"},{\"@type\":\"ListItem\",\"position\":2,\"name\":\"Produits\",\"item\":\"https:\\\/\\\/whitebirchpaper.com\\\/fr\\\/nos-produits\\\/\"},{\"@type\":\"ListItem\",\"position\":3,\"name\":\"Papiers pour usages sp\u00e9ciaux\"}]},{\"@type\":\"WebSite\",\"@id\":\"https:\\\/\\\/whitebirchpaper.com\\\/#website\",\"url\":\"https:\\\/\\\/whitebirchpaper.com\\\/\",\"name\":\"White Birch Paper\",\"description\":\"\",\"publisher\":{\"@id\":\"https:\\\/\\\/whitebirchpaper.com\\\/#organization\"},\"potentialAction\":[{\"@type\":\"SearchAction\",\"target\":{\"@type\":\"EntryPoint\",\"urlTemplate\":\"https:\\\/\\\/whitebirchpaper.com\\\/?s={search_term_string}\"},\"query-input\":{\"@type\":\"PropertyValueSpecification\",\"valueRequired\":true,\"valueName\":\"search_term_string\"}}],\"inLanguage\":\"fr-FR\"},{\"@type\":\"Organization\",\"@id\":\"https:\\\/\\\/whitebirchpaper.com\\\/#organization\",\"name\":\"White Birch Paper\",\"url\":\"https:\\\/\\\/whitebirchpaper.com\\\/\",\"logo\":{\"@type\":\"ImageObject\",\"inLanguage\":\"fr-FR\",\"@id\":\"https:\\\/\\\/whitebirchpaper.com\\\/#\\\/schema\\\/logo\\\/image\\\/\",\"url\":\"https:\\\/\\\/whitebirchpaper.com\\\/wp-content\\\/uploads\\\/logo-white-birch-paper.png\",\"contentUrl\":\"https:\\\/\\\/whitebirchpaper.com\\\/wp-content\\\/uploads\\\/logo-white-birch-paper.png\",\"width\":395,\"height\":75,\"caption\":\"White Birch Paper\"},\"image\":{\"@id\":\"https:\\\/\\\/whitebirchpaper.com\\\/#\\\/schema\\\/logo\\\/image\\\/\"}}]}<\/script>\n<!-- \/ Yoast SEO plugin. -->","yoast_head_json":{"title":"Fabrication de papiers pour usages sp\u00e9ciaux | Papiers White Birch","description":"Nos papiers pour usages sp\u00e9ciaux comprennent plusieurs types de produits et des applications cibl\u00e9es y compris du papier d\u2019emballage alimentaire, du papier pour blocs-notes et du papier journal de couleur.","robots":{"index":"index","follow":"follow","max-snippet":"max-snippet:-1","max-image-preview":"max-image-preview:large","max-video-preview":"max-video-preview:-1"},"canonical":"https:\/\/whitebirchpaper.com\/fr\/nos-produits\/papiers-pour-usages-speciaux\/","og_locale":"fr_FR","og_type":"article","og_title":"Fabrication de papiers pour usages sp\u00e9ciaux | Papiers White Birch","og_description":"Nos papiers pour usages sp\u00e9ciaux comprennent plusieurs types de produits et des applications cibl\u00e9es y compris du papier d\u2019emballage alimentaire, du papier pour blocs-notes et du papier journal de couleur.","og_url":"https:\/\/whitebirchpaper.com\/fr\/nos-produits\/papiers-pour-usages-speciaux\/","og_site_name":"White Birch Paper","article_modified_time":"2016-11-29T03:51:20+00:00","og_image":[{"width":1298,"height":164,"url":"https:\/\/whitebirchpaper.com\/wp-content\/uploads\/specialty-paper-horizontal.jpg","type":"image\/jpeg"}],"twitter_card":"summary_large_image","twitter_misc":{"Dur\u00e9e de lecture estim\u00e9e":"2 minutes"},"schema":{"@context":"https:\/\/schema.org","@graph":[{"@type":"WebPage","@id":"https:\/\/whitebirchpaper.com\/fr\/nos-produits\/papiers-pour-usages-speciaux\/","url":"https:\/\/whitebirchpaper.com\/fr\/nos-produits\/papiers-pour-usages-speciaux\/","name":"Fabrication de papiers pour usages sp\u00e9ciaux | Papiers White Birch","isPartOf":{"@id":"https:\/\/whitebirchpaper.com\/#website"},"primaryImageOfPage":{"@id":"https:\/\/whitebirchpaper.com\/fr\/nos-produits\/papiers-pour-usages-speciaux\/#primaryimage"},"image":{"@id":"https:\/\/whitebirchpaper.com\/fr\/nos-produits\/papiers-pour-usages-speciaux\/#primaryimage"},"thumbnailUrl":"https:\/\/whitebirchpaper.com\/wp-content\/uploads\/specialty-paper-horizontal.jpg","datePublished":"2015-11-30T18:28:34+00:00","dateModified":"2016-11-29T03:51:20+00:00","description":"Nos papiers pour usages sp\u00e9ciaux comprennent plusieurs types de produits et des applications cibl\u00e9es y compris du papier d\u2019emballage alimentaire, du papier pour blocs-notes et du papier journal de couleur.","breadcrumb":{"@id":"https:\/\/whitebirchpaper.com\/fr\/nos-produits\/papiers-pour-usages-speciaux\/#breadcrumb"},"inLanguage":"fr-FR","potentialAction":[{"@type":"ReadAction","target":["https:\/\/whitebirchpaper.com\/fr\/nos-produits\/papiers-pour-usages-speciaux\/"]}]},{"@type":"ImageObject","inLanguage":"fr-FR","@id":"https:\/\/whitebirchpaper.com\/fr\/nos-produits\/papiers-pour-usages-speciaux\/#primaryimage","url":"https:\/\/whitebirchpaper.com\/wp-content\/uploads\/specialty-paper-horizontal.jpg","contentUrl":"https:\/\/whitebirchpaper.com\/wp-content\/uploads\/specialty-paper-horizontal.jpg","width":1298,"height":164},{"@type":"BreadcrumbList","@id":"https:\/\/whitebirchpaper.com\/fr\/nos-produits\/papiers-pour-usages-speciaux\/#breadcrumb","itemListElement":[{"@type":"ListItem","position":1,"name":"Home","item":"https:\/\/whitebirchpaper.com\/fr\/"},{"@type":"ListItem","position":2,"name":"Produits","item":"https:\/\/whitebirchpaper.com\/fr\/nos-produits\/"},{"@type":"ListItem","position":3,"name":"Papiers pour usages sp\u00e9ciaux"}]},{"@type":"WebSite","@id":"https:\/\/whitebirchpaper.com\/#website","url":"https:\/\/whitebirchpaper.com\/","name":"White Birch Paper","description":"","publisher":{"@id":"https:\/\/whitebirchpaper.com\/#organization"},"potentialAction":[{"@type":"SearchAction","target":{"@type":"EntryPoint","urlTemplate":"https:\/\/whitebirchpaper.com\/?s={search_term_string}"},"query-input":{"@type":"PropertyValueSpecification","valueRequired":true,"valueName":"search_term_string"}}],"inLanguage":"fr-FR"},{"@type":"Organization","@id":"https:\/\/whitebirchpaper.com\/#organization","name":"White Birch Paper","url":"https:\/\/whitebirchpaper.com\/","logo":{"@type":"ImageObject","inLanguage":"fr-FR","@id":"https:\/\/whitebirchpaper.com\/#\/schema\/logo\/image\/","url":"https:\/\/whitebirchpaper.com\/wp-content\/uploads\/logo-white-birch-paper.png","contentUrl":"https:\/\/whitebirchpaper.com\/wp-content\/uploads\/logo-white-birch-paper.png","width":395,"height":75,"caption":"White Birch Paper"},"image":{"@id":"https:\/\/whitebirchpaper.com\/#\/schema\/logo\/image\/"}}]}},"_links":{"self":[{"href":"https:\/\/whitebirchpaper.com\/fr\/wp-json\/wp\/v2\/pages\/1135","targetHints":{"allow":["GET"]}}],"collection":[{"href":"https:\/\/whitebirchpaper.com\/fr\/wp-json\/wp\/v2\/pages"}],"about":[{"href":"https:\/\/whitebirchpaper.com\/fr\/wp-json\/wp\/v2\/types\/page"}],"author":[{"embeddable":true,"href":"https:\/\/whitebirchpaper.com\/fr\/wp-json\/wp\/v2\/users\/19"}],"replies":[{"embeddable":true,"href":"https:\/\/whitebirchpaper.com\/fr\/wp-json\/wp\/v2\/comments?post=1135"}],"version-history":[{"count":0,"href":"https:\/\/whitebirchpaper.com\/fr\/wp-json\/wp\/v2\/pages\/1135\/revisions"}],"up":[{"embeddable":true,"href":"https:\/\/whitebirchpaper.com\/fr\/wp-json\/wp\/v2\/pages\/1094"}],"wp:featuredmedia":[{"embeddable":true,"href":"https:\/\/whitebirchpaper.com\/fr\/wp-json\/wp\/v2\/media\/1003"}],"wp:attachment":[{"href":"https:\/\/whitebirchpaper.com\/fr\/wp-json\/wp\/v2\/media?parent=1135"}],"curies":[{"name":"wp","href":"https:\/\/api.w.org\/{rel}","templated":true}]}}