{"id":1127,"date":"2015-11-30T13:55:10","date_gmt":"2015-11-30T18:55:10","guid":{"rendered":"https:\/\/whitebirchpaper.com\/fr\/products\/paperboard\/"},"modified":"2017-02-10T18:29:37","modified_gmt":"2017-02-10T23:29:37","slug":"carton","status":"publish","type":"page","link":"https:\/\/whitebirchpaper.com\/fr\/nos-produits\/carton\/","title":{"rendered":"Carton"},"content":{"rendered":"<p>Gr\u00e2ce \u00e0 la flexibilit\u00e9 de sa conception versatile et les nombreux avantages d\u2019impression, nos produits de carton offrent une performance constante de haut niveau pour des applications comme l\u2019impression et l\u2019\u00e9dition commerciales, l\u2019emballage sur mesure ainsi que les pr\u00e9sentoirs de point de vente. Notre cat\u00e9gorie de carton comprend cinq types de produits : le papier d\u2019emballage, les chemises de carton, le carton pour affiches, le papier Bristol et le carton-bois.<\/p>\n<h2>Emballage<\/h2>\n<p>Notre gamme vari\u00e9e de produits d\u2019emballage est principalement utilis\u00e9e pour des applications de bo\u00eetes pliantes et d\u2019emballage. Tous nos mat\u00e9riaux d\u2019emballage sont fabriqu\u00e9s de carton recycl\u00e9 \u00e0 100 % et sont disponibles dans les couleurs standards de brun ou de blanc ainsi qu\u2019une vari\u00e9t\u00e9 de couleurs et d\u2019\u00e9paisseurs.<\/p>\n<p><a class=\"more\" href=\"https:\/\/whitebirchpaper.com\/fr\/nous-joindre\/demande-de-renseignement-commerciale\/\">DEMANDE DE RENSEIGNEMENT COMMERCIALE<\/a><\/p>\n<h2>Chemises<\/h2>\n<p>Pour des produits de classement et d\u2019\u00e9tiquetage, nous offrons une gamme impressionnante de couleurs et de grandeurs.<\/p>\n<p><a class=\"more\" href=\"https:\/\/whitebirchpaper.com\/fr\/nous-joindre\/demande-de-renseignement-commerciale\/\">DEMANDE DE RENSEIGNEMENT COMMERCIALE<\/a><\/p>\n<h2>Carton pour affiches<\/h2>\n<p>Notre carton pour affiches est fabriqu\u00e9 dans une vari\u00e9t\u00e9 d\u2019\u00e9paisseurs et de couleurs pour afficher la bonne information dans des applications multiples.<\/p>\n<p><a class=\"more\" href=\"https:\/\/whitebirchpaper.com\/fr\/nous-joindre\/demande-de-renseignement-commerciale\/\">DEMANDE DE RENSEIGNEMENT COMMERCIALE<\/a><\/p>\n<h2>Papier Bristol<\/h2>\n<p>Aussi connu comme carton Bristol ou papier super-blanc, ce produit est un carton non couch\u00e9 fabriqu\u00e9 avec proc\u00e9d\u00e9 de p\u00e2te m\u00e9canique qui est utilis\u00e9 pour l\u2019impression de documents, de d\u00e9pliants, de mat\u00e9riaux publicitaires et d\u2019enveloppes. Nos clients utilisent souvent ce produit pour la peinture \u00e0 l\u2019eau et les bandes dessin\u00e9es ainsi que pour les livres \u00e0 couvertures souples ou les couvertures de catalogues, les chemises de classement, les \u00e9tiquettes et les billets. Une autre utilisation est pour les dessins techniques et \u00e0 l\u2019\u00e9chelle. Les papiers Bristol \u00e0 deux ou trois \u00e9paisseurs sont les plus populaires, tandis que le Bristol \u00e0 une \u00e9paisseur offre les avantages de la translucidit\u00e9. Au contraire du carton d\u2019illustration, qui poss\u00e8de seulement une surface de travail, le carton Bristol offre une surface de travail avant et arri\u00e8re.<\/p>\n<p><a class=\"more\" href=\"https:\/\/whitebirchpaper.com\/fr\/nous-joindre\/demande-de-renseignement-commerciale\/\">DEMANDE DE RENSEIGNEMENT COMMERCIALE<\/a><\/p>\n<h2>Carton-bois<\/h2>\n<p>Fabriqu\u00e9 \u00e0 partir de p\u00e2te vierge, notre carton-bois est souvent utilis\u00e9 dans les capsules de fermeture ou des applications de scellage.<\/p>\n<p><a class=\"more\" href=\"https:\/\/whitebirchpaper.com\/fr\/nous-joindre\/demande-de-renseignement-commerciale\/\">DEMANDE DE RENSEIGNEMENT COMMERCIALE<\/a><\/p>\n","protected":false},"excerpt":{"rendered":"<p>Gr\u00e2ce \u00e0 la flexibilit\u00e9 de sa conception versatile et les nombreux avantages d\u2019impression, nos produits de carton offrent une performance constante de haut niveau pour des applications comme l\u2019impression et l\u2019\u00e9dition commerciales, l\u2019emballage sur mesure ainsi que les pr\u00e9sentoirs de point de vente. Notre cat\u00e9gorie de carton comprend cinq types de produits : le papier [&hellip;]<\/p>\n","protected":false},"author":19,"featured_media":994,"parent":1094,"menu_order":0,"comment_status":"closed","ping_status":"closed","template":"","meta":{"_acf_changed":false,"footnotes":""},"class_list":["post-1127","page","type-page","status-publish","hentry"],"acf":[],"yoast_head":"<!-- This site is optimized with the Yoast SEO plugin v27.3 - https:\/\/yoast.com\/product\/yoast-seo-wordpress\/ -->\n<title>Produits du carton | Emballage, papier Bristol, carton pour affiches<\/title>\n<meta name=\"description\" content=\"Papiers White Birch Paper offre une vari\u00e9t\u00e9 de produits du carton commerciaux y compris des produits d&#039;emballage, des chemises, du papier Bristol, du carton pour affiches et du carton-bois\" \/>\n<meta name=\"robots\" content=\"index, follow, max-snippet:-1, max-image-preview:large, max-video-preview:-1\" \/>\n<link rel=\"canonical\" href=\"https:\/\/whitebirchpaper.com\/fr\/nos-produits\/carton\/\" \/>\n<meta property=\"og:locale\" content=\"fr_FR\" \/>\n<meta property=\"og:type\" content=\"article\" \/>\n<meta property=\"og:title\" content=\"Produits du carton | Emballage, papier Bristol, carton pour affiches\" \/>\n<meta property=\"og:description\" content=\"Papiers White Birch Paper offre une vari\u00e9t\u00e9 de produits du carton commerciaux y compris des produits d&#039;emballage, des chemises, du papier Bristol, du carton pour affiches et du carton-bois\" \/>\n<meta property=\"og:url\" content=\"https:\/\/whitebirchpaper.com\/fr\/nos-produits\/carton\/\" \/>\n<meta property=\"og:site_name\" content=\"White Birch Paper\" \/>\n<meta property=\"article:modified_time\" content=\"2017-02-10T23:29:37+00:00\" \/>\n<meta property=\"og:image\" content=\"https:\/\/whitebirchpaper.com\/wp-content\/uploads\/paperboard.jpg\" \/>\n\t<meta property=\"og:image:width\" content=\"1307\" \/>\n\t<meta property=\"og:image:height\" content=\"165\" \/>\n\t<meta property=\"og:image:type\" content=\"image\/jpeg\" \/>\n<meta name=\"twitter:card\" content=\"summary_large_image\" \/>\n<meta name=\"twitter:label1\" content=\"Dur\u00e9e de lecture estim\u00e9e\" \/>\n\t<meta name=\"twitter:data1\" content=\"2 minutes\" \/>\n<script type=\"application\/ld+json\" class=\"yoast-schema-graph\">{\"@context\":\"https:\\\/\\\/schema.org\",\"@graph\":[{\"@type\":\"WebPage\",\"@id\":\"https:\\\/\\\/whitebirchpaper.com\\\/fr\\\/nos-produits\\\/carton\\\/\",\"url\":\"https:\\\/\\\/whitebirchpaper.com\\\/fr\\\/nos-produits\\\/carton\\\/\",\"name\":\"Produits du carton | Emballage, papier Bristol, carton pour affiches\",\"isPartOf\":{\"@id\":\"https:\\\/\\\/whitebirchpaper.com\\\/#website\"},\"primaryImageOfPage\":{\"@id\":\"https:\\\/\\\/whitebirchpaper.com\\\/fr\\\/nos-produits\\\/carton\\\/#primaryimage\"},\"image\":{\"@id\":\"https:\\\/\\\/whitebirchpaper.com\\\/fr\\\/nos-produits\\\/carton\\\/#primaryimage\"},\"thumbnailUrl\":\"https:\\\/\\\/whitebirchpaper.com\\\/wp-content\\\/uploads\\\/paperboard.jpg\",\"datePublished\":\"2015-11-30T18:55:10+00:00\",\"dateModified\":\"2017-02-10T23:29:37+00:00\",\"description\":\"Papiers White Birch Paper offre une vari\u00e9t\u00e9 de produits du carton commerciaux y compris des produits d'emballage, des chemises, du papier Bristol, du carton pour affiches et du carton-bois\",\"breadcrumb\":{\"@id\":\"https:\\\/\\\/whitebirchpaper.com\\\/fr\\\/nos-produits\\\/carton\\\/#breadcrumb\"},\"inLanguage\":\"fr-FR\",\"potentialAction\":[{\"@type\":\"ReadAction\",\"target\":[\"https:\\\/\\\/whitebirchpaper.com\\\/fr\\\/nos-produits\\\/carton\\\/\"]}]},{\"@type\":\"ImageObject\",\"inLanguage\":\"fr-FR\",\"@id\":\"https:\\\/\\\/whitebirchpaper.com\\\/fr\\\/nos-produits\\\/carton\\\/#primaryimage\",\"url\":\"https:\\\/\\\/whitebirchpaper.com\\\/wp-content\\\/uploads\\\/paperboard.jpg\",\"contentUrl\":\"https:\\\/\\\/whitebirchpaper.com\\\/wp-content\\\/uploads\\\/paperboard.jpg\",\"width\":1307,\"height\":165},{\"@type\":\"BreadcrumbList\",\"@id\":\"https:\\\/\\\/whitebirchpaper.com\\\/fr\\\/nos-produits\\\/carton\\\/#breadcrumb\",\"itemListElement\":[{\"@type\":\"ListItem\",\"position\":1,\"name\":\"Home\",\"item\":\"https:\\\/\\\/whitebirchpaper.com\\\/fr\\\/\"},{\"@type\":\"ListItem\",\"position\":2,\"name\":\"Produits\",\"item\":\"https:\\\/\\\/whitebirchpaper.com\\\/fr\\\/nos-produits\\\/\"},{\"@type\":\"ListItem\",\"position\":3,\"name\":\"Carton\"}]},{\"@type\":\"WebSite\",\"@id\":\"https:\\\/\\\/whitebirchpaper.com\\\/#website\",\"url\":\"https:\\\/\\\/whitebirchpaper.com\\\/\",\"name\":\"White Birch Paper\",\"description\":\"\",\"publisher\":{\"@id\":\"https:\\\/\\\/whitebirchpaper.com\\\/#organization\"},\"potentialAction\":[{\"@type\":\"SearchAction\",\"target\":{\"@type\":\"EntryPoint\",\"urlTemplate\":\"https:\\\/\\\/whitebirchpaper.com\\\/?s={search_term_string}\"},\"query-input\":{\"@type\":\"PropertyValueSpecification\",\"valueRequired\":true,\"valueName\":\"search_term_string\"}}],\"inLanguage\":\"fr-FR\"},{\"@type\":\"Organization\",\"@id\":\"https:\\\/\\\/whitebirchpaper.com\\\/#organization\",\"name\":\"White Birch Paper\",\"url\":\"https:\\\/\\\/whitebirchpaper.com\\\/\",\"logo\":{\"@type\":\"ImageObject\",\"inLanguage\":\"fr-FR\",\"@id\":\"https:\\\/\\\/whitebirchpaper.com\\\/#\\\/schema\\\/logo\\\/image\\\/\",\"url\":\"https:\\\/\\\/whitebirchpaper.com\\\/wp-content\\\/uploads\\\/logo-white-birch-paper.png\",\"contentUrl\":\"https:\\\/\\\/whitebirchpaper.com\\\/wp-content\\\/uploads\\\/logo-white-birch-paper.png\",\"width\":395,\"height\":75,\"caption\":\"White Birch Paper\"},\"image\":{\"@id\":\"https:\\\/\\\/whitebirchpaper.com\\\/#\\\/schema\\\/logo\\\/image\\\/\"}}]}<\/script>\n<!-- \/ Yoast SEO plugin. -->","yoast_head_json":{"title":"Produits du carton | Emballage, papier Bristol, carton pour affiches","description":"Papiers White Birch Paper offre une vari\u00e9t\u00e9 de produits du carton commerciaux y compris des produits d'emballage, des chemises, du papier Bristol, du carton pour affiches et du carton-bois","robots":{"index":"index","follow":"follow","max-snippet":"max-snippet:-1","max-image-preview":"max-image-preview:large","max-video-preview":"max-video-preview:-1"},"canonical":"https:\/\/whitebirchpaper.com\/fr\/nos-produits\/carton\/","og_locale":"fr_FR","og_type":"article","og_title":"Produits du carton | Emballage, papier Bristol, carton pour affiches","og_description":"Papiers White Birch Paper offre une vari\u00e9t\u00e9 de produits du carton commerciaux y compris des produits d'emballage, des chemises, du papier Bristol, du carton pour affiches et du carton-bois","og_url":"https:\/\/whitebirchpaper.com\/fr\/nos-produits\/carton\/","og_site_name":"White Birch Paper","article_modified_time":"2017-02-10T23:29:37+00:00","og_image":[{"width":1307,"height":165,"url":"https:\/\/whitebirchpaper.com\/wp-content\/uploads\/paperboard.jpg","type":"image\/jpeg"}],"twitter_card":"summary_large_image","twitter_misc":{"Dur\u00e9e de lecture estim\u00e9e":"2 minutes"},"schema":{"@context":"https:\/\/schema.org","@graph":[{"@type":"WebPage","@id":"https:\/\/whitebirchpaper.com\/fr\/nos-produits\/carton\/","url":"https:\/\/whitebirchpaper.com\/fr\/nos-produits\/carton\/","name":"Produits du carton | Emballage, papier Bristol, carton pour affiches","isPartOf":{"@id":"https:\/\/whitebirchpaper.com\/#website"},"primaryImageOfPage":{"@id":"https:\/\/whitebirchpaper.com\/fr\/nos-produits\/carton\/#primaryimage"},"image":{"@id":"https:\/\/whitebirchpaper.com\/fr\/nos-produits\/carton\/#primaryimage"},"thumbnailUrl":"https:\/\/whitebirchpaper.com\/wp-content\/uploads\/paperboard.jpg","datePublished":"2015-11-30T18:55:10+00:00","dateModified":"2017-02-10T23:29:37+00:00","description":"Papiers White Birch Paper offre une vari\u00e9t\u00e9 de produits du carton commerciaux y compris des produits d'emballage, des chemises, du papier Bristol, du carton pour affiches et du carton-bois","breadcrumb":{"@id":"https:\/\/whitebirchpaper.com\/fr\/nos-produits\/carton\/#breadcrumb"},"inLanguage":"fr-FR","potentialAction":[{"@type":"ReadAction","target":["https:\/\/whitebirchpaper.com\/fr\/nos-produits\/carton\/"]}]},{"@type":"ImageObject","inLanguage":"fr-FR","@id":"https:\/\/whitebirchpaper.com\/fr\/nos-produits\/carton\/#primaryimage","url":"https:\/\/whitebirchpaper.com\/wp-content\/uploads\/paperboard.jpg","contentUrl":"https:\/\/whitebirchpaper.com\/wp-content\/uploads\/paperboard.jpg","width":1307,"height":165},{"@type":"BreadcrumbList","@id":"https:\/\/whitebirchpaper.com\/fr\/nos-produits\/carton\/#breadcrumb","itemListElement":[{"@type":"ListItem","position":1,"name":"Home","item":"https:\/\/whitebirchpaper.com\/fr\/"},{"@type":"ListItem","position":2,"name":"Produits","item":"https:\/\/whitebirchpaper.com\/fr\/nos-produits\/"},{"@type":"ListItem","position":3,"name":"Carton"}]},{"@type":"WebSite","@id":"https:\/\/whitebirchpaper.com\/#website","url":"https:\/\/whitebirchpaper.com\/","name":"White Birch Paper","description":"","publisher":{"@id":"https:\/\/whitebirchpaper.com\/#organization"},"potentialAction":[{"@type":"SearchAction","target":{"@type":"EntryPoint","urlTemplate":"https:\/\/whitebirchpaper.com\/?s={search_term_string}"},"query-input":{"@type":"PropertyValueSpecification","valueRequired":true,"valueName":"search_term_string"}}],"inLanguage":"fr-FR"},{"@type":"Organization","@id":"https:\/\/whitebirchpaper.com\/#organization","name":"White Birch Paper","url":"https:\/\/whitebirchpaper.com\/","logo":{"@type":"ImageObject","inLanguage":"fr-FR","@id":"https:\/\/whitebirchpaper.com\/#\/schema\/logo\/image\/","url":"https:\/\/whitebirchpaper.com\/wp-content\/uploads\/logo-white-birch-paper.png","contentUrl":"https:\/\/whitebirchpaper.com\/wp-content\/uploads\/logo-white-birch-paper.png","width":395,"height":75,"caption":"White Birch Paper"},"image":{"@id":"https:\/\/whitebirchpaper.com\/#\/schema\/logo\/image\/"}}]}},"_links":{"self":[{"href":"https:\/\/whitebirchpaper.com\/fr\/wp-json\/wp\/v2\/pages\/1127","targetHints":{"allow":["GET"]}}],"collection":[{"href":"https:\/\/whitebirchpaper.com\/fr\/wp-json\/wp\/v2\/pages"}],"about":[{"href":"https:\/\/whitebirchpaper.com\/fr\/wp-json\/wp\/v2\/types\/page"}],"author":[{"embeddable":true,"href":"https:\/\/whitebirchpaper.com\/fr\/wp-json\/wp\/v2\/users\/19"}],"replies":[{"embeddable":true,"href":"https:\/\/whitebirchpaper.com\/fr\/wp-json\/wp\/v2\/comments?post=1127"}],"version-history":[{"count":0,"href":"https:\/\/whitebirchpaper.com\/fr\/wp-json\/wp\/v2\/pages\/1127\/revisions"}],"up":[{"embeddable":true,"href":"https:\/\/whitebirchpaper.com\/fr\/wp-json\/wp\/v2\/pages\/1094"}],"wp:featuredmedia":[{"embeddable":true,"href":"https:\/\/whitebirchpaper.com\/fr\/wp-json\/wp\/v2\/media\/994"}],"wp:attachment":[{"href":"https:\/\/whitebirchpaper.com\/fr\/wp-json\/wp\/v2\/media?parent=1127"}],"curies":[{"name":"wp","href":"https:\/\/api.w.org\/{rel}","templated":true}]}}