{"id":1123,"date":"2015-11-30T13:59:53","date_gmt":"2015-11-30T18:59:53","guid":{"rendered":"https:\/\/whitebirchpaper.com\/fr\/products\/bristol-paper\/"},"modified":"2016-09-19T19:45:00","modified_gmt":"2016-09-19T23:45:00","slug":"bristol-paper","status":"publish","type":"page","link":"https:\/\/whitebirchpaper.com\/fr\/nos-produits\/bristol-paper\/","title":{"rendered":"Papier Bristol"},"content":{"rendered":"<p>Aussi connu comme carton Bristol ou papier super-blanc, ce produit est un carton non couch\u00e9 fabriqu\u00e9 avec proc\u00e9d\u00e9 de p\u00e2te m\u00e9canique qui est utilis\u00e9 pour l\u2019impression de documents, de d\u00e9pliants, de mat\u00e9riaux publicitaires et d\u2019enveloppes. Nos clients utilisent souvent ce produit pour la peinture \u00e0 l\u2019eau et les bandes dessin\u00e9es ainsi que pour les livres \u00e0 couvertures souples ou les couvertures de catalogues, les chemises de classement, les \u00e9tiquettes et les billets. Une autre utilisation est pour les dessins techniques et \u00e0 l\u2019\u00e9chelle. Les papiers Bristol \u00e0 deux ou trois \u00e9paisseurs sont les plus populaires, tandis que le Bristol \u00e0 une \u00e9paisseur offre les avantages de la translucidit\u00e9. Au contraire du carton d\u2019illustration, qui poss\u00e8de seulement une surface de travail, le carton Bristol offre une surface de travail avant et arri\u00e8re.<\/p>\n<p>[Specification sheet link(s) here]<\/p>\n","protected":false},"excerpt":{"rendered":"<p>Aussi connu comme carton Bristol ou papier super-blanc, ce produit est un carton non couch\u00e9 fabriqu\u00e9 avec proc\u00e9d\u00e9 de p\u00e2te m\u00e9canique qui est utilis\u00e9 pour l\u2019impression de documents, de d\u00e9pliants, de mat\u00e9riaux publicitaires et d\u2019enveloppes. Nos clients utilisent souvent ce produit pour la peinture \u00e0 l\u2019eau et les bandes dessin\u00e9es ainsi que pour les livres [&hellip;]<\/p>\n","protected":false},"author":19,"featured_media":0,"parent":1094,"menu_order":0,"comment_status":"closed","ping_status":"closed","template":"","meta":{"_acf_changed":false,"footnotes":""},"class_list":["post-1123","page","type-page","status-publish","hentry"],"acf":[],"yoast_head":"<!-- This site is optimized with the Yoast SEO plugin v27.3 - https:\/\/yoast.com\/product\/yoast-seo-wordpress\/ -->\n<title>Papier Bristol | Papiers White Birch<\/title>\n<meta name=\"robots\" content=\"index, follow, max-snippet:-1, max-image-preview:large, max-video-preview:-1\" \/>\n<link rel=\"canonical\" href=\"https:\/\/whitebirchpaper.com\/fr\/nos-produits\/bristol-paper\/\" \/>\n<meta property=\"og:locale\" content=\"fr_FR\" \/>\n<meta property=\"og:type\" content=\"article\" \/>\n<meta property=\"og:title\" content=\"Papier Bristol | Papiers White Birch\" \/>\n<meta property=\"og:description\" content=\"Aussi connu comme carton Bristol ou papier super-blanc, ce produit est un carton non couch\u00e9 fabriqu\u00e9 avec proc\u00e9d\u00e9 de p\u00e2te m\u00e9canique qui est utilis\u00e9 pour l\u2019impression de documents, de d\u00e9pliants, de mat\u00e9riaux publicitaires et d\u2019enveloppes. Nos clients utilisent souvent ce produit pour la peinture \u00e0 l\u2019eau et les bandes dessin\u00e9es ainsi que pour les livres [&hellip;]\" \/>\n<meta property=\"og:url\" content=\"https:\/\/whitebirchpaper.com\/fr\/nos-produits\/bristol-paper\/\" \/>\n<meta property=\"og:site_name\" content=\"White Birch Paper\" \/>\n<meta property=\"article:modified_time\" content=\"2016-09-19T23:45:00+00:00\" \/>\n<meta name=\"twitter:card\" content=\"summary_large_image\" \/>\n<meta name=\"twitter:label1\" content=\"Dur\u00e9e de lecture estim\u00e9e\" \/>\n\t<meta name=\"twitter:data1\" content=\"1 minute\" \/>\n<script type=\"application\/ld+json\" class=\"yoast-schema-graph\">{\"@context\":\"https:\\\/\\\/schema.org\",\"@graph\":[{\"@type\":\"WebPage\",\"@id\":\"https:\\\/\\\/whitebirchpaper.com\\\/fr\\\/nos-produits\\\/bristol-paper\\\/\",\"url\":\"https:\\\/\\\/whitebirchpaper.com\\\/fr\\\/nos-produits\\\/bristol-paper\\\/\",\"name\":\"Papier Bristol | Papiers White Birch\",\"isPartOf\":{\"@id\":\"https:\\\/\\\/whitebirchpaper.com\\\/#website\"},\"datePublished\":\"2015-11-30T18:59:53+00:00\",\"dateModified\":\"2016-09-19T23:45:00+00:00\",\"breadcrumb\":{\"@id\":\"https:\\\/\\\/whitebirchpaper.com\\\/fr\\\/nos-produits\\\/bristol-paper\\\/#breadcrumb\"},\"inLanguage\":\"fr-FR\",\"potentialAction\":[{\"@type\":\"ReadAction\",\"target\":[\"https:\\\/\\\/whitebirchpaper.com\\\/fr\\\/nos-produits\\\/bristol-paper\\\/\"]}]},{\"@type\":\"BreadcrumbList\",\"@id\":\"https:\\\/\\\/whitebirchpaper.com\\\/fr\\\/nos-produits\\\/bristol-paper\\\/#breadcrumb\",\"itemListElement\":[{\"@type\":\"ListItem\",\"position\":1,\"name\":\"Home\",\"item\":\"https:\\\/\\\/whitebirchpaper.com\\\/fr\\\/\"},{\"@type\":\"ListItem\",\"position\":2,\"name\":\"Produits\",\"item\":\"https:\\\/\\\/whitebirchpaper.com\\\/fr\\\/nos-produits\\\/\"},{\"@type\":\"ListItem\",\"position\":3,\"name\":\"Papier Bristol\"}]},{\"@type\":\"WebSite\",\"@id\":\"https:\\\/\\\/whitebirchpaper.com\\\/#website\",\"url\":\"https:\\\/\\\/whitebirchpaper.com\\\/\",\"name\":\"White Birch Paper\",\"description\":\"\",\"publisher\":{\"@id\":\"https:\\\/\\\/whitebirchpaper.com\\\/#organization\"},\"potentialAction\":[{\"@type\":\"SearchAction\",\"target\":{\"@type\":\"EntryPoint\",\"urlTemplate\":\"https:\\\/\\\/whitebirchpaper.com\\\/?s={search_term_string}\"},\"query-input\":{\"@type\":\"PropertyValueSpecification\",\"valueRequired\":true,\"valueName\":\"search_term_string\"}}],\"inLanguage\":\"fr-FR\"},{\"@type\":\"Organization\",\"@id\":\"https:\\\/\\\/whitebirchpaper.com\\\/#organization\",\"name\":\"White Birch Paper\",\"url\":\"https:\\\/\\\/whitebirchpaper.com\\\/\",\"logo\":{\"@type\":\"ImageObject\",\"inLanguage\":\"fr-FR\",\"@id\":\"https:\\\/\\\/whitebirchpaper.com\\\/#\\\/schema\\\/logo\\\/image\\\/\",\"url\":\"https:\\\/\\\/whitebirchpaper.com\\\/wp-content\\\/uploads\\\/logo-white-birch-paper.png\",\"contentUrl\":\"https:\\\/\\\/whitebirchpaper.com\\\/wp-content\\\/uploads\\\/logo-white-birch-paper.png\",\"width\":395,\"height\":75,\"caption\":\"White Birch Paper\"},\"image\":{\"@id\":\"https:\\\/\\\/whitebirchpaper.com\\\/#\\\/schema\\\/logo\\\/image\\\/\"}}]}<\/script>\n<!-- \/ Yoast SEO plugin. -->","yoast_head_json":{"title":"Papier Bristol | Papiers White Birch","robots":{"index":"index","follow":"follow","max-snippet":"max-snippet:-1","max-image-preview":"max-image-preview:large","max-video-preview":"max-video-preview:-1"},"canonical":"https:\/\/whitebirchpaper.com\/fr\/nos-produits\/bristol-paper\/","og_locale":"fr_FR","og_type":"article","og_title":"Papier Bristol | Papiers White Birch","og_description":"Aussi connu comme carton Bristol ou papier super-blanc, ce produit est un carton non couch\u00e9 fabriqu\u00e9 avec proc\u00e9d\u00e9 de p\u00e2te m\u00e9canique qui est utilis\u00e9 pour l\u2019impression de documents, de d\u00e9pliants, de mat\u00e9riaux publicitaires et d\u2019enveloppes. Nos clients utilisent souvent ce produit pour la peinture \u00e0 l\u2019eau et les bandes dessin\u00e9es ainsi que pour les livres [&hellip;]","og_url":"https:\/\/whitebirchpaper.com\/fr\/nos-produits\/bristol-paper\/","og_site_name":"White Birch Paper","article_modified_time":"2016-09-19T23:45:00+00:00","twitter_card":"summary_large_image","twitter_misc":{"Dur\u00e9e de lecture estim\u00e9e":"1 minute"},"schema":{"@context":"https:\/\/schema.org","@graph":[{"@type":"WebPage","@id":"https:\/\/whitebirchpaper.com\/fr\/nos-produits\/bristol-paper\/","url":"https:\/\/whitebirchpaper.com\/fr\/nos-produits\/bristol-paper\/","name":"Papier Bristol | Papiers White Birch","isPartOf":{"@id":"https:\/\/whitebirchpaper.com\/#website"},"datePublished":"2015-11-30T18:59:53+00:00","dateModified":"2016-09-19T23:45:00+00:00","breadcrumb":{"@id":"https:\/\/whitebirchpaper.com\/fr\/nos-produits\/bristol-paper\/#breadcrumb"},"inLanguage":"fr-FR","potentialAction":[{"@type":"ReadAction","target":["https:\/\/whitebirchpaper.com\/fr\/nos-produits\/bristol-paper\/"]}]},{"@type":"BreadcrumbList","@id":"https:\/\/whitebirchpaper.com\/fr\/nos-produits\/bristol-paper\/#breadcrumb","itemListElement":[{"@type":"ListItem","position":1,"name":"Home","item":"https:\/\/whitebirchpaper.com\/fr\/"},{"@type":"ListItem","position":2,"name":"Produits","item":"https:\/\/whitebirchpaper.com\/fr\/nos-produits\/"},{"@type":"ListItem","position":3,"name":"Papier Bristol"}]},{"@type":"WebSite","@id":"https:\/\/whitebirchpaper.com\/#website","url":"https:\/\/whitebirchpaper.com\/","name":"White Birch Paper","description":"","publisher":{"@id":"https:\/\/whitebirchpaper.com\/#organization"},"potentialAction":[{"@type":"SearchAction","target":{"@type":"EntryPoint","urlTemplate":"https:\/\/whitebirchpaper.com\/?s={search_term_string}"},"query-input":{"@type":"PropertyValueSpecification","valueRequired":true,"valueName":"search_term_string"}}],"inLanguage":"fr-FR"},{"@type":"Organization","@id":"https:\/\/whitebirchpaper.com\/#organization","name":"White Birch Paper","url":"https:\/\/whitebirchpaper.com\/","logo":{"@type":"ImageObject","inLanguage":"fr-FR","@id":"https:\/\/whitebirchpaper.com\/#\/schema\/logo\/image\/","url":"https:\/\/whitebirchpaper.com\/wp-content\/uploads\/logo-white-birch-paper.png","contentUrl":"https:\/\/whitebirchpaper.com\/wp-content\/uploads\/logo-white-birch-paper.png","width":395,"height":75,"caption":"White Birch Paper"},"image":{"@id":"https:\/\/whitebirchpaper.com\/#\/schema\/logo\/image\/"}}]}},"_links":{"self":[{"href":"https:\/\/whitebirchpaper.com\/fr\/wp-json\/wp\/v2\/pages\/1123","targetHints":{"allow":["GET"]}}],"collection":[{"href":"https:\/\/whitebirchpaper.com\/fr\/wp-json\/wp\/v2\/pages"}],"about":[{"href":"https:\/\/whitebirchpaper.com\/fr\/wp-json\/wp\/v2\/types\/page"}],"author":[{"embeddable":true,"href":"https:\/\/whitebirchpaper.com\/fr\/wp-json\/wp\/v2\/users\/19"}],"replies":[{"embeddable":true,"href":"https:\/\/whitebirchpaper.com\/fr\/wp-json\/wp\/v2\/comments?post=1123"}],"version-history":[{"count":0,"href":"https:\/\/whitebirchpaper.com\/fr\/wp-json\/wp\/v2\/pages\/1123\/revisions"}],"up":[{"embeddable":true,"href":"https:\/\/whitebirchpaper.com\/fr\/wp-json\/wp\/v2\/pages\/1094"}],"wp:attachment":[{"href":"https:\/\/whitebirchpaper.com\/fr\/wp-json\/wp\/v2\/media?parent=1123"}],"curies":[{"name":"wp","href":"https:\/\/api.w.org\/{rel}","templated":true}]}}