{"id":1119,"date":"2015-10-29T14:39:28","date_gmt":"2015-10-29T18:39:28","guid":{"rendered":"https:\/\/whitebirchpaper.com\/fr\/sustainability\/environmental-policy\/"},"modified":"2023-05-08T15:09:04","modified_gmt":"2023-05-08T19:09:04","slug":"politique-environnementale","status":"publish","type":"page","link":"https:\/\/whitebirchpaper.com\/fr\/certifications\/politique-environnementale\/","title":{"rendered":"Politique environnementale"},"content":{"rendered":"<h2>Engagement au d\u00e9veloppement durable et \u00e0 la gestion responsable<\/h2>\n<p>Papiers White Birch a une longue tradition de gestion responsable de l\u2019environnement.<\/p>\n<p>Nous croyons que l\u2019exploitation de nos installations devrait refl\u00e9ter la gestion responsable de ressources naturelles et de l\u2019environnement. Nous reconnaissons aussi que nos op\u00e9rations ont un impact direct sur l\u2019environnement, l\u2019\u00e9conomie et le tissu social des communaut\u00e9s o\u00f9 nous sommes pr\u00e9sents. Bref, nous croyons que le d\u00e9veloppement durable est non seulement la bonne fa\u00e7on d\u2019agir, c\u2019est une de nos valeurs corporatives qui guide la fa\u00e7on dont nous faisons affaire tous les jours.<\/p>\n<h3>Politiques et principes environnementaux de White Birch Paper<\/h3>\n<p>Gr\u00e2ce \u00e0 l\u2019appui de nos employ\u00e9s, notre \u00e9quipe de direction et notre conseil d\u2019administration, Papiers White Birch a am\u00e9lior\u00e9 de fa\u00e7on significative la performance de ses usines en mati\u00e8re environnementale, en consommation \u00e9nerg\u00e9tique, en gestion durable des for\u00eats et en sant\u00e9 et s\u00e9curit\u00e9 \u2014 des am\u00e9liorations qui se poursuivent chaque ann\u00e9e. Afin d\u2019atteindre ses objectifs environnementaux, Papiers White Birch s\u2019engage aux principes suivants :<\/p>\n<ul>\n<li>La conception, la construction et l\u2019exploitation de ses installations conform\u00e9ment aux codes de pratiques exemplaires industrielles et des lois et r\u00e9glementations environnementales locales, r\u00e9gionales et nationales.<\/li>\n<li>Pr\u00e9venir ou minimiser l\u2019impact environnemental de ses op\u00e9rations, limit\u00e9 seulement par la faisabilit\u00e9 technologique ou commerciale.<\/li>\n<li>La gestion, la protection et le renouvellement des ressources foresti\u00e8res dans l\u2019int\u00e9r\u00eat des nombreux usagers par l\u2019utilisation de m\u00e9thodes de d\u00e9veloppement durable.<\/li>\n<li>L\u2019utilisation des ressources de bois, de fibres recycl\u00e9es, d\u2019\u00e9nergie et d\u2019eau de fa\u00e7on durable et efficace tout en favorisant le recyclage et la diminution des d\u00e9chets.<\/li>\n<li>Maintenir un syst\u00e8me de gestion environnementale qui comprend la d\u00e9termination de cibles et d\u2019objectifs, la collecte de donn\u00e9es, l\u2019exercice des contr\u00f4les et la r\u00e9duction de l\u2019impact de l\u2019entreprise sur l\u2019environnement.<\/li>\n<li>Faire \u00e9tat r\u00e9guli\u00e8rement de la performance environnementale de ses installations \u00e0 son conseil d\u2019administration.<\/li>\n<li>Entretenir une communication ad\u00e9quate avec ses employ\u00e9s pour les tenir inform\u00e9s de la politique environnementale de l\u2019entreprise, de leurs responsabilit\u00e9s par rapport \u00e0 leur domaine d\u2019activit\u00e9s et d\u2019assurer leur formation relative au d\u00e9veloppement durable et \u00e0 la responsabilit\u00e9 environnementale.<\/li>\n<li>Entretenir une communication ad\u00e9quate avec toutes les parties concern\u00e9es, y compris les autorit\u00e9s locales, les clients, les fournisseurs, les citoyens, etc.<\/li>\n<\/ul>\n","protected":false},"excerpt":{"rendered":"<p>Engagement au d\u00e9veloppement durable et \u00e0 la gestion responsable Papiers White Birch a une longue tradition de gestion responsable de l\u2019environnement. Nous croyons que l\u2019exploitation de nos installations devrait refl\u00e9ter la gestion responsable de ressources naturelles et de l\u2019environnement. Nous reconnaissons aussi que nos op\u00e9rations ont un impact direct sur l\u2019environnement, l\u2019\u00e9conomie et le tissu [&hellip;]<\/p>\n","protected":false},"author":19,"featured_media":1004,"parent":1095,"menu_order":1,"comment_status":"closed","ping_status":"closed","template":"","meta":{"_acf_changed":false,"footnotes":""},"class_list":["post-1119","page","type-page","status-publish","hentry"],"acf":[],"yoast_head":"<!-- This site is optimized with the Yoast SEO plugin v27.3 - https:\/\/yoast.com\/product\/yoast-seo-wordpress\/ -->\n<title>Politique environnementale | Papiers White Birch<\/title>\n<meta name=\"description\" content=\"En savoir plus sur la politique environnementale de Papiers White Birch, y compris la performance environnementale, la gestion durable des for\u00eats, la consommation \u00e9nerg\u00e9tique et la sant\u00e9 et s\u00e9curit\u00e9\" \/>\n<meta name=\"robots\" content=\"index, follow, max-snippet:-1, max-image-preview:large, max-video-preview:-1\" \/>\n<link rel=\"canonical\" href=\"https:\/\/whitebirchpaper.com\/fr\/certifications\/politique-environnementale\/\" \/>\n<meta property=\"og:locale\" content=\"fr_FR\" \/>\n<meta property=\"og:type\" content=\"article\" \/>\n<meta property=\"og:title\" content=\"Politique environnementale | Papiers White Birch\" \/>\n<meta property=\"og:description\" content=\"En savoir plus sur la politique environnementale de Papiers White Birch, y compris la performance environnementale, la gestion durable des for\u00eats, la consommation \u00e9nerg\u00e9tique et la sant\u00e9 et s\u00e9curit\u00e9\" \/>\n<meta property=\"og:url\" content=\"https:\/\/whitebirchpaper.com\/fr\/certifications\/politique-environnementale\/\" \/>\n<meta property=\"og:site_name\" content=\"White Birch Paper\" \/>\n<meta property=\"article:modified_time\" content=\"2023-05-08T19:09:04+00:00\" \/>\n<meta property=\"og:image\" content=\"https:\/\/whitebirchpaper.com\/wp-content\/uploads\/chips.jpg\" \/>\n\t<meta property=\"og:image:width\" content=\"1298\" \/>\n\t<meta property=\"og:image:height\" content=\"164\" \/>\n\t<meta property=\"og:image:type\" content=\"image\/jpeg\" \/>\n<meta name=\"twitter:card\" content=\"summary_large_image\" \/>\n<meta name=\"twitter:label1\" content=\"Dur\u00e9e de lecture estim\u00e9e\" \/>\n\t<meta name=\"twitter:data1\" content=\"2 minutes\" \/>\n<script type=\"application\/ld+json\" class=\"yoast-schema-graph\">{\"@context\":\"https:\\\/\\\/schema.org\",\"@graph\":[{\"@type\":\"WebPage\",\"@id\":\"https:\\\/\\\/whitebirchpaper.com\\\/fr\\\/certifications\\\/politique-environnementale\\\/\",\"url\":\"https:\\\/\\\/whitebirchpaper.com\\\/fr\\\/certifications\\\/politique-environnementale\\\/\",\"name\":\"Politique environnementale | Papiers White Birch\",\"isPartOf\":{\"@id\":\"https:\\\/\\\/whitebirchpaper.com\\\/#website\"},\"primaryImageOfPage\":{\"@id\":\"https:\\\/\\\/whitebirchpaper.com\\\/fr\\\/certifications\\\/politique-environnementale\\\/#primaryimage\"},\"image\":{\"@id\":\"https:\\\/\\\/whitebirchpaper.com\\\/fr\\\/certifications\\\/politique-environnementale\\\/#primaryimage\"},\"thumbnailUrl\":\"https:\\\/\\\/whitebirchpaper.com\\\/wp-content\\\/uploads\\\/chips.jpg\",\"datePublished\":\"2015-10-29T18:39:28+00:00\",\"dateModified\":\"2023-05-08T19:09:04+00:00\",\"description\":\"En savoir plus sur la politique environnementale de Papiers White Birch, y compris la performance environnementale, la gestion durable des for\u00eats, la consommation \u00e9nerg\u00e9tique et la sant\u00e9 et s\u00e9curit\u00e9\",\"breadcrumb\":{\"@id\":\"https:\\\/\\\/whitebirchpaper.com\\\/fr\\\/certifications\\\/politique-environnementale\\\/#breadcrumb\"},\"inLanguage\":\"fr-FR\",\"potentialAction\":[{\"@type\":\"ReadAction\",\"target\":[\"https:\\\/\\\/whitebirchpaper.com\\\/fr\\\/certifications\\\/politique-environnementale\\\/\"]}]},{\"@type\":\"ImageObject\",\"inLanguage\":\"fr-FR\",\"@id\":\"https:\\\/\\\/whitebirchpaper.com\\\/fr\\\/certifications\\\/politique-environnementale\\\/#primaryimage\",\"url\":\"https:\\\/\\\/whitebirchpaper.com\\\/wp-content\\\/uploads\\\/chips.jpg\",\"contentUrl\":\"https:\\\/\\\/whitebirchpaper.com\\\/wp-content\\\/uploads\\\/chips.jpg\",\"width\":1298,\"height\":164},{\"@type\":\"BreadcrumbList\",\"@id\":\"https:\\\/\\\/whitebirchpaper.com\\\/fr\\\/certifications\\\/politique-environnementale\\\/#breadcrumb\",\"itemListElement\":[{\"@type\":\"ListItem\",\"position\":1,\"name\":\"Home\",\"item\":\"https:\\\/\\\/whitebirchpaper.com\\\/fr\\\/\"},{\"@type\":\"ListItem\",\"position\":2,\"name\":\"Certifications\",\"item\":\"https:\\\/\\\/whitebirchpaper.com\\\/fr\\\/certifications\\\/\"},{\"@type\":\"ListItem\",\"position\":3,\"name\":\"Politique environnementale\"}]},{\"@type\":\"WebSite\",\"@id\":\"https:\\\/\\\/whitebirchpaper.com\\\/#website\",\"url\":\"https:\\\/\\\/whitebirchpaper.com\\\/\",\"name\":\"White Birch Paper\",\"description\":\"\",\"publisher\":{\"@id\":\"https:\\\/\\\/whitebirchpaper.com\\\/#organization\"},\"potentialAction\":[{\"@type\":\"SearchAction\",\"target\":{\"@type\":\"EntryPoint\",\"urlTemplate\":\"https:\\\/\\\/whitebirchpaper.com\\\/?s={search_term_string}\"},\"query-input\":{\"@type\":\"PropertyValueSpecification\",\"valueRequired\":true,\"valueName\":\"search_term_string\"}}],\"inLanguage\":\"fr-FR\"},{\"@type\":\"Organization\",\"@id\":\"https:\\\/\\\/whitebirchpaper.com\\\/#organization\",\"name\":\"White Birch Paper\",\"url\":\"https:\\\/\\\/whitebirchpaper.com\\\/\",\"logo\":{\"@type\":\"ImageObject\",\"inLanguage\":\"fr-FR\",\"@id\":\"https:\\\/\\\/whitebirchpaper.com\\\/#\\\/schema\\\/logo\\\/image\\\/\",\"url\":\"https:\\\/\\\/whitebirchpaper.com\\\/wp-content\\\/uploads\\\/logo-white-birch-paper.png\",\"contentUrl\":\"https:\\\/\\\/whitebirchpaper.com\\\/wp-content\\\/uploads\\\/logo-white-birch-paper.png\",\"width\":395,\"height\":75,\"caption\":\"White Birch Paper\"},\"image\":{\"@id\":\"https:\\\/\\\/whitebirchpaper.com\\\/#\\\/schema\\\/logo\\\/image\\\/\"}}]}<\/script>\n<!-- \/ Yoast SEO plugin. -->","yoast_head_json":{"title":"Politique environnementale | Papiers White Birch","description":"En savoir plus sur la politique environnementale de Papiers White Birch, y compris la performance environnementale, la gestion durable des for\u00eats, la consommation \u00e9nerg\u00e9tique et la sant\u00e9 et s\u00e9curit\u00e9","robots":{"index":"index","follow":"follow","max-snippet":"max-snippet:-1","max-image-preview":"max-image-preview:large","max-video-preview":"max-video-preview:-1"},"canonical":"https:\/\/whitebirchpaper.com\/fr\/certifications\/politique-environnementale\/","og_locale":"fr_FR","og_type":"article","og_title":"Politique environnementale | Papiers White Birch","og_description":"En savoir plus sur la politique environnementale de Papiers White Birch, y compris la performance environnementale, la gestion durable des for\u00eats, la consommation \u00e9nerg\u00e9tique et la sant\u00e9 et s\u00e9curit\u00e9","og_url":"https:\/\/whitebirchpaper.com\/fr\/certifications\/politique-environnementale\/","og_site_name":"White Birch Paper","article_modified_time":"2023-05-08T19:09:04+00:00","og_image":[{"width":1298,"height":164,"url":"https:\/\/whitebirchpaper.com\/wp-content\/uploads\/chips.jpg","type":"image\/jpeg"}],"twitter_card":"summary_large_image","twitter_misc":{"Dur\u00e9e de lecture estim\u00e9e":"2 minutes"},"schema":{"@context":"https:\/\/schema.org","@graph":[{"@type":"WebPage","@id":"https:\/\/whitebirchpaper.com\/fr\/certifications\/politique-environnementale\/","url":"https:\/\/whitebirchpaper.com\/fr\/certifications\/politique-environnementale\/","name":"Politique environnementale | Papiers White Birch","isPartOf":{"@id":"https:\/\/whitebirchpaper.com\/#website"},"primaryImageOfPage":{"@id":"https:\/\/whitebirchpaper.com\/fr\/certifications\/politique-environnementale\/#primaryimage"},"image":{"@id":"https:\/\/whitebirchpaper.com\/fr\/certifications\/politique-environnementale\/#primaryimage"},"thumbnailUrl":"https:\/\/whitebirchpaper.com\/wp-content\/uploads\/chips.jpg","datePublished":"2015-10-29T18:39:28+00:00","dateModified":"2023-05-08T19:09:04+00:00","description":"En savoir plus sur la politique environnementale de Papiers White Birch, y compris la performance environnementale, la gestion durable des for\u00eats, la consommation \u00e9nerg\u00e9tique et la sant\u00e9 et s\u00e9curit\u00e9","breadcrumb":{"@id":"https:\/\/whitebirchpaper.com\/fr\/certifications\/politique-environnementale\/#breadcrumb"},"inLanguage":"fr-FR","potentialAction":[{"@type":"ReadAction","target":["https:\/\/whitebirchpaper.com\/fr\/certifications\/politique-environnementale\/"]}]},{"@type":"ImageObject","inLanguage":"fr-FR","@id":"https:\/\/whitebirchpaper.com\/fr\/certifications\/politique-environnementale\/#primaryimage","url":"https:\/\/whitebirchpaper.com\/wp-content\/uploads\/chips.jpg","contentUrl":"https:\/\/whitebirchpaper.com\/wp-content\/uploads\/chips.jpg","width":1298,"height":164},{"@type":"BreadcrumbList","@id":"https:\/\/whitebirchpaper.com\/fr\/certifications\/politique-environnementale\/#breadcrumb","itemListElement":[{"@type":"ListItem","position":1,"name":"Home","item":"https:\/\/whitebirchpaper.com\/fr\/"},{"@type":"ListItem","position":2,"name":"Certifications","item":"https:\/\/whitebirchpaper.com\/fr\/certifications\/"},{"@type":"ListItem","position":3,"name":"Politique environnementale"}]},{"@type":"WebSite","@id":"https:\/\/whitebirchpaper.com\/#website","url":"https:\/\/whitebirchpaper.com\/","name":"White Birch Paper","description":"","publisher":{"@id":"https:\/\/whitebirchpaper.com\/#organization"},"potentialAction":[{"@type":"SearchAction","target":{"@type":"EntryPoint","urlTemplate":"https:\/\/whitebirchpaper.com\/?s={search_term_string}"},"query-input":{"@type":"PropertyValueSpecification","valueRequired":true,"valueName":"search_term_string"}}],"inLanguage":"fr-FR"},{"@type":"Organization","@id":"https:\/\/whitebirchpaper.com\/#organization","name":"White Birch Paper","url":"https:\/\/whitebirchpaper.com\/","logo":{"@type":"ImageObject","inLanguage":"fr-FR","@id":"https:\/\/whitebirchpaper.com\/#\/schema\/logo\/image\/","url":"https:\/\/whitebirchpaper.com\/wp-content\/uploads\/logo-white-birch-paper.png","contentUrl":"https:\/\/whitebirchpaper.com\/wp-content\/uploads\/logo-white-birch-paper.png","width":395,"height":75,"caption":"White Birch Paper"},"image":{"@id":"https:\/\/whitebirchpaper.com\/#\/schema\/logo\/image\/"}}]}},"_links":{"self":[{"href":"https:\/\/whitebirchpaper.com\/fr\/wp-json\/wp\/v2\/pages\/1119","targetHints":{"allow":["GET"]}}],"collection":[{"href":"https:\/\/whitebirchpaper.com\/fr\/wp-json\/wp\/v2\/pages"}],"about":[{"href":"https:\/\/whitebirchpaper.com\/fr\/wp-json\/wp\/v2\/types\/page"}],"author":[{"embeddable":true,"href":"https:\/\/whitebirchpaper.com\/fr\/wp-json\/wp\/v2\/users\/19"}],"replies":[{"embeddable":true,"href":"https:\/\/whitebirchpaper.com\/fr\/wp-json\/wp\/v2\/comments?post=1119"}],"version-history":[{"count":0,"href":"https:\/\/whitebirchpaper.com\/fr\/wp-json\/wp\/v2\/pages\/1119\/revisions"}],"up":[{"embeddable":true,"href":"https:\/\/whitebirchpaper.com\/fr\/wp-json\/wp\/v2\/pages\/1095"}],"wp:featuredmedia":[{"embeddable":true,"href":"https:\/\/whitebirchpaper.com\/fr\/wp-json\/wp\/v2\/media\/1004"}],"wp:attachment":[{"href":"https:\/\/whitebirchpaper.com\/fr\/wp-json\/wp\/v2\/media?parent=1119"}],"curies":[{"name":"wp","href":"https:\/\/api.w.org\/{rel}","templated":true}]}}