{"id":1117,"date":"2015-10-29T14:40:22","date_gmt":"2015-10-29T18:40:22","guid":{"rendered":"https:\/\/whitebirchpaper.com\/fr\/sustainability\/fiber-supply-policy\/"},"modified":"2024-05-15T10:34:29","modified_gmt":"2024-05-15T14:34:29","slug":"politique-dapprovisionnement-en-fibres","status":"publish","type":"page","link":"https:\/\/whitebirchpaper.com\/fr\/certifications\/politique-dapprovisionnement-en-fibres\/","title":{"rendered":"Politique d\u2019approvisionnement en fibres"},"content":{"rendered":"<h2>Une approche \u00e9coresponsable<\/h2>\n<p>Papiers White Birch comprend les valeurs environnementales, \u00e9conomiques et sociales des terres bois\u00e9es. Nous nous sommes engag\u00e9s \u00e0 r\u00e9pondre aux besoins de nos clients tout en soutenant une gestion responsable des ressources naturelles. Par cons\u00e9quent, nous avons une responsabilit\u00e9 envers nos employ\u00e9s, nos clients et autres intervenants pour veiller \u00e0 ce que nos produits contiennent de la fibre de bois qui a \u00e9t\u00e9 g\u00e9r\u00e9e et r\u00e9colt\u00e9e de fa\u00e7on responsable.<\/p>\n<h3>Proc\u00e9d\u00e9 de cha\u00eene de responsabilit\u00e9<\/h3>\n<p>Pour prot\u00e9ger les ressources naturelles et la biodiversit\u00e9 \u00e0 long terme, Papiers White Birch a mis en place un proc\u00e9d\u00e9 de cha\u00eene de responsabilit\u00e9 qui nous permet de suivre la fibre que nous utilisons jusqu\u2019\u00e0 ses origines dans les for\u00eats. Ce proc\u00e9d\u00e9 permet de garantir que tous nos produits proviennent de fibres provenant de for\u00eats qui sont g\u00e9r\u00e9es de fa\u00e7on \u00e0 assurer le d\u00e9veloppement durable et qu\u2019elles soient conformes avec les r\u00e8gles et les principes de gestion des for\u00eats.<\/p>\n<p>Nous mettons aussi en place nos meilleurs efforts afin d\u2019\u00e9viter le commerce et l\u2019approvisionnement :<\/p>\n<ul>\n<li>du bois issu d\u2019une r\u00e9colte ill\u00e9gale.<\/li>\n<li>du bois issu d\u2019une r\u00e9colte en violation des droits ancestraux et civils.<\/li>\n<li>du bois issu d\u2019une r\u00e9colte provenant d\u2019une for\u00eat o\u00f9 les valeurs de conservation sont menac\u00e9es par des activit\u00e9s de gestion.<\/li>\n<li>du bois provenant de for\u00eats o\u00f9 des arbres modifi\u00e9s g\u00e9n\u00e9tiquement ont \u00e9t\u00e9 plant\u00e9s.<\/li>\n<li>bois qui sont r\u00e9colt\u00e9s dans les for\u00eats qui sont converties en plantation ou \u00e0 un usage non forestier.<\/li>\n<li>Toute violation des Conventions fondamentales de l&rsquo;OIT, telles que d\u00e9finies dans la D\u00e9claration de l&rsquo;OIT relative aux principes et droits fondamentaux au travail.<\/li>\n<\/ul>\n<h3>principes d&rsquo;approvisionnement en fibre<\/h3>\n<p>Papiers White Birch croit que les propri\u00e9taires forestiers ont une importante responsabilit\u00e9 d\u2019intendance et d\u2019engagement envers la soci\u00e9t\u00e9 et reconnaissent l\u2019importance de maintenir des for\u00eats familiales et commerciales viables et des territoires forestiers de conservation. Papiers White Birch soutient les efforts d\u00e9ploy\u00e9s pour sauvegarder les droits de propri\u00e9t\u00e9 priv\u00e9e et pour aider les propri\u00e9taires fonciers priv\u00e9s \u00e0 am\u00e9nager leur terre foresti\u00e8re de mani\u00e8re durable. Compte tenu de cette responsabilit\u00e9, Papiers White Birch appuie les principes suivants :<\/p>\n<ol>\n<li>Foresterie durable<\/li>\n<li>Sant\u00e9 et productivit\u00e9 de la for\u00eat<\/li>\n<li>Protection des ressources en eau<\/li>\n<li>Protection de la biodiversit\u00e9<\/li>\n<li>Qualit\u00e9 visuelle et loisirs<\/li>\n<li>Protection des sites d\u2019int\u00e9r\u00eat particulier<\/li>\n<li>Conformit\u00e9 avec les lois<\/li>\n<li>Recherche<\/li>\n<li>Formation et \u00e9ducation<\/li>\n<li>Implication communautaire, responsabilit\u00e9 sociale et respect des droits des Autochtones<\/li>\n<li>Transparence<\/li>\n<li>Am\u00e9lioration continue<\/li>\n<li>Approvisionnement en fibres responsable<\/li>\n<\/ol>\n","protected":false},"excerpt":{"rendered":"<p>Une approche \u00e9coresponsable Papiers White Birch comprend les valeurs environnementales, \u00e9conomiques et sociales des terres bois\u00e9es. Nous nous sommes engag\u00e9s \u00e0 r\u00e9pondre aux besoins de nos clients tout en soutenant une gestion responsable des ressources naturelles. Par cons\u00e9quent, nous avons une responsabilit\u00e9 envers nos employ\u00e9s, nos clients et autres intervenants pour veiller \u00e0 ce que [&hellip;]<\/p>\n","protected":false},"author":19,"featured_media":1004,"parent":1095,"menu_order":3,"comment_status":"closed","ping_status":"closed","template":"","meta":{"_acf_changed":false,"footnotes":""},"class_list":["post-1117","page","type-page","status-publish","hentry"],"acf":[],"yoast_head":"<!-- This site is optimized with the Yoast SEO plugin v27.4 - https:\/\/yoast.com\/product\/yoast-seo-wordpress\/ -->\n<title>Politique d&#039;approvisionnement en fibres - Papiers White Birch<\/title>\n<meta name=\"description\" content=\"Pour prot\u00e9ger les ressources naturelles et la biodiversit\u00e9 \u00e0 long terme, Papiers White Birch a mis en place un proc\u00e9d\u00e9 de cha\u00eene de responsabilit\u00e9 qui nous permet de suivre la fibre que nous utilisons jusqu\u2019\u00e0 ses origines dans les for\u00eats.\" \/>\n<meta name=\"robots\" content=\"index, follow, max-snippet:-1, max-image-preview:large, max-video-preview:-1\" \/>\n<link rel=\"canonical\" href=\"https:\/\/whitebirchpaper.com\/fr\/certifications\/politique-dapprovisionnement-en-fibres\/\" \/>\n<meta property=\"og:locale\" content=\"fr_FR\" \/>\n<meta property=\"og:type\" content=\"article\" \/>\n<meta property=\"og:title\" content=\"Politique d&#039;approvisionnement en fibres - Papiers White Birch\" \/>\n<meta property=\"og:description\" content=\"Pour prot\u00e9ger les ressources naturelles et la biodiversit\u00e9 \u00e0 long terme, Papiers White Birch a mis en place un proc\u00e9d\u00e9 de cha\u00eene de responsabilit\u00e9 qui nous permet de suivre la fibre que nous utilisons jusqu\u2019\u00e0 ses origines dans les for\u00eats.\" \/>\n<meta property=\"og:url\" content=\"https:\/\/whitebirchpaper.com\/fr\/certifications\/politique-dapprovisionnement-en-fibres\/\" \/>\n<meta property=\"og:site_name\" content=\"White Birch Paper\" \/>\n<meta property=\"article:modified_time\" content=\"2024-05-15T14:34:29+00:00\" \/>\n<meta property=\"og:image\" content=\"https:\/\/whitebirchpaper.com\/wp-content\/uploads\/chips.jpg\" \/>\n\t<meta property=\"og:image:width\" content=\"1298\" \/>\n\t<meta property=\"og:image:height\" content=\"164\" \/>\n\t<meta property=\"og:image:type\" content=\"image\/jpeg\" \/>\n<meta name=\"twitter:card\" content=\"summary_large_image\" \/>\n<meta name=\"twitter:label1\" content=\"Dur\u00e9e de lecture estim\u00e9e\" \/>\n\t<meta name=\"twitter:data1\" content=\"2 minutes\" \/>\n<script type=\"application\/ld+json\" class=\"yoast-schema-graph\">{\"@context\":\"https:\\\/\\\/schema.org\",\"@graph\":[{\"@type\":\"WebPage\",\"@id\":\"https:\\\/\\\/whitebirchpaper.com\\\/fr\\\/certifications\\\/politique-dapprovisionnement-en-fibres\\\/\",\"url\":\"https:\\\/\\\/whitebirchpaper.com\\\/fr\\\/certifications\\\/politique-dapprovisionnement-en-fibres\\\/\",\"name\":\"Politique d'approvisionnement en fibres - Papiers White Birch\",\"isPartOf\":{\"@id\":\"https:\\\/\\\/whitebirchpaper.com\\\/#website\"},\"primaryImageOfPage\":{\"@id\":\"https:\\\/\\\/whitebirchpaper.com\\\/fr\\\/certifications\\\/politique-dapprovisionnement-en-fibres\\\/#primaryimage\"},\"image\":{\"@id\":\"https:\\\/\\\/whitebirchpaper.com\\\/fr\\\/certifications\\\/politique-dapprovisionnement-en-fibres\\\/#primaryimage\"},\"thumbnailUrl\":\"https:\\\/\\\/whitebirchpaper.com\\\/wp-content\\\/uploads\\\/chips.jpg\",\"datePublished\":\"2015-10-29T18:40:22+00:00\",\"dateModified\":\"2024-05-15T14:34:29+00:00\",\"description\":\"Pour prot\u00e9ger les ressources naturelles et la biodiversit\u00e9 \u00e0 long terme, Papiers White Birch a mis en place un proc\u00e9d\u00e9 de cha\u00eene de responsabilit\u00e9 qui nous permet de suivre la fibre que nous utilisons jusqu\u2019\u00e0 ses origines dans les for\u00eats.\",\"breadcrumb\":{\"@id\":\"https:\\\/\\\/whitebirchpaper.com\\\/fr\\\/certifications\\\/politique-dapprovisionnement-en-fibres\\\/#breadcrumb\"},\"inLanguage\":\"fr-FR\",\"potentialAction\":[{\"@type\":\"ReadAction\",\"target\":[\"https:\\\/\\\/whitebirchpaper.com\\\/fr\\\/certifications\\\/politique-dapprovisionnement-en-fibres\\\/\"]}]},{\"@type\":\"ImageObject\",\"inLanguage\":\"fr-FR\",\"@id\":\"https:\\\/\\\/whitebirchpaper.com\\\/fr\\\/certifications\\\/politique-dapprovisionnement-en-fibres\\\/#primaryimage\",\"url\":\"https:\\\/\\\/whitebirchpaper.com\\\/wp-content\\\/uploads\\\/chips.jpg\",\"contentUrl\":\"https:\\\/\\\/whitebirchpaper.com\\\/wp-content\\\/uploads\\\/chips.jpg\",\"width\":1298,\"height\":164},{\"@type\":\"BreadcrumbList\",\"@id\":\"https:\\\/\\\/whitebirchpaper.com\\\/fr\\\/certifications\\\/politique-dapprovisionnement-en-fibres\\\/#breadcrumb\",\"itemListElement\":[{\"@type\":\"ListItem\",\"position\":1,\"name\":\"Home\",\"item\":\"https:\\\/\\\/whitebirchpaper.com\\\/fr\\\/\"},{\"@type\":\"ListItem\",\"position\":2,\"name\":\"Certifications\",\"item\":\"https:\\\/\\\/whitebirchpaper.com\\\/fr\\\/certifications\\\/\"},{\"@type\":\"ListItem\",\"position\":3,\"name\":\"Politique d\u2019approvisionnement en fibres\"}]},{\"@type\":\"WebSite\",\"@id\":\"https:\\\/\\\/whitebirchpaper.com\\\/#website\",\"url\":\"https:\\\/\\\/whitebirchpaper.com\\\/\",\"name\":\"White Birch Paper\",\"description\":\"\",\"publisher\":{\"@id\":\"https:\\\/\\\/whitebirchpaper.com\\\/#organization\"},\"potentialAction\":[{\"@type\":\"SearchAction\",\"target\":{\"@type\":\"EntryPoint\",\"urlTemplate\":\"https:\\\/\\\/whitebirchpaper.com\\\/?s={search_term_string}\"},\"query-input\":{\"@type\":\"PropertyValueSpecification\",\"valueRequired\":true,\"valueName\":\"search_term_string\"}}],\"inLanguage\":\"fr-FR\"},{\"@type\":\"Organization\",\"@id\":\"https:\\\/\\\/whitebirchpaper.com\\\/#organization\",\"name\":\"White Birch Paper\",\"url\":\"https:\\\/\\\/whitebirchpaper.com\\\/\",\"logo\":{\"@type\":\"ImageObject\",\"inLanguage\":\"fr-FR\",\"@id\":\"https:\\\/\\\/whitebirchpaper.com\\\/#\\\/schema\\\/logo\\\/image\\\/\",\"url\":\"https:\\\/\\\/whitebirchpaper.com\\\/wp-content\\\/uploads\\\/logo-white-birch-paper.png\",\"contentUrl\":\"https:\\\/\\\/whitebirchpaper.com\\\/wp-content\\\/uploads\\\/logo-white-birch-paper.png\",\"width\":395,\"height\":75,\"caption\":\"White Birch Paper\"},\"image\":{\"@id\":\"https:\\\/\\\/whitebirchpaper.com\\\/#\\\/schema\\\/logo\\\/image\\\/\"}}]}<\/script>\n<!-- \/ Yoast SEO plugin. -->","yoast_head_json":{"title":"Politique d'approvisionnement en fibres - Papiers White Birch","description":"Pour prot\u00e9ger les ressources naturelles et la biodiversit\u00e9 \u00e0 long terme, Papiers White Birch a mis en place un proc\u00e9d\u00e9 de cha\u00eene de responsabilit\u00e9 qui nous permet de suivre la fibre que nous utilisons jusqu\u2019\u00e0 ses origines dans les for\u00eats.","robots":{"index":"index","follow":"follow","max-snippet":"max-snippet:-1","max-image-preview":"max-image-preview:large","max-video-preview":"max-video-preview:-1"},"canonical":"https:\/\/whitebirchpaper.com\/fr\/certifications\/politique-dapprovisionnement-en-fibres\/","og_locale":"fr_FR","og_type":"article","og_title":"Politique d'approvisionnement en fibres - Papiers White Birch","og_description":"Pour prot\u00e9ger les ressources naturelles et la biodiversit\u00e9 \u00e0 long terme, Papiers White Birch a mis en place un proc\u00e9d\u00e9 de cha\u00eene de responsabilit\u00e9 qui nous permet de suivre la fibre que nous utilisons jusqu\u2019\u00e0 ses origines dans les for\u00eats.","og_url":"https:\/\/whitebirchpaper.com\/fr\/certifications\/politique-dapprovisionnement-en-fibres\/","og_site_name":"White Birch Paper","article_modified_time":"2024-05-15T14:34:29+00:00","og_image":[{"width":1298,"height":164,"url":"https:\/\/whitebirchpaper.com\/wp-content\/uploads\/chips.jpg","type":"image\/jpeg"}],"twitter_card":"summary_large_image","twitter_misc":{"Dur\u00e9e de lecture estim\u00e9e":"2 minutes"},"schema":{"@context":"https:\/\/schema.org","@graph":[{"@type":"WebPage","@id":"https:\/\/whitebirchpaper.com\/fr\/certifications\/politique-dapprovisionnement-en-fibres\/","url":"https:\/\/whitebirchpaper.com\/fr\/certifications\/politique-dapprovisionnement-en-fibres\/","name":"Politique d'approvisionnement en fibres - Papiers White Birch","isPartOf":{"@id":"https:\/\/whitebirchpaper.com\/#website"},"primaryImageOfPage":{"@id":"https:\/\/whitebirchpaper.com\/fr\/certifications\/politique-dapprovisionnement-en-fibres\/#primaryimage"},"image":{"@id":"https:\/\/whitebirchpaper.com\/fr\/certifications\/politique-dapprovisionnement-en-fibres\/#primaryimage"},"thumbnailUrl":"https:\/\/whitebirchpaper.com\/wp-content\/uploads\/chips.jpg","datePublished":"2015-10-29T18:40:22+00:00","dateModified":"2024-05-15T14:34:29+00:00","description":"Pour prot\u00e9ger les ressources naturelles et la biodiversit\u00e9 \u00e0 long terme, Papiers White Birch a mis en place un proc\u00e9d\u00e9 de cha\u00eene de responsabilit\u00e9 qui nous permet de suivre la fibre que nous utilisons jusqu\u2019\u00e0 ses origines dans les for\u00eats.","breadcrumb":{"@id":"https:\/\/whitebirchpaper.com\/fr\/certifications\/politique-dapprovisionnement-en-fibres\/#breadcrumb"},"inLanguage":"fr-FR","potentialAction":[{"@type":"ReadAction","target":["https:\/\/whitebirchpaper.com\/fr\/certifications\/politique-dapprovisionnement-en-fibres\/"]}]},{"@type":"ImageObject","inLanguage":"fr-FR","@id":"https:\/\/whitebirchpaper.com\/fr\/certifications\/politique-dapprovisionnement-en-fibres\/#primaryimage","url":"https:\/\/whitebirchpaper.com\/wp-content\/uploads\/chips.jpg","contentUrl":"https:\/\/whitebirchpaper.com\/wp-content\/uploads\/chips.jpg","width":1298,"height":164},{"@type":"BreadcrumbList","@id":"https:\/\/whitebirchpaper.com\/fr\/certifications\/politique-dapprovisionnement-en-fibres\/#breadcrumb","itemListElement":[{"@type":"ListItem","position":1,"name":"Home","item":"https:\/\/whitebirchpaper.com\/fr\/"},{"@type":"ListItem","position":2,"name":"Certifications","item":"https:\/\/whitebirchpaper.com\/fr\/certifications\/"},{"@type":"ListItem","position":3,"name":"Politique d\u2019approvisionnement en fibres"}]},{"@type":"WebSite","@id":"https:\/\/whitebirchpaper.com\/#website","url":"https:\/\/whitebirchpaper.com\/","name":"White Birch Paper","description":"","publisher":{"@id":"https:\/\/whitebirchpaper.com\/#organization"},"potentialAction":[{"@type":"SearchAction","target":{"@type":"EntryPoint","urlTemplate":"https:\/\/whitebirchpaper.com\/?s={search_term_string}"},"query-input":{"@type":"PropertyValueSpecification","valueRequired":true,"valueName":"search_term_string"}}],"inLanguage":"fr-FR"},{"@type":"Organization","@id":"https:\/\/whitebirchpaper.com\/#organization","name":"White Birch Paper","url":"https:\/\/whitebirchpaper.com\/","logo":{"@type":"ImageObject","inLanguage":"fr-FR","@id":"https:\/\/whitebirchpaper.com\/#\/schema\/logo\/image\/","url":"https:\/\/whitebirchpaper.com\/wp-content\/uploads\/logo-white-birch-paper.png","contentUrl":"https:\/\/whitebirchpaper.com\/wp-content\/uploads\/logo-white-birch-paper.png","width":395,"height":75,"caption":"White Birch Paper"},"image":{"@id":"https:\/\/whitebirchpaper.com\/#\/schema\/logo\/image\/"}}]}},"_links":{"self":[{"href":"https:\/\/whitebirchpaper.com\/fr\/wp-json\/wp\/v2\/pages\/1117","targetHints":{"allow":["GET"]}}],"collection":[{"href":"https:\/\/whitebirchpaper.com\/fr\/wp-json\/wp\/v2\/pages"}],"about":[{"href":"https:\/\/whitebirchpaper.com\/fr\/wp-json\/wp\/v2\/types\/page"}],"author":[{"embeddable":true,"href":"https:\/\/whitebirchpaper.com\/fr\/wp-json\/wp\/v2\/users\/19"}],"replies":[{"embeddable":true,"href":"https:\/\/whitebirchpaper.com\/fr\/wp-json\/wp\/v2\/comments?post=1117"}],"version-history":[{"count":0,"href":"https:\/\/whitebirchpaper.com\/fr\/wp-json\/wp\/v2\/pages\/1117\/revisions"}],"up":[{"embeddable":true,"href":"https:\/\/whitebirchpaper.com\/fr\/wp-json\/wp\/v2\/pages\/1095"}],"wp:featuredmedia":[{"embeddable":true,"href":"https:\/\/whitebirchpaper.com\/fr\/wp-json\/wp\/v2\/media\/1004"}],"wp:attachment":[{"href":"https:\/\/whitebirchpaper.com\/fr\/wp-json\/wp\/v2\/media?parent=1117"}],"curies":[{"name":"wp","href":"https:\/\/api.w.org\/{rel}","templated":true}]}}