{"id":1115,"date":"2015-10-29T14:43:37","date_gmt":"2015-10-29T18:43:37","guid":{"rendered":"https:\/\/whitebirchpaper.com\/fr\/contact\/sales-inquiry\/"},"modified":"2017-02-10T18:21:41","modified_gmt":"2017-02-10T23:21:41","slug":"demande-de-renseignement-commerciale","status":"publish","type":"page","link":"https:\/\/whitebirchpaper.com\/fr\/nous-joindre\/demande-de-renseignement-commerciale\/","title":{"rendered":"Demande de renseignement commerciale"},"content":{"rendered":"    <form action=\"post\" class=\"frmSales gx-form group\">\n      <h2>Demande de renseignement commerciale<\/h2>\n      <ul>\n        <li>\n          <label>Nom<\/label>\n          <input type=\"text\" name=\"name\" value=\"\" data-validate=\"required\">\n        <\/li>\n        <li>\n          <label>Entreprise<\/label>\n          <input type=\"text\" name=\"company\" value=\"\" data-validate=\"required\">\n        <\/li>\n        <li>\n          <label>Titre<\/label>\n          <input type=\"text\" name=\"title\" value=\"\" data-validate=\"required\">\n        <\/li>\n        <li>\n          <label>Adresse \u00e9lectronique<\/label>\n          <input type=\"email\" name=\"email\" value=\"\" data-validate=\"required email\">\n        <\/li>\n        <li>\n          <label>Num\u00e9ro de t\u00e9l\u00e9phone<\/label>\n          <input type=\"tel\" name=\"phone\" value=\"\" data-validate=\"required phone\">\n        <\/li>\n        <li>\n          <label class=\"textarea\">Comment pouvons-nous vous aider\u2009?<\/label>\n          <textarea name=\"comment\" rows=\"4\" data-validate=\"required\"><\/textarea>\n        <\/li>\n      <\/ul>\n      <button type=\"submit\">Soumettre<\/button>\n    <\/form>\n  \n","protected":false},"excerpt":{"rendered":"","protected":false},"author":19,"featured_media":0,"parent":1092,"menu_order":1,"comment_status":"closed","ping_status":"closed","template":"","meta":{"_acf_changed":false,"footnotes":""},"class_list":["post-1115","page","type-page","status-publish","hentry"],"acf":[],"yoast_head":"<!-- This site is optimized with the Yoast SEO plugin v27.3 - https:\/\/yoast.com\/product\/yoast-seo-wordpress\/ -->\n<title>Demande de renseignements commerciaux Papiers White Birch | Papier journal, Papier commercial<\/title>\n<meta name=\"description\" content=\"Demande de renseignements commerciaux pour Papiers White Birch. Papier journal, papier commercial, papier \u00e0 usages sp\u00e9ciaux et plus. Contactez-nous d\u00e8s aujourd&#039;hui.\" \/>\n<meta name=\"robots\" content=\"index, follow, max-snippet:-1, max-image-preview:large, max-video-preview:-1\" \/>\n<link rel=\"canonical\" href=\"https:\/\/whitebirchpaper.com\/fr\/nous-joindre\/demande-de-renseignement-commerciale\/\" \/>\n<meta property=\"og:locale\" content=\"fr_FR\" \/>\n<meta property=\"og:type\" content=\"article\" \/>\n<meta property=\"og:title\" content=\"Demande de renseignements commerciaux Papiers White Birch | Papier journal, Papier commercial\" \/>\n<meta property=\"og:description\" content=\"Demande de renseignements commerciaux pour Papiers White Birch. Papier journal, papier commercial, papier \u00e0 usages sp\u00e9ciaux et plus. Contactez-nous d\u00e8s aujourd&#039;hui.\" \/>\n<meta property=\"og:url\" content=\"https:\/\/whitebirchpaper.com\/fr\/nous-joindre\/demande-de-renseignement-commerciale\/\" \/>\n<meta property=\"og:site_name\" content=\"White Birch Paper\" \/>\n<meta property=\"article:modified_time\" content=\"2017-02-10T23:21:41+00:00\" \/>\n<meta name=\"twitter:card\" content=\"summary_large_image\" \/>\n<script type=\"application\/ld+json\" class=\"yoast-schema-graph\">{\"@context\":\"https:\\\/\\\/schema.org\",\"@graph\":[{\"@type\":\"WebPage\",\"@id\":\"https:\\\/\\\/whitebirchpaper.com\\\/fr\\\/nous-joindre\\\/demande-de-renseignement-commerciale\\\/\",\"url\":\"https:\\\/\\\/whitebirchpaper.com\\\/fr\\\/nous-joindre\\\/demande-de-renseignement-commerciale\\\/\",\"name\":\"Demande de renseignements commerciaux Papiers White Birch | Papier journal, Papier commercial\",\"isPartOf\":{\"@id\":\"https:\\\/\\\/whitebirchpaper.com\\\/#website\"},\"datePublished\":\"2015-10-29T18:43:37+00:00\",\"dateModified\":\"2017-02-10T23:21:41+00:00\",\"description\":\"Demande de renseignements commerciaux pour Papiers White Birch. Papier journal, papier commercial, papier \u00e0 usages sp\u00e9ciaux et plus. Contactez-nous d\u00e8s aujourd'hui.\",\"breadcrumb\":{\"@id\":\"https:\\\/\\\/whitebirchpaper.com\\\/fr\\\/nous-joindre\\\/demande-de-renseignement-commerciale\\\/#breadcrumb\"},\"inLanguage\":\"fr-FR\",\"potentialAction\":[{\"@type\":\"ReadAction\",\"target\":[\"https:\\\/\\\/whitebirchpaper.com\\\/fr\\\/nous-joindre\\\/demande-de-renseignement-commerciale\\\/\"]}]},{\"@type\":\"BreadcrumbList\",\"@id\":\"https:\\\/\\\/whitebirchpaper.com\\\/fr\\\/nous-joindre\\\/demande-de-renseignement-commerciale\\\/#breadcrumb\",\"itemListElement\":[{\"@type\":\"ListItem\",\"position\":1,\"name\":\"Home\",\"item\":\"https:\\\/\\\/whitebirchpaper.com\\\/fr\\\/\"},{\"@type\":\"ListItem\",\"position\":2,\"name\":\"Nous joindre\",\"item\":\"https:\\\/\\\/whitebirchpaper.com\\\/fr\\\/nous-joindre\\\/\"},{\"@type\":\"ListItem\",\"position\":3,\"name\":\"Demande de renseignement commerciale\"}]},{\"@type\":\"WebSite\",\"@id\":\"https:\\\/\\\/whitebirchpaper.com\\\/#website\",\"url\":\"https:\\\/\\\/whitebirchpaper.com\\\/\",\"name\":\"White Birch Paper\",\"description\":\"\",\"publisher\":{\"@id\":\"https:\\\/\\\/whitebirchpaper.com\\\/#organization\"},\"potentialAction\":[{\"@type\":\"SearchAction\",\"target\":{\"@type\":\"EntryPoint\",\"urlTemplate\":\"https:\\\/\\\/whitebirchpaper.com\\\/?s={search_term_string}\"},\"query-input\":{\"@type\":\"PropertyValueSpecification\",\"valueRequired\":true,\"valueName\":\"search_term_string\"}}],\"inLanguage\":\"fr-FR\"},{\"@type\":\"Organization\",\"@id\":\"https:\\\/\\\/whitebirchpaper.com\\\/#organization\",\"name\":\"White Birch Paper\",\"url\":\"https:\\\/\\\/whitebirchpaper.com\\\/\",\"logo\":{\"@type\":\"ImageObject\",\"inLanguage\":\"fr-FR\",\"@id\":\"https:\\\/\\\/whitebirchpaper.com\\\/#\\\/schema\\\/logo\\\/image\\\/\",\"url\":\"https:\\\/\\\/whitebirchpaper.com\\\/wp-content\\\/uploads\\\/logo-white-birch-paper.png\",\"contentUrl\":\"https:\\\/\\\/whitebirchpaper.com\\\/wp-content\\\/uploads\\\/logo-white-birch-paper.png\",\"width\":395,\"height\":75,\"caption\":\"White Birch Paper\"},\"image\":{\"@id\":\"https:\\\/\\\/whitebirchpaper.com\\\/#\\\/schema\\\/logo\\\/image\\\/\"}}]}<\/script>\n<!-- \/ Yoast SEO plugin. -->","yoast_head_json":{"title":"Demande de renseignements commerciaux Papiers White Birch | Papier journal, Papier commercial","description":"Demande de renseignements commerciaux pour Papiers White Birch. Papier journal, papier commercial, papier \u00e0 usages sp\u00e9ciaux et plus. Contactez-nous d\u00e8s aujourd'hui.","robots":{"index":"index","follow":"follow","max-snippet":"max-snippet:-1","max-image-preview":"max-image-preview:large","max-video-preview":"max-video-preview:-1"},"canonical":"https:\/\/whitebirchpaper.com\/fr\/nous-joindre\/demande-de-renseignement-commerciale\/","og_locale":"fr_FR","og_type":"article","og_title":"Demande de renseignements commerciaux Papiers White Birch | Papier journal, Papier commercial","og_description":"Demande de renseignements commerciaux pour Papiers White Birch. Papier journal, papier commercial, papier \u00e0 usages sp\u00e9ciaux et plus. Contactez-nous d\u00e8s aujourd'hui.","og_url":"https:\/\/whitebirchpaper.com\/fr\/nous-joindre\/demande-de-renseignement-commerciale\/","og_site_name":"White Birch Paper","article_modified_time":"2017-02-10T23:21:41+00:00","twitter_card":"summary_large_image","schema":{"@context":"https:\/\/schema.org","@graph":[{"@type":"WebPage","@id":"https:\/\/whitebirchpaper.com\/fr\/nous-joindre\/demande-de-renseignement-commerciale\/","url":"https:\/\/whitebirchpaper.com\/fr\/nous-joindre\/demande-de-renseignement-commerciale\/","name":"Demande de renseignements commerciaux Papiers White Birch | Papier journal, Papier commercial","isPartOf":{"@id":"https:\/\/whitebirchpaper.com\/#website"},"datePublished":"2015-10-29T18:43:37+00:00","dateModified":"2017-02-10T23:21:41+00:00","description":"Demande de renseignements commerciaux pour Papiers White Birch. Papier journal, papier commercial, papier \u00e0 usages sp\u00e9ciaux et plus. Contactez-nous d\u00e8s aujourd'hui.","breadcrumb":{"@id":"https:\/\/whitebirchpaper.com\/fr\/nous-joindre\/demande-de-renseignement-commerciale\/#breadcrumb"},"inLanguage":"fr-FR","potentialAction":[{"@type":"ReadAction","target":["https:\/\/whitebirchpaper.com\/fr\/nous-joindre\/demande-de-renseignement-commerciale\/"]}]},{"@type":"BreadcrumbList","@id":"https:\/\/whitebirchpaper.com\/fr\/nous-joindre\/demande-de-renseignement-commerciale\/#breadcrumb","itemListElement":[{"@type":"ListItem","position":1,"name":"Home","item":"https:\/\/whitebirchpaper.com\/fr\/"},{"@type":"ListItem","position":2,"name":"Nous joindre","item":"https:\/\/whitebirchpaper.com\/fr\/nous-joindre\/"},{"@type":"ListItem","position":3,"name":"Demande de renseignement commerciale"}]},{"@type":"WebSite","@id":"https:\/\/whitebirchpaper.com\/#website","url":"https:\/\/whitebirchpaper.com\/","name":"White Birch Paper","description":"","publisher":{"@id":"https:\/\/whitebirchpaper.com\/#organization"},"potentialAction":[{"@type":"SearchAction","target":{"@type":"EntryPoint","urlTemplate":"https:\/\/whitebirchpaper.com\/?s={search_term_string}"},"query-input":{"@type":"PropertyValueSpecification","valueRequired":true,"valueName":"search_term_string"}}],"inLanguage":"fr-FR"},{"@type":"Organization","@id":"https:\/\/whitebirchpaper.com\/#organization","name":"White Birch Paper","url":"https:\/\/whitebirchpaper.com\/","logo":{"@type":"ImageObject","inLanguage":"fr-FR","@id":"https:\/\/whitebirchpaper.com\/#\/schema\/logo\/image\/","url":"https:\/\/whitebirchpaper.com\/wp-content\/uploads\/logo-white-birch-paper.png","contentUrl":"https:\/\/whitebirchpaper.com\/wp-content\/uploads\/logo-white-birch-paper.png","width":395,"height":75,"caption":"White Birch Paper"},"image":{"@id":"https:\/\/whitebirchpaper.com\/#\/schema\/logo\/image\/"}}]}},"_links":{"self":[{"href":"https:\/\/whitebirchpaper.com\/fr\/wp-json\/wp\/v2\/pages\/1115","targetHints":{"allow":["GET"]}}],"collection":[{"href":"https:\/\/whitebirchpaper.com\/fr\/wp-json\/wp\/v2\/pages"}],"about":[{"href":"https:\/\/whitebirchpaper.com\/fr\/wp-json\/wp\/v2\/types\/page"}],"author":[{"embeddable":true,"href":"https:\/\/whitebirchpaper.com\/fr\/wp-json\/wp\/v2\/users\/19"}],"replies":[{"embeddable":true,"href":"https:\/\/whitebirchpaper.com\/fr\/wp-json\/wp\/v2\/comments?post=1115"}],"version-history":[{"count":0,"href":"https:\/\/whitebirchpaper.com\/fr\/wp-json\/wp\/v2\/pages\/1115\/revisions"}],"up":[{"embeddable":true,"href":"https:\/\/whitebirchpaper.com\/fr\/wp-json\/wp\/v2\/pages\/1092"}],"wp:attachment":[{"href":"https:\/\/whitebirchpaper.com\/fr\/wp-json\/wp\/v2\/media?parent=1115"}],"curies":[{"name":"wp","href":"https:\/\/api.w.org\/{rel}","templated":true}]}}