{"id":1114,"date":"2015-10-29T14:44:16","date_gmt":"2015-10-29T18:44:16","guid":{"rendered":"https:\/\/whitebirchpaper.com\/fr\/contact\/career-inquiry\/"},"modified":"2016-09-23T19:36:46","modified_gmt":"2016-09-23T23:36:46","slug":"candidatures","status":"publish","type":"page","link":"https:\/\/whitebirchpaper.com\/fr\/nous-joindre\/candidatures\/","title":{"rendered":"Candidatures"},"content":{"rendered":"    <form action=\"post\" class=\"frmCareer gx-form group\" data-lang=\"fr\">\n      <h2>Candidature<\/h2>\n      <ul>\n        <li>\n          <label>Nom<\/label>\n          <input type=\"text\" name=\"name\" value=\"\" data-validate=\"required\">\n        <\/li>\n        <li>\n          <label>Num\u00e9ro de t\u00e9l\u00e9phone<\/label>\n          <input type=\"tel\" name=\"phone\" value=\"\" data-validate=\"required phone\">\n        <\/li>\n        <li>\n          <label>Adresse \u00e9lectronique<\/label>\n          <input type=\"email\" name=\"email\" value=\"\" data-validate=\"required email\">\n        <\/li>\n        <li>\n          <label>Usine\/Site<\/label>\n          <select name=\"location\" data-validate=\"required\">\n            <option value=\"\">---- S\u00e9lectionnez un emplacement d'usine ----<\/option>\n                          <option value=\"Gatineau, Qu\u00e9bec\" data-id=\"18\" >Gatineau, Qu\u00e9bec<\/option>\n                          <option value=\"Qu\u00e9bec, Qu\u00e9bec\" data-id=\"20\" >Qu\u00e9bec, Qu\u00e9bec<\/option>\n                      <\/select>\n        <\/li>\n        <li>\n          <label>Emploi\/Poste recherch\u00e9<\/label>\n          <select name=\"job\" data-validate=\"required\">\n            <option value=\"\">---- choisir un poste ----<\/option>\n                          <option value=\"CONTREMA\u00ceTRE, MACHINE \u00c0 PAPIER  (GATINEAU)\" data-id=\"18\" >CONTREMA\u00ceTRE, MACHINE \u00c0 PAPIER  (GATINEAU)<\/option>\n                          <option value=\"FIABILISTE M\u00c9CANIQUE (GATINEAU)\" data-id=\"18\" >FIABILISTE M\u00c9CANIQUE (GATINEAU)<\/option>\n                          <option value=\"ING\u00c9NIEUR DE PROC\u00c9D\u00c9 (GATINEAU)\" data-id=\"18\" >ING\u00c9NIEUR DE PROC\u00c9D\u00c9 (GATINEAU)<\/option>\n                          <option value=\"JOURNALIERS D'OP\u00c9RATION, EMPLOY\u00c9 R\u00c9SERVISTE (MACHINE \u00c0 PAPIER, FINITION\/EXP\u00c9DITION, PTM, BIOFIBRE) (GATINEAU)\" data-id=\"18\" >JOURNALIERS D'OP\u00c9RATION, EMPLOY\u00c9 R\u00c9SERVISTE (MACHINE \u00c0 PAPIER, FINITION\/EXP\u00c9DITION, PTM, BIOFIBRE) (GATINEAU)<\/option>\n                          <option value=\"M\u00e9canicien industriel\" data-id=\"\" >M\u00e9canicien industriel<\/option>\n                          <option value=\"M\u00e9canicien industriel (Qu\u00e9bec)\" data-id=\"20\" >M\u00e9canicien industriel (Qu\u00e9bec)<\/option>\n                          <option value=\"Op\u00e9rateur \u00e0 la production\" data-id=\"\" >Op\u00e9rateur \u00e0 la production<\/option>\n                          <option value=\"Op\u00e9rateur de production\" data-id=\"20\" >Op\u00e9rateur de production<\/option>\n                          <option value=\"SUPERVISEUR SECTEUR 1 (GATINEAU)\" data-id=\"18\" >SUPERVISEUR SECTEUR 1 (GATINEAU)<\/option>\n                          <option value=\"Technicien en \u00e9lectro-instrumentation (Gatineau)\" data-id=\"18\" >Technicien en \u00e9lectro-instrumentation (Gatineau)<\/option>\n                          <option value=\"Technicien en instrumentation\/\u00e9lectricit\u00e9\" data-id=\"20\" >Technicien en instrumentation\/\u00e9lectricit\u00e9<\/option>\n                      <\/select>\n        <\/li>\n        <li>\n          <label>Resume\/CV (Word Doc, RTF, PDF or Text File)<\/label>\n          <input type=\"file\" name=\"resume\" value=\"Upload Your Resume\/CV\" data-validate=\"required\">\n        <\/li>\n        <li>\n          <label class=\"textarea\">Remarques<\/label>\n          <textarea name=\"comment\" rows=\"4\" data-validate=\"required\"><\/textarea>\n        <\/li>\n      <\/ul>\n      <button type=\"submit\">Soumettre<\/button>\n    <\/form>\n  \n","protected":false},"excerpt":{"rendered":"","protected":false},"author":19,"featured_media":1021,"parent":1092,"menu_order":2,"comment_status":"closed","ping_status":"closed","template":"","meta":{"_acf_changed":false,"footnotes":""},"class_list":["post-1114","page","type-page","status-publish","hentry"],"acf":[],"yoast_head":"<!-- This site is optimized with the Yoast SEO plugin v27.3 - https:\/\/yoast.com\/product\/yoast-seo-wordpress\/ -->\n<title>Candidatures | Papiers White Birch<\/title>\n<meta name=\"description\" content=\"Contactez Papiers White Birch Paper concernant des postes disponibles, des opportunit\u00e9s de carri\u00e8res et les postes ouverts actuellement.\" \/>\n<meta name=\"robots\" content=\"index, follow, max-snippet:-1, max-image-preview:large, max-video-preview:-1\" \/>\n<link rel=\"canonical\" href=\"https:\/\/whitebirchpaper.com\/fr\/nous-joindre\/candidatures\/\" \/>\n<meta property=\"og:locale\" content=\"fr_FR\" \/>\n<meta property=\"og:type\" content=\"article\" \/>\n<meta property=\"og:title\" content=\"Candidatures | Papiers White Birch\" \/>\n<meta property=\"og:description\" content=\"Contactez Papiers White Birch Paper concernant des postes disponibles, des opportunit\u00e9s de carri\u00e8res et les postes ouverts actuellement.\" \/>\n<meta property=\"og:url\" content=\"https:\/\/whitebirchpaper.com\/fr\/nous-joindre\/candidatures\/\" \/>\n<meta property=\"og:site_name\" content=\"White Birch Paper\" \/>\n<meta property=\"article:modified_time\" content=\"2016-09-23T23:36:46+00:00\" \/>\n<meta property=\"og:image\" content=\"https:\/\/whitebirchpaper.com\/wp-content\/uploads\/sub_trees.jpg\" \/>\n\t<meta property=\"og:image:width\" content=\"1298\" \/>\n\t<meta property=\"og:image:height\" content=\"164\" \/>\n\t<meta property=\"og:image:type\" content=\"image\/jpeg\" \/>\n<meta name=\"twitter:card\" content=\"summary_large_image\" \/>\n<script type=\"application\/ld+json\" class=\"yoast-schema-graph\">{\"@context\":\"https:\\\/\\\/schema.org\",\"@graph\":[{\"@type\":\"WebPage\",\"@id\":\"https:\\\/\\\/whitebirchpaper.com\\\/fr\\\/nous-joindre\\\/candidatures\\\/\",\"url\":\"https:\\\/\\\/whitebirchpaper.com\\\/fr\\\/nous-joindre\\\/candidatures\\\/\",\"name\":\"Candidatures | Papiers White Birch\",\"isPartOf\":{\"@id\":\"https:\\\/\\\/whitebirchpaper.com\\\/#website\"},\"primaryImageOfPage\":{\"@id\":\"https:\\\/\\\/whitebirchpaper.com\\\/fr\\\/nous-joindre\\\/candidatures\\\/#primaryimage\"},\"image\":{\"@id\":\"https:\\\/\\\/whitebirchpaper.com\\\/fr\\\/nous-joindre\\\/candidatures\\\/#primaryimage\"},\"thumbnailUrl\":\"https:\\\/\\\/whitebirchpaper.com\\\/wp-content\\\/uploads\\\/sub_trees.jpg\",\"datePublished\":\"2015-10-29T18:44:16+00:00\",\"dateModified\":\"2016-09-23T23:36:46+00:00\",\"description\":\"Contactez Papiers White Birch Paper concernant des postes disponibles, des opportunit\u00e9s de carri\u00e8res et les postes ouverts actuellement.\",\"breadcrumb\":{\"@id\":\"https:\\\/\\\/whitebirchpaper.com\\\/fr\\\/nous-joindre\\\/candidatures\\\/#breadcrumb\"},\"inLanguage\":\"fr-FR\",\"potentialAction\":[{\"@type\":\"ReadAction\",\"target\":[\"https:\\\/\\\/whitebirchpaper.com\\\/fr\\\/nous-joindre\\\/candidatures\\\/\"]}]},{\"@type\":\"ImageObject\",\"inLanguage\":\"fr-FR\",\"@id\":\"https:\\\/\\\/whitebirchpaper.com\\\/fr\\\/nous-joindre\\\/candidatures\\\/#primaryimage\",\"url\":\"https:\\\/\\\/whitebirchpaper.com\\\/wp-content\\\/uploads\\\/sub_trees.jpg\",\"contentUrl\":\"https:\\\/\\\/whitebirchpaper.com\\\/wp-content\\\/uploads\\\/sub_trees.jpg\",\"width\":1298,\"height\":164,\"caption\":\"\u00c9tapes importantes\"},{\"@type\":\"BreadcrumbList\",\"@id\":\"https:\\\/\\\/whitebirchpaper.com\\\/fr\\\/nous-joindre\\\/candidatures\\\/#breadcrumb\",\"itemListElement\":[{\"@type\":\"ListItem\",\"position\":1,\"name\":\"Home\",\"item\":\"https:\\\/\\\/whitebirchpaper.com\\\/fr\\\/\"},{\"@type\":\"ListItem\",\"position\":2,\"name\":\"Nous joindre\",\"item\":\"https:\\\/\\\/whitebirchpaper.com\\\/fr\\\/nous-joindre\\\/\"},{\"@type\":\"ListItem\",\"position\":3,\"name\":\"Candidatures\"}]},{\"@type\":\"WebSite\",\"@id\":\"https:\\\/\\\/whitebirchpaper.com\\\/#website\",\"url\":\"https:\\\/\\\/whitebirchpaper.com\\\/\",\"name\":\"White Birch Paper\",\"description\":\"\",\"publisher\":{\"@id\":\"https:\\\/\\\/whitebirchpaper.com\\\/#organization\"},\"potentialAction\":[{\"@type\":\"SearchAction\",\"target\":{\"@type\":\"EntryPoint\",\"urlTemplate\":\"https:\\\/\\\/whitebirchpaper.com\\\/?s={search_term_string}\"},\"query-input\":{\"@type\":\"PropertyValueSpecification\",\"valueRequired\":true,\"valueName\":\"search_term_string\"}}],\"inLanguage\":\"fr-FR\"},{\"@type\":\"Organization\",\"@id\":\"https:\\\/\\\/whitebirchpaper.com\\\/#organization\",\"name\":\"White Birch Paper\",\"url\":\"https:\\\/\\\/whitebirchpaper.com\\\/\",\"logo\":{\"@type\":\"ImageObject\",\"inLanguage\":\"fr-FR\",\"@id\":\"https:\\\/\\\/whitebirchpaper.com\\\/#\\\/schema\\\/logo\\\/image\\\/\",\"url\":\"https:\\\/\\\/whitebirchpaper.com\\\/wp-content\\\/uploads\\\/logo-white-birch-paper.png\",\"contentUrl\":\"https:\\\/\\\/whitebirchpaper.com\\\/wp-content\\\/uploads\\\/logo-white-birch-paper.png\",\"width\":395,\"height\":75,\"caption\":\"White Birch Paper\"},\"image\":{\"@id\":\"https:\\\/\\\/whitebirchpaper.com\\\/#\\\/schema\\\/logo\\\/image\\\/\"}}]}<\/script>\n<!-- \/ Yoast SEO plugin. -->","yoast_head_json":{"title":"Candidatures | Papiers White Birch","description":"Contactez Papiers White Birch Paper concernant des postes disponibles, des opportunit\u00e9s de carri\u00e8res et les postes ouverts actuellement.","robots":{"index":"index","follow":"follow","max-snippet":"max-snippet:-1","max-image-preview":"max-image-preview:large","max-video-preview":"max-video-preview:-1"},"canonical":"https:\/\/whitebirchpaper.com\/fr\/nous-joindre\/candidatures\/","og_locale":"fr_FR","og_type":"article","og_title":"Candidatures | Papiers White Birch","og_description":"Contactez Papiers White Birch Paper concernant des postes disponibles, des opportunit\u00e9s de carri\u00e8res et les postes ouverts actuellement.","og_url":"https:\/\/whitebirchpaper.com\/fr\/nous-joindre\/candidatures\/","og_site_name":"White Birch Paper","article_modified_time":"2016-09-23T23:36:46+00:00","og_image":[{"width":1298,"height":164,"url":"https:\/\/whitebirchpaper.com\/wp-content\/uploads\/sub_trees.jpg","type":"image\/jpeg"}],"twitter_card":"summary_large_image","schema":{"@context":"https:\/\/schema.org","@graph":[{"@type":"WebPage","@id":"https:\/\/whitebirchpaper.com\/fr\/nous-joindre\/candidatures\/","url":"https:\/\/whitebirchpaper.com\/fr\/nous-joindre\/candidatures\/","name":"Candidatures | Papiers White Birch","isPartOf":{"@id":"https:\/\/whitebirchpaper.com\/#website"},"primaryImageOfPage":{"@id":"https:\/\/whitebirchpaper.com\/fr\/nous-joindre\/candidatures\/#primaryimage"},"image":{"@id":"https:\/\/whitebirchpaper.com\/fr\/nous-joindre\/candidatures\/#primaryimage"},"thumbnailUrl":"https:\/\/whitebirchpaper.com\/wp-content\/uploads\/sub_trees.jpg","datePublished":"2015-10-29T18:44:16+00:00","dateModified":"2016-09-23T23:36:46+00:00","description":"Contactez Papiers White Birch Paper concernant des postes disponibles, des opportunit\u00e9s de carri\u00e8res et les postes ouverts actuellement.","breadcrumb":{"@id":"https:\/\/whitebirchpaper.com\/fr\/nous-joindre\/candidatures\/#breadcrumb"},"inLanguage":"fr-FR","potentialAction":[{"@type":"ReadAction","target":["https:\/\/whitebirchpaper.com\/fr\/nous-joindre\/candidatures\/"]}]},{"@type":"ImageObject","inLanguage":"fr-FR","@id":"https:\/\/whitebirchpaper.com\/fr\/nous-joindre\/candidatures\/#primaryimage","url":"https:\/\/whitebirchpaper.com\/wp-content\/uploads\/sub_trees.jpg","contentUrl":"https:\/\/whitebirchpaper.com\/wp-content\/uploads\/sub_trees.jpg","width":1298,"height":164,"caption":"\u00c9tapes importantes"},{"@type":"BreadcrumbList","@id":"https:\/\/whitebirchpaper.com\/fr\/nous-joindre\/candidatures\/#breadcrumb","itemListElement":[{"@type":"ListItem","position":1,"name":"Home","item":"https:\/\/whitebirchpaper.com\/fr\/"},{"@type":"ListItem","position":2,"name":"Nous joindre","item":"https:\/\/whitebirchpaper.com\/fr\/nous-joindre\/"},{"@type":"ListItem","position":3,"name":"Candidatures"}]},{"@type":"WebSite","@id":"https:\/\/whitebirchpaper.com\/#website","url":"https:\/\/whitebirchpaper.com\/","name":"White Birch Paper","description":"","publisher":{"@id":"https:\/\/whitebirchpaper.com\/#organization"},"potentialAction":[{"@type":"SearchAction","target":{"@type":"EntryPoint","urlTemplate":"https:\/\/whitebirchpaper.com\/?s={search_term_string}"},"query-input":{"@type":"PropertyValueSpecification","valueRequired":true,"valueName":"search_term_string"}}],"inLanguage":"fr-FR"},{"@type":"Organization","@id":"https:\/\/whitebirchpaper.com\/#organization","name":"White Birch Paper","url":"https:\/\/whitebirchpaper.com\/","logo":{"@type":"ImageObject","inLanguage":"fr-FR","@id":"https:\/\/whitebirchpaper.com\/#\/schema\/logo\/image\/","url":"https:\/\/whitebirchpaper.com\/wp-content\/uploads\/logo-white-birch-paper.png","contentUrl":"https:\/\/whitebirchpaper.com\/wp-content\/uploads\/logo-white-birch-paper.png","width":395,"height":75,"caption":"White Birch Paper"},"image":{"@id":"https:\/\/whitebirchpaper.com\/#\/schema\/logo\/image\/"}}]}},"_links":{"self":[{"href":"https:\/\/whitebirchpaper.com\/fr\/wp-json\/wp\/v2\/pages\/1114","targetHints":{"allow":["GET"]}}],"collection":[{"href":"https:\/\/whitebirchpaper.com\/fr\/wp-json\/wp\/v2\/pages"}],"about":[{"href":"https:\/\/whitebirchpaper.com\/fr\/wp-json\/wp\/v2\/types\/page"}],"author":[{"embeddable":true,"href":"https:\/\/whitebirchpaper.com\/fr\/wp-json\/wp\/v2\/users\/19"}],"replies":[{"embeddable":true,"href":"https:\/\/whitebirchpaper.com\/fr\/wp-json\/wp\/v2\/comments?post=1114"}],"version-history":[{"count":0,"href":"https:\/\/whitebirchpaper.com\/fr\/wp-json\/wp\/v2\/pages\/1114\/revisions"}],"up":[{"embeddable":true,"href":"https:\/\/whitebirchpaper.com\/fr\/wp-json\/wp\/v2\/pages\/1092"}],"wp:featuredmedia":[{"embeddable":true,"href":"https:\/\/whitebirchpaper.com\/fr\/wp-json\/wp\/v2\/media\/1021"}],"wp:attachment":[{"href":"https:\/\/whitebirchpaper.com\/fr\/wp-json\/wp\/v2\/media?parent=1114"}],"curies":[{"name":"wp","href":"https:\/\/api.w.org\/{rel}","templated":true}]}}