{"id":1111,"date":"2015-10-29T14:41:36","date_gmt":"2015-10-29T18:41:36","guid":{"rendered":"https:\/\/whitebirchpaper.com\/fr\/careers\/safety-training\/"},"modified":"2016-09-24T11:19:21","modified_gmt":"2016-09-24T15:19:21","slug":"securite-et-formation","status":"publish","type":"page","link":"https:\/\/whitebirchpaper.com\/fr\/carrieres\/securite-et-formation\/","title":{"rendered":"S\u00e9curit\u00e9 et formation"},"content":{"rendered":"<h2>Directives de sant\u00e9 et s\u00e9curit\u00e9<\/h2>\n<p>Dans le cadre de notre engagement pour la sant\u00e9 et la s\u00e9curit\u00e9, Papiers White Birch respecte les directives de sant\u00e9 et s\u00e9curit\u00e9 suivantes :<\/p>\n<ul>\n<li>Nous confirmons que nos m\u00e9thodes et techniques de travail sont s\u00e9curitaires et suivies par tous les employ\u00e9s<\/li>\n<li>Nous informons et formons les employ\u00e9s de fa\u00e7on ad\u00e9quate sur les risques associ\u00e9s \u00e0 leur travail afin qu\u2019il puisse \u00eatre effectu\u00e9 en toute s\u00e9curit\u00e9<\/li>\n<li>Nous prenons toujours la pr\u00e9caution d\u2019identifier, de contr\u00f4ler et\/ou d\u2019\u00e9liminer les risques qui pourraient affecter la sant\u00e9 et la s\u00e9curit\u00e9 de nos employ\u00e9s<\/li>\n<li>Nous exigeons la participation active de tous nos employ\u00e9s en mati\u00e8re de sant\u00e9 et de s\u00e9curit\u00e9<\/li>\n<li>Nous assurons que les politiques \u00e9tablies soient adopt\u00e9es et que les employ\u00e9s soient \u00e9quip\u00e9s pour assurer la protection de tous.<\/li>\n<\/ul>\n<h3>Principaux outils pour la sant\u00e9 et la s\u00e9curit\u00e9<\/h3>\n<p>Pour nous aider \u00e0 respecter notre engagement \u00e0 la sant\u00e9 et \u00e0 la s\u00e9curit\u00e9, nos principaux outils comprennent :<\/p>\n<ul>\n<li>Les indicateurs de performance de l\u2019U.S. Occupational Safety and Health Administration (OSHA)<\/li>\n<li>Le Syst\u00e8me d\u2019information sur les mati\u00e8res dangereuses utilis\u00e9es au travail, la norme nationale canadienne<\/li>\n<li>Des comit\u00e9s de sant\u00e9 et s\u00e9curit\u00e9<\/li>\n<li>Du mat\u00e9riel de protection individuelle<\/li>\n<li>Des audits internes de sant\u00e9 et s\u00e9curit\u00e9<\/li>\n<\/ul>\n<h3>Occasions de formation et de d\u00e9veloppement<a href=\"https:\/\/whitebirchpaper.com\/wp-content\/uploads\/training-vertical1.jpg\"><img loading=\"lazy\" decoding=\"async\" class=\"size-full wp-image-267 alignleft\" src=\"https:\/\/whitebirchpaper.com\/wp-content\/uploads\/training-vertical1.jpg\" alt=\"training-vertical\" width=\"300\" height=\"287\" \/><\/a><\/h3>\n<p>Papiers White Birch offre \u00e0 ses employ\u00e9s des possibilit\u00e9s de formation et de perfectionnement afin de favoriser un service de qualit\u00e9 sup\u00e9rieure, une bonne ex\u00e9cution du travail et une croissance professionnelle. La formation commence d\u00e8s le premier jour : tous les nouveaux employ\u00e9s participent \u00e0 un programme d\u2019orientation exhaustif afin d\u2019\u00eatre inform\u00e9s sur les politiques d\u2019emploi, les politiques en mati\u00e8re de s\u00e9curit\u00e9 et les exigences de travail, ainsi que sur la soci\u00e9t\u00e9 et notre culture.<\/p>\n<p>Nous encourageons \u00e9galement l\u2019apprentissage continu et appuyons la croissance personnelle et l\u2019avancement professionnel de nos employ\u00e9s tout au long de leur emploi avec l\u2019entreprise. Nos employ\u00e9s produisent, affinent, prot\u00e8gent, livrent et g\u00e8rent notre produit, de sorte qu\u2019il est important que l\u2019apprentissage continu fasse partie de nos activit\u00e9s quotidiennes.<\/p>\n<h3>Occasions et formation en leadership<\/h3>\n<p>Identifier les leaders de demain et offrir une formation en leadership est essentiel \u00e0 notre succ\u00e8s ainsi qu\u2019au succ\u00e8s de nos employ\u00e9s. C\u2019est pourquoi Papiers White Birch offre un vaste \u00e9ventail de possibilit\u00e9s d\u2019apprentissage servant de \u00ab \u00a0levier \u00bb important pour d\u00e9finir son r\u00f4le et de progresser dans sa carri\u00e8re. En plus de la formation obligatoire, nous offrons aussi \u00e0 nos employ\u00e9s plus de 200 cours d\u2019int\u00e9r\u00eat (gratuitement) afin de poursuivre leurs \u00e9tudes, s\u2019ils le d\u00e9sirent.<\/p>\n","protected":false},"excerpt":{"rendered":"<p>Directives de sant\u00e9 et s\u00e9curit\u00e9 Dans le cadre de notre engagement pour la sant\u00e9 et la s\u00e9curit\u00e9, Papiers White Birch respecte les directives de sant\u00e9 et s\u00e9curit\u00e9 suivantes : Nous confirmons que nos m\u00e9thodes et techniques de travail sont s\u00e9curitaires et suivies par tous les employ\u00e9s Nous informons et formons les employ\u00e9s de fa\u00e7on ad\u00e9quate [&hellip;]<\/p>\n","protected":false},"author":19,"featured_media":1020,"parent":1091,"menu_order":1,"comment_status":"closed","ping_status":"closed","template":"","meta":{"_acf_changed":false,"footnotes":""},"class_list":["post-1111","page","type-page","status-publish","hentry"],"acf":[],"yoast_head":"<!-- This site is optimized with the Yoast SEO plugin v27.4 - https:\/\/yoast.com\/product\/yoast-seo-wordpress\/ -->\n<title>S\u00e9curit\u00e9 et formation | Directives de sant\u00e9 et s\u00e9curit\u00e9 | Papiers White Birch<\/title>\n<meta name=\"description\" content=\"As part of our commitment to health and safety, White Birch Paper adheres to the following health and safety guidelines. Learn More.\" \/>\n<meta name=\"robots\" content=\"index, follow, max-snippet:-1, max-image-preview:large, max-video-preview:-1\" \/>\n<link rel=\"canonical\" href=\"https:\/\/whitebirchpaper.com\/fr\/carrieres\/securite-et-formation\/\" \/>\n<meta property=\"og:locale\" content=\"fr_FR\" \/>\n<meta property=\"og:type\" content=\"article\" \/>\n<meta property=\"og:title\" content=\"S\u00e9curit\u00e9 et formation | Directives de sant\u00e9 et s\u00e9curit\u00e9 | Papiers White Birch\" \/>\n<meta property=\"og:description\" content=\"As part of our commitment to health and safety, White Birch Paper adheres to the following health and safety guidelines. Learn More.\" \/>\n<meta property=\"og:url\" content=\"https:\/\/whitebirchpaper.com\/fr\/carrieres\/securite-et-formation\/\" \/>\n<meta property=\"og:site_name\" content=\"White Birch Paper\" \/>\n<meta property=\"article:modified_time\" content=\"2016-09-24T15:19:21+00:00\" \/>\n<meta property=\"og:image\" content=\"https:\/\/whitebirchpaper.com\/wp-content\/uploads\/safety-training-1.jpg\" \/>\n\t<meta property=\"og:image:width\" content=\"1298\" \/>\n\t<meta property=\"og:image:height\" content=\"164\" \/>\n\t<meta property=\"og:image:type\" content=\"image\/jpeg\" \/>\n<meta name=\"twitter:card\" content=\"summary_large_image\" \/>\n<meta name=\"twitter:label1\" content=\"Dur\u00e9e de lecture estim\u00e9e\" \/>\n\t<meta name=\"twitter:data1\" content=\"2 minutes\" \/>\n<script type=\"application\/ld+json\" class=\"yoast-schema-graph\">{\"@context\":\"https:\\\/\\\/schema.org\",\"@graph\":[{\"@type\":\"WebPage\",\"@id\":\"https:\\\/\\\/whitebirchpaper.com\\\/fr\\\/carrieres\\\/securite-et-formation\\\/\",\"url\":\"https:\\\/\\\/whitebirchpaper.com\\\/fr\\\/carrieres\\\/securite-et-formation\\\/\",\"name\":\"S\u00e9curit\u00e9 et formation | Directives de sant\u00e9 et s\u00e9curit\u00e9 | Papiers White Birch\",\"isPartOf\":{\"@id\":\"https:\\\/\\\/whitebirchpaper.com\\\/#website\"},\"primaryImageOfPage\":{\"@id\":\"https:\\\/\\\/whitebirchpaper.com\\\/fr\\\/carrieres\\\/securite-et-formation\\\/#primaryimage\"},\"image\":{\"@id\":\"https:\\\/\\\/whitebirchpaper.com\\\/fr\\\/carrieres\\\/securite-et-formation\\\/#primaryimage\"},\"thumbnailUrl\":\"https:\\\/\\\/whitebirchpaper.com\\\/wp-content\\\/uploads\\\/safety-training-1.jpg\",\"datePublished\":\"2015-10-29T18:41:36+00:00\",\"dateModified\":\"2016-09-24T15:19:21+00:00\",\"description\":\"As part of our commitment to health and safety, White Birch Paper adheres to the following health and safety guidelines. Learn More.\",\"breadcrumb\":{\"@id\":\"https:\\\/\\\/whitebirchpaper.com\\\/fr\\\/carrieres\\\/securite-et-formation\\\/#breadcrumb\"},\"inLanguage\":\"fr-FR\",\"potentialAction\":[{\"@type\":\"ReadAction\",\"target\":[\"https:\\\/\\\/whitebirchpaper.com\\\/fr\\\/carrieres\\\/securite-et-formation\\\/\"]}]},{\"@type\":\"ImageObject\",\"inLanguage\":\"fr-FR\",\"@id\":\"https:\\\/\\\/whitebirchpaper.com\\\/fr\\\/carrieres\\\/securite-et-formation\\\/#primaryimage\",\"url\":\"https:\\\/\\\/whitebirchpaper.com\\\/wp-content\\\/uploads\\\/safety-training-1.jpg\",\"contentUrl\":\"https:\\\/\\\/whitebirchpaper.com\\\/wp-content\\\/uploads\\\/safety-training-1.jpg\",\"width\":1298,\"height\":164,\"caption\":\"S\u00e9curit\u00e9 et formation\"},{\"@type\":\"BreadcrumbList\",\"@id\":\"https:\\\/\\\/whitebirchpaper.com\\\/fr\\\/carrieres\\\/securite-et-formation\\\/#breadcrumb\",\"itemListElement\":[{\"@type\":\"ListItem\",\"position\":1,\"name\":\"Home\",\"item\":\"https:\\\/\\\/whitebirchpaper.com\\\/fr\\\/\"},{\"@type\":\"ListItem\",\"position\":2,\"name\":\"Carri\u00e8res\",\"item\":\"https:\\\/\\\/whitebirchpaper.com\\\/fr\\\/carrieres\\\/\"},{\"@type\":\"ListItem\",\"position\":3,\"name\":\"S\u00e9curit\u00e9 et formation\"}]},{\"@type\":\"WebSite\",\"@id\":\"https:\\\/\\\/whitebirchpaper.com\\\/#website\",\"url\":\"https:\\\/\\\/whitebirchpaper.com\\\/\",\"name\":\"White Birch Paper\",\"description\":\"\",\"publisher\":{\"@id\":\"https:\\\/\\\/whitebirchpaper.com\\\/#organization\"},\"potentialAction\":[{\"@type\":\"SearchAction\",\"target\":{\"@type\":\"EntryPoint\",\"urlTemplate\":\"https:\\\/\\\/whitebirchpaper.com\\\/?s={search_term_string}\"},\"query-input\":{\"@type\":\"PropertyValueSpecification\",\"valueRequired\":true,\"valueName\":\"search_term_string\"}}],\"inLanguage\":\"fr-FR\"},{\"@type\":\"Organization\",\"@id\":\"https:\\\/\\\/whitebirchpaper.com\\\/#organization\",\"name\":\"White Birch Paper\",\"url\":\"https:\\\/\\\/whitebirchpaper.com\\\/\",\"logo\":{\"@type\":\"ImageObject\",\"inLanguage\":\"fr-FR\",\"@id\":\"https:\\\/\\\/whitebirchpaper.com\\\/#\\\/schema\\\/logo\\\/image\\\/\",\"url\":\"https:\\\/\\\/whitebirchpaper.com\\\/wp-content\\\/uploads\\\/logo-white-birch-paper.png\",\"contentUrl\":\"https:\\\/\\\/whitebirchpaper.com\\\/wp-content\\\/uploads\\\/logo-white-birch-paper.png\",\"width\":395,\"height\":75,\"caption\":\"White Birch Paper\"},\"image\":{\"@id\":\"https:\\\/\\\/whitebirchpaper.com\\\/#\\\/schema\\\/logo\\\/image\\\/\"}}]}<\/script>\n<!-- \/ Yoast SEO plugin. -->","yoast_head_json":{"title":"S\u00e9curit\u00e9 et formation | Directives de sant\u00e9 et s\u00e9curit\u00e9 | Papiers White Birch","description":"As part of our commitment to health and safety, White Birch Paper adheres to the following health and safety guidelines. Learn More.","robots":{"index":"index","follow":"follow","max-snippet":"max-snippet:-1","max-image-preview":"max-image-preview:large","max-video-preview":"max-video-preview:-1"},"canonical":"https:\/\/whitebirchpaper.com\/fr\/carrieres\/securite-et-formation\/","og_locale":"fr_FR","og_type":"article","og_title":"S\u00e9curit\u00e9 et formation | Directives de sant\u00e9 et s\u00e9curit\u00e9 | Papiers White Birch","og_description":"As part of our commitment to health and safety, White Birch Paper adheres to the following health and safety guidelines. Learn More.","og_url":"https:\/\/whitebirchpaper.com\/fr\/carrieres\/securite-et-formation\/","og_site_name":"White Birch Paper","article_modified_time":"2016-09-24T15:19:21+00:00","og_image":[{"width":1298,"height":164,"url":"https:\/\/whitebirchpaper.com\/wp-content\/uploads\/safety-training-1.jpg","type":"image\/jpeg"}],"twitter_card":"summary_large_image","twitter_misc":{"Dur\u00e9e de lecture estim\u00e9e":"2 minutes"},"schema":{"@context":"https:\/\/schema.org","@graph":[{"@type":"WebPage","@id":"https:\/\/whitebirchpaper.com\/fr\/carrieres\/securite-et-formation\/","url":"https:\/\/whitebirchpaper.com\/fr\/carrieres\/securite-et-formation\/","name":"S\u00e9curit\u00e9 et formation | Directives de sant\u00e9 et s\u00e9curit\u00e9 | Papiers White Birch","isPartOf":{"@id":"https:\/\/whitebirchpaper.com\/#website"},"primaryImageOfPage":{"@id":"https:\/\/whitebirchpaper.com\/fr\/carrieres\/securite-et-formation\/#primaryimage"},"image":{"@id":"https:\/\/whitebirchpaper.com\/fr\/carrieres\/securite-et-formation\/#primaryimage"},"thumbnailUrl":"https:\/\/whitebirchpaper.com\/wp-content\/uploads\/safety-training-1.jpg","datePublished":"2015-10-29T18:41:36+00:00","dateModified":"2016-09-24T15:19:21+00:00","description":"As part of our commitment to health and safety, White Birch Paper adheres to the following health and safety guidelines. Learn More.","breadcrumb":{"@id":"https:\/\/whitebirchpaper.com\/fr\/carrieres\/securite-et-formation\/#breadcrumb"},"inLanguage":"fr-FR","potentialAction":[{"@type":"ReadAction","target":["https:\/\/whitebirchpaper.com\/fr\/carrieres\/securite-et-formation\/"]}]},{"@type":"ImageObject","inLanguage":"fr-FR","@id":"https:\/\/whitebirchpaper.com\/fr\/carrieres\/securite-et-formation\/#primaryimage","url":"https:\/\/whitebirchpaper.com\/wp-content\/uploads\/safety-training-1.jpg","contentUrl":"https:\/\/whitebirchpaper.com\/wp-content\/uploads\/safety-training-1.jpg","width":1298,"height":164,"caption":"S\u00e9curit\u00e9 et formation"},{"@type":"BreadcrumbList","@id":"https:\/\/whitebirchpaper.com\/fr\/carrieres\/securite-et-formation\/#breadcrumb","itemListElement":[{"@type":"ListItem","position":1,"name":"Home","item":"https:\/\/whitebirchpaper.com\/fr\/"},{"@type":"ListItem","position":2,"name":"Carri\u00e8res","item":"https:\/\/whitebirchpaper.com\/fr\/carrieres\/"},{"@type":"ListItem","position":3,"name":"S\u00e9curit\u00e9 et formation"}]},{"@type":"WebSite","@id":"https:\/\/whitebirchpaper.com\/#website","url":"https:\/\/whitebirchpaper.com\/","name":"White Birch Paper","description":"","publisher":{"@id":"https:\/\/whitebirchpaper.com\/#organization"},"potentialAction":[{"@type":"SearchAction","target":{"@type":"EntryPoint","urlTemplate":"https:\/\/whitebirchpaper.com\/?s={search_term_string}"},"query-input":{"@type":"PropertyValueSpecification","valueRequired":true,"valueName":"search_term_string"}}],"inLanguage":"fr-FR"},{"@type":"Organization","@id":"https:\/\/whitebirchpaper.com\/#organization","name":"White Birch Paper","url":"https:\/\/whitebirchpaper.com\/","logo":{"@type":"ImageObject","inLanguage":"fr-FR","@id":"https:\/\/whitebirchpaper.com\/#\/schema\/logo\/image\/","url":"https:\/\/whitebirchpaper.com\/wp-content\/uploads\/logo-white-birch-paper.png","contentUrl":"https:\/\/whitebirchpaper.com\/wp-content\/uploads\/logo-white-birch-paper.png","width":395,"height":75,"caption":"White Birch Paper"},"image":{"@id":"https:\/\/whitebirchpaper.com\/#\/schema\/logo\/image\/"}}]}},"_links":{"self":[{"href":"https:\/\/whitebirchpaper.com\/fr\/wp-json\/wp\/v2\/pages\/1111","targetHints":{"allow":["GET"]}}],"collection":[{"href":"https:\/\/whitebirchpaper.com\/fr\/wp-json\/wp\/v2\/pages"}],"about":[{"href":"https:\/\/whitebirchpaper.com\/fr\/wp-json\/wp\/v2\/types\/page"}],"author":[{"embeddable":true,"href":"https:\/\/whitebirchpaper.com\/fr\/wp-json\/wp\/v2\/users\/19"}],"replies":[{"embeddable":true,"href":"https:\/\/whitebirchpaper.com\/fr\/wp-json\/wp\/v2\/comments?post=1111"}],"version-history":[{"count":0,"href":"https:\/\/whitebirchpaper.com\/fr\/wp-json\/wp\/v2\/pages\/1111\/revisions"}],"up":[{"embeddable":true,"href":"https:\/\/whitebirchpaper.com\/fr\/wp-json\/wp\/v2\/pages\/1091"}],"wp:featuredmedia":[{"embeddable":true,"href":"https:\/\/whitebirchpaper.com\/fr\/wp-json\/wp\/v2\/media\/1020"}],"wp:attachment":[{"href":"https:\/\/whitebirchpaper.com\/fr\/wp-json\/wp\/v2\/media?parent=1111"}],"curies":[{"name":"wp","href":"https:\/\/api.w.org\/{rel}","templated":true}]}}