{"id":1110,"date":"2015-10-29T14:42:07","date_gmt":"2015-10-29T18:42:07","guid":{"rendered":"https:\/\/whitebirchpaper.com\/fr\/careers\/working-white-birch-paper\/"},"modified":"2026-04-15T02:47:10","modified_gmt":"2026-04-15T06:47:10","slug":"travailler-chez-papiers-white-birch","status":"publish","type":"page","link":"https:\/\/whitebirchpaper.com\/fr\/carrieres\/travailler-chez-papiers-white-birch\/","title":{"rendered":"Travailler chez Papiers White Birch"},"content":{"rendered":"<p>Nous sommes une entreprise familiale et c\u2019est cet aspect qui nous distingue. Bien que nous exploitions certaines des meilleures machines \u00e0 papier journal au monde ce ne sont pas les machines qui fabriquent le papier-les gens fabriquent le papier. Au c\u0153ur de chaque rouleau de papier que nous produisons se trouve le d\u00e9vouement de nos employ\u00e9s. C\u2019est pourquoi nous nous engageons \u00e0 la s\u00e9curit\u00e9 et au d\u00e9veloppement de nos employ\u00e9s \u00e0 travers des programmes de formation et de s\u00e9curit\u00e9 approfondie, et au d\u00e9veloppement durable de nos op\u00e9rations. Ce sont les r\u00e9alisations et le succ\u00e8s de nos employ\u00e9s qui nous d\u00e9finissent.<\/p>\n<h2>L\u2019effort. La performance. Le progr\u00e8s.<\/h2>\n<p>Chez Papiers White Birch, nous savons par exp\u00e9rience que la croissance et le succ\u00e8s de l\u2019entreprise d\u00e9coulent directement des efforts de nos employ\u00e9s. Au fur et \u00e0 mesure que la technologie et l\u2019\u00e9volution de la demande pour les produits du papier ont chang\u00e9 l\u2019industrie, nos employ\u00e9s ont su maintenir l\u2019efficacit\u00e9, la souplesse et l\u2019aspect innovateur de l\u2019entreprise, ce qui nous permet d&rsquo;\u00eatre concurrentiel aujourd\u2019hui et nous pr\u00e9parer \u00e0 relever les d\u00e9fis de demain.<br \/>\nDans le cadre de ces efforts \u00e0 l\u2019\u00e9chelle de l\u2019entreprise, nous nous effor\u00e7ons de devenir un leader du march\u00e9 de toutes les fa\u00e7ons possibles, y compris la s\u00e9curit\u00e9, la qualit\u00e9, l\u2019efficacit\u00e9 et le d\u00e9veloppement durable. Nous performons en nous concentrant sur l\u2019optimisation, la qualit\u00e9, la flexibilit\u00e9 et d\u2019importants investissements. Nous progressons en cherchant activement de nouvelles occasions et en nous adaptant rapidement aux conditions changeantes de notre industrie. Tout ceci est rendu possible par l\u2019engagement profond et au d\u00e9veloppement de nos employ\u00e9s.<\/p>\n<h3>Les avantages de travailler chez Papiers White Birch<\/h3>\n<p>Papier White Birch offre \u00e0 ses employ\u00e9s un large \u00e9ventail de b\u00e9n\u00e9fices, allant des b\u00e9n\u00e9fices traditionnels (salaires concurrentiels, assurance m\u00e9dicale, temps libre, long\u00e9vit\u00e9 de carri\u00e8re et potentiel de croissance) \u00e0 des avantages plus difficiles \u00e0 quantifier. Ces avantages d\u2019importance \u00e9gale incluent les d\u00e9fis et l\u2019\u00e9panouissement professionnels, une exp\u00e9rience de travail collaborative et s\u00e9curitaire, une gestion solidaire et efficace, et la grande qualit\u00e9 de vie au Qu\u00e9bec o\u00f9 sont situ\u00e9es nos usines.<\/p>\n<h3>S\u00e9curit\u00e9, formation et croissance<\/h3>\n<p>Papiers White Birch consid\u00e8re le d\u00e9veloppement des employ\u00e9s comme vital au succ\u00e8s de sa mission. Nos installations sont \u00e9quip\u00e9es et am\u00e9nag\u00e9es pour offrir un environnement de travail sain et s\u00e9curitaire pour tous les employ\u00e9s tout en favorisant la continuit\u00e9 op\u00e9rationnelle. Nous offrons \u00e9galement un \u00e9ventail de formation \u00e0 l\u2019emploi et de s\u00e9curit\u00e9, tant en milieu de travail qu\u2019\u00e0 l\u2019ext\u00e9rieur. Ces occasions incluent la formation des groupes tactiques d\u2019intervention, des programmes d\u2019apprentissage, des stages \u00e9tudiants, et l\u2019acc\u00e8s aux centres de formation interne pour les programmes autres que la s\u00e9curit\u00e9 et la formation professionnelle sp\u00e9cifique.<\/p>\n<h3>Une culture de d\u00e9vouement et de loyaut\u00e9<\/h3>\n<p>L\u2019industrie du papier est difficile, exigeante et comp\u00e9titive, mais Papiers White Birch a franchi la consolidation r\u00e9cente de l\u2019industrie comme entreprise rationnelle, efficace et ax\u00e9e sur la technologie, avec des lignes claires de communication et de responsabilisation. En tant que soci\u00e9t\u00e9, nos valeurs comprennent le travail d\u2019\u00e9quipe, l\u2019honn\u00eatet\u00e9 et le d\u00e9vouement. Nous r\u00e9compensons les r\u00e9ussites et offrons une vaste gamme de possibilit\u00e9s de croissance de carri\u00e8re personnelle. C\u2019est pourquoi un si grand nombre de nos employ\u00e9s ont consacr\u00e9 la plus grande partie ou la totalit\u00e9 de leur carri\u00e8re professionnelle avec l\u2019entreprise.<\/p>\n<h2><\/h2>\n<p><a class=\"more\" href=\"https:\/\/whitebirchpaper.com\/fr\/nous-joindre\/candidatures\/\">CANDIDATURES<\/a><\/p>\n<h2>Une grande possibilit\u00e9 d\u2019emploi<\/h2>\n<p>Papiers White Birch offre une grande possibilit\u00e9 d\u2019emploi n\u00e9cessitant une vari\u00e9t\u00e9 de comp\u00e9tences y compris des op\u00e9rateurs, des ouvriers, des ing\u00e9nieurs, des scientifiques en environnement, des technologistes, des comptables, des experts en ressources humaines et autres professionnels. Nous pr\u00e9voyons engager du personnel pour combler une grande vari\u00e9t\u00e9 de ces postes, y compris :<\/p>\n<h3>Achats<\/h3>\n<ul>\n<li>Surintendant des achats<\/li>\n<li>Acheteur<\/li>\n<li>Commis \u00e0 la r\u00e9ception des marchandises<\/li>\n<li>Support administratif<\/li>\n<li>Commis aux horaires<\/li>\n<li>Commis \u00e0 la paie<\/li>\n<li>Commis aux exp\u00e9ditions internationales<\/li>\n<\/ul>\n<h3>Gestion de la production et de l\u2019entretien<\/h3>\n<ul>\n<li>Surintendant de la planification<\/li>\n<li>Surintendant m\u00e9canique<\/li>\n<li>Surintendant \u00e9lectrique<\/li>\n<li>Superviseur de la production<\/li>\n<li>Ing\u00e9nierie<\/li>\n<li>Ing\u00e9nieur m\u00e9canique<\/li>\n<li>Ing\u00e9nieur \u00e9lectrique<\/li>\n<li>Ing\u00e9nieur de proc\u00e9d\u00e9s<\/li>\n<li>Ing\u00e9nieur chimique<\/li>\n<li>Ing\u00e9nieur industriel<\/li>\n<li>Ing\u00e9nieur responsable de la fiabilit\u00e9<\/li>\n<\/ul>\n<h3>Ressources humaines\/Gestion de la sant\u00e9 et s\u00e9curit\u00e9<\/h3>\n<ul>\n<li>Commis au personnel<\/li>\n<li>Coordonnateur \u00e0 la sant\u00e9 et s\u00e9curit\u00e9<\/li>\n<li>Coordonnateur \u00e0 la formation<\/li>\n<li>Services techniques<\/li>\n<li>Testeurs de p\u00e2tes et papiers<\/li>\n<li>Technicien de laboratoire<\/li>\n<li>Technicien d\u2019\u00e9valuation du bois<\/li>\n<li>Technologie de l\u2019information<\/li>\n<li>Programmeur<\/li>\n<li>Analyste des syst\u00e8mes<\/li>\n<li>Superviseur TI<\/li>\n<\/ul>\n<h3>Logistique et transport<\/h3>\n<ul>\n<li>Pr\u00e9pos\u00e9 au transport<\/li>\n<li>Coordonnateur \u00e0 la logistique<\/li>\n<li>Programmeur \u00e0 la production<\/li>\n<li>Service \u00e0 la client\u00e8le<\/li>\n<li>Agent de service \u00e0 la client\u00e8le<\/li>\n<\/ul>\n<h3>Production<\/h3>\n<ul>\n<li>Papetier<\/li>\n<li>Op\u00e9rateur de chaudi\u00e8re<\/li>\n<li>Op\u00e9rateur d\u2019usine \u00e0 p\u00e2te<\/li>\n<li>Op\u00e9rateur \u00e0 la finition<\/li>\n<li>Op\u00e9rateur \u00e0 l\u2019exp\u00e9dition<\/li>\n<li>Op\u00e9rateur \u00e0 la cour<\/li>\n<\/ul>\n<h3>Entretien<\/h3>\n<ul>\n<li>M\u00e9canicien-monteur<\/li>\n<li>\u00c9lectricien<\/li>\n<li>Sp\u00e9cialiste in instrumentation<\/li>\n<\/ul>\n<p><a class=\"more\" href=\"https:\/\/whitebirchpaper.com\/fr\/nous-joindre\/candidatures\/\">CANDIDATURES<\/a><\/p>\n","protected":false},"excerpt":{"rendered":"<p>Nous sommes une entreprise familiale et c\u2019est cet aspect qui nous distingue. Bien que nous exploitions certaines des meilleures machines \u00e0 papier journal au monde ce ne sont pas les machines qui fabriquent le papier-les gens fabriquent le papier. Au c\u0153ur de chaque rouleau de papier que nous produisons se trouve le d\u00e9vouement de nos [&hellip;]<\/p>\n","protected":false},"author":19,"featured_media":1005,"parent":1091,"menu_order":0,"comment_status":"closed","ping_status":"closed","template":"","meta":{"_acf_changed":false,"footnotes":""},"class_list":["post-1110","page","type-page","status-publish","hentry"],"acf":[],"yoast_head":"<!-- This site is optimized with the Yoast SEO plugin v27.4 - https:\/\/yoast.com\/product\/yoast-seo-wordpress\/ -->\n<title>Travailler chez Papiers White Birch | Programme de formation et de s\u00e9curit\u00e9<\/title>\n<meta name=\"description\" content=\"Travailler chez Papiers White Birch Paper comprend notre engagement au d\u00e9veloppement et la s\u00e9curit\u00e9 de nos employ\u00e9s \u00e0 travers des programmes complets de formation et de s\u00e9curit\u00e9\" \/>\n<meta name=\"robots\" content=\"index, follow, max-snippet:-1, max-image-preview:large, max-video-preview:-1\" \/>\n<link rel=\"canonical\" href=\"https:\/\/whitebirchpaper.com\/fr\/carrieres\/travailler-chez-papiers-white-birch\/\" \/>\n<meta property=\"og:locale\" content=\"fr_FR\" \/>\n<meta property=\"og:type\" content=\"article\" \/>\n<meta property=\"og:title\" content=\"Travailler chez Papiers White Birch | Programme de formation et de s\u00e9curit\u00e9\" \/>\n<meta property=\"og:description\" content=\"Travailler chez Papiers White Birch Paper comprend notre engagement au d\u00e9veloppement et la s\u00e9curit\u00e9 de nos employ\u00e9s \u00e0 travers des programmes complets de formation et de s\u00e9curit\u00e9\" \/>\n<meta property=\"og:url\" content=\"https:\/\/whitebirchpaper.com\/fr\/carrieres\/travailler-chez-papiers-white-birch\/\" \/>\n<meta property=\"og:site_name\" content=\"White Birch Paper\" \/>\n<meta property=\"article:modified_time\" content=\"2026-04-15T06:47:10+00:00\" \/>\n<meta property=\"og:image\" content=\"https:\/\/whitebirchpaper.com\/wp-content\/uploads\/working-hands.jpg\" \/>\n\t<meta property=\"og:image:width\" content=\"1298\" \/>\n\t<meta property=\"og:image:height\" content=\"164\" \/>\n\t<meta property=\"og:image:type\" content=\"image\/jpeg\" \/>\n<meta name=\"twitter:card\" content=\"summary_large_image\" \/>\n<meta name=\"twitter:label1\" content=\"Dur\u00e9e de lecture estim\u00e9e\" \/>\n\t<meta name=\"twitter:data1\" content=\"4 minutes\" \/>\n<script type=\"application\/ld+json\" class=\"yoast-schema-graph\">{\"@context\":\"https:\\\/\\\/schema.org\",\"@graph\":[{\"@type\":\"WebPage\",\"@id\":\"https:\\\/\\\/whitebirchpaper.com\\\/fr\\\/carrieres\\\/travailler-chez-papiers-white-birch\\\/\",\"url\":\"https:\\\/\\\/whitebirchpaper.com\\\/fr\\\/carrieres\\\/travailler-chez-papiers-white-birch\\\/\",\"name\":\"Travailler chez Papiers White Birch | Programme de formation et de s\u00e9curit\u00e9\",\"isPartOf\":{\"@id\":\"https:\\\/\\\/whitebirchpaper.com\\\/#website\"},\"primaryImageOfPage\":{\"@id\":\"https:\\\/\\\/whitebirchpaper.com\\\/fr\\\/carrieres\\\/travailler-chez-papiers-white-birch\\\/#primaryimage\"},\"image\":{\"@id\":\"https:\\\/\\\/whitebirchpaper.com\\\/fr\\\/carrieres\\\/travailler-chez-papiers-white-birch\\\/#primaryimage\"},\"thumbnailUrl\":\"https:\\\/\\\/whitebirchpaper.com\\\/wp-content\\\/uploads\\\/working-hands.jpg\",\"datePublished\":\"2015-10-29T18:42:07+00:00\",\"dateModified\":\"2026-04-15T06:47:10+00:00\",\"description\":\"Travailler chez Papiers White Birch Paper comprend notre engagement au d\u00e9veloppement et la s\u00e9curit\u00e9 de nos employ\u00e9s \u00e0 travers des programmes complets de formation et de s\u00e9curit\u00e9\",\"breadcrumb\":{\"@id\":\"https:\\\/\\\/whitebirchpaper.com\\\/fr\\\/carrieres\\\/travailler-chez-papiers-white-birch\\\/#breadcrumb\"},\"inLanguage\":\"fr-FR\",\"potentialAction\":[{\"@type\":\"ReadAction\",\"target\":[\"https:\\\/\\\/whitebirchpaper.com\\\/fr\\\/carrieres\\\/travailler-chez-papiers-white-birch\\\/\"]}]},{\"@type\":\"ImageObject\",\"inLanguage\":\"fr-FR\",\"@id\":\"https:\\\/\\\/whitebirchpaper.com\\\/fr\\\/carrieres\\\/travailler-chez-papiers-white-birch\\\/#primaryimage\",\"url\":\"https:\\\/\\\/whitebirchpaper.com\\\/wp-content\\\/uploads\\\/working-hands.jpg\",\"contentUrl\":\"https:\\\/\\\/whitebirchpaper.com\\\/wp-content\\\/uploads\\\/working-hands.jpg\",\"width\":1298,\"height\":164},{\"@type\":\"BreadcrumbList\",\"@id\":\"https:\\\/\\\/whitebirchpaper.com\\\/fr\\\/carrieres\\\/travailler-chez-papiers-white-birch\\\/#breadcrumb\",\"itemListElement\":[{\"@type\":\"ListItem\",\"position\":1,\"name\":\"Home\",\"item\":\"https:\\\/\\\/whitebirchpaper.com\\\/fr\\\/\"},{\"@type\":\"ListItem\",\"position\":2,\"name\":\"Carri\u00e8res\",\"item\":\"https:\\\/\\\/whitebirchpaper.com\\\/fr\\\/carrieres\\\/\"},{\"@type\":\"ListItem\",\"position\":3,\"name\":\"Travailler chez Papiers White Birch\"}]},{\"@type\":\"WebSite\",\"@id\":\"https:\\\/\\\/whitebirchpaper.com\\\/#website\",\"url\":\"https:\\\/\\\/whitebirchpaper.com\\\/\",\"name\":\"White Birch Paper\",\"description\":\"\",\"publisher\":{\"@id\":\"https:\\\/\\\/whitebirchpaper.com\\\/#organization\"},\"potentialAction\":[{\"@type\":\"SearchAction\",\"target\":{\"@type\":\"EntryPoint\",\"urlTemplate\":\"https:\\\/\\\/whitebirchpaper.com\\\/?s={search_term_string}\"},\"query-input\":{\"@type\":\"PropertyValueSpecification\",\"valueRequired\":true,\"valueName\":\"search_term_string\"}}],\"inLanguage\":\"fr-FR\"},{\"@type\":\"Organization\",\"@id\":\"https:\\\/\\\/whitebirchpaper.com\\\/#organization\",\"name\":\"White Birch Paper\",\"url\":\"https:\\\/\\\/whitebirchpaper.com\\\/\",\"logo\":{\"@type\":\"ImageObject\",\"inLanguage\":\"fr-FR\",\"@id\":\"https:\\\/\\\/whitebirchpaper.com\\\/#\\\/schema\\\/logo\\\/image\\\/\",\"url\":\"https:\\\/\\\/whitebirchpaper.com\\\/wp-content\\\/uploads\\\/logo-white-birch-paper.png\",\"contentUrl\":\"https:\\\/\\\/whitebirchpaper.com\\\/wp-content\\\/uploads\\\/logo-white-birch-paper.png\",\"width\":395,\"height\":75,\"caption\":\"White Birch Paper\"},\"image\":{\"@id\":\"https:\\\/\\\/whitebirchpaper.com\\\/#\\\/schema\\\/logo\\\/image\\\/\"}}]}<\/script>\n<!-- \/ Yoast SEO plugin. -->","yoast_head_json":{"title":"Travailler chez Papiers White Birch | Programme de formation et de s\u00e9curit\u00e9","description":"Travailler chez Papiers White Birch Paper comprend notre engagement au d\u00e9veloppement et la s\u00e9curit\u00e9 de nos employ\u00e9s \u00e0 travers des programmes complets de formation et de s\u00e9curit\u00e9","robots":{"index":"index","follow":"follow","max-snippet":"max-snippet:-1","max-image-preview":"max-image-preview:large","max-video-preview":"max-video-preview:-1"},"canonical":"https:\/\/whitebirchpaper.com\/fr\/carrieres\/travailler-chez-papiers-white-birch\/","og_locale":"fr_FR","og_type":"article","og_title":"Travailler chez Papiers White Birch | Programme de formation et de s\u00e9curit\u00e9","og_description":"Travailler chez Papiers White Birch Paper comprend notre engagement au d\u00e9veloppement et la s\u00e9curit\u00e9 de nos employ\u00e9s \u00e0 travers des programmes complets de formation et de s\u00e9curit\u00e9","og_url":"https:\/\/whitebirchpaper.com\/fr\/carrieres\/travailler-chez-papiers-white-birch\/","og_site_name":"White Birch Paper","article_modified_time":"2026-04-15T06:47:10+00:00","og_image":[{"width":1298,"height":164,"url":"https:\/\/whitebirchpaper.com\/wp-content\/uploads\/working-hands.jpg","type":"image\/jpeg"}],"twitter_card":"summary_large_image","twitter_misc":{"Dur\u00e9e de lecture estim\u00e9e":"4 minutes"},"schema":{"@context":"https:\/\/schema.org","@graph":[{"@type":"WebPage","@id":"https:\/\/whitebirchpaper.com\/fr\/carrieres\/travailler-chez-papiers-white-birch\/","url":"https:\/\/whitebirchpaper.com\/fr\/carrieres\/travailler-chez-papiers-white-birch\/","name":"Travailler chez Papiers White Birch | Programme de formation et de s\u00e9curit\u00e9","isPartOf":{"@id":"https:\/\/whitebirchpaper.com\/#website"},"primaryImageOfPage":{"@id":"https:\/\/whitebirchpaper.com\/fr\/carrieres\/travailler-chez-papiers-white-birch\/#primaryimage"},"image":{"@id":"https:\/\/whitebirchpaper.com\/fr\/carrieres\/travailler-chez-papiers-white-birch\/#primaryimage"},"thumbnailUrl":"https:\/\/whitebirchpaper.com\/wp-content\/uploads\/working-hands.jpg","datePublished":"2015-10-29T18:42:07+00:00","dateModified":"2026-04-15T06:47:10+00:00","description":"Travailler chez Papiers White Birch Paper comprend notre engagement au d\u00e9veloppement et la s\u00e9curit\u00e9 de nos employ\u00e9s \u00e0 travers des programmes complets de formation et de s\u00e9curit\u00e9","breadcrumb":{"@id":"https:\/\/whitebirchpaper.com\/fr\/carrieres\/travailler-chez-papiers-white-birch\/#breadcrumb"},"inLanguage":"fr-FR","potentialAction":[{"@type":"ReadAction","target":["https:\/\/whitebirchpaper.com\/fr\/carrieres\/travailler-chez-papiers-white-birch\/"]}]},{"@type":"ImageObject","inLanguage":"fr-FR","@id":"https:\/\/whitebirchpaper.com\/fr\/carrieres\/travailler-chez-papiers-white-birch\/#primaryimage","url":"https:\/\/whitebirchpaper.com\/wp-content\/uploads\/working-hands.jpg","contentUrl":"https:\/\/whitebirchpaper.com\/wp-content\/uploads\/working-hands.jpg","width":1298,"height":164},{"@type":"BreadcrumbList","@id":"https:\/\/whitebirchpaper.com\/fr\/carrieres\/travailler-chez-papiers-white-birch\/#breadcrumb","itemListElement":[{"@type":"ListItem","position":1,"name":"Home","item":"https:\/\/whitebirchpaper.com\/fr\/"},{"@type":"ListItem","position":2,"name":"Carri\u00e8res","item":"https:\/\/whitebirchpaper.com\/fr\/carrieres\/"},{"@type":"ListItem","position":3,"name":"Travailler chez Papiers White Birch"}]},{"@type":"WebSite","@id":"https:\/\/whitebirchpaper.com\/#website","url":"https:\/\/whitebirchpaper.com\/","name":"White Birch Paper","description":"","publisher":{"@id":"https:\/\/whitebirchpaper.com\/#organization"},"potentialAction":[{"@type":"SearchAction","target":{"@type":"EntryPoint","urlTemplate":"https:\/\/whitebirchpaper.com\/?s={search_term_string}"},"query-input":{"@type":"PropertyValueSpecification","valueRequired":true,"valueName":"search_term_string"}}],"inLanguage":"fr-FR"},{"@type":"Organization","@id":"https:\/\/whitebirchpaper.com\/#organization","name":"White Birch Paper","url":"https:\/\/whitebirchpaper.com\/","logo":{"@type":"ImageObject","inLanguage":"fr-FR","@id":"https:\/\/whitebirchpaper.com\/#\/schema\/logo\/image\/","url":"https:\/\/whitebirchpaper.com\/wp-content\/uploads\/logo-white-birch-paper.png","contentUrl":"https:\/\/whitebirchpaper.com\/wp-content\/uploads\/logo-white-birch-paper.png","width":395,"height":75,"caption":"White Birch Paper"},"image":{"@id":"https:\/\/whitebirchpaper.com\/#\/schema\/logo\/image\/"}}]}},"_links":{"self":[{"href":"https:\/\/whitebirchpaper.com\/fr\/wp-json\/wp\/v2\/pages\/1110","targetHints":{"allow":["GET"]}}],"collection":[{"href":"https:\/\/whitebirchpaper.com\/fr\/wp-json\/wp\/v2\/pages"}],"about":[{"href":"https:\/\/whitebirchpaper.com\/fr\/wp-json\/wp\/v2\/types\/page"}],"author":[{"embeddable":true,"href":"https:\/\/whitebirchpaper.com\/fr\/wp-json\/wp\/v2\/users\/19"}],"replies":[{"embeddable":true,"href":"https:\/\/whitebirchpaper.com\/fr\/wp-json\/wp\/v2\/comments?post=1110"}],"version-history":[{"count":0,"href":"https:\/\/whitebirchpaper.com\/fr\/wp-json\/wp\/v2\/pages\/1110\/revisions"}],"up":[{"embeddable":true,"href":"https:\/\/whitebirchpaper.com\/fr\/wp-json\/wp\/v2\/pages\/1091"}],"wp:featuredmedia":[{"embeddable":true,"href":"https:\/\/whitebirchpaper.com\/fr\/wp-json\/wp\/v2\/media\/1005"}],"wp:attachment":[{"href":"https:\/\/whitebirchpaper.com\/fr\/wp-json\/wp\/v2\/media?parent=1110"}],"curies":[{"name":"wp","href":"https:\/\/api.w.org\/{rel}","templated":true}]}}