{"id":1108,"date":"2015-11-24T22:40:42","date_gmt":"2015-11-25T03:40:42","guid":{"rendered":"https:\/\/whitebirchpaper.com\/fr\/about-us\/our-mills\/f-f-soucy-mill\/"},"modified":"2024-09-24T15:24:06","modified_gmt":"2024-09-24T19:24:06","slug":"usine-f-f-soucy","status":"publish","type":"page","link":"https:\/\/whitebirchpaper.com\/fr\/compagnie\/nos-usines\/usine-f-f-soucy\/","title":{"rendered":"Usine F.F. Soucy"},"content":{"rendered":"<h2>Rivi\u00e8re-du-Loup (Qu\u00e9bec) Canada<\/h2>\n<h3>Papier journal &amp; papiers pour usages sp\u00e9ciaux de qualit\u00e9<\/h3>\n<p>Lorsqu\u2019il s\u2019agit d\u2019efficacit\u00e9 de production et de durabilit\u00e9, l\u2019usine F.F. Soucy est chef de file depuis longtemps. F.F. Soucy est la premi\u00e8re usine de papier journal \u00e0 avoir re\u00e7u une certification ISO pour la qualit\u00e9. Plus r\u00e9cemment, les employ\u00e9s d\u00e9vou\u00e9s de F.F. Soucy ont travaill\u00e9 de concert pour d\u00e9velopper une grande vari\u00e9t\u00e9 de <a href=\"https:\/\/whitebirchpaper.com\/fr\/nos-produits\/papiers-commerciaux\/\">papiers commerciaux<\/a> et <a href=\"https:\/\/whitebirchpaper.com\/fr\/nos-produits\/papiers-pour-usages-speciaux\/\">papiers pour usages sp\u00e9ciaux<\/a> pour une grande vari\u00e9t\u00e9 d\u2019applications.<\/p>\n<p>Papiers White Birch continue de moderniser l\u2019usine, plus r\u00e9cemment avec l\u2019automatisation robotis\u00e9e qui a augment\u00e9 l\u2019efficacit\u00e9 et a r\u00e9duit les co\u00fbts de production. Aujourd\u2019hui, l\u2019usine continue d\u2019\u00eatre un endroit favorisant l\u2019innovation tout en livrant du <a href=\"https:\/\/whitebirchpaper.com\/fr\/nos-produits\/papier-journal\/\">papier journal<\/a> et du papier pour usages sp\u00e9ciaux d\u2019une qualit\u00e9 constante \u00e0 ses clients et aux march\u00e9s \u00e0 travers le monde.<\/p>\n<h3>Chef de file en efficacit\u00e9 et en D\u00c9VELOPPEMENT DURABLE<\/h3>\n<p>En outre, l\u2019usine est reconnue pour la r\u00e9duction de ses gaz \u00e0 effet de serre et le contr\u00f4le de sa consommation d\u2019eau.<\/p>\n<p>L\u2019usine F.F. Soucy produit environ 265\u2009000 tonnes m\u00e9triques de papier journal et de papier pour usages sp\u00e9ciaux annuellement gr\u00e2ce \u00e0 deux machines qui ont \u00e9t\u00e9 class\u00e9es parmi les 10 meilleures au monde.<\/p>\n<h3>Innovation et d\u00e9veloppement de nouveaux produits<\/h3>\n<p>L\u2019usine est nomm\u00e9e en l\u2019honneur de Fran\u00e7ois Florentin Soucy, un entrepreneur de la r\u00e9gion qui a construit une usine de p\u00e2te au sud de la ville de Rivi\u00e8re-du-Loup. L\u2019usine actuelle de F.F. Soucy, acquise par la famille Soucy en 1963 et par la BATO Company (aujourd\u2019hui Papiers White Birch) en 1973, demeure un endroit o\u00f9 Papiers White Birch se tourne vers l\u2019avenir pour l\u2019innovation et le d\u00e9veloppement de nouveaux produits.<\/p>\n<h3>le site de l&rsquo;usine f.f. soucy<\/h3>\n<p>Le site de l\u2019usine est aussi impressionnant que son histoire : elle est situ\u00e9e dans la courbe de la Rivi\u00e8re-du-Loup qui m\u00e9andre son chemin \u00e0 travers la petite ville du m\u00eame nom, parcourant sa route vers le fleuve Saint-Laurent \u00e0 proximit\u00e9. La ville de Rivi\u00e8re-du-Loup, une municipalit\u00e9 \u00e9conomique principale de la r\u00e9gion, est \u00e0 la crois\u00e9e des chemins du service et du d\u00e9veloppement avec une vari\u00e9t\u00e9 d\u2019entreprises. C\u2019est l\u2019endroit id\u00e9al pour l\u2019usine F.F. Soucy : dans une ville reconnue pour ses couch\u00e9s de soleil, F.F. Soucy continue de se tourner vers l\u2019avenir.<\/p>\n","protected":false},"excerpt":{"rendered":"<p>Rivi\u00e8re-du-Loup (Qu\u00e9bec) Canada Papier journal &amp; papiers pour usages sp\u00e9ciaux de qualit\u00e9 Lorsqu\u2019il s\u2019agit d\u2019efficacit\u00e9 de production et de durabilit\u00e9, l\u2019usine F.F. Soucy est chef de file depuis longtemps. F.F. Soucy est la premi\u00e8re usine de papier journal \u00e0 avoir re\u00e7u une certification ISO pour la qualit\u00e9. Plus r\u00e9cemment, les employ\u00e9s d\u00e9vou\u00e9s de F.F. Soucy [&hellip;]<\/p>\n","protected":false},"author":19,"featured_media":1001,"parent":1096,"menu_order":0,"comment_status":"closed","ping_status":"closed","template":"","meta":{"_acf_changed":false,"footnotes":""},"class_list":["post-1108","page","type-page","status-publish","hentry"],"acf":[],"yoast_head":"<!-- This site is optimized with the Yoast SEO plugin v27.3 - https:\/\/yoast.com\/product\/yoast-seo-wordpress\/ -->\n<title>Usine F.F. Soucy | Papiers White Birch<\/title>\n<meta name=\"description\" content=\"L&#039;usine F.F. Soucy fabrique 265 000 tonnes m\u00e9triques de papier journal et de papiers \u00e0 usages sp\u00e9ciaux avec deux machines qui ont \u00e9t\u00e9 cit\u00e9es parmis les 10 meilleures au monde.\" \/>\n<meta name=\"robots\" content=\"index, follow, max-snippet:-1, max-image-preview:large, max-video-preview:-1\" \/>\n<link rel=\"canonical\" href=\"https:\/\/whitebirchpaper.com\/fr\/compagnie\/nos-usines\/usine-f-f-soucy\/\" \/>\n<meta property=\"og:locale\" content=\"fr_FR\" \/>\n<meta property=\"og:type\" content=\"article\" \/>\n<meta property=\"og:title\" content=\"Usine F.F. Soucy | Papiers White Birch\" \/>\n<meta property=\"og:description\" content=\"L&#039;usine F.F. Soucy fabrique 265 000 tonnes m\u00e9triques de papier journal et de papiers \u00e0 usages sp\u00e9ciaux avec deux machines qui ont \u00e9t\u00e9 cit\u00e9es parmis les 10 meilleures au monde.\" \/>\n<meta property=\"og:url\" content=\"https:\/\/whitebirchpaper.com\/fr\/compagnie\/nos-usines\/usine-f-f-soucy\/\" \/>\n<meta property=\"og:site_name\" content=\"White Birch Paper\" \/>\n<meta property=\"article:modified_time\" content=\"2024-09-24T19:24:06+00:00\" \/>\n<meta property=\"og:image\" content=\"https:\/\/whitebirchpaper.com\/wp-content\/uploads\/ff-soucy.jpg\" \/>\n\t<meta property=\"og:image:width\" content=\"1298\" \/>\n\t<meta property=\"og:image:height\" content=\"164\" \/>\n\t<meta property=\"og:image:type\" content=\"image\/jpeg\" \/>\n<meta name=\"twitter:card\" content=\"summary_large_image\" \/>\n<meta name=\"twitter:label1\" content=\"Dur\u00e9e de lecture estim\u00e9e\" \/>\n\t<meta name=\"twitter:data1\" content=\"2 minutes\" \/>\n<script type=\"application\/ld+json\" class=\"yoast-schema-graph\">{\"@context\":\"https:\\\/\\\/schema.org\",\"@graph\":[{\"@type\":\"WebPage\",\"@id\":\"https:\\\/\\\/whitebirchpaper.com\\\/fr\\\/compagnie\\\/nos-usines\\\/usine-f-f-soucy\\\/\",\"url\":\"https:\\\/\\\/whitebirchpaper.com\\\/fr\\\/compagnie\\\/nos-usines\\\/usine-f-f-soucy\\\/\",\"name\":\"Usine F.F. Soucy | Papiers White Birch\",\"isPartOf\":{\"@id\":\"https:\\\/\\\/whitebirchpaper.com\\\/#website\"},\"primaryImageOfPage\":{\"@id\":\"https:\\\/\\\/whitebirchpaper.com\\\/fr\\\/compagnie\\\/nos-usines\\\/usine-f-f-soucy\\\/#primaryimage\"},\"image\":{\"@id\":\"https:\\\/\\\/whitebirchpaper.com\\\/fr\\\/compagnie\\\/nos-usines\\\/usine-f-f-soucy\\\/#primaryimage\"},\"thumbnailUrl\":\"https:\\\/\\\/whitebirchpaper.com\\\/wp-content\\\/uploads\\\/ff-soucy.jpg\",\"datePublished\":\"2015-11-25T03:40:42+00:00\",\"dateModified\":\"2024-09-24T19:24:06+00:00\",\"description\":\"L'usine F.F. Soucy fabrique 265 000 tonnes m\u00e9triques de papier journal et de papiers \u00e0 usages sp\u00e9ciaux avec deux machines qui ont \u00e9t\u00e9 cit\u00e9es parmis les 10 meilleures au monde.\",\"breadcrumb\":{\"@id\":\"https:\\\/\\\/whitebirchpaper.com\\\/fr\\\/compagnie\\\/nos-usines\\\/usine-f-f-soucy\\\/#breadcrumb\"},\"inLanguage\":\"fr-FR\",\"potentialAction\":[{\"@type\":\"ReadAction\",\"target\":[\"https:\\\/\\\/whitebirchpaper.com\\\/fr\\\/compagnie\\\/nos-usines\\\/usine-f-f-soucy\\\/\"]}]},{\"@type\":\"ImageObject\",\"inLanguage\":\"fr-FR\",\"@id\":\"https:\\\/\\\/whitebirchpaper.com\\\/fr\\\/compagnie\\\/nos-usines\\\/usine-f-f-soucy\\\/#primaryimage\",\"url\":\"https:\\\/\\\/whitebirchpaper.com\\\/wp-content\\\/uploads\\\/ff-soucy.jpg\",\"contentUrl\":\"https:\\\/\\\/whitebirchpaper.com\\\/wp-content\\\/uploads\\\/ff-soucy.jpg\",\"width\":1298,\"height\":164},{\"@type\":\"BreadcrumbList\",\"@id\":\"https:\\\/\\\/whitebirchpaper.com\\\/fr\\\/compagnie\\\/nos-usines\\\/usine-f-f-soucy\\\/#breadcrumb\",\"itemListElement\":[{\"@type\":\"ListItem\",\"position\":1,\"name\":\"Home\",\"item\":\"https:\\\/\\\/whitebirchpaper.com\\\/fr\\\/\"},{\"@type\":\"ListItem\",\"position\":2,\"name\":\"Compagnie\",\"item\":\"https:\\\/\\\/whitebirchpaper.com\\\/fr\\\/compagnie\\\/\"},{\"@type\":\"ListItem\",\"position\":3,\"name\":\"Nos usines\",\"item\":\"https:\\\/\\\/whitebirchpaper.com\\\/fr\\\/compagnie\\\/nos-usines\\\/\"},{\"@type\":\"ListItem\",\"position\":4,\"name\":\"Usine F.F. Soucy\"}]},{\"@type\":\"WebSite\",\"@id\":\"https:\\\/\\\/whitebirchpaper.com\\\/#website\",\"url\":\"https:\\\/\\\/whitebirchpaper.com\\\/\",\"name\":\"White Birch Paper\",\"description\":\"\",\"publisher\":{\"@id\":\"https:\\\/\\\/whitebirchpaper.com\\\/#organization\"},\"potentialAction\":[{\"@type\":\"SearchAction\",\"target\":{\"@type\":\"EntryPoint\",\"urlTemplate\":\"https:\\\/\\\/whitebirchpaper.com\\\/?s={search_term_string}\"},\"query-input\":{\"@type\":\"PropertyValueSpecification\",\"valueRequired\":true,\"valueName\":\"search_term_string\"}}],\"inLanguage\":\"fr-FR\"},{\"@type\":\"Organization\",\"@id\":\"https:\\\/\\\/whitebirchpaper.com\\\/#organization\",\"name\":\"White Birch Paper\",\"url\":\"https:\\\/\\\/whitebirchpaper.com\\\/\",\"logo\":{\"@type\":\"ImageObject\",\"inLanguage\":\"fr-FR\",\"@id\":\"https:\\\/\\\/whitebirchpaper.com\\\/#\\\/schema\\\/logo\\\/image\\\/\",\"url\":\"https:\\\/\\\/whitebirchpaper.com\\\/wp-content\\\/uploads\\\/logo-white-birch-paper.png\",\"contentUrl\":\"https:\\\/\\\/whitebirchpaper.com\\\/wp-content\\\/uploads\\\/logo-white-birch-paper.png\",\"width\":395,\"height\":75,\"caption\":\"White Birch Paper\"},\"image\":{\"@id\":\"https:\\\/\\\/whitebirchpaper.com\\\/#\\\/schema\\\/logo\\\/image\\\/\"}}]}<\/script>\n<!-- \/ Yoast SEO plugin. -->","yoast_head_json":{"title":"Usine F.F. Soucy | Papiers White Birch","description":"L'usine F.F. Soucy fabrique 265 000 tonnes m\u00e9triques de papier journal et de papiers \u00e0 usages sp\u00e9ciaux avec deux machines qui ont \u00e9t\u00e9 cit\u00e9es parmis les 10 meilleures au monde.","robots":{"index":"index","follow":"follow","max-snippet":"max-snippet:-1","max-image-preview":"max-image-preview:large","max-video-preview":"max-video-preview:-1"},"canonical":"https:\/\/whitebirchpaper.com\/fr\/compagnie\/nos-usines\/usine-f-f-soucy\/","og_locale":"fr_FR","og_type":"article","og_title":"Usine F.F. Soucy | Papiers White Birch","og_description":"L'usine F.F. Soucy fabrique 265 000 tonnes m\u00e9triques de papier journal et de papiers \u00e0 usages sp\u00e9ciaux avec deux machines qui ont \u00e9t\u00e9 cit\u00e9es parmis les 10 meilleures au monde.","og_url":"https:\/\/whitebirchpaper.com\/fr\/compagnie\/nos-usines\/usine-f-f-soucy\/","og_site_name":"White Birch Paper","article_modified_time":"2024-09-24T19:24:06+00:00","og_image":[{"width":1298,"height":164,"url":"https:\/\/whitebirchpaper.com\/wp-content\/uploads\/ff-soucy.jpg","type":"image\/jpeg"}],"twitter_card":"summary_large_image","twitter_misc":{"Dur\u00e9e de lecture estim\u00e9e":"2 minutes"},"schema":{"@context":"https:\/\/schema.org","@graph":[{"@type":"WebPage","@id":"https:\/\/whitebirchpaper.com\/fr\/compagnie\/nos-usines\/usine-f-f-soucy\/","url":"https:\/\/whitebirchpaper.com\/fr\/compagnie\/nos-usines\/usine-f-f-soucy\/","name":"Usine F.F. Soucy | Papiers White Birch","isPartOf":{"@id":"https:\/\/whitebirchpaper.com\/#website"},"primaryImageOfPage":{"@id":"https:\/\/whitebirchpaper.com\/fr\/compagnie\/nos-usines\/usine-f-f-soucy\/#primaryimage"},"image":{"@id":"https:\/\/whitebirchpaper.com\/fr\/compagnie\/nos-usines\/usine-f-f-soucy\/#primaryimage"},"thumbnailUrl":"https:\/\/whitebirchpaper.com\/wp-content\/uploads\/ff-soucy.jpg","datePublished":"2015-11-25T03:40:42+00:00","dateModified":"2024-09-24T19:24:06+00:00","description":"L'usine F.F. Soucy fabrique 265 000 tonnes m\u00e9triques de papier journal et de papiers \u00e0 usages sp\u00e9ciaux avec deux machines qui ont \u00e9t\u00e9 cit\u00e9es parmis les 10 meilleures au monde.","breadcrumb":{"@id":"https:\/\/whitebirchpaper.com\/fr\/compagnie\/nos-usines\/usine-f-f-soucy\/#breadcrumb"},"inLanguage":"fr-FR","potentialAction":[{"@type":"ReadAction","target":["https:\/\/whitebirchpaper.com\/fr\/compagnie\/nos-usines\/usine-f-f-soucy\/"]}]},{"@type":"ImageObject","inLanguage":"fr-FR","@id":"https:\/\/whitebirchpaper.com\/fr\/compagnie\/nos-usines\/usine-f-f-soucy\/#primaryimage","url":"https:\/\/whitebirchpaper.com\/wp-content\/uploads\/ff-soucy.jpg","contentUrl":"https:\/\/whitebirchpaper.com\/wp-content\/uploads\/ff-soucy.jpg","width":1298,"height":164},{"@type":"BreadcrumbList","@id":"https:\/\/whitebirchpaper.com\/fr\/compagnie\/nos-usines\/usine-f-f-soucy\/#breadcrumb","itemListElement":[{"@type":"ListItem","position":1,"name":"Home","item":"https:\/\/whitebirchpaper.com\/fr\/"},{"@type":"ListItem","position":2,"name":"Compagnie","item":"https:\/\/whitebirchpaper.com\/fr\/compagnie\/"},{"@type":"ListItem","position":3,"name":"Nos usines","item":"https:\/\/whitebirchpaper.com\/fr\/compagnie\/nos-usines\/"},{"@type":"ListItem","position":4,"name":"Usine F.F. Soucy"}]},{"@type":"WebSite","@id":"https:\/\/whitebirchpaper.com\/#website","url":"https:\/\/whitebirchpaper.com\/","name":"White Birch Paper","description":"","publisher":{"@id":"https:\/\/whitebirchpaper.com\/#organization"},"potentialAction":[{"@type":"SearchAction","target":{"@type":"EntryPoint","urlTemplate":"https:\/\/whitebirchpaper.com\/?s={search_term_string}"},"query-input":{"@type":"PropertyValueSpecification","valueRequired":true,"valueName":"search_term_string"}}],"inLanguage":"fr-FR"},{"@type":"Organization","@id":"https:\/\/whitebirchpaper.com\/#organization","name":"White Birch Paper","url":"https:\/\/whitebirchpaper.com\/","logo":{"@type":"ImageObject","inLanguage":"fr-FR","@id":"https:\/\/whitebirchpaper.com\/#\/schema\/logo\/image\/","url":"https:\/\/whitebirchpaper.com\/wp-content\/uploads\/logo-white-birch-paper.png","contentUrl":"https:\/\/whitebirchpaper.com\/wp-content\/uploads\/logo-white-birch-paper.png","width":395,"height":75,"caption":"White Birch Paper"},"image":{"@id":"https:\/\/whitebirchpaper.com\/#\/schema\/logo\/image\/"}}]}},"_links":{"self":[{"href":"https:\/\/whitebirchpaper.com\/fr\/wp-json\/wp\/v2\/pages\/1108","targetHints":{"allow":["GET"]}}],"collection":[{"href":"https:\/\/whitebirchpaper.com\/fr\/wp-json\/wp\/v2\/pages"}],"about":[{"href":"https:\/\/whitebirchpaper.com\/fr\/wp-json\/wp\/v2\/types\/page"}],"author":[{"embeddable":true,"href":"https:\/\/whitebirchpaper.com\/fr\/wp-json\/wp\/v2\/users\/19"}],"replies":[{"embeddable":true,"href":"https:\/\/whitebirchpaper.com\/fr\/wp-json\/wp\/v2\/comments?post=1108"}],"version-history":[{"count":0,"href":"https:\/\/whitebirchpaper.com\/fr\/wp-json\/wp\/v2\/pages\/1108\/revisions"}],"up":[{"embeddable":true,"href":"https:\/\/whitebirchpaper.com\/fr\/wp-json\/wp\/v2\/pages\/1096"}],"wp:featuredmedia":[{"embeddable":true,"href":"https:\/\/whitebirchpaper.com\/fr\/wp-json\/wp\/v2\/media\/1001"}],"wp:attachment":[{"href":"https:\/\/whitebirchpaper.com\/fr\/wp-json\/wp\/v2\/media?parent=1108"}],"curies":[{"name":"wp","href":"https:\/\/api.w.org\/{rel}","templated":true}]}}