{"id":1106,"date":"2015-11-24T23:32:58","date_gmt":"2015-11-25T04:32:58","guid":{"rendered":"https:\/\/whitebirchpaper.com\/fr\/about-us\/our-mills\/papier-masson\/"},"modified":"2016-09-18T10:29:46","modified_gmt":"2016-09-18T14:29:46","slug":"papier-masson","status":"publish","type":"page","link":"https:\/\/whitebirchpaper.com\/fr\/compagnie\/nos-usines\/papier-masson\/","title":{"rendered":"Papier Masson"},"content":{"rendered":"<h2>Gatineau (Qu\u00e9bec) Canada<\/h2>\n<p><em>L\u2019usine de Papier Masson continue de se tourner vers l\u2019avenir gr\u00e2ce au soutien de sa main-d\u2019\u0153uvre dynamique et motiv\u00e9e et continue \u00e0 apporter des am\u00e9liorations aux \u00e9quipements et aux proc\u00e9d\u00e9s pour conserver sa position de pionnier dans l\u2019industrie des p\u00e2tes et papiers.<\/em><\/p>\n<h3>Approvisionnement de papier journal de grande qualit\u00e9 \u00e0 travers le monde<\/h3>\n<p>Situ\u00e9 dans la section Masson-Angers de la ville de Gatineau, Qu\u00e9bec, Papier Masson s\u2019est joint \u00e0 la famille Papiers White Birch en 2006. L\u2019usine fabrique environ 240\u2009000 tonnes m\u00e9triques par ann\u00e9e de <a href=\"https:\/\/whitebirchpaper.com\/fr\/nos-produits\/papier-journal\/\">papier journal<\/a> de grande qualit\u00e9 avec de la p\u00e2te sur sa machine \u00e0 papier d\u2019une largeur de 8,4 m\u00e8tres. C\u2019est le plus grand proc\u00e9d\u00e9 de mise en p\u00e2te thermom\u00e9canique \u00e0 cha\u00eene unique.<\/p>\n<h3>\u00c9voluer avec la technologie<\/h3>\n<p>L\u2019usine de Papier Masson a ouvert ses portes en 1930, mais a subi plusieurs changements au fil des ans afin d\u2019\u00e9voluer avec la technologie. En 1985, les deux machines \u00e0 papier Dominion-Fourdrinier ont \u00e9t\u00e9 remplac\u00e9es par une machine d\u2019une largeur de 8,5 m\u00e8tres qui a am\u00e9lior\u00e9 la capacit\u00e9 et la qualit\u00e9. En 2000, la construction d\u2019une usine de p\u00e2te thermom\u00e9canique a \u00e9t\u00e9 finalis\u00e9e, faisant de Papier Masson la premi\u00e8re usine avec une machine \u00e0 papier \u00e0 cha\u00eene unique au monde tout en ayant r\u00e9ussi \u00e0 r\u00e9duire la pollution de l\u2019air et de l\u2019eau.<\/p>\n<h3>Une usine de papier propre, efficace et moderne<\/h3>\n<p>R\u00e9cemment, en 2014 l\u2019usine a enregistr\u00e9 sa meilleure ann\u00e9e en termes de production, d\u2019\u00e9conomies d\u2019\u00e9nergie, de sant\u00e9 et s\u00e9curit\u00e9. De plus, en 2015, de nouveaux robots ont \u00e9t\u00e9 install\u00e9s pour automatiser et am\u00e9liorer la qualit\u00e9 de l\u2019emballage des rouleaux. Suite \u00e0 ces am\u00e9liorations et gr\u00e2ce \u00e0 son d\u00e9vouement au service \u00e0 la client\u00e8le, Papier Masson est une installation propre, efficace et moderne.<\/p>\n<h3>le site de Papier Masson<\/h3>\n<p>Le site de 130 hectares de l\u2019usine est situ\u00e9 dans un endroit paisible et pittoresque pr\u00e8s du confluent de la Rivi\u00e8re-le-Li\u00e8vre et la rivi\u00e8re Ottawa. Gatineau est en bordure de la ville d\u2019Ottawa, le centre politique et technologique du Canada et se situe \u00e0 deux heures de route de Montr\u00e9al. Les autoroutes et les services de traversier \u00e0 proximit\u00e9 permettent aux employ\u00e9s de Papier Masson de garder le contact avec la r\u00e9gion environnante.<\/p>\n<h3>Une histoire de d\u00e9vouement et de loyaut\u00e9<\/h3>\n<p>Comme on pourrait s\u2019y attendre d\u2019une usine de plus de 85 ans, Papier Masson a jou\u00e9 un r\u00f4le important dans sa communaut\u00e9 de banlieue dont certains de ses employ\u00e9s sont de la deuxi\u00e8me ou troisi\u00e8me g\u00e9n\u00e9ration \u00e0 travailler \u00e0 l\u2019usine. Les employ\u00e9s de Papier Masson se caract\u00e9risent par leur d\u00e9vouement et leur loyaut\u00e9 ainsi que leur grande vari\u00e9t\u00e9 d\u2019\u00e2ges et d\u2019origines. En date de 2015, les employ\u00e9s de Papier Masson avaient travaill\u00e9 \u00e0 l\u2019usine une moyenne de 20 ans.<\/p>\n<p>Les employ\u00e9s de l\u2019usine de Papier Masson travaillent aussi de concert pour appuyer plusieurs organisations, y compris <a href=\"https:\/\/www.centraideottawa.ca\/\">Centraide Outaouais<\/a> (une OSBL qui offre des ressources financi\u00e8res pour r\u00e9pondre \u00e0 des d\u00e9fis au niveau communautaire), la <a href=\"https:\/\/fondationsantedepapineau.ca\/\">Fondation Sant\u00e9 de Papineau<\/a> pour des services de soutien en soins de sant\u00e9, et les <a href=\"https:\/\/www.lhjaaaq.com\/fr\/index.html\">Flames de Gatineau<\/a>, une ligue de hockey junior.<\/p>\n","protected":false},"excerpt":{"rendered":"<p>Gatineau (Qu\u00e9bec) Canada L\u2019usine de Papier Masson continue de se tourner vers l\u2019avenir gr\u00e2ce au soutien de sa main-d\u2019\u0153uvre dynamique et motiv\u00e9e et continue \u00e0 apporter des am\u00e9liorations aux \u00e9quipements et aux proc\u00e9d\u00e9s pour conserver sa position de pionnier dans l\u2019industrie des p\u00e2tes et papiers. Approvisionnement de papier journal de grande qualit\u00e9 \u00e0 travers le [&hellip;]<\/p>\n","protected":false},"author":19,"featured_media":1002,"parent":1096,"menu_order":2,"comment_status":"closed","ping_status":"closed","template":"","meta":{"_acf_changed":false,"footnotes":""},"class_list":["post-1106","page","type-page","status-publish","hentry"],"acf":[],"yoast_head":"<!-- This site is optimized with the Yoast SEO plugin v27.3 - https:\/\/yoast.com\/product\/yoast-seo-wordpress\/ -->\n<title>Usine Papier Masson | Papiers White Birch<\/title>\n<meta name=\"description\" content=\"L&#039;usine Papier Masson fabrique 240 000 tonnes m\u00e9triques de papier journal par ann\u00e9e et poss\u00e8de plus grand proc\u00e9d\u00e9 de mise en p\u00e2te thermom\u00e9canique \u00e0 cha\u00eene unique.\" \/>\n<meta name=\"robots\" content=\"index, follow, max-snippet:-1, max-image-preview:large, max-video-preview:-1\" \/>\n<link rel=\"canonical\" href=\"https:\/\/whitebirchpaper.com\/fr\/compagnie\/nos-usines\/papier-masson\/\" \/>\n<meta property=\"og:locale\" content=\"fr_FR\" \/>\n<meta property=\"og:type\" content=\"article\" \/>\n<meta property=\"og:title\" content=\"Usine Papier Masson | Papiers White Birch\" \/>\n<meta property=\"og:description\" content=\"L&#039;usine Papier Masson fabrique 240 000 tonnes m\u00e9triques de papier journal par ann\u00e9e et poss\u00e8de plus grand proc\u00e9d\u00e9 de mise en p\u00e2te thermom\u00e9canique \u00e0 cha\u00eene unique.\" \/>\n<meta property=\"og:url\" content=\"https:\/\/whitebirchpaper.com\/fr\/compagnie\/nos-usines\/papier-masson\/\" \/>\n<meta property=\"og:site_name\" content=\"White Birch Paper\" \/>\n<meta property=\"article:modified_time\" content=\"2016-09-18T14:29:46+00:00\" \/>\n<meta property=\"og:image\" content=\"https:\/\/whitebirchpaper.com\/wp-content\/uploads\/papier-masson.jpg\" \/>\n\t<meta property=\"og:image:width\" content=\"1298\" \/>\n\t<meta property=\"og:image:height\" content=\"164\" \/>\n\t<meta property=\"og:image:type\" content=\"image\/jpeg\" \/>\n<meta name=\"twitter:card\" content=\"summary_large_image\" \/>\n<meta name=\"twitter:label1\" content=\"Dur\u00e9e de lecture estim\u00e9e\" \/>\n\t<meta name=\"twitter:data1\" content=\"3 minutes\" \/>\n<script type=\"application\/ld+json\" class=\"yoast-schema-graph\">{\"@context\":\"https:\\\/\\\/schema.org\",\"@graph\":[{\"@type\":\"WebPage\",\"@id\":\"https:\\\/\\\/whitebirchpaper.com\\\/fr\\\/compagnie\\\/nos-usines\\\/papier-masson\\\/\",\"url\":\"https:\\\/\\\/whitebirchpaper.com\\\/fr\\\/compagnie\\\/nos-usines\\\/papier-masson\\\/\",\"name\":\"Usine Papier Masson | Papiers White Birch\",\"isPartOf\":{\"@id\":\"https:\\\/\\\/whitebirchpaper.com\\\/#website\"},\"primaryImageOfPage\":{\"@id\":\"https:\\\/\\\/whitebirchpaper.com\\\/fr\\\/compagnie\\\/nos-usines\\\/papier-masson\\\/#primaryimage\"},\"image\":{\"@id\":\"https:\\\/\\\/whitebirchpaper.com\\\/fr\\\/compagnie\\\/nos-usines\\\/papier-masson\\\/#primaryimage\"},\"thumbnailUrl\":\"https:\\\/\\\/whitebirchpaper.com\\\/wp-content\\\/uploads\\\/papier-masson.jpg\",\"datePublished\":\"2015-11-25T04:32:58+00:00\",\"dateModified\":\"2016-09-18T14:29:46+00:00\",\"description\":\"L'usine Papier Masson fabrique 240 000 tonnes m\u00e9triques de papier journal par ann\u00e9e et poss\u00e8de plus grand proc\u00e9d\u00e9 de mise en p\u00e2te thermom\u00e9canique \u00e0 cha\u00eene unique.\",\"breadcrumb\":{\"@id\":\"https:\\\/\\\/whitebirchpaper.com\\\/fr\\\/compagnie\\\/nos-usines\\\/papier-masson\\\/#breadcrumb\"},\"inLanguage\":\"fr-FR\",\"potentialAction\":[{\"@type\":\"ReadAction\",\"target\":[\"https:\\\/\\\/whitebirchpaper.com\\\/fr\\\/compagnie\\\/nos-usines\\\/papier-masson\\\/\"]}]},{\"@type\":\"ImageObject\",\"inLanguage\":\"fr-FR\",\"@id\":\"https:\\\/\\\/whitebirchpaper.com\\\/fr\\\/compagnie\\\/nos-usines\\\/papier-masson\\\/#primaryimage\",\"url\":\"https:\\\/\\\/whitebirchpaper.com\\\/wp-content\\\/uploads\\\/papier-masson.jpg\",\"contentUrl\":\"https:\\\/\\\/whitebirchpaper.com\\\/wp-content\\\/uploads\\\/papier-masson.jpg\",\"width\":1298,\"height\":164},{\"@type\":\"BreadcrumbList\",\"@id\":\"https:\\\/\\\/whitebirchpaper.com\\\/fr\\\/compagnie\\\/nos-usines\\\/papier-masson\\\/#breadcrumb\",\"itemListElement\":[{\"@type\":\"ListItem\",\"position\":1,\"name\":\"Home\",\"item\":\"https:\\\/\\\/whitebirchpaper.com\\\/fr\\\/\"},{\"@type\":\"ListItem\",\"position\":2,\"name\":\"Compagnie\",\"item\":\"https:\\\/\\\/whitebirchpaper.com\\\/fr\\\/compagnie\\\/\"},{\"@type\":\"ListItem\",\"position\":3,\"name\":\"Nos usines\",\"item\":\"https:\\\/\\\/whitebirchpaper.com\\\/fr\\\/compagnie\\\/nos-usines\\\/\"},{\"@type\":\"ListItem\",\"position\":4,\"name\":\"Papier Masson\"}]},{\"@type\":\"WebSite\",\"@id\":\"https:\\\/\\\/whitebirchpaper.com\\\/#website\",\"url\":\"https:\\\/\\\/whitebirchpaper.com\\\/\",\"name\":\"White Birch Paper\",\"description\":\"\",\"publisher\":{\"@id\":\"https:\\\/\\\/whitebirchpaper.com\\\/#organization\"},\"potentialAction\":[{\"@type\":\"SearchAction\",\"target\":{\"@type\":\"EntryPoint\",\"urlTemplate\":\"https:\\\/\\\/whitebirchpaper.com\\\/?s={search_term_string}\"},\"query-input\":{\"@type\":\"PropertyValueSpecification\",\"valueRequired\":true,\"valueName\":\"search_term_string\"}}],\"inLanguage\":\"fr-FR\"},{\"@type\":\"Organization\",\"@id\":\"https:\\\/\\\/whitebirchpaper.com\\\/#organization\",\"name\":\"White Birch Paper\",\"url\":\"https:\\\/\\\/whitebirchpaper.com\\\/\",\"logo\":{\"@type\":\"ImageObject\",\"inLanguage\":\"fr-FR\",\"@id\":\"https:\\\/\\\/whitebirchpaper.com\\\/#\\\/schema\\\/logo\\\/image\\\/\",\"url\":\"https:\\\/\\\/whitebirchpaper.com\\\/wp-content\\\/uploads\\\/logo-white-birch-paper.png\",\"contentUrl\":\"https:\\\/\\\/whitebirchpaper.com\\\/wp-content\\\/uploads\\\/logo-white-birch-paper.png\",\"width\":395,\"height\":75,\"caption\":\"White Birch Paper\"},\"image\":{\"@id\":\"https:\\\/\\\/whitebirchpaper.com\\\/#\\\/schema\\\/logo\\\/image\\\/\"}}]}<\/script>\n<!-- \/ Yoast SEO plugin. -->","yoast_head_json":{"title":"Usine Papier Masson | Papiers White Birch","description":"L'usine Papier Masson fabrique 240 000 tonnes m\u00e9triques de papier journal par ann\u00e9e et poss\u00e8de plus grand proc\u00e9d\u00e9 de mise en p\u00e2te thermom\u00e9canique \u00e0 cha\u00eene unique.","robots":{"index":"index","follow":"follow","max-snippet":"max-snippet:-1","max-image-preview":"max-image-preview:large","max-video-preview":"max-video-preview:-1"},"canonical":"https:\/\/whitebirchpaper.com\/fr\/compagnie\/nos-usines\/papier-masson\/","og_locale":"fr_FR","og_type":"article","og_title":"Usine Papier Masson | Papiers White Birch","og_description":"L'usine Papier Masson fabrique 240 000 tonnes m\u00e9triques de papier journal par ann\u00e9e et poss\u00e8de plus grand proc\u00e9d\u00e9 de mise en p\u00e2te thermom\u00e9canique \u00e0 cha\u00eene unique.","og_url":"https:\/\/whitebirchpaper.com\/fr\/compagnie\/nos-usines\/papier-masson\/","og_site_name":"White Birch Paper","article_modified_time":"2016-09-18T14:29:46+00:00","og_image":[{"width":1298,"height":164,"url":"https:\/\/whitebirchpaper.com\/wp-content\/uploads\/papier-masson.jpg","type":"image\/jpeg"}],"twitter_card":"summary_large_image","twitter_misc":{"Dur\u00e9e de lecture estim\u00e9e":"3 minutes"},"schema":{"@context":"https:\/\/schema.org","@graph":[{"@type":"WebPage","@id":"https:\/\/whitebirchpaper.com\/fr\/compagnie\/nos-usines\/papier-masson\/","url":"https:\/\/whitebirchpaper.com\/fr\/compagnie\/nos-usines\/papier-masson\/","name":"Usine Papier Masson | Papiers White Birch","isPartOf":{"@id":"https:\/\/whitebirchpaper.com\/#website"},"primaryImageOfPage":{"@id":"https:\/\/whitebirchpaper.com\/fr\/compagnie\/nos-usines\/papier-masson\/#primaryimage"},"image":{"@id":"https:\/\/whitebirchpaper.com\/fr\/compagnie\/nos-usines\/papier-masson\/#primaryimage"},"thumbnailUrl":"https:\/\/whitebirchpaper.com\/wp-content\/uploads\/papier-masson.jpg","datePublished":"2015-11-25T04:32:58+00:00","dateModified":"2016-09-18T14:29:46+00:00","description":"L'usine Papier Masson fabrique 240 000 tonnes m\u00e9triques de papier journal par ann\u00e9e et poss\u00e8de plus grand proc\u00e9d\u00e9 de mise en p\u00e2te thermom\u00e9canique \u00e0 cha\u00eene unique.","breadcrumb":{"@id":"https:\/\/whitebirchpaper.com\/fr\/compagnie\/nos-usines\/papier-masson\/#breadcrumb"},"inLanguage":"fr-FR","potentialAction":[{"@type":"ReadAction","target":["https:\/\/whitebirchpaper.com\/fr\/compagnie\/nos-usines\/papier-masson\/"]}]},{"@type":"ImageObject","inLanguage":"fr-FR","@id":"https:\/\/whitebirchpaper.com\/fr\/compagnie\/nos-usines\/papier-masson\/#primaryimage","url":"https:\/\/whitebirchpaper.com\/wp-content\/uploads\/papier-masson.jpg","contentUrl":"https:\/\/whitebirchpaper.com\/wp-content\/uploads\/papier-masson.jpg","width":1298,"height":164},{"@type":"BreadcrumbList","@id":"https:\/\/whitebirchpaper.com\/fr\/compagnie\/nos-usines\/papier-masson\/#breadcrumb","itemListElement":[{"@type":"ListItem","position":1,"name":"Home","item":"https:\/\/whitebirchpaper.com\/fr\/"},{"@type":"ListItem","position":2,"name":"Compagnie","item":"https:\/\/whitebirchpaper.com\/fr\/compagnie\/"},{"@type":"ListItem","position":3,"name":"Nos usines","item":"https:\/\/whitebirchpaper.com\/fr\/compagnie\/nos-usines\/"},{"@type":"ListItem","position":4,"name":"Papier Masson"}]},{"@type":"WebSite","@id":"https:\/\/whitebirchpaper.com\/#website","url":"https:\/\/whitebirchpaper.com\/","name":"White Birch Paper","description":"","publisher":{"@id":"https:\/\/whitebirchpaper.com\/#organization"},"potentialAction":[{"@type":"SearchAction","target":{"@type":"EntryPoint","urlTemplate":"https:\/\/whitebirchpaper.com\/?s={search_term_string}"},"query-input":{"@type":"PropertyValueSpecification","valueRequired":true,"valueName":"search_term_string"}}],"inLanguage":"fr-FR"},{"@type":"Organization","@id":"https:\/\/whitebirchpaper.com\/#organization","name":"White Birch Paper","url":"https:\/\/whitebirchpaper.com\/","logo":{"@type":"ImageObject","inLanguage":"fr-FR","@id":"https:\/\/whitebirchpaper.com\/#\/schema\/logo\/image\/","url":"https:\/\/whitebirchpaper.com\/wp-content\/uploads\/logo-white-birch-paper.png","contentUrl":"https:\/\/whitebirchpaper.com\/wp-content\/uploads\/logo-white-birch-paper.png","width":395,"height":75,"caption":"White Birch Paper"},"image":{"@id":"https:\/\/whitebirchpaper.com\/#\/schema\/logo\/image\/"}}]}},"_links":{"self":[{"href":"https:\/\/whitebirchpaper.com\/fr\/wp-json\/wp\/v2\/pages\/1106","targetHints":{"allow":["GET"]}}],"collection":[{"href":"https:\/\/whitebirchpaper.com\/fr\/wp-json\/wp\/v2\/pages"}],"about":[{"href":"https:\/\/whitebirchpaper.com\/fr\/wp-json\/wp\/v2\/types\/page"}],"author":[{"embeddable":true,"href":"https:\/\/whitebirchpaper.com\/fr\/wp-json\/wp\/v2\/users\/19"}],"replies":[{"embeddable":true,"href":"https:\/\/whitebirchpaper.com\/fr\/wp-json\/wp\/v2\/comments?post=1106"}],"version-history":[{"count":0,"href":"https:\/\/whitebirchpaper.com\/fr\/wp-json\/wp\/v2\/pages\/1106\/revisions"}],"up":[{"embeddable":true,"href":"https:\/\/whitebirchpaper.com\/fr\/wp-json\/wp\/v2\/pages\/1096"}],"wp:featuredmedia":[{"embeddable":true,"href":"https:\/\/whitebirchpaper.com\/fr\/wp-json\/wp\/v2\/media\/1002"}],"wp:attachment":[{"href":"https:\/\/whitebirchpaper.com\/fr\/wp-json\/wp\/v2\/media?parent=1106"}],"curies":[{"name":"wp","href":"https:\/\/api.w.org\/{rel}","templated":true}]}}