{"id":1104,"date":"2015-12-03T15:17:52","date_gmt":"2015-12-03T20:17:52","guid":{"rendered":"https:\/\/whitebirchpaper.com\/fr\/about-us\/leadership\/peter-m-brant\/"},"modified":"2017-01-20T10:40:10","modified_gmt":"2017-01-20T15:40:10","slug":"peter-brant","status":"publish","type":"page","link":"https:\/\/whitebirchpaper.com\/fr\/compagnie\/leadership\/peter-brant\/","title":{"rendered":"Peter M. Brant"},"content":{"rendered":"<h2>Pr\u00e9sident du conseil d\u2019administration &amp; chef de la direction<\/h2>\n<p><img loading=\"lazy\" decoding=\"async\" class=\"alignleft size-full wp-image-223\" src=\"https:\/\/whitebirchpaper.com\/wp-content\/uploads\/thumb-peter-brant.jpg\" alt=\"Peter Brandt, CEO, White Birch Paper\" width=\"300\" height=\"331\" \/><\/p>\n<p>Avec plus de 40 ans d\u2019exp\u00e9rience dans l\u2019industrie des p\u00e2tes et papiers, Peter Brant est la force motrice derri\u00e8re la croissance de Papiers White Birch et ses filiales depuis les ann\u00e9es \u201970. Durant cette p\u00e9riode, M. Brant a transform\u00e9 BATO Company, une compagnie cofond\u00e9e par son p\u00e8re Murray Brant en 1941, d\u2019un transformateur et courtier de papier \u00e0 un chef de file en production de papier journal. Sous sa direction, la capacit\u00e9 manufacturi\u00e8re annuelle de la compagnie a augment\u00e9 de moins de 100\u2009000 tonnes m\u00e9triques \u00e0 plus d\u2019un million de tonnes m\u00e9triques, r\u00e9parties entre les quatre usines de papiers aux \u00c9tats-Unis et au Canada, faisant de White Birch le deuxi\u00e8me plus grand producteur de papier journal en Am\u00e9rique du Nord.<\/p>\n<p>En plus de ses responsabilit\u00e9s chez White Birch, M. Brant est un philanthrope, un sportif et un collectionneur d\u2019\u0153uvres d\u2019art. Comme objectif philanthropique principal, M. Brant a fond\u00e9 The Brant Foundation et The Brant Foundation Art Study Center, tous deux ayant pignon sur rue \u00e0 Greenwich au Connecticut. Ces organisations favorisent l\u2019\u00e9ducation et l\u2019appr\u00e9ciation de l\u2019art et le design contemporain.<\/p>\n<p>M. Brant a depuis longtemps \u00e9t\u00e9 un supporteur des grands mus\u00e9es. Il est membre du conseil consultatif du Andy Warhol Museum \u00e0 Pittsburgh, si\u00e8ge sur le comit\u00e9 consultatif artistique \u00e0 Hunter College \u00e0 New York et il est membre du Department of Modern and Contemporary Art\u2019s Visiting Committee du Metropolitan Museum of Art \u00e0 New York. Un ancien fiduciaire du Solomon R. Guggenheim Foundation et du Museum of Contemporary Art \u00e0 Los Angeles, M. Brant s\u2019est vu octroy\u00e9 en 2013, l\u2019American Art Award par le Whitney Museum of American Art pour son engagement dans le domaine des arts. En 2015, M. Brant a \u00e9t\u00e9 honor\u00e9 par le New York Academy of Art et a aussi re\u00e7u le Montblanc de la Culture Arts Patronage Award pour son engagement aux arts et sa philanthropie.<\/p>\n","protected":false},"excerpt":{"rendered":"<p>Pr\u00e9sident du conseil d\u2019administration &amp; chef de la direction Avec plus de 40 ans d\u2019exp\u00e9rience dans l\u2019industrie des p\u00e2tes et papiers, Peter Brant est la force motrice derri\u00e8re la croissance de Papiers White Birch et ses filiales depuis les ann\u00e9es \u201970. Durant cette p\u00e9riode, M. Brant a transform\u00e9 BATO Company, une compagnie cofond\u00e9e par son [&hellip;]<\/p>\n","protected":false},"author":19,"featured_media":0,"parent":1097,"menu_order":0,"comment_status":"closed","ping_status":"closed","template":"","meta":{"_acf_changed":false,"footnotes":""},"class_list":["post-1104","page","type-page","status-publish","hentry"],"acf":[],"yoast_head":"<!-- This site is optimized with the Yoast SEO plugin v27.4 - https:\/\/yoast.com\/product\/yoast-seo-wordpress\/ -->\n<title>Peter M. Brandt | Chef de la direction Papiers White Birch<\/title>\n<meta name=\"description\" content=\"Avec plus de 40 ans d\u2019exp\u00e9rience dans l\u2019industrie des p\u00e2tes et papiers, Peter Brant est la force motrice derri\u00e8re la croissance de Papiers White Birch\" \/>\n<meta name=\"robots\" content=\"index, follow, max-snippet:-1, max-image-preview:large, max-video-preview:-1\" \/>\n<link rel=\"canonical\" href=\"https:\/\/whitebirchpaper.com\/fr\/compagnie\/leadership\/peter-brant\/\" \/>\n<meta property=\"og:locale\" content=\"fr_FR\" \/>\n<meta property=\"og:type\" content=\"article\" \/>\n<meta property=\"og:title\" content=\"Peter M. Brandt | Chef de la direction Papiers White Birch\" \/>\n<meta property=\"og:description\" content=\"Avec plus de 40 ans d\u2019exp\u00e9rience dans l\u2019industrie des p\u00e2tes et papiers, Peter Brant est la force motrice derri\u00e8re la croissance de Papiers White Birch\" \/>\n<meta property=\"og:url\" content=\"https:\/\/whitebirchpaper.com\/fr\/compagnie\/leadership\/peter-brant\/\" \/>\n<meta property=\"og:site_name\" content=\"White Birch Paper\" \/>\n<meta property=\"article:modified_time\" content=\"2017-01-20T15:40:10+00:00\" \/>\n<meta property=\"og:image\" content=\"https:\/\/whitebirchpaper.com\/wp-content\/uploads\/thumb-peter-brant.jpg\" \/>\n<meta name=\"twitter:card\" content=\"summary_large_image\" \/>\n<meta name=\"twitter:label1\" content=\"Dur\u00e9e de lecture estim\u00e9e\" \/>\n\t<meta name=\"twitter:data1\" content=\"2 minutes\" \/>\n<script type=\"application\/ld+json\" class=\"yoast-schema-graph\">{\"@context\":\"https:\\\/\\\/schema.org\",\"@graph\":[{\"@type\":\"WebPage\",\"@id\":\"https:\\\/\\\/whitebirchpaper.com\\\/fr\\\/compagnie\\\/leadership\\\/peter-brant\\\/\",\"url\":\"https:\\\/\\\/whitebirchpaper.com\\\/fr\\\/compagnie\\\/leadership\\\/peter-brant\\\/\",\"name\":\"Peter M. Brandt | Chef de la direction Papiers White Birch\",\"isPartOf\":{\"@id\":\"https:\\\/\\\/whitebirchpaper.com\\\/#website\"},\"primaryImageOfPage\":{\"@id\":\"https:\\\/\\\/whitebirchpaper.com\\\/fr\\\/compagnie\\\/leadership\\\/peter-brant\\\/#primaryimage\"},\"image\":{\"@id\":\"https:\\\/\\\/whitebirchpaper.com\\\/fr\\\/compagnie\\\/leadership\\\/peter-brant\\\/#primaryimage\"},\"thumbnailUrl\":\"https:\\\/\\\/whitebirchpaper.com\\\/wp-content\\\/uploads\\\/thumb-peter-brant.jpg\",\"datePublished\":\"2015-12-03T20:17:52+00:00\",\"dateModified\":\"2017-01-20T15:40:10+00:00\",\"description\":\"Avec plus de 40 ans d\u2019exp\u00e9rience dans l\u2019industrie des p\u00e2tes et papiers, Peter Brant est la force motrice derri\u00e8re la croissance de Papiers White Birch\",\"breadcrumb\":{\"@id\":\"https:\\\/\\\/whitebirchpaper.com\\\/fr\\\/compagnie\\\/leadership\\\/peter-brant\\\/#breadcrumb\"},\"inLanguage\":\"fr-FR\",\"potentialAction\":[{\"@type\":\"ReadAction\",\"target\":[\"https:\\\/\\\/whitebirchpaper.com\\\/fr\\\/compagnie\\\/leadership\\\/peter-brant\\\/\"]}]},{\"@type\":\"ImageObject\",\"inLanguage\":\"fr-FR\",\"@id\":\"https:\\\/\\\/whitebirchpaper.com\\\/fr\\\/compagnie\\\/leadership\\\/peter-brant\\\/#primaryimage\",\"url\":\"https:\\\/\\\/whitebirchpaper.com\\\/wp-content\\\/uploads\\\/thumb-peter-brant.jpg\",\"contentUrl\":\"https:\\\/\\\/whitebirchpaper.com\\\/wp-content\\\/uploads\\\/thumb-peter-brant.jpg\"},{\"@type\":\"BreadcrumbList\",\"@id\":\"https:\\\/\\\/whitebirchpaper.com\\\/fr\\\/compagnie\\\/leadership\\\/peter-brant\\\/#breadcrumb\",\"itemListElement\":[{\"@type\":\"ListItem\",\"position\":1,\"name\":\"Home\",\"item\":\"https:\\\/\\\/whitebirchpaper.com\\\/fr\\\/\"},{\"@type\":\"ListItem\",\"position\":2,\"name\":\"Compagnie\",\"item\":\"https:\\\/\\\/whitebirchpaper.com\\\/fr\\\/compagnie\\\/\"},{\"@type\":\"ListItem\",\"position\":3,\"name\":\"Leadership\",\"item\":\"https:\\\/\\\/whitebirchpaper.com\\\/fr\\\/compagnie\\\/leadership\\\/\"},{\"@type\":\"ListItem\",\"position\":4,\"name\":\"Peter M. Brant\"}]},{\"@type\":\"WebSite\",\"@id\":\"https:\\\/\\\/whitebirchpaper.com\\\/#website\",\"url\":\"https:\\\/\\\/whitebirchpaper.com\\\/\",\"name\":\"White Birch Paper\",\"description\":\"\",\"publisher\":{\"@id\":\"https:\\\/\\\/whitebirchpaper.com\\\/#organization\"},\"potentialAction\":[{\"@type\":\"SearchAction\",\"target\":{\"@type\":\"EntryPoint\",\"urlTemplate\":\"https:\\\/\\\/whitebirchpaper.com\\\/?s={search_term_string}\"},\"query-input\":{\"@type\":\"PropertyValueSpecification\",\"valueRequired\":true,\"valueName\":\"search_term_string\"}}],\"inLanguage\":\"fr-FR\"},{\"@type\":\"Organization\",\"@id\":\"https:\\\/\\\/whitebirchpaper.com\\\/#organization\",\"name\":\"White Birch Paper\",\"url\":\"https:\\\/\\\/whitebirchpaper.com\\\/\",\"logo\":{\"@type\":\"ImageObject\",\"inLanguage\":\"fr-FR\",\"@id\":\"https:\\\/\\\/whitebirchpaper.com\\\/#\\\/schema\\\/logo\\\/image\\\/\",\"url\":\"https:\\\/\\\/whitebirchpaper.com\\\/wp-content\\\/uploads\\\/logo-white-birch-paper.png\",\"contentUrl\":\"https:\\\/\\\/whitebirchpaper.com\\\/wp-content\\\/uploads\\\/logo-white-birch-paper.png\",\"width\":395,\"height\":75,\"caption\":\"White Birch Paper\"},\"image\":{\"@id\":\"https:\\\/\\\/whitebirchpaper.com\\\/#\\\/schema\\\/logo\\\/image\\\/\"}}]}<\/script>\n<!-- \/ Yoast SEO plugin. -->","yoast_head_json":{"title":"Peter M. Brandt | Chef de la direction Papiers White Birch","description":"Avec plus de 40 ans d\u2019exp\u00e9rience dans l\u2019industrie des p\u00e2tes et papiers, Peter Brant est la force motrice derri\u00e8re la croissance de Papiers White Birch","robots":{"index":"index","follow":"follow","max-snippet":"max-snippet:-1","max-image-preview":"max-image-preview:large","max-video-preview":"max-video-preview:-1"},"canonical":"https:\/\/whitebirchpaper.com\/fr\/compagnie\/leadership\/peter-brant\/","og_locale":"fr_FR","og_type":"article","og_title":"Peter M. Brandt | Chef de la direction Papiers White Birch","og_description":"Avec plus de 40 ans d\u2019exp\u00e9rience dans l\u2019industrie des p\u00e2tes et papiers, Peter Brant est la force motrice derri\u00e8re la croissance de Papiers White Birch","og_url":"https:\/\/whitebirchpaper.com\/fr\/compagnie\/leadership\/peter-brant\/","og_site_name":"White Birch Paper","article_modified_time":"2017-01-20T15:40:10+00:00","og_image":[{"url":"https:\/\/whitebirchpaper.com\/wp-content\/uploads\/thumb-peter-brant.jpg","type":"","width":"","height":""}],"twitter_card":"summary_large_image","twitter_misc":{"Dur\u00e9e de lecture estim\u00e9e":"2 minutes"},"schema":{"@context":"https:\/\/schema.org","@graph":[{"@type":"WebPage","@id":"https:\/\/whitebirchpaper.com\/fr\/compagnie\/leadership\/peter-brant\/","url":"https:\/\/whitebirchpaper.com\/fr\/compagnie\/leadership\/peter-brant\/","name":"Peter M. Brandt | Chef de la direction Papiers White Birch","isPartOf":{"@id":"https:\/\/whitebirchpaper.com\/#website"},"primaryImageOfPage":{"@id":"https:\/\/whitebirchpaper.com\/fr\/compagnie\/leadership\/peter-brant\/#primaryimage"},"image":{"@id":"https:\/\/whitebirchpaper.com\/fr\/compagnie\/leadership\/peter-brant\/#primaryimage"},"thumbnailUrl":"https:\/\/whitebirchpaper.com\/wp-content\/uploads\/thumb-peter-brant.jpg","datePublished":"2015-12-03T20:17:52+00:00","dateModified":"2017-01-20T15:40:10+00:00","description":"Avec plus de 40 ans d\u2019exp\u00e9rience dans l\u2019industrie des p\u00e2tes et papiers, Peter Brant est la force motrice derri\u00e8re la croissance de Papiers White Birch","breadcrumb":{"@id":"https:\/\/whitebirchpaper.com\/fr\/compagnie\/leadership\/peter-brant\/#breadcrumb"},"inLanguage":"fr-FR","potentialAction":[{"@type":"ReadAction","target":["https:\/\/whitebirchpaper.com\/fr\/compagnie\/leadership\/peter-brant\/"]}]},{"@type":"ImageObject","inLanguage":"fr-FR","@id":"https:\/\/whitebirchpaper.com\/fr\/compagnie\/leadership\/peter-brant\/#primaryimage","url":"https:\/\/whitebirchpaper.com\/wp-content\/uploads\/thumb-peter-brant.jpg","contentUrl":"https:\/\/whitebirchpaper.com\/wp-content\/uploads\/thumb-peter-brant.jpg"},{"@type":"BreadcrumbList","@id":"https:\/\/whitebirchpaper.com\/fr\/compagnie\/leadership\/peter-brant\/#breadcrumb","itemListElement":[{"@type":"ListItem","position":1,"name":"Home","item":"https:\/\/whitebirchpaper.com\/fr\/"},{"@type":"ListItem","position":2,"name":"Compagnie","item":"https:\/\/whitebirchpaper.com\/fr\/compagnie\/"},{"@type":"ListItem","position":3,"name":"Leadership","item":"https:\/\/whitebirchpaper.com\/fr\/compagnie\/leadership\/"},{"@type":"ListItem","position":4,"name":"Peter M. Brant"}]},{"@type":"WebSite","@id":"https:\/\/whitebirchpaper.com\/#website","url":"https:\/\/whitebirchpaper.com\/","name":"White Birch Paper","description":"","publisher":{"@id":"https:\/\/whitebirchpaper.com\/#organization"},"potentialAction":[{"@type":"SearchAction","target":{"@type":"EntryPoint","urlTemplate":"https:\/\/whitebirchpaper.com\/?s={search_term_string}"},"query-input":{"@type":"PropertyValueSpecification","valueRequired":true,"valueName":"search_term_string"}}],"inLanguage":"fr-FR"},{"@type":"Organization","@id":"https:\/\/whitebirchpaper.com\/#organization","name":"White Birch Paper","url":"https:\/\/whitebirchpaper.com\/","logo":{"@type":"ImageObject","inLanguage":"fr-FR","@id":"https:\/\/whitebirchpaper.com\/#\/schema\/logo\/image\/","url":"https:\/\/whitebirchpaper.com\/wp-content\/uploads\/logo-white-birch-paper.png","contentUrl":"https:\/\/whitebirchpaper.com\/wp-content\/uploads\/logo-white-birch-paper.png","width":395,"height":75,"caption":"White Birch Paper"},"image":{"@id":"https:\/\/whitebirchpaper.com\/#\/schema\/logo\/image\/"}}]}},"_links":{"self":[{"href":"https:\/\/whitebirchpaper.com\/fr\/wp-json\/wp\/v2\/pages\/1104","targetHints":{"allow":["GET"]}}],"collection":[{"href":"https:\/\/whitebirchpaper.com\/fr\/wp-json\/wp\/v2\/pages"}],"about":[{"href":"https:\/\/whitebirchpaper.com\/fr\/wp-json\/wp\/v2\/types\/page"}],"author":[{"embeddable":true,"href":"https:\/\/whitebirchpaper.com\/fr\/wp-json\/wp\/v2\/users\/19"}],"replies":[{"embeddable":true,"href":"https:\/\/whitebirchpaper.com\/fr\/wp-json\/wp\/v2\/comments?post=1104"}],"version-history":[{"count":0,"href":"https:\/\/whitebirchpaper.com\/fr\/wp-json\/wp\/v2\/pages\/1104\/revisions"}],"up":[{"embeddable":true,"href":"https:\/\/whitebirchpaper.com\/fr\/wp-json\/wp\/v2\/pages\/1097"}],"wp:attachment":[{"href":"https:\/\/whitebirchpaper.com\/fr\/wp-json\/wp\/v2\/media?parent=1104"}],"curies":[{"name":"wp","href":"https:\/\/api.w.org\/{rel}","templated":true}]}}