{"id":1101,"date":"2015-12-03T15:20:52","date_gmt":"2015-12-03T20:20:52","guid":{"rendered":"https:\/\/whitebirchpaper.com\/fr\/about-us\/leadership\/russell-lowder\/"},"modified":"2019-01-22T09:55:05","modified_gmt":"2019-01-22T14:55:05","slug":"russell-lowder","status":"publish","type":"page","link":"https:\/\/whitebirchpaper.com\/fr\/compagnie\/leadership\/russell-lowder\/","title":{"rendered":"Russell Lowder"},"content":{"rendered":"<h2>Vice-pr\u00e9sident ex\u00e9cutif<\/h2>\n<p><img loading=\"lazy\" decoding=\"async\" class=\"alignleft wp-image-699 size-full\" src=\"https:\/\/whitebirchpaper.com\/wp-content\/uploads\/russell-lowder-lg.jpg\" alt=\"\" width=\"300\" height=\"386\" \/><\/p>\n<p>Russell Lowder travaille chez White Birch depuis 2008. Il est responsable des ventes \u00e0 l\u2019international pour la production annuelle de White Birch de plus d\u2019un million de tonnes m\u00e9triques de papier journal, de papier annuaire, de papier \u00e9dition brute, de carton pour usages sp\u00e9ciaux et de produits de papier \u00e0 haute brillance.<\/p>\n<p>De 1993 \u00e0 2008, M. Lowder a occup\u00e9 diff\u00e9rents postes chez Gannett Company, et plus r\u00e9cemment comme vice-pr\u00e9sident des achats chez Gannett Supply Corporation. M. Lowder est dipl\u00f4m\u00e9 du George Mason University. Il est aussi membre du comit\u00e9 directeur du Conseil des produits des p\u00e2tes et papiers et ancien pr\u00e9sident du comit\u00e9 papier journal du Conseil des produits des p\u00e2tes et papiers.<\/p>\n","protected":false},"excerpt":{"rendered":"<p>Vice-pr\u00e9sident ex\u00e9cutif Russell Lowder travaille chez White Birch depuis 2008. Il est responsable des ventes \u00e0 l\u2019international pour la production annuelle de White Birch de plus d\u2019un million de tonnes m\u00e9triques de papier journal, de papier annuaire, de papier \u00e9dition brute, de carton pour usages sp\u00e9ciaux et de produits de papier \u00e0 haute brillance. De [&hellip;]<\/p>\n","protected":false},"author":19,"featured_media":0,"parent":1097,"menu_order":0,"comment_status":"closed","ping_status":"closed","template":"","meta":{"_acf_changed":false,"footnotes":""},"class_list":["post-1101","page","type-page","status-publish","hentry"],"acf":[],"yoast_head":"<!-- This site is optimized with the Yoast SEO plugin v27.3 - https:\/\/yoast.com\/product\/yoast-seo-wordpress\/ -->\n<title>Russell Lowder | Premier vice-pr\u00e9sident, Ventes | Papiers White Birch<\/title>\n<meta name=\"description\" content=\"Russell Lowder, Premier vice-pr\u00e9sident, Ventes de Papiers White Birch est responsable des ventes \u00e0 l\u2019international pour la production annuelle de plus d\u2019un million de tonnes m\u00e9triques de papier journal et produits du papier\" \/>\n<meta name=\"robots\" content=\"index, follow, max-snippet:-1, max-image-preview:large, max-video-preview:-1\" \/>\n<link rel=\"canonical\" href=\"https:\/\/whitebirchpaper.com\/fr\/compagnie\/leadership\/russell-lowder\/\" \/>\n<meta property=\"og:locale\" content=\"fr_FR\" \/>\n<meta property=\"og:type\" content=\"article\" \/>\n<meta property=\"og:title\" content=\"Russell Lowder | Premier vice-pr\u00e9sident, Ventes | Papiers White Birch\" \/>\n<meta property=\"og:description\" content=\"Russell Lowder, Premier vice-pr\u00e9sident, Ventes de Papiers White Birch est responsable des ventes \u00e0 l\u2019international pour la production annuelle de plus d\u2019un million de tonnes m\u00e9triques de papier journal et produits du papier\" \/>\n<meta property=\"og:url\" content=\"https:\/\/whitebirchpaper.com\/fr\/compagnie\/leadership\/russell-lowder\/\" \/>\n<meta property=\"og:site_name\" content=\"White Birch Paper\" \/>\n<meta property=\"article:modified_time\" content=\"2019-01-22T14:55:05+00:00\" \/>\n<meta property=\"og:image\" content=\"https:\/\/whitebirchpaper.com\/wp-content\/uploads\/russell-lowder-lg.jpg\" \/>\n<meta name=\"twitter:card\" content=\"summary_large_image\" \/>\n<meta name=\"twitter:label1\" content=\"Dur\u00e9e de lecture estim\u00e9e\" \/>\n\t<meta name=\"twitter:data1\" content=\"1 minute\" \/>\n<script type=\"application\/ld+json\" class=\"yoast-schema-graph\">{\"@context\":\"https:\\\/\\\/schema.org\",\"@graph\":[{\"@type\":\"WebPage\",\"@id\":\"https:\\\/\\\/whitebirchpaper.com\\\/fr\\\/compagnie\\\/leadership\\\/russell-lowder\\\/\",\"url\":\"https:\\\/\\\/whitebirchpaper.com\\\/fr\\\/compagnie\\\/leadership\\\/russell-lowder\\\/\",\"name\":\"Russell Lowder | Premier vice-pr\u00e9sident, Ventes | Papiers White Birch\",\"isPartOf\":{\"@id\":\"https:\\\/\\\/whitebirchpaper.com\\\/#website\"},\"primaryImageOfPage\":{\"@id\":\"https:\\\/\\\/whitebirchpaper.com\\\/fr\\\/compagnie\\\/leadership\\\/russell-lowder\\\/#primaryimage\"},\"image\":{\"@id\":\"https:\\\/\\\/whitebirchpaper.com\\\/fr\\\/compagnie\\\/leadership\\\/russell-lowder\\\/#primaryimage\"},\"thumbnailUrl\":\"https:\\\/\\\/whitebirchpaper.com\\\/wp-content\\\/uploads\\\/russell-lowder-lg.jpg\",\"datePublished\":\"2015-12-03T20:20:52+00:00\",\"dateModified\":\"2019-01-22T14:55:05+00:00\",\"description\":\"Russell Lowder, Premier vice-pr\u00e9sident, Ventes de Papiers White Birch est responsable des ventes \u00e0 l\u2019international pour la production annuelle de plus d\u2019un million de tonnes m\u00e9triques de papier journal et produits du papier\",\"breadcrumb\":{\"@id\":\"https:\\\/\\\/whitebirchpaper.com\\\/fr\\\/compagnie\\\/leadership\\\/russell-lowder\\\/#breadcrumb\"},\"inLanguage\":\"fr-FR\",\"potentialAction\":[{\"@type\":\"ReadAction\",\"target\":[\"https:\\\/\\\/whitebirchpaper.com\\\/fr\\\/compagnie\\\/leadership\\\/russell-lowder\\\/\"]}]},{\"@type\":\"ImageObject\",\"inLanguage\":\"fr-FR\",\"@id\":\"https:\\\/\\\/whitebirchpaper.com\\\/fr\\\/compagnie\\\/leadership\\\/russell-lowder\\\/#primaryimage\",\"url\":\"https:\\\/\\\/whitebirchpaper.com\\\/wp-content\\\/uploads\\\/russell-lowder-lg.jpg\",\"contentUrl\":\"https:\\\/\\\/whitebirchpaper.com\\\/wp-content\\\/uploads\\\/russell-lowder-lg.jpg\"},{\"@type\":\"BreadcrumbList\",\"@id\":\"https:\\\/\\\/whitebirchpaper.com\\\/fr\\\/compagnie\\\/leadership\\\/russell-lowder\\\/#breadcrumb\",\"itemListElement\":[{\"@type\":\"ListItem\",\"position\":1,\"name\":\"Home\",\"item\":\"https:\\\/\\\/whitebirchpaper.com\\\/fr\\\/\"},{\"@type\":\"ListItem\",\"position\":2,\"name\":\"Compagnie\",\"item\":\"https:\\\/\\\/whitebirchpaper.com\\\/fr\\\/compagnie\\\/\"},{\"@type\":\"ListItem\",\"position\":3,\"name\":\"Leadership\",\"item\":\"https:\\\/\\\/whitebirchpaper.com\\\/fr\\\/compagnie\\\/leadership\\\/\"},{\"@type\":\"ListItem\",\"position\":4,\"name\":\"Russell Lowder\"}]},{\"@type\":\"WebSite\",\"@id\":\"https:\\\/\\\/whitebirchpaper.com\\\/#website\",\"url\":\"https:\\\/\\\/whitebirchpaper.com\\\/\",\"name\":\"White Birch Paper\",\"description\":\"\",\"publisher\":{\"@id\":\"https:\\\/\\\/whitebirchpaper.com\\\/#organization\"},\"potentialAction\":[{\"@type\":\"SearchAction\",\"target\":{\"@type\":\"EntryPoint\",\"urlTemplate\":\"https:\\\/\\\/whitebirchpaper.com\\\/?s={search_term_string}\"},\"query-input\":{\"@type\":\"PropertyValueSpecification\",\"valueRequired\":true,\"valueName\":\"search_term_string\"}}],\"inLanguage\":\"fr-FR\"},{\"@type\":\"Organization\",\"@id\":\"https:\\\/\\\/whitebirchpaper.com\\\/#organization\",\"name\":\"White Birch Paper\",\"url\":\"https:\\\/\\\/whitebirchpaper.com\\\/\",\"logo\":{\"@type\":\"ImageObject\",\"inLanguage\":\"fr-FR\",\"@id\":\"https:\\\/\\\/whitebirchpaper.com\\\/#\\\/schema\\\/logo\\\/image\\\/\",\"url\":\"https:\\\/\\\/whitebirchpaper.com\\\/wp-content\\\/uploads\\\/logo-white-birch-paper.png\",\"contentUrl\":\"https:\\\/\\\/whitebirchpaper.com\\\/wp-content\\\/uploads\\\/logo-white-birch-paper.png\",\"width\":395,\"height\":75,\"caption\":\"White Birch Paper\"},\"image\":{\"@id\":\"https:\\\/\\\/whitebirchpaper.com\\\/#\\\/schema\\\/logo\\\/image\\\/\"}}]}<\/script>\n<!-- \/ Yoast SEO plugin. -->","yoast_head_json":{"title":"Russell Lowder | Premier vice-pr\u00e9sident, Ventes | Papiers White Birch","description":"Russell Lowder, Premier vice-pr\u00e9sident, Ventes de Papiers White Birch est responsable des ventes \u00e0 l\u2019international pour la production annuelle de plus d\u2019un million de tonnes m\u00e9triques de papier journal et produits du papier","robots":{"index":"index","follow":"follow","max-snippet":"max-snippet:-1","max-image-preview":"max-image-preview:large","max-video-preview":"max-video-preview:-1"},"canonical":"https:\/\/whitebirchpaper.com\/fr\/compagnie\/leadership\/russell-lowder\/","og_locale":"fr_FR","og_type":"article","og_title":"Russell Lowder | Premier vice-pr\u00e9sident, Ventes | Papiers White Birch","og_description":"Russell Lowder, Premier vice-pr\u00e9sident, Ventes de Papiers White Birch est responsable des ventes \u00e0 l\u2019international pour la production annuelle de plus d\u2019un million de tonnes m\u00e9triques de papier journal et produits du papier","og_url":"https:\/\/whitebirchpaper.com\/fr\/compagnie\/leadership\/russell-lowder\/","og_site_name":"White Birch Paper","article_modified_time":"2019-01-22T14:55:05+00:00","og_image":[{"url":"https:\/\/whitebirchpaper.com\/wp-content\/uploads\/russell-lowder-lg.jpg","type":"","width":"","height":""}],"twitter_card":"summary_large_image","twitter_misc":{"Dur\u00e9e de lecture estim\u00e9e":"1 minute"},"schema":{"@context":"https:\/\/schema.org","@graph":[{"@type":"WebPage","@id":"https:\/\/whitebirchpaper.com\/fr\/compagnie\/leadership\/russell-lowder\/","url":"https:\/\/whitebirchpaper.com\/fr\/compagnie\/leadership\/russell-lowder\/","name":"Russell Lowder | Premier vice-pr\u00e9sident, Ventes | Papiers White Birch","isPartOf":{"@id":"https:\/\/whitebirchpaper.com\/#website"},"primaryImageOfPage":{"@id":"https:\/\/whitebirchpaper.com\/fr\/compagnie\/leadership\/russell-lowder\/#primaryimage"},"image":{"@id":"https:\/\/whitebirchpaper.com\/fr\/compagnie\/leadership\/russell-lowder\/#primaryimage"},"thumbnailUrl":"https:\/\/whitebirchpaper.com\/wp-content\/uploads\/russell-lowder-lg.jpg","datePublished":"2015-12-03T20:20:52+00:00","dateModified":"2019-01-22T14:55:05+00:00","description":"Russell Lowder, Premier vice-pr\u00e9sident, Ventes de Papiers White Birch est responsable des ventes \u00e0 l\u2019international pour la production annuelle de plus d\u2019un million de tonnes m\u00e9triques de papier journal et produits du papier","breadcrumb":{"@id":"https:\/\/whitebirchpaper.com\/fr\/compagnie\/leadership\/russell-lowder\/#breadcrumb"},"inLanguage":"fr-FR","potentialAction":[{"@type":"ReadAction","target":["https:\/\/whitebirchpaper.com\/fr\/compagnie\/leadership\/russell-lowder\/"]}]},{"@type":"ImageObject","inLanguage":"fr-FR","@id":"https:\/\/whitebirchpaper.com\/fr\/compagnie\/leadership\/russell-lowder\/#primaryimage","url":"https:\/\/whitebirchpaper.com\/wp-content\/uploads\/russell-lowder-lg.jpg","contentUrl":"https:\/\/whitebirchpaper.com\/wp-content\/uploads\/russell-lowder-lg.jpg"},{"@type":"BreadcrumbList","@id":"https:\/\/whitebirchpaper.com\/fr\/compagnie\/leadership\/russell-lowder\/#breadcrumb","itemListElement":[{"@type":"ListItem","position":1,"name":"Home","item":"https:\/\/whitebirchpaper.com\/fr\/"},{"@type":"ListItem","position":2,"name":"Compagnie","item":"https:\/\/whitebirchpaper.com\/fr\/compagnie\/"},{"@type":"ListItem","position":3,"name":"Leadership","item":"https:\/\/whitebirchpaper.com\/fr\/compagnie\/leadership\/"},{"@type":"ListItem","position":4,"name":"Russell Lowder"}]},{"@type":"WebSite","@id":"https:\/\/whitebirchpaper.com\/#website","url":"https:\/\/whitebirchpaper.com\/","name":"White Birch Paper","description":"","publisher":{"@id":"https:\/\/whitebirchpaper.com\/#organization"},"potentialAction":[{"@type":"SearchAction","target":{"@type":"EntryPoint","urlTemplate":"https:\/\/whitebirchpaper.com\/?s={search_term_string}"},"query-input":{"@type":"PropertyValueSpecification","valueRequired":true,"valueName":"search_term_string"}}],"inLanguage":"fr-FR"},{"@type":"Organization","@id":"https:\/\/whitebirchpaper.com\/#organization","name":"White Birch Paper","url":"https:\/\/whitebirchpaper.com\/","logo":{"@type":"ImageObject","inLanguage":"fr-FR","@id":"https:\/\/whitebirchpaper.com\/#\/schema\/logo\/image\/","url":"https:\/\/whitebirchpaper.com\/wp-content\/uploads\/logo-white-birch-paper.png","contentUrl":"https:\/\/whitebirchpaper.com\/wp-content\/uploads\/logo-white-birch-paper.png","width":395,"height":75,"caption":"White Birch Paper"},"image":{"@id":"https:\/\/whitebirchpaper.com\/#\/schema\/logo\/image\/"}}]}},"_links":{"self":[{"href":"https:\/\/whitebirchpaper.com\/fr\/wp-json\/wp\/v2\/pages\/1101","targetHints":{"allow":["GET"]}}],"collection":[{"href":"https:\/\/whitebirchpaper.com\/fr\/wp-json\/wp\/v2\/pages"}],"about":[{"href":"https:\/\/whitebirchpaper.com\/fr\/wp-json\/wp\/v2\/types\/page"}],"author":[{"embeddable":true,"href":"https:\/\/whitebirchpaper.com\/fr\/wp-json\/wp\/v2\/users\/19"}],"replies":[{"embeddable":true,"href":"https:\/\/whitebirchpaper.com\/fr\/wp-json\/wp\/v2\/comments?post=1101"}],"version-history":[{"count":0,"href":"https:\/\/whitebirchpaper.com\/fr\/wp-json\/wp\/v2\/pages\/1101\/revisions"}],"up":[{"embeddable":true,"href":"https:\/\/whitebirchpaper.com\/fr\/wp-json\/wp\/v2\/pages\/1097"}],"wp:attachment":[{"href":"https:\/\/whitebirchpaper.com\/fr\/wp-json\/wp\/v2\/media?parent=1101"}],"curies":[{"name":"wp","href":"https:\/\/api.w.org\/{rel}","templated":true}]}}