{"id":1100,"date":"2015-12-03T15:21:25","date_gmt":"2015-12-03T20:21:25","guid":{"rendered":"https:\/\/whitebirchpaper.com\/fr\/about-us\/leadership\/timothy-butler\/"},"modified":"2023-07-18T11:15:34","modified_gmt":"2023-07-18T15:15:34","slug":"timothy-butler","status":"publish","type":"page","link":"https:\/\/whitebirchpaper.com\/fr\/compagnie\/leadership\/timothy-butler\/","title":{"rendered":"Timothy Butler"},"content":{"rendered":"<h2>Premier Vice-pr\u00e9sident, Finances, Tr\u00e9sorier et Secr\u00e9taire<\/h2>\n<p><img loading=\"lazy\" decoding=\"async\" class=\"alignleft wp-image-700 size-full\" src=\"https:\/\/whitebirchpaper.com\/wp-content\/uploads\/timothy-butler-lg.jpg\" alt=\"\" width=\"300\" height=\"386\" \/><\/p>\n<p>Timothy Butler s\u2019est joint \u00e0 White Birch en 2010 et poss\u00e8de plus de 15 ans d\u2019exp\u00e9rience en finances et en comptabilit\u00e9. Il a commenc\u00e9 sa carri\u00e8re chez Deloitte &amp; Touche, consacrant neuf ann\u00e9es \u00e0 la division des services d\u2019audit et d\u2019assurances de la compagnie et finalement dans un poste de haute direction. Durant ce temps, il a servi une client\u00e8le diversifi\u00e9e allant de clients de grande taille inscrits aupr\u00e8s de la SEC \u00e0 de petites et moyennes entreprises priv\u00e9es, y compris des entreprises de services et manufacturi\u00e8res. M. Butler a aussi travaill\u00e9 sur le portefeuille des services financiers de l\u2019entreprise avec une sp\u00e9cialit\u00e9 en capital priv\u00e9 et des strat\u00e9gies d\u2019investissement de fonds constitu\u00e9s de fonds.<\/p>\n<p>M. Butler est titulaire d\u2019un baccalaur\u00e9at en comptabilit\u00e9 de l\u2019universit\u00e9 du Connecticut.<\/p>\n","protected":false},"excerpt":{"rendered":"<p>Premier Vice-pr\u00e9sident, Finances, Tr\u00e9sorier et Secr\u00e9taire Timothy Butler s\u2019est joint \u00e0 White Birch en 2010 et poss\u00e8de plus de 15 ans d\u2019exp\u00e9rience en finances et en comptabilit\u00e9. Il a commenc\u00e9 sa carri\u00e8re chez Deloitte &amp; Touche, consacrant neuf ann\u00e9es \u00e0 la division des services d\u2019audit et d\u2019assurances de la compagnie et finalement dans un poste [&hellip;]<\/p>\n","protected":false},"author":19,"featured_media":0,"parent":1097,"menu_order":0,"comment_status":"closed","ping_status":"closed","template":"","meta":{"_acf_changed":false,"footnotes":""},"class_list":["post-1100","page","type-page","status-publish","hentry"],"acf":[],"yoast_head":"<!-- This site is optimized with the Yoast SEO plugin v27.3 - https:\/\/yoast.com\/product\/yoast-seo-wordpress\/ -->\n<title>Timothy Butler | Vice-pr\u00e9sident, Finances | Papiers White Birch<\/title>\n<meta name=\"description\" content=\"Timothy Butler est vice-pr\u00e9sident, Finances, Tr\u00e9sorier et Secr\u00e9taire chez Papiers White Birch, un fabricant de papier journal, de papiers commerciaux et de papiers \u00e0 usages sp\u00e9ciaux\" \/>\n<meta name=\"robots\" content=\"index, follow, max-snippet:-1, max-image-preview:large, max-video-preview:-1\" \/>\n<link rel=\"canonical\" href=\"https:\/\/whitebirchpaper.com\/fr\/compagnie\/leadership\/timothy-butler\/\" \/>\n<meta property=\"og:locale\" content=\"fr_FR\" \/>\n<meta property=\"og:type\" content=\"article\" \/>\n<meta property=\"og:title\" content=\"Timothy Butler | Vice-pr\u00e9sident, Finances | Papiers White Birch\" \/>\n<meta property=\"og:description\" content=\"Timothy Butler est vice-pr\u00e9sident, Finances, Tr\u00e9sorier et Secr\u00e9taire chez Papiers White Birch, un fabricant de papier journal, de papiers commerciaux et de papiers \u00e0 usages sp\u00e9ciaux\" \/>\n<meta property=\"og:url\" content=\"https:\/\/whitebirchpaper.com\/fr\/compagnie\/leadership\/timothy-butler\/\" \/>\n<meta property=\"og:site_name\" content=\"White Birch Paper\" \/>\n<meta property=\"article:modified_time\" content=\"2023-07-18T15:15:34+00:00\" \/>\n<meta property=\"og:image\" content=\"https:\/\/whitebirchpaper.com\/wp-content\/uploads\/timothy-butler-lg.jpg\" \/>\n<meta name=\"twitter:card\" content=\"summary_large_image\" \/>\n<meta name=\"twitter:label1\" content=\"Dur\u00e9e de lecture estim\u00e9e\" \/>\n\t<meta name=\"twitter:data1\" content=\"1 minute\" \/>\n<script type=\"application\/ld+json\" class=\"yoast-schema-graph\">{\"@context\":\"https:\\\/\\\/schema.org\",\"@graph\":[{\"@type\":\"WebPage\",\"@id\":\"https:\\\/\\\/whitebirchpaper.com\\\/fr\\\/compagnie\\\/leadership\\\/timothy-butler\\\/\",\"url\":\"https:\\\/\\\/whitebirchpaper.com\\\/fr\\\/compagnie\\\/leadership\\\/timothy-butler\\\/\",\"name\":\"Timothy Butler | Vice-pr\u00e9sident, Finances | Papiers White Birch\",\"isPartOf\":{\"@id\":\"https:\\\/\\\/whitebirchpaper.com\\\/#website\"},\"primaryImageOfPage\":{\"@id\":\"https:\\\/\\\/whitebirchpaper.com\\\/fr\\\/compagnie\\\/leadership\\\/timothy-butler\\\/#primaryimage\"},\"image\":{\"@id\":\"https:\\\/\\\/whitebirchpaper.com\\\/fr\\\/compagnie\\\/leadership\\\/timothy-butler\\\/#primaryimage\"},\"thumbnailUrl\":\"https:\\\/\\\/whitebirchpaper.com\\\/wp-content\\\/uploads\\\/timothy-butler-lg.jpg\",\"datePublished\":\"2015-12-03T20:21:25+00:00\",\"dateModified\":\"2023-07-18T15:15:34+00:00\",\"description\":\"Timothy Butler est vice-pr\u00e9sident, Finances, Tr\u00e9sorier et Secr\u00e9taire chez Papiers White Birch, un fabricant de papier journal, de papiers commerciaux et de papiers \u00e0 usages sp\u00e9ciaux\",\"breadcrumb\":{\"@id\":\"https:\\\/\\\/whitebirchpaper.com\\\/fr\\\/compagnie\\\/leadership\\\/timothy-butler\\\/#breadcrumb\"},\"inLanguage\":\"fr-FR\",\"potentialAction\":[{\"@type\":\"ReadAction\",\"target\":[\"https:\\\/\\\/whitebirchpaper.com\\\/fr\\\/compagnie\\\/leadership\\\/timothy-butler\\\/\"]}]},{\"@type\":\"ImageObject\",\"inLanguage\":\"fr-FR\",\"@id\":\"https:\\\/\\\/whitebirchpaper.com\\\/fr\\\/compagnie\\\/leadership\\\/timothy-butler\\\/#primaryimage\",\"url\":\"https:\\\/\\\/whitebirchpaper.com\\\/wp-content\\\/uploads\\\/timothy-butler-lg.jpg\",\"contentUrl\":\"https:\\\/\\\/whitebirchpaper.com\\\/wp-content\\\/uploads\\\/timothy-butler-lg.jpg\"},{\"@type\":\"BreadcrumbList\",\"@id\":\"https:\\\/\\\/whitebirchpaper.com\\\/fr\\\/compagnie\\\/leadership\\\/timothy-butler\\\/#breadcrumb\",\"itemListElement\":[{\"@type\":\"ListItem\",\"position\":1,\"name\":\"Home\",\"item\":\"https:\\\/\\\/whitebirchpaper.com\\\/fr\\\/\"},{\"@type\":\"ListItem\",\"position\":2,\"name\":\"Compagnie\",\"item\":\"https:\\\/\\\/whitebirchpaper.com\\\/fr\\\/compagnie\\\/\"},{\"@type\":\"ListItem\",\"position\":3,\"name\":\"Leadership\",\"item\":\"https:\\\/\\\/whitebirchpaper.com\\\/fr\\\/compagnie\\\/leadership\\\/\"},{\"@type\":\"ListItem\",\"position\":4,\"name\":\"Timothy Butler\"}]},{\"@type\":\"WebSite\",\"@id\":\"https:\\\/\\\/whitebirchpaper.com\\\/#website\",\"url\":\"https:\\\/\\\/whitebirchpaper.com\\\/\",\"name\":\"White Birch Paper\",\"description\":\"\",\"publisher\":{\"@id\":\"https:\\\/\\\/whitebirchpaper.com\\\/#organization\"},\"potentialAction\":[{\"@type\":\"SearchAction\",\"target\":{\"@type\":\"EntryPoint\",\"urlTemplate\":\"https:\\\/\\\/whitebirchpaper.com\\\/?s={search_term_string}\"},\"query-input\":{\"@type\":\"PropertyValueSpecification\",\"valueRequired\":true,\"valueName\":\"search_term_string\"}}],\"inLanguage\":\"fr-FR\"},{\"@type\":\"Organization\",\"@id\":\"https:\\\/\\\/whitebirchpaper.com\\\/#organization\",\"name\":\"White Birch Paper\",\"url\":\"https:\\\/\\\/whitebirchpaper.com\\\/\",\"logo\":{\"@type\":\"ImageObject\",\"inLanguage\":\"fr-FR\",\"@id\":\"https:\\\/\\\/whitebirchpaper.com\\\/#\\\/schema\\\/logo\\\/image\\\/\",\"url\":\"https:\\\/\\\/whitebirchpaper.com\\\/wp-content\\\/uploads\\\/logo-white-birch-paper.png\",\"contentUrl\":\"https:\\\/\\\/whitebirchpaper.com\\\/wp-content\\\/uploads\\\/logo-white-birch-paper.png\",\"width\":395,\"height\":75,\"caption\":\"White Birch Paper\"},\"image\":{\"@id\":\"https:\\\/\\\/whitebirchpaper.com\\\/#\\\/schema\\\/logo\\\/image\\\/\"}}]}<\/script>\n<!-- \/ Yoast SEO plugin. -->","yoast_head_json":{"title":"Timothy Butler | Vice-pr\u00e9sident, Finances | Papiers White Birch","description":"Timothy Butler est vice-pr\u00e9sident, Finances, Tr\u00e9sorier et Secr\u00e9taire chez Papiers White Birch, un fabricant de papier journal, de papiers commerciaux et de papiers \u00e0 usages sp\u00e9ciaux","robots":{"index":"index","follow":"follow","max-snippet":"max-snippet:-1","max-image-preview":"max-image-preview:large","max-video-preview":"max-video-preview:-1"},"canonical":"https:\/\/whitebirchpaper.com\/fr\/compagnie\/leadership\/timothy-butler\/","og_locale":"fr_FR","og_type":"article","og_title":"Timothy Butler | Vice-pr\u00e9sident, Finances | Papiers White Birch","og_description":"Timothy Butler est vice-pr\u00e9sident, Finances, Tr\u00e9sorier et Secr\u00e9taire chez Papiers White Birch, un fabricant de papier journal, de papiers commerciaux et de papiers \u00e0 usages sp\u00e9ciaux","og_url":"https:\/\/whitebirchpaper.com\/fr\/compagnie\/leadership\/timothy-butler\/","og_site_name":"White Birch Paper","article_modified_time":"2023-07-18T15:15:34+00:00","og_image":[{"url":"https:\/\/whitebirchpaper.com\/wp-content\/uploads\/timothy-butler-lg.jpg","type":"","width":"","height":""}],"twitter_card":"summary_large_image","twitter_misc":{"Dur\u00e9e de lecture estim\u00e9e":"1 minute"},"schema":{"@context":"https:\/\/schema.org","@graph":[{"@type":"WebPage","@id":"https:\/\/whitebirchpaper.com\/fr\/compagnie\/leadership\/timothy-butler\/","url":"https:\/\/whitebirchpaper.com\/fr\/compagnie\/leadership\/timothy-butler\/","name":"Timothy Butler | Vice-pr\u00e9sident, Finances | Papiers White Birch","isPartOf":{"@id":"https:\/\/whitebirchpaper.com\/#website"},"primaryImageOfPage":{"@id":"https:\/\/whitebirchpaper.com\/fr\/compagnie\/leadership\/timothy-butler\/#primaryimage"},"image":{"@id":"https:\/\/whitebirchpaper.com\/fr\/compagnie\/leadership\/timothy-butler\/#primaryimage"},"thumbnailUrl":"https:\/\/whitebirchpaper.com\/wp-content\/uploads\/timothy-butler-lg.jpg","datePublished":"2015-12-03T20:21:25+00:00","dateModified":"2023-07-18T15:15:34+00:00","description":"Timothy Butler est vice-pr\u00e9sident, Finances, Tr\u00e9sorier et Secr\u00e9taire chez Papiers White Birch, un fabricant de papier journal, de papiers commerciaux et de papiers \u00e0 usages sp\u00e9ciaux","breadcrumb":{"@id":"https:\/\/whitebirchpaper.com\/fr\/compagnie\/leadership\/timothy-butler\/#breadcrumb"},"inLanguage":"fr-FR","potentialAction":[{"@type":"ReadAction","target":["https:\/\/whitebirchpaper.com\/fr\/compagnie\/leadership\/timothy-butler\/"]}]},{"@type":"ImageObject","inLanguage":"fr-FR","@id":"https:\/\/whitebirchpaper.com\/fr\/compagnie\/leadership\/timothy-butler\/#primaryimage","url":"https:\/\/whitebirchpaper.com\/wp-content\/uploads\/timothy-butler-lg.jpg","contentUrl":"https:\/\/whitebirchpaper.com\/wp-content\/uploads\/timothy-butler-lg.jpg"},{"@type":"BreadcrumbList","@id":"https:\/\/whitebirchpaper.com\/fr\/compagnie\/leadership\/timothy-butler\/#breadcrumb","itemListElement":[{"@type":"ListItem","position":1,"name":"Home","item":"https:\/\/whitebirchpaper.com\/fr\/"},{"@type":"ListItem","position":2,"name":"Compagnie","item":"https:\/\/whitebirchpaper.com\/fr\/compagnie\/"},{"@type":"ListItem","position":3,"name":"Leadership","item":"https:\/\/whitebirchpaper.com\/fr\/compagnie\/leadership\/"},{"@type":"ListItem","position":4,"name":"Timothy Butler"}]},{"@type":"WebSite","@id":"https:\/\/whitebirchpaper.com\/#website","url":"https:\/\/whitebirchpaper.com\/","name":"White Birch Paper","description":"","publisher":{"@id":"https:\/\/whitebirchpaper.com\/#organization"},"potentialAction":[{"@type":"SearchAction","target":{"@type":"EntryPoint","urlTemplate":"https:\/\/whitebirchpaper.com\/?s={search_term_string}"},"query-input":{"@type":"PropertyValueSpecification","valueRequired":true,"valueName":"search_term_string"}}],"inLanguage":"fr-FR"},{"@type":"Organization","@id":"https:\/\/whitebirchpaper.com\/#organization","name":"White Birch Paper","url":"https:\/\/whitebirchpaper.com\/","logo":{"@type":"ImageObject","inLanguage":"fr-FR","@id":"https:\/\/whitebirchpaper.com\/#\/schema\/logo\/image\/","url":"https:\/\/whitebirchpaper.com\/wp-content\/uploads\/logo-white-birch-paper.png","contentUrl":"https:\/\/whitebirchpaper.com\/wp-content\/uploads\/logo-white-birch-paper.png","width":395,"height":75,"caption":"White Birch Paper"},"image":{"@id":"https:\/\/whitebirchpaper.com\/#\/schema\/logo\/image\/"}}]}},"_links":{"self":[{"href":"https:\/\/whitebirchpaper.com\/fr\/wp-json\/wp\/v2\/pages\/1100","targetHints":{"allow":["GET"]}}],"collection":[{"href":"https:\/\/whitebirchpaper.com\/fr\/wp-json\/wp\/v2\/pages"}],"about":[{"href":"https:\/\/whitebirchpaper.com\/fr\/wp-json\/wp\/v2\/types\/page"}],"author":[{"embeddable":true,"href":"https:\/\/whitebirchpaper.com\/fr\/wp-json\/wp\/v2\/users\/19"}],"replies":[{"embeddable":true,"href":"https:\/\/whitebirchpaper.com\/fr\/wp-json\/wp\/v2\/comments?post=1100"}],"version-history":[{"count":0,"href":"https:\/\/whitebirchpaper.com\/fr\/wp-json\/wp\/v2\/pages\/1100\/revisions"}],"up":[{"embeddable":true,"href":"https:\/\/whitebirchpaper.com\/fr\/wp-json\/wp\/v2\/pages\/1097"}],"wp:attachment":[{"href":"https:\/\/whitebirchpaper.com\/fr\/wp-json\/wp\/v2\/media?parent=1100"}],"curies":[{"name":"wp","href":"https:\/\/api.w.org\/{rel}","templated":true}]}}