{"id":1098,"date":"2015-10-29T14:32:40","date_gmt":"2015-10-29T18:32:40","guid":{"rendered":"https:\/\/whitebirchpaper.com\/fr\/about-us\/milestones\/"},"modified":"2016-11-28T21:35:31","modified_gmt":"2016-11-29T02:35:31","slug":"etapes-importantes","status":"publish","type":"page","link":"https:\/\/whitebirchpaper.com\/fr\/compagnie\/etapes-importantes\/","title":{"rendered":"\u00c9tapes importantes"},"content":{"rendered":"<h2>Une riche histoire de fabrication de papier et de papier journal<\/h2>\n<p><strong>1941<\/strong> \u2013 La Soci\u00e9t\u00e9 BATO est cr\u00e9\u00e9e par Murray Brant et Dave Allen.<br \/>\n<strong>1972<\/strong> \u2013 BATO acqui\u00e8re F.F. Soucy, inc. \u00e0 Rivi\u00e8re-du-Loup, Qu\u00e9bec.<br \/>\n<strong>1974<\/strong> \u2013 F.F. Soucy, inc. se joint \u00e0 Dow Jones et Rexfor dans un partenariat sous l\u2019\u00e9gide F.F. Soucy, inc. &amp; Partners pour construire une nouvelle machine \u00e0 papier \u00e0 Rivi\u00e8re-du-Loup.<br \/>\n<strong>1976<\/strong> \u2013 D\u00e9but de la production \u00e0 <a href=\"https:\/\/whitebirchpaper.com\/fr\/compagnie\/nos-usines\/usine-f-f-soucy\/\">F.F. Soucy, inc<\/a>. &amp; Partners.<br \/>\n<strong>1978<\/strong> \u2013 Bear Island Paper Company, L.P. est cr\u00e9\u00e9 avec Dow Jones et The Washington Post Company.<br \/>\n<strong>1979<\/strong> \u2013 Bear Island Paper Company, L.P., une nouvelle usine, d\u00e9bute la production de papier journal \u00e0 Ashland, Virginie.<br \/>\n<strong>1987<\/strong> \u2013 Le nom de la soci\u00e9t\u00e9 BATO Company devient Brant-Allen Industries, inc.<br \/>\n<strong>1994<\/strong> \u2013 <a href=\"https:\/\/whitebirchpaper.com\/fr\/?page_id=1109\">Bear Island<\/a> commence l\u2019op\u00e9ration de son site de fibres recycl\u00e9es nouvellement construite.<br \/>\n<strong>2004<\/strong> \u2013 L\u2019acquisition de l\u2019usine <a href=\"https:\/\/whitebirchpaper.com\/fr\/?page_id=1105\">Stadacona<\/a> \u00e0 Qu\u00e9bec vient doubler la capacit\u00e9 de production de papier journal tout en ajoutant le <a href=\"https:\/\/whitebirchpaper.com\/fr\/nos-produits\/papiers-commerciaux\/papier-annuaire\/\">papier annuaire<\/a> et le <a href=\"https:\/\/whitebirchpaper.com\/fr\/nos-produits\/carton\/\">carton <\/a>\u00e0 la diversification de ses activit\u00e9s d\u2019affaires.<br \/>\n<strong>2006<\/strong> \u2013 L\u2019acquisition de <a href=\"https:\/\/whitebirchpaper.com\/fr\/compagnie\/nos-usines\/papier-masson\/\">Papier Masson<\/a>, lt\u00e9e, \u00e0 Gatineau, Qu\u00e9bec, ajoute 240\u2009000 tonnes m\u00e9triques \u00e0 la capacit\u00e9 de production de papier journal de la soci\u00e9t\u00e9.<\/p>\n","protected":false},"excerpt":{"rendered":"<p>Une riche histoire de fabrication de papier et de papier journal 1941 \u2013 La Soci\u00e9t\u00e9 BATO est cr\u00e9\u00e9e par Murray Brant et Dave Allen. 1972 \u2013 BATO acqui\u00e8re F.F. Soucy, inc. \u00e0 Rivi\u00e8re-du-Loup, Qu\u00e9bec. 1974 \u2013 F.F. Soucy, inc. se joint \u00e0 Dow Jones et Rexfor dans un partenariat sous l\u2019\u00e9gide F.F. Soucy, inc. &amp; [&hellip;]<\/p>\n","protected":false},"author":19,"featured_media":1021,"parent":1090,"menu_order":0,"comment_status":"closed","ping_status":"closed","template":"","meta":{"_acf_changed":false,"footnotes":""},"class_list":["post-1098","page","type-page","status-publish","hentry"],"acf":[],"yoast_head":"<!-- This site is optimized with the Yoast SEO plugin v27.3 - https:\/\/yoast.com\/product\/yoast-seo-wordpress\/ -->\n<title>Fabrication de papier | \u00c9tapes importantes | Papiers White Birch<\/title>\n<meta name=\"description\" content=\"Historique de fabrication de papier et de papier journal de Papiers White Birch. Explorer les \u00e9tapes importantes et les innovations\" \/>\n<meta name=\"robots\" content=\"index, follow, max-snippet:-1, max-image-preview:large, max-video-preview:-1\" \/>\n<link rel=\"canonical\" href=\"https:\/\/whitebirchpaper.com\/fr\/compagnie\/etapes-importantes\/\" \/>\n<meta property=\"og:locale\" content=\"fr_FR\" \/>\n<meta property=\"og:type\" content=\"article\" \/>\n<meta property=\"og:title\" content=\"Fabrication de papier | \u00c9tapes importantes | Papiers White Birch\" \/>\n<meta property=\"og:description\" content=\"Historique de fabrication de papier et de papier journal de Papiers White Birch. Explorer les \u00e9tapes importantes et les innovations\" \/>\n<meta property=\"og:url\" content=\"https:\/\/whitebirchpaper.com\/fr\/compagnie\/etapes-importantes\/\" \/>\n<meta property=\"og:site_name\" content=\"White Birch Paper\" \/>\n<meta property=\"article:modified_time\" content=\"2016-11-29T02:35:31+00:00\" \/>\n<meta property=\"og:image\" content=\"https:\/\/whitebirchpaper.com\/wp-content\/uploads\/sub_trees.jpg\" \/>\n\t<meta property=\"og:image:width\" content=\"1298\" \/>\n\t<meta property=\"og:image:height\" content=\"164\" \/>\n\t<meta property=\"og:image:type\" content=\"image\/jpeg\" \/>\n<meta name=\"twitter:card\" content=\"summary_large_image\" \/>\n<meta name=\"twitter:label1\" content=\"Dur\u00e9e de lecture estim\u00e9e\" \/>\n\t<meta name=\"twitter:data1\" content=\"1 minute\" \/>\n<script type=\"application\/ld+json\" class=\"yoast-schema-graph\">{\"@context\":\"https:\\\/\\\/schema.org\",\"@graph\":[{\"@type\":\"WebPage\",\"@id\":\"https:\\\/\\\/whitebirchpaper.com\\\/fr\\\/compagnie\\\/etapes-importantes\\\/\",\"url\":\"https:\\\/\\\/whitebirchpaper.com\\\/fr\\\/compagnie\\\/etapes-importantes\\\/\",\"name\":\"Fabrication de papier | \u00c9tapes importantes | Papiers White Birch\",\"isPartOf\":{\"@id\":\"https:\\\/\\\/whitebirchpaper.com\\\/#website\"},\"primaryImageOfPage\":{\"@id\":\"https:\\\/\\\/whitebirchpaper.com\\\/fr\\\/compagnie\\\/etapes-importantes\\\/#primaryimage\"},\"image\":{\"@id\":\"https:\\\/\\\/whitebirchpaper.com\\\/fr\\\/compagnie\\\/etapes-importantes\\\/#primaryimage\"},\"thumbnailUrl\":\"https:\\\/\\\/whitebirchpaper.com\\\/wp-content\\\/uploads\\\/sub_trees.jpg\",\"datePublished\":\"2015-10-29T18:32:40+00:00\",\"dateModified\":\"2016-11-29T02:35:31+00:00\",\"description\":\"Historique de fabrication de papier et de papier journal de Papiers White Birch. Explorer les \u00e9tapes importantes et les innovations\",\"breadcrumb\":{\"@id\":\"https:\\\/\\\/whitebirchpaper.com\\\/fr\\\/compagnie\\\/etapes-importantes\\\/#breadcrumb\"},\"inLanguage\":\"fr-FR\",\"potentialAction\":[{\"@type\":\"ReadAction\",\"target\":[\"https:\\\/\\\/whitebirchpaper.com\\\/fr\\\/compagnie\\\/etapes-importantes\\\/\"]}]},{\"@type\":\"ImageObject\",\"inLanguage\":\"fr-FR\",\"@id\":\"https:\\\/\\\/whitebirchpaper.com\\\/fr\\\/compagnie\\\/etapes-importantes\\\/#primaryimage\",\"url\":\"https:\\\/\\\/whitebirchpaper.com\\\/wp-content\\\/uploads\\\/sub_trees.jpg\",\"contentUrl\":\"https:\\\/\\\/whitebirchpaper.com\\\/wp-content\\\/uploads\\\/sub_trees.jpg\",\"width\":1298,\"height\":164,\"caption\":\"\u00c9tapes importantes\"},{\"@type\":\"BreadcrumbList\",\"@id\":\"https:\\\/\\\/whitebirchpaper.com\\\/fr\\\/compagnie\\\/etapes-importantes\\\/#breadcrumb\",\"itemListElement\":[{\"@type\":\"ListItem\",\"position\":1,\"name\":\"Home\",\"item\":\"https:\\\/\\\/whitebirchpaper.com\\\/fr\\\/\"},{\"@type\":\"ListItem\",\"position\":2,\"name\":\"Compagnie\",\"item\":\"https:\\\/\\\/whitebirchpaper.com\\\/fr\\\/compagnie\\\/\"},{\"@type\":\"ListItem\",\"position\":3,\"name\":\"\u00c9tapes importantes\"}]},{\"@type\":\"WebSite\",\"@id\":\"https:\\\/\\\/whitebirchpaper.com\\\/#website\",\"url\":\"https:\\\/\\\/whitebirchpaper.com\\\/\",\"name\":\"White Birch Paper\",\"description\":\"\",\"publisher\":{\"@id\":\"https:\\\/\\\/whitebirchpaper.com\\\/#organization\"},\"potentialAction\":[{\"@type\":\"SearchAction\",\"target\":{\"@type\":\"EntryPoint\",\"urlTemplate\":\"https:\\\/\\\/whitebirchpaper.com\\\/?s={search_term_string}\"},\"query-input\":{\"@type\":\"PropertyValueSpecification\",\"valueRequired\":true,\"valueName\":\"search_term_string\"}}],\"inLanguage\":\"fr-FR\"},{\"@type\":\"Organization\",\"@id\":\"https:\\\/\\\/whitebirchpaper.com\\\/#organization\",\"name\":\"White Birch Paper\",\"url\":\"https:\\\/\\\/whitebirchpaper.com\\\/\",\"logo\":{\"@type\":\"ImageObject\",\"inLanguage\":\"fr-FR\",\"@id\":\"https:\\\/\\\/whitebirchpaper.com\\\/#\\\/schema\\\/logo\\\/image\\\/\",\"url\":\"https:\\\/\\\/whitebirchpaper.com\\\/wp-content\\\/uploads\\\/logo-white-birch-paper.png\",\"contentUrl\":\"https:\\\/\\\/whitebirchpaper.com\\\/wp-content\\\/uploads\\\/logo-white-birch-paper.png\",\"width\":395,\"height\":75,\"caption\":\"White Birch Paper\"},\"image\":{\"@id\":\"https:\\\/\\\/whitebirchpaper.com\\\/#\\\/schema\\\/logo\\\/image\\\/\"}}]}<\/script>\n<!-- \/ Yoast SEO plugin. -->","yoast_head_json":{"title":"Fabrication de papier | \u00c9tapes importantes | Papiers White Birch","description":"Historique de fabrication de papier et de papier journal de Papiers White Birch. Explorer les \u00e9tapes importantes et les innovations","robots":{"index":"index","follow":"follow","max-snippet":"max-snippet:-1","max-image-preview":"max-image-preview:large","max-video-preview":"max-video-preview:-1"},"canonical":"https:\/\/whitebirchpaper.com\/fr\/compagnie\/etapes-importantes\/","og_locale":"fr_FR","og_type":"article","og_title":"Fabrication de papier | \u00c9tapes importantes | Papiers White Birch","og_description":"Historique de fabrication de papier et de papier journal de Papiers White Birch. Explorer les \u00e9tapes importantes et les innovations","og_url":"https:\/\/whitebirchpaper.com\/fr\/compagnie\/etapes-importantes\/","og_site_name":"White Birch Paper","article_modified_time":"2016-11-29T02:35:31+00:00","og_image":[{"width":1298,"height":164,"url":"https:\/\/whitebirchpaper.com\/wp-content\/uploads\/sub_trees.jpg","type":"image\/jpeg"}],"twitter_card":"summary_large_image","twitter_misc":{"Dur\u00e9e de lecture estim\u00e9e":"1 minute"},"schema":{"@context":"https:\/\/schema.org","@graph":[{"@type":"WebPage","@id":"https:\/\/whitebirchpaper.com\/fr\/compagnie\/etapes-importantes\/","url":"https:\/\/whitebirchpaper.com\/fr\/compagnie\/etapes-importantes\/","name":"Fabrication de papier | \u00c9tapes importantes | Papiers White Birch","isPartOf":{"@id":"https:\/\/whitebirchpaper.com\/#website"},"primaryImageOfPage":{"@id":"https:\/\/whitebirchpaper.com\/fr\/compagnie\/etapes-importantes\/#primaryimage"},"image":{"@id":"https:\/\/whitebirchpaper.com\/fr\/compagnie\/etapes-importantes\/#primaryimage"},"thumbnailUrl":"https:\/\/whitebirchpaper.com\/wp-content\/uploads\/sub_trees.jpg","datePublished":"2015-10-29T18:32:40+00:00","dateModified":"2016-11-29T02:35:31+00:00","description":"Historique de fabrication de papier et de papier journal de Papiers White Birch. Explorer les \u00e9tapes importantes et les innovations","breadcrumb":{"@id":"https:\/\/whitebirchpaper.com\/fr\/compagnie\/etapes-importantes\/#breadcrumb"},"inLanguage":"fr-FR","potentialAction":[{"@type":"ReadAction","target":["https:\/\/whitebirchpaper.com\/fr\/compagnie\/etapes-importantes\/"]}]},{"@type":"ImageObject","inLanguage":"fr-FR","@id":"https:\/\/whitebirchpaper.com\/fr\/compagnie\/etapes-importantes\/#primaryimage","url":"https:\/\/whitebirchpaper.com\/wp-content\/uploads\/sub_trees.jpg","contentUrl":"https:\/\/whitebirchpaper.com\/wp-content\/uploads\/sub_trees.jpg","width":1298,"height":164,"caption":"\u00c9tapes importantes"},{"@type":"BreadcrumbList","@id":"https:\/\/whitebirchpaper.com\/fr\/compagnie\/etapes-importantes\/#breadcrumb","itemListElement":[{"@type":"ListItem","position":1,"name":"Home","item":"https:\/\/whitebirchpaper.com\/fr\/"},{"@type":"ListItem","position":2,"name":"Compagnie","item":"https:\/\/whitebirchpaper.com\/fr\/compagnie\/"},{"@type":"ListItem","position":3,"name":"\u00c9tapes importantes"}]},{"@type":"WebSite","@id":"https:\/\/whitebirchpaper.com\/#website","url":"https:\/\/whitebirchpaper.com\/","name":"White Birch Paper","description":"","publisher":{"@id":"https:\/\/whitebirchpaper.com\/#organization"},"potentialAction":[{"@type":"SearchAction","target":{"@type":"EntryPoint","urlTemplate":"https:\/\/whitebirchpaper.com\/?s={search_term_string}"},"query-input":{"@type":"PropertyValueSpecification","valueRequired":true,"valueName":"search_term_string"}}],"inLanguage":"fr-FR"},{"@type":"Organization","@id":"https:\/\/whitebirchpaper.com\/#organization","name":"White Birch Paper","url":"https:\/\/whitebirchpaper.com\/","logo":{"@type":"ImageObject","inLanguage":"fr-FR","@id":"https:\/\/whitebirchpaper.com\/#\/schema\/logo\/image\/","url":"https:\/\/whitebirchpaper.com\/wp-content\/uploads\/logo-white-birch-paper.png","contentUrl":"https:\/\/whitebirchpaper.com\/wp-content\/uploads\/logo-white-birch-paper.png","width":395,"height":75,"caption":"White Birch Paper"},"image":{"@id":"https:\/\/whitebirchpaper.com\/#\/schema\/logo\/image\/"}}]}},"_links":{"self":[{"href":"https:\/\/whitebirchpaper.com\/fr\/wp-json\/wp\/v2\/pages\/1098","targetHints":{"allow":["GET"]}}],"collection":[{"href":"https:\/\/whitebirchpaper.com\/fr\/wp-json\/wp\/v2\/pages"}],"about":[{"href":"https:\/\/whitebirchpaper.com\/fr\/wp-json\/wp\/v2\/types\/page"}],"author":[{"embeddable":true,"href":"https:\/\/whitebirchpaper.com\/fr\/wp-json\/wp\/v2\/users\/19"}],"replies":[{"embeddable":true,"href":"https:\/\/whitebirchpaper.com\/fr\/wp-json\/wp\/v2\/comments?post=1098"}],"version-history":[{"count":0,"href":"https:\/\/whitebirchpaper.com\/fr\/wp-json\/wp\/v2\/pages\/1098\/revisions"}],"up":[{"embeddable":true,"href":"https:\/\/whitebirchpaper.com\/fr\/wp-json\/wp\/v2\/pages\/1090"}],"wp:featuredmedia":[{"embeddable":true,"href":"https:\/\/whitebirchpaper.com\/fr\/wp-json\/wp\/v2\/media\/1021"}],"wp:attachment":[{"href":"https:\/\/whitebirchpaper.com\/fr\/wp-json\/wp\/v2\/media?parent=1098"}],"curies":[{"name":"wp","href":"https:\/\/api.w.org\/{rel}","templated":true}]}}