{"id":1097,"date":"2015-10-29T14:32:58","date_gmt":"2015-10-29T18:32:58","guid":{"rendered":"https:\/\/whitebirchpaper.com\/fr\/about-us\/leadership\/"},"modified":"2021-03-19T18:29:23","modified_gmt":"2021-03-19T22:29:23","slug":"leadership","status":"publish","type":"page","link":"https:\/\/whitebirchpaper.com\/fr\/compagnie\/leadership\/","title":{"rendered":"Leadership"},"content":{"rendered":"<h2><a href=\"https:\/\/whitebirchpaper.com\/fr\/compagnie\/leadership\/peter-brant\/\">Peter M. Br<img loading=\"lazy\" decoding=\"async\" class=\"alignleft wp-image-223\" src=\"https:\/\/whitebirchpaper.com\/wp-content\/uploads\/thumb-peter-brant.jpg\" alt=\"thumb--peter-brant\" width=\"200\" height=\"221\" \/>ant<\/a><br \/>\nPr\u00e9sident du conseil d\u2019administration &amp;\u00a0chef de la direction<\/h2>\n<p>Avec plus de 40 ans d\u2019exp\u00e9rience dans l\u2019industrie des p\u00e2tes et papiers, Peter Brant est la force motrice derri\u00e8re la croissance de Papiers White Birch et ses filiales depuis les ann\u00e9es \u201970. Durant cette p\u00e9riode, M. Brant a transform\u00e9 BATO Company, une compagnie cofond\u00e9e par son p\u00e8re Murray Brant en 1941, d\u2019un transformateur et courtier de papier \u00e0 un chef de file en production de papier journal.<br \/>\n<a class=\"more\" href=\"https:\/\/whitebirchpaper.com\/fr\/compagnie\/leadership\/peter-brant\/\">EN SAVOIR PLUS<\/a><\/p>\n<hr \/>\n<h2><a href=\"https:\/\/whitebirchpaper.com\/fr\/compagnie\/leadership\/christopher-brant\/\">Christophe<img loading=\"lazy\" decoding=\"async\" class=\"alignleft size-full wp-image-475\" src=\"https:\/\/whitebirchpaper.com\/wp-content\/uploads\/christopher-brandt.jpg\" alt=\"Christopher Brandt - President, White Birch Paper\" width=\"200\" height=\"201\" \/>r Brant<\/a><br \/>\nPr\u00e9sident &amp;\u00a0chef de l\u2019exploitation<\/h2>\n<p>Christopher Brant est avec White Birch et les entreprises qui l\u2019ont pr\u00e9c\u00e9d\u00e9e depuis 1998 et repr\u00e9sente la troisi\u00e8me g\u00e9n\u00e9ration de la famille Brant \u00e0 travailler pour la compagnie. Apr\u00e8s avoir gravi les \u00e9chelons de White Birch pendant neuf ann\u00e9es et d\u2019avoir fait son apprentissage sur l\u2019industrie des p\u00e2tes et papiers, M.\u00a0Brant est devenu pr\u00e9sident de la compagnie en 2007.<br \/>\n<a class=\"more\" href=\"https:\/\/whitebirchpaper.com\/fr\/compagnie\/leadership\/christopher-brant\/\">EN SAVOIR PLUS<\/a><\/p>\n<hr \/>\n<h2><img loading=\"lazy\" decoding=\"async\" class=\"alignleft wp-image-476\" src=\"https:\/\/whitebirchpaper.com\/wp-content\/uploads\/russell-lowder.jpg\" alt=\"Russell Lowder - White Birch Paper\" width=\"200\" height=\"201\" \/><a href=\"https:\/\/whitebirchpaper.com\/fr\/compagnie\/leadership\/russell-lowder\/\">Russell Lowder<\/a><br \/>\nVice-pr\u00e9sident ex\u00e9cutif<\/h2>\n<p>Russell Lowder travaille chez White Birch depuis 2008. Il est responsable des ventes \u00e0 l\u2019international pour la production annuelle de White Birch de plus d\u2019un million de tonnes m\u00e9triques de papier journal, de papier annuaire, de papier \u00e9dition brute, de carton pour usages sp\u00e9ciaux et de produits de papier \u00e0 haute brillance.<br \/>\n<a class=\"more\" href=\"https:\/\/whitebirchpaper.com\/fr\/compagnie\/leadership\/russell-lowder\/\">EN SAVOIR PLUS<\/a><\/p>\n<hr \/>\n<h2><a href=\"https:\/\/whitebirchpaper.com\/fr\/compagnie\/leadership\/timothy-butler\/\">Timoth<img loading=\"lazy\" decoding=\"async\" class=\"alignleft wp-image-477\" src=\"https:\/\/whitebirchpaper.com\/wp-content\/uploads\/timothy-butler.jpg\" alt=\"Timothy Butler - White Birch Paper\" width=\"200\" height=\"201\" \/>y Butler<\/a><\/h2>\n<h2>Premier Vice-pr\u00e9sident, Finances, Tr\u00e9sorier et Secr\u00e9taire<\/h2>\n<p>Timothy Butler s\u2019est joint \u00e0 White Birch en 2010 et poss\u00e8de plus de 15 ans d\u2019exp\u00e9rience en finances et en comptabilit\u00e9. Il a commenc\u00e9 sa carri\u00e8re chez Deloitte &amp; Touche, consacrant neuf ann\u00e9es \u00e0 la division des services d\u2019audit et d\u2019assurances de la compagnie et finalement dans un poste de haute direction.<br \/>\n<a class=\"more\" href=\"https:\/\/whitebirchpaper.com\/fr\/compagnie\/leadership\/timothy-butler\/\">EN SAVOIR PLUS<\/a><\/p>\n","protected":false},"excerpt":{"rendered":"<p>Peter M. Brant Pr\u00e9sident du conseil d\u2019administration &amp;\u00a0chef de la direction Avec plus de 40 ans d\u2019exp\u00e9rience dans l\u2019industrie des p\u00e2tes et papiers, Peter Brant est la force motrice derri\u00e8re la croissance de Papiers White Birch et ses filiales depuis les ann\u00e9es \u201970. Durant cette p\u00e9riode, M. Brant a transform\u00e9 BATO Company, une compagnie cofond\u00e9e [&hellip;]<\/p>\n","protected":false},"author":19,"featured_media":1021,"parent":1090,"menu_order":1,"comment_status":"closed","ping_status":"closed","template":"","meta":{"_acf_changed":false,"footnotes":""},"class_list":["post-1097","page","type-page","status-publish","hentry"],"acf":[],"yoast_head":"<!-- This site is optimized with the Yoast SEO plugin v27.3 - https:\/\/yoast.com\/product\/yoast-seo-wordpress\/ -->\n<title>Leadership Papiers White Birch | Producteur de papier et de papier journal<\/title>\n<meta name=\"description\" content=\"Dirig\u00e9e par Peter M. Brandt, l&#039;\u00e9quipe de direction de Papiers White Birch comprend Christopher Brandt, Bruno Antonios, Russell Lowder, Tim Butler &amp; Jean Blais\" \/>\n<meta name=\"robots\" content=\"index, follow, max-snippet:-1, max-image-preview:large, max-video-preview:-1\" \/>\n<link rel=\"canonical\" href=\"https:\/\/whitebirchpaper.com\/fr\/compagnie\/leadership\/\" \/>\n<meta property=\"og:locale\" content=\"fr_FR\" \/>\n<meta property=\"og:type\" content=\"article\" \/>\n<meta property=\"og:title\" content=\"Leadership Papiers White Birch | Producteur de papier et de papier journal\" \/>\n<meta property=\"og:description\" content=\"Dirig\u00e9e par Peter M. Brandt, l&#039;\u00e9quipe de direction de Papiers White Birch comprend Christopher Brandt, Bruno Antonios, Russell Lowder, Tim Butler &amp; Jean Blais\" \/>\n<meta property=\"og:url\" content=\"https:\/\/whitebirchpaper.com\/fr\/compagnie\/leadership\/\" \/>\n<meta property=\"og:site_name\" content=\"White Birch Paper\" \/>\n<meta property=\"article:modified_time\" content=\"2021-03-19T22:29:23+00:00\" \/>\n<meta property=\"og:image\" content=\"https:\/\/whitebirchpaper.com\/wp-content\/uploads\/sub_trees.jpg\" \/>\n\t<meta property=\"og:image:width\" content=\"1298\" \/>\n\t<meta property=\"og:image:height\" content=\"164\" \/>\n\t<meta property=\"og:image:type\" content=\"image\/jpeg\" \/>\n<meta name=\"twitter:card\" content=\"summary_large_image\" \/>\n<meta name=\"twitter:label1\" content=\"Dur\u00e9e de lecture estim\u00e9e\" \/>\n\t<meta name=\"twitter:data1\" content=\"2 minutes\" \/>\n<script type=\"application\/ld+json\" class=\"yoast-schema-graph\">{\"@context\":\"https:\\\/\\\/schema.org\",\"@graph\":[{\"@type\":\"WebPage\",\"@id\":\"https:\\\/\\\/whitebirchpaper.com\\\/fr\\\/compagnie\\\/leadership\\\/\",\"url\":\"https:\\\/\\\/whitebirchpaper.com\\\/fr\\\/compagnie\\\/leadership\\\/\",\"name\":\"Leadership Papiers White Birch | Producteur de papier et de papier journal\",\"isPartOf\":{\"@id\":\"https:\\\/\\\/whitebirchpaper.com\\\/#website\"},\"primaryImageOfPage\":{\"@id\":\"https:\\\/\\\/whitebirchpaper.com\\\/fr\\\/compagnie\\\/leadership\\\/#primaryimage\"},\"image\":{\"@id\":\"https:\\\/\\\/whitebirchpaper.com\\\/fr\\\/compagnie\\\/leadership\\\/#primaryimage\"},\"thumbnailUrl\":\"https:\\\/\\\/whitebirchpaper.com\\\/wp-content\\\/uploads\\\/sub_trees.jpg\",\"datePublished\":\"2015-10-29T18:32:58+00:00\",\"dateModified\":\"2021-03-19T22:29:23+00:00\",\"description\":\"Dirig\u00e9e par Peter M. Brandt, l'\u00e9quipe de direction de Papiers White Birch comprend Christopher Brandt, Bruno Antonios, Russell Lowder, Tim Butler & Jean Blais\",\"breadcrumb\":{\"@id\":\"https:\\\/\\\/whitebirchpaper.com\\\/fr\\\/compagnie\\\/leadership\\\/#breadcrumb\"},\"inLanguage\":\"fr-FR\",\"potentialAction\":[{\"@type\":\"ReadAction\",\"target\":[\"https:\\\/\\\/whitebirchpaper.com\\\/fr\\\/compagnie\\\/leadership\\\/\"]}]},{\"@type\":\"ImageObject\",\"inLanguage\":\"fr-FR\",\"@id\":\"https:\\\/\\\/whitebirchpaper.com\\\/fr\\\/compagnie\\\/leadership\\\/#primaryimage\",\"url\":\"https:\\\/\\\/whitebirchpaper.com\\\/wp-content\\\/uploads\\\/sub_trees.jpg\",\"contentUrl\":\"https:\\\/\\\/whitebirchpaper.com\\\/wp-content\\\/uploads\\\/sub_trees.jpg\",\"width\":1298,\"height\":164,\"caption\":\"\u00c9tapes importantes\"},{\"@type\":\"BreadcrumbList\",\"@id\":\"https:\\\/\\\/whitebirchpaper.com\\\/fr\\\/compagnie\\\/leadership\\\/#breadcrumb\",\"itemListElement\":[{\"@type\":\"ListItem\",\"position\":1,\"name\":\"Home\",\"item\":\"https:\\\/\\\/whitebirchpaper.com\\\/fr\\\/\"},{\"@type\":\"ListItem\",\"position\":2,\"name\":\"Compagnie\",\"item\":\"https:\\\/\\\/whitebirchpaper.com\\\/fr\\\/compagnie\\\/\"},{\"@type\":\"ListItem\",\"position\":3,\"name\":\"Leadership\"}]},{\"@type\":\"WebSite\",\"@id\":\"https:\\\/\\\/whitebirchpaper.com\\\/#website\",\"url\":\"https:\\\/\\\/whitebirchpaper.com\\\/\",\"name\":\"White Birch Paper\",\"description\":\"\",\"publisher\":{\"@id\":\"https:\\\/\\\/whitebirchpaper.com\\\/#organization\"},\"potentialAction\":[{\"@type\":\"SearchAction\",\"target\":{\"@type\":\"EntryPoint\",\"urlTemplate\":\"https:\\\/\\\/whitebirchpaper.com\\\/?s={search_term_string}\"},\"query-input\":{\"@type\":\"PropertyValueSpecification\",\"valueRequired\":true,\"valueName\":\"search_term_string\"}}],\"inLanguage\":\"fr-FR\"},{\"@type\":\"Organization\",\"@id\":\"https:\\\/\\\/whitebirchpaper.com\\\/#organization\",\"name\":\"White Birch Paper\",\"url\":\"https:\\\/\\\/whitebirchpaper.com\\\/\",\"logo\":{\"@type\":\"ImageObject\",\"inLanguage\":\"fr-FR\",\"@id\":\"https:\\\/\\\/whitebirchpaper.com\\\/#\\\/schema\\\/logo\\\/image\\\/\",\"url\":\"https:\\\/\\\/whitebirchpaper.com\\\/wp-content\\\/uploads\\\/logo-white-birch-paper.png\",\"contentUrl\":\"https:\\\/\\\/whitebirchpaper.com\\\/wp-content\\\/uploads\\\/logo-white-birch-paper.png\",\"width\":395,\"height\":75,\"caption\":\"White Birch Paper\"},\"image\":{\"@id\":\"https:\\\/\\\/whitebirchpaper.com\\\/#\\\/schema\\\/logo\\\/image\\\/\"}}]}<\/script>\n<!-- \/ Yoast SEO plugin. -->","yoast_head_json":{"title":"Leadership Papiers White Birch | Producteur de papier et de papier journal","description":"Dirig\u00e9e par Peter M. Brandt, l'\u00e9quipe de direction de Papiers White Birch comprend Christopher Brandt, Bruno Antonios, Russell Lowder, Tim Butler & Jean Blais","robots":{"index":"index","follow":"follow","max-snippet":"max-snippet:-1","max-image-preview":"max-image-preview:large","max-video-preview":"max-video-preview:-1"},"canonical":"https:\/\/whitebirchpaper.com\/fr\/compagnie\/leadership\/","og_locale":"fr_FR","og_type":"article","og_title":"Leadership Papiers White Birch | Producteur de papier et de papier journal","og_description":"Dirig\u00e9e par Peter M. Brandt, l'\u00e9quipe de direction de Papiers White Birch comprend Christopher Brandt, Bruno Antonios, Russell Lowder, Tim Butler & Jean Blais","og_url":"https:\/\/whitebirchpaper.com\/fr\/compagnie\/leadership\/","og_site_name":"White Birch Paper","article_modified_time":"2021-03-19T22:29:23+00:00","og_image":[{"width":1298,"height":164,"url":"https:\/\/whitebirchpaper.com\/wp-content\/uploads\/sub_trees.jpg","type":"image\/jpeg"}],"twitter_card":"summary_large_image","twitter_misc":{"Dur\u00e9e de lecture estim\u00e9e":"2 minutes"},"schema":{"@context":"https:\/\/schema.org","@graph":[{"@type":"WebPage","@id":"https:\/\/whitebirchpaper.com\/fr\/compagnie\/leadership\/","url":"https:\/\/whitebirchpaper.com\/fr\/compagnie\/leadership\/","name":"Leadership Papiers White Birch | Producteur de papier et de papier journal","isPartOf":{"@id":"https:\/\/whitebirchpaper.com\/#website"},"primaryImageOfPage":{"@id":"https:\/\/whitebirchpaper.com\/fr\/compagnie\/leadership\/#primaryimage"},"image":{"@id":"https:\/\/whitebirchpaper.com\/fr\/compagnie\/leadership\/#primaryimage"},"thumbnailUrl":"https:\/\/whitebirchpaper.com\/wp-content\/uploads\/sub_trees.jpg","datePublished":"2015-10-29T18:32:58+00:00","dateModified":"2021-03-19T22:29:23+00:00","description":"Dirig\u00e9e par Peter M. Brandt, l'\u00e9quipe de direction de Papiers White Birch comprend Christopher Brandt, Bruno Antonios, Russell Lowder, Tim Butler & Jean Blais","breadcrumb":{"@id":"https:\/\/whitebirchpaper.com\/fr\/compagnie\/leadership\/#breadcrumb"},"inLanguage":"fr-FR","potentialAction":[{"@type":"ReadAction","target":["https:\/\/whitebirchpaper.com\/fr\/compagnie\/leadership\/"]}]},{"@type":"ImageObject","inLanguage":"fr-FR","@id":"https:\/\/whitebirchpaper.com\/fr\/compagnie\/leadership\/#primaryimage","url":"https:\/\/whitebirchpaper.com\/wp-content\/uploads\/sub_trees.jpg","contentUrl":"https:\/\/whitebirchpaper.com\/wp-content\/uploads\/sub_trees.jpg","width":1298,"height":164,"caption":"\u00c9tapes importantes"},{"@type":"BreadcrumbList","@id":"https:\/\/whitebirchpaper.com\/fr\/compagnie\/leadership\/#breadcrumb","itemListElement":[{"@type":"ListItem","position":1,"name":"Home","item":"https:\/\/whitebirchpaper.com\/fr\/"},{"@type":"ListItem","position":2,"name":"Compagnie","item":"https:\/\/whitebirchpaper.com\/fr\/compagnie\/"},{"@type":"ListItem","position":3,"name":"Leadership"}]},{"@type":"WebSite","@id":"https:\/\/whitebirchpaper.com\/#website","url":"https:\/\/whitebirchpaper.com\/","name":"White Birch Paper","description":"","publisher":{"@id":"https:\/\/whitebirchpaper.com\/#organization"},"potentialAction":[{"@type":"SearchAction","target":{"@type":"EntryPoint","urlTemplate":"https:\/\/whitebirchpaper.com\/?s={search_term_string}"},"query-input":{"@type":"PropertyValueSpecification","valueRequired":true,"valueName":"search_term_string"}}],"inLanguage":"fr-FR"},{"@type":"Organization","@id":"https:\/\/whitebirchpaper.com\/#organization","name":"White Birch Paper","url":"https:\/\/whitebirchpaper.com\/","logo":{"@type":"ImageObject","inLanguage":"fr-FR","@id":"https:\/\/whitebirchpaper.com\/#\/schema\/logo\/image\/","url":"https:\/\/whitebirchpaper.com\/wp-content\/uploads\/logo-white-birch-paper.png","contentUrl":"https:\/\/whitebirchpaper.com\/wp-content\/uploads\/logo-white-birch-paper.png","width":395,"height":75,"caption":"White Birch Paper"},"image":{"@id":"https:\/\/whitebirchpaper.com\/#\/schema\/logo\/image\/"}}]}},"_links":{"self":[{"href":"https:\/\/whitebirchpaper.com\/fr\/wp-json\/wp\/v2\/pages\/1097","targetHints":{"allow":["GET"]}}],"collection":[{"href":"https:\/\/whitebirchpaper.com\/fr\/wp-json\/wp\/v2\/pages"}],"about":[{"href":"https:\/\/whitebirchpaper.com\/fr\/wp-json\/wp\/v2\/types\/page"}],"author":[{"embeddable":true,"href":"https:\/\/whitebirchpaper.com\/fr\/wp-json\/wp\/v2\/users\/19"}],"replies":[{"embeddable":true,"href":"https:\/\/whitebirchpaper.com\/fr\/wp-json\/wp\/v2\/comments?post=1097"}],"version-history":[{"count":0,"href":"https:\/\/whitebirchpaper.com\/fr\/wp-json\/wp\/v2\/pages\/1097\/revisions"}],"up":[{"embeddable":true,"href":"https:\/\/whitebirchpaper.com\/fr\/wp-json\/wp\/v2\/pages\/1090"}],"wp:featuredmedia":[{"embeddable":true,"href":"https:\/\/whitebirchpaper.com\/fr\/wp-json\/wp\/v2\/media\/1021"}],"wp:attachment":[{"href":"https:\/\/whitebirchpaper.com\/fr\/wp-json\/wp\/v2\/media?parent=1097"}],"curies":[{"name":"wp","href":"https:\/\/api.w.org\/{rel}","templated":true}]}}