{"id":1096,"date":"2015-10-29T14:33:18","date_gmt":"2015-10-29T18:33:18","guid":{"rendered":"https:\/\/whitebirchpaper.com\/fr\/about-us\/our-mills\/"},"modified":"2021-03-19T18:24:32","modified_gmt":"2021-03-19T22:24:32","slug":"nos-usines","status":"publish","type":"page","link":"https:\/\/whitebirchpaper.com\/fr\/compagnie\/nos-usines\/","title":{"rendered":"Nos usines"},"content":{"rendered":"<h2>F.F SOUCY<\/h2>\n<h3>Rivi\u00e8re-du-Loup (Qu\u00e9bec)<br \/>\nCanada<\/h3>\n<p><em>Lorsqu\u2019il s\u2019agit d\u2019efficacit\u00e9 de production et de durabilit\u00e9, l\u2019usine F.F. Soucy est chef de file depuis longtemps. F.F. Soucy est la premi\u00e8re usine de papier journal \u00e0 avoir re\u00e7u une certification ISO pour la qualit\u00e9.\u00a0<\/em><br \/>\n<a class=\"more\" href=\"https:\/\/whitebirchpaper.com\/fr\/compagnie\/nos-usines\/usine-f-f-soucy\/\">En savoir plus sur l&rsquo;usine f.f. soucy\u00a0<\/a><\/p>\n<h2>PAPIER MASSON<\/h2>\n<h3>Gatineau (Qu\u00e9bec)<br \/>\nCanada<\/h3>\n<p><em>L\u2019usine de Papier Masson continue de se tourner vers l\u2019avenir gr\u00e2ce au soutien de sa main-d\u2019\u0153uvre dynamique et motiv\u00e9e et continue \u00e0 apporter des am\u00e9liorations aux \u00e9quipements et aux proc\u00e9d\u00e9s pour conserver sa position de pionnier dans l\u2019industrie des p\u00e2tes et papiers.<br \/>\n<\/em><a class=\"more\" href=\"https:\/\/whitebirchpaper.com\/fr\/compagnie\/nos-usines\/papier-masson\/\">en savoir plus sur l&rsquo;usine PAPIER MASSON<\/a><\/p>\n<h2>STADACONA<\/h2>\n<h3>Qu\u00e9bec (Qu\u00e9bec)<br \/>\nCanada<\/h3>\n<p><em>Des investissements constants pour la modernisation des \u00e9quipements et des proc\u00e9d\u00e9s se sont traduits par une installation propre, moderne et hautement efficace pouvant s\u2019acquitter des d\u00e9fis auxquels elle fait face aujourd\u2019hui et dans \u00a0l\u2019avenir.<\/em><br \/>\n<a class=\"more\" href=\"https:\/\/whitebirchpaper.com\/fr\/?page_id=1105\">en savoir plus sur l&rsquo;usine\u00a0STADACONa<\/a><\/p>\n","protected":false},"excerpt":{"rendered":"<p>F.F SOUCY Rivi\u00e8re-du-Loup (Qu\u00e9bec) Canada Lorsqu\u2019il s\u2019agit d\u2019efficacit\u00e9 de production et de durabilit\u00e9, l\u2019usine F.F. Soucy est chef de file depuis longtemps. F.F. Soucy est la premi\u00e8re usine de papier journal \u00e0 avoir re\u00e7u une certification ISO pour la qualit\u00e9.\u00a0 En savoir plus sur l&rsquo;usine f.f. soucy\u00a0 PAPIER MASSON Gatineau (Qu\u00e9bec) Canada L\u2019usine de Papier [&hellip;]<\/p>\n","protected":false},"author":19,"featured_media":991,"parent":1090,"menu_order":0,"comment_status":"closed","ping_status":"closed","template":"","meta":{"_acf_changed":false,"footnotes":""},"class_list":["post-1096","page","type-page","status-publish","hentry"],"acf":[],"yoast_head":"<!-- This site is optimized with the Yoast SEO plugin v27.3 - https:\/\/yoast.com\/product\/yoast-seo-wordpress\/ -->\n<title>Usines \u00e0 papier | Papiers White Birch<\/title>\n<meta name=\"description\" content=\"Les usines de Papiers White Birch au Canada et aux \u00c9tats-Unis fabriquent du papier journal, du carton, du papier annuaire et beaucoup plus.\" \/>\n<meta name=\"robots\" content=\"index, follow, max-snippet:-1, max-image-preview:large, max-video-preview:-1\" \/>\n<link rel=\"canonical\" href=\"https:\/\/whitebirchpaper.com\/fr\/compagnie\/nos-usines\/\" \/>\n<meta property=\"og:locale\" content=\"fr_FR\" \/>\n<meta property=\"og:type\" content=\"article\" \/>\n<meta property=\"og:title\" content=\"Usines \u00e0 papier | Papiers White Birch\" \/>\n<meta property=\"og:description\" content=\"Les usines de Papiers White Birch au Canada et aux \u00c9tats-Unis fabriquent du papier journal, du carton, du papier annuaire et beaucoup plus.\" \/>\n<meta property=\"og:url\" content=\"https:\/\/whitebirchpaper.com\/fr\/compagnie\/nos-usines\/\" \/>\n<meta property=\"og:site_name\" content=\"White Birch Paper\" \/>\n<meta property=\"article:modified_time\" content=\"2021-03-19T22:24:32+00:00\" \/>\n<meta property=\"og:image\" content=\"https:\/\/whitebirchpaper.com\/wp-content\/uploads\/pipes.jpg\" \/>\n\t<meta property=\"og:image:width\" content=\"1307\" \/>\n\t<meta property=\"og:image:height\" content=\"165\" \/>\n\t<meta property=\"og:image:type\" content=\"image\/jpeg\" \/>\n<meta name=\"twitter:card\" content=\"summary_large_image\" \/>\n<meta name=\"twitter:label1\" content=\"Dur\u00e9e de lecture estim\u00e9e\" \/>\n\t<meta name=\"twitter:data1\" content=\"1 minute\" \/>\n<script type=\"application\/ld+json\" class=\"yoast-schema-graph\">{\"@context\":\"https:\\\/\\\/schema.org\",\"@graph\":[{\"@type\":\"WebPage\",\"@id\":\"https:\\\/\\\/whitebirchpaper.com\\\/fr\\\/compagnie\\\/nos-usines\\\/\",\"url\":\"https:\\\/\\\/whitebirchpaper.com\\\/fr\\\/compagnie\\\/nos-usines\\\/\",\"name\":\"Usines \u00e0 papier | Papiers White Birch\",\"isPartOf\":{\"@id\":\"https:\\\/\\\/whitebirchpaper.com\\\/#website\"},\"primaryImageOfPage\":{\"@id\":\"https:\\\/\\\/whitebirchpaper.com\\\/fr\\\/compagnie\\\/nos-usines\\\/#primaryimage\"},\"image\":{\"@id\":\"https:\\\/\\\/whitebirchpaper.com\\\/fr\\\/compagnie\\\/nos-usines\\\/#primaryimage\"},\"thumbnailUrl\":\"https:\\\/\\\/whitebirchpaper.com\\\/wp-content\\\/uploads\\\/pipes.jpg\",\"datePublished\":\"2015-10-29T18:33:18+00:00\",\"dateModified\":\"2021-03-19T22:24:32+00:00\",\"description\":\"Les usines de Papiers White Birch au Canada et aux \u00c9tats-Unis fabriquent du papier journal, du carton, du papier annuaire et beaucoup plus.\",\"breadcrumb\":{\"@id\":\"https:\\\/\\\/whitebirchpaper.com\\\/fr\\\/compagnie\\\/nos-usines\\\/#breadcrumb\"},\"inLanguage\":\"fr-FR\",\"potentialAction\":[{\"@type\":\"ReadAction\",\"target\":[\"https:\\\/\\\/whitebirchpaper.com\\\/fr\\\/compagnie\\\/nos-usines\\\/\"]}]},{\"@type\":\"ImageObject\",\"inLanguage\":\"fr-FR\",\"@id\":\"https:\\\/\\\/whitebirchpaper.com\\\/fr\\\/compagnie\\\/nos-usines\\\/#primaryimage\",\"url\":\"https:\\\/\\\/whitebirchpaper.com\\\/wp-content\\\/uploads\\\/pipes.jpg\",\"contentUrl\":\"https:\\\/\\\/whitebirchpaper.com\\\/wp-content\\\/uploads\\\/pipes.jpg\",\"width\":1307,\"height\":165},{\"@type\":\"BreadcrumbList\",\"@id\":\"https:\\\/\\\/whitebirchpaper.com\\\/fr\\\/compagnie\\\/nos-usines\\\/#breadcrumb\",\"itemListElement\":[{\"@type\":\"ListItem\",\"position\":1,\"name\":\"Home\",\"item\":\"https:\\\/\\\/whitebirchpaper.com\\\/fr\\\/\"},{\"@type\":\"ListItem\",\"position\":2,\"name\":\"Compagnie\",\"item\":\"https:\\\/\\\/whitebirchpaper.com\\\/fr\\\/compagnie\\\/\"},{\"@type\":\"ListItem\",\"position\":3,\"name\":\"Nos usines\"}]},{\"@type\":\"WebSite\",\"@id\":\"https:\\\/\\\/whitebirchpaper.com\\\/#website\",\"url\":\"https:\\\/\\\/whitebirchpaper.com\\\/\",\"name\":\"White Birch Paper\",\"description\":\"\",\"publisher\":{\"@id\":\"https:\\\/\\\/whitebirchpaper.com\\\/#organization\"},\"potentialAction\":[{\"@type\":\"SearchAction\",\"target\":{\"@type\":\"EntryPoint\",\"urlTemplate\":\"https:\\\/\\\/whitebirchpaper.com\\\/?s={search_term_string}\"},\"query-input\":{\"@type\":\"PropertyValueSpecification\",\"valueRequired\":true,\"valueName\":\"search_term_string\"}}],\"inLanguage\":\"fr-FR\"},{\"@type\":\"Organization\",\"@id\":\"https:\\\/\\\/whitebirchpaper.com\\\/#organization\",\"name\":\"White Birch Paper\",\"url\":\"https:\\\/\\\/whitebirchpaper.com\\\/\",\"logo\":{\"@type\":\"ImageObject\",\"inLanguage\":\"fr-FR\",\"@id\":\"https:\\\/\\\/whitebirchpaper.com\\\/#\\\/schema\\\/logo\\\/image\\\/\",\"url\":\"https:\\\/\\\/whitebirchpaper.com\\\/wp-content\\\/uploads\\\/logo-white-birch-paper.png\",\"contentUrl\":\"https:\\\/\\\/whitebirchpaper.com\\\/wp-content\\\/uploads\\\/logo-white-birch-paper.png\",\"width\":395,\"height\":75,\"caption\":\"White Birch Paper\"},\"image\":{\"@id\":\"https:\\\/\\\/whitebirchpaper.com\\\/#\\\/schema\\\/logo\\\/image\\\/\"}}]}<\/script>\n<!-- \/ Yoast SEO plugin. -->","yoast_head_json":{"title":"Usines \u00e0 papier | Papiers White Birch","description":"Les usines de Papiers White Birch au Canada et aux \u00c9tats-Unis fabriquent du papier journal, du carton, du papier annuaire et beaucoup plus.","robots":{"index":"index","follow":"follow","max-snippet":"max-snippet:-1","max-image-preview":"max-image-preview:large","max-video-preview":"max-video-preview:-1"},"canonical":"https:\/\/whitebirchpaper.com\/fr\/compagnie\/nos-usines\/","og_locale":"fr_FR","og_type":"article","og_title":"Usines \u00e0 papier | Papiers White Birch","og_description":"Les usines de Papiers White Birch au Canada et aux \u00c9tats-Unis fabriquent du papier journal, du carton, du papier annuaire et beaucoup plus.","og_url":"https:\/\/whitebirchpaper.com\/fr\/compagnie\/nos-usines\/","og_site_name":"White Birch Paper","article_modified_time":"2021-03-19T22:24:32+00:00","og_image":[{"width":1307,"height":165,"url":"https:\/\/whitebirchpaper.com\/wp-content\/uploads\/pipes.jpg","type":"image\/jpeg"}],"twitter_card":"summary_large_image","twitter_misc":{"Dur\u00e9e de lecture estim\u00e9e":"1 minute"},"schema":{"@context":"https:\/\/schema.org","@graph":[{"@type":"WebPage","@id":"https:\/\/whitebirchpaper.com\/fr\/compagnie\/nos-usines\/","url":"https:\/\/whitebirchpaper.com\/fr\/compagnie\/nos-usines\/","name":"Usines \u00e0 papier | Papiers White Birch","isPartOf":{"@id":"https:\/\/whitebirchpaper.com\/#website"},"primaryImageOfPage":{"@id":"https:\/\/whitebirchpaper.com\/fr\/compagnie\/nos-usines\/#primaryimage"},"image":{"@id":"https:\/\/whitebirchpaper.com\/fr\/compagnie\/nos-usines\/#primaryimage"},"thumbnailUrl":"https:\/\/whitebirchpaper.com\/wp-content\/uploads\/pipes.jpg","datePublished":"2015-10-29T18:33:18+00:00","dateModified":"2021-03-19T22:24:32+00:00","description":"Les usines de Papiers White Birch au Canada et aux \u00c9tats-Unis fabriquent du papier journal, du carton, du papier annuaire et beaucoup plus.","breadcrumb":{"@id":"https:\/\/whitebirchpaper.com\/fr\/compagnie\/nos-usines\/#breadcrumb"},"inLanguage":"fr-FR","potentialAction":[{"@type":"ReadAction","target":["https:\/\/whitebirchpaper.com\/fr\/compagnie\/nos-usines\/"]}]},{"@type":"ImageObject","inLanguage":"fr-FR","@id":"https:\/\/whitebirchpaper.com\/fr\/compagnie\/nos-usines\/#primaryimage","url":"https:\/\/whitebirchpaper.com\/wp-content\/uploads\/pipes.jpg","contentUrl":"https:\/\/whitebirchpaper.com\/wp-content\/uploads\/pipes.jpg","width":1307,"height":165},{"@type":"BreadcrumbList","@id":"https:\/\/whitebirchpaper.com\/fr\/compagnie\/nos-usines\/#breadcrumb","itemListElement":[{"@type":"ListItem","position":1,"name":"Home","item":"https:\/\/whitebirchpaper.com\/fr\/"},{"@type":"ListItem","position":2,"name":"Compagnie","item":"https:\/\/whitebirchpaper.com\/fr\/compagnie\/"},{"@type":"ListItem","position":3,"name":"Nos usines"}]},{"@type":"WebSite","@id":"https:\/\/whitebirchpaper.com\/#website","url":"https:\/\/whitebirchpaper.com\/","name":"White Birch Paper","description":"","publisher":{"@id":"https:\/\/whitebirchpaper.com\/#organization"},"potentialAction":[{"@type":"SearchAction","target":{"@type":"EntryPoint","urlTemplate":"https:\/\/whitebirchpaper.com\/?s={search_term_string}"},"query-input":{"@type":"PropertyValueSpecification","valueRequired":true,"valueName":"search_term_string"}}],"inLanguage":"fr-FR"},{"@type":"Organization","@id":"https:\/\/whitebirchpaper.com\/#organization","name":"White Birch Paper","url":"https:\/\/whitebirchpaper.com\/","logo":{"@type":"ImageObject","inLanguage":"fr-FR","@id":"https:\/\/whitebirchpaper.com\/#\/schema\/logo\/image\/","url":"https:\/\/whitebirchpaper.com\/wp-content\/uploads\/logo-white-birch-paper.png","contentUrl":"https:\/\/whitebirchpaper.com\/wp-content\/uploads\/logo-white-birch-paper.png","width":395,"height":75,"caption":"White Birch Paper"},"image":{"@id":"https:\/\/whitebirchpaper.com\/#\/schema\/logo\/image\/"}}]}},"_links":{"self":[{"href":"https:\/\/whitebirchpaper.com\/fr\/wp-json\/wp\/v2\/pages\/1096","targetHints":{"allow":["GET"]}}],"collection":[{"href":"https:\/\/whitebirchpaper.com\/fr\/wp-json\/wp\/v2\/pages"}],"about":[{"href":"https:\/\/whitebirchpaper.com\/fr\/wp-json\/wp\/v2\/types\/page"}],"author":[{"embeddable":true,"href":"https:\/\/whitebirchpaper.com\/fr\/wp-json\/wp\/v2\/users\/19"}],"replies":[{"embeddable":true,"href":"https:\/\/whitebirchpaper.com\/fr\/wp-json\/wp\/v2\/comments?post=1096"}],"version-history":[{"count":0,"href":"https:\/\/whitebirchpaper.com\/fr\/wp-json\/wp\/v2\/pages\/1096\/revisions"}],"up":[{"embeddable":true,"href":"https:\/\/whitebirchpaper.com\/fr\/wp-json\/wp\/v2\/pages\/1090"}],"wp:featuredmedia":[{"embeddable":true,"href":"https:\/\/whitebirchpaper.com\/fr\/wp-json\/wp\/v2\/media\/991"}],"wp:attachment":[{"href":"https:\/\/whitebirchpaper.com\/fr\/wp-json\/wp\/v2\/media?parent=1096"}],"curies":[{"name":"wp","href":"https:\/\/api.w.org\/{rel}","templated":true}]}}