{"id":1095,"date":"2015-10-29T14:38:34","date_gmt":"2015-10-29T18:38:34","guid":{"rendered":"https:\/\/whitebirchpaper.com\/fr\/sustainability\/"},"modified":"2026-04-30T14:04:30","modified_gmt":"2026-04-30T18:04:30","slug":"certifications","status":"publish","type":"page","link":"https:\/\/whitebirchpaper.com\/fr\/certifications\/","title":{"rendered":"Certifications"},"content":{"rendered":"<h2>Produits de papier durables : Une cha\u00eene de responsabilit\u00e9 qui remonte \u00e0 la source<\/h2>\n<p>Papiers White Birch est \u00e9cologiquement proactive dans la production de son papier et est \u00e0 l\u2019\u00e9coute de ses partenaires pour fabriquer des produits qui r\u00e9pondent \u00e0 leurs normes tout en \u00e9tant rentable. En ce qui concerne les produits qui sont fabriqu\u00e9s \u00e0 partir de fibres vierges, nous privil\u00e9gions les for\u00eats avec une gestion durable, respectant nos valeurs environnementales, sociales et \u00e9conomiques.<\/p>\n<p>Afin d\u2019assurer que notre approvisionnement de fibres provienne de for\u00eats qui favorisent le d\u00e9veloppement durable et qu\u2019elles se conforment aux r\u00e8gles et aux principes de la gestion des for\u00eats, prot\u00e9geant ainsi la ressource et la biodiversit\u00e9 \u00e0 long terme, Papiers White Birch a mis en place une cha\u00eene de responsabilit\u00e9 pour ses fibres ce qui nous permet de remonter \u00e0 sa source dans la for\u00eat.<\/p>\n<h3>Nous mettons en place nos meilleurs efforts pour \u00e9viter le commerce et l\u2019approvisionnement :<\/h3>\n<ul>\n<li>du bois issu d\u2019une r\u00e9colte ill\u00e9gale.<\/li>\n<li>du bois issu d\u2019une r\u00e9colte en violation des droits ancestraux et civils.<\/li>\n<li>du bois issu d\u2019une r\u00e9colte provenant d\u2019une for\u00eat o\u00f9 les grandes valeurs de conservation sont menac\u00e9es par des activit\u00e9s de gestion.<\/li>\n<li>du bois provenant de for\u00eats o\u00f9 des arbres modifi\u00e9s g\u00e9n\u00e9tiquement sont plant\u00e9s.<\/li>\n<\/ul>\n","protected":false},"excerpt":{"rendered":"<p>Produits de papier durables : Une cha\u00eene de responsabilit\u00e9 qui remonte \u00e0 la source Papiers White Birch est \u00e9cologiquement proactive dans la production de son papier et est \u00e0 l\u2019\u00e9coute de ses partenaires pour fabriquer des produits qui r\u00e9pondent \u00e0 leurs normes tout en \u00e9tant rentable. En ce qui concerne les produits qui sont fabriqu\u00e9s [&hellip;]<\/p>\n","protected":false},"author":19,"featured_media":1004,"parent":0,"menu_order":3,"comment_status":"closed","ping_status":"closed","template":"","meta":{"_acf_changed":false,"footnotes":""},"class_list":["post-1095","page","type-page","status-publish","hentry"],"acf":[],"yoast_head":"<!-- This site is optimized with the Yoast SEO plugin v27.5 - https:\/\/yoast.com\/product\/yoast-seo-wordpress\/ -->\n<title>Produits du papier durables | Papier journal \u00e9cologique | Papiers White Birch<\/title>\n<meta name=\"description\" content=\"White Birch Paper ensure all our fiber supplies are managed for sustainability through a fiber chain of custody standard. Mill practices and certifications.\" \/>\n<meta name=\"robots\" content=\"index, follow, max-snippet:-1, max-image-preview:large, max-video-preview:-1\" \/>\n<link rel=\"canonical\" href=\"https:\/\/whitebirchpaper.com\/fr\/certifications\/\" \/>\n<meta property=\"og:locale\" content=\"fr_FR\" \/>\n<meta property=\"og:type\" content=\"article\" \/>\n<meta property=\"og:title\" content=\"Produits du papier durables | Papier journal \u00e9cologique | Papiers White Birch\" \/>\n<meta property=\"og:description\" content=\"White Birch Paper ensure all our fiber supplies are managed for sustainability through a fiber chain of custody standard. Mill practices and certifications.\" \/>\n<meta property=\"og:url\" content=\"https:\/\/whitebirchpaper.com\/fr\/certifications\/\" \/>\n<meta property=\"og:site_name\" content=\"White Birch Paper\" \/>\n<meta property=\"article:modified_time\" content=\"2026-04-30T18:04:30+00:00\" \/>\n<meta property=\"og:image\" content=\"https:\/\/whitebirchpaper.com\/wp-content\/uploads\/chips.jpg\" \/>\n\t<meta property=\"og:image:width\" content=\"1298\" \/>\n\t<meta property=\"og:image:height\" content=\"164\" \/>\n\t<meta property=\"og:image:type\" content=\"image\/jpeg\" \/>\n<meta name=\"twitter:card\" content=\"summary_large_image\" \/>\n<meta name=\"twitter:label1\" content=\"Dur\u00e9e de lecture estim\u00e9e\" \/>\n\t<meta name=\"twitter:data1\" content=\"2 minutes\" \/>\n<script type=\"application\/ld+json\" class=\"yoast-schema-graph\">{\"@context\":\"https:\\\/\\\/schema.org\",\"@graph\":[{\"@type\":\"WebPage\",\"@id\":\"https:\\\/\\\/whitebirchpaper.com\\\/fr\\\/certifications\\\/\",\"url\":\"https:\\\/\\\/whitebirchpaper.com\\\/fr\\\/certifications\\\/\",\"name\":\"Produits du papier durables | Papier journal \u00e9cologique | Papiers White Birch\",\"isPartOf\":{\"@id\":\"https:\\\/\\\/whitebirchpaper.com\\\/#website\"},\"primaryImageOfPage\":{\"@id\":\"https:\\\/\\\/whitebirchpaper.com\\\/fr\\\/certifications\\\/#primaryimage\"},\"image\":{\"@id\":\"https:\\\/\\\/whitebirchpaper.com\\\/fr\\\/certifications\\\/#primaryimage\"},\"thumbnailUrl\":\"https:\\\/\\\/whitebirchpaper.com\\\/wp-content\\\/uploads\\\/chips.jpg\",\"datePublished\":\"2015-10-29T18:38:34+00:00\",\"dateModified\":\"2026-04-30T18:04:30+00:00\",\"description\":\"White Birch Paper ensure all our fiber supplies are managed for sustainability through a fiber chain of custody standard. Mill practices and certifications.\",\"breadcrumb\":{\"@id\":\"https:\\\/\\\/whitebirchpaper.com\\\/fr\\\/certifications\\\/#breadcrumb\"},\"inLanguage\":\"fr-FR\",\"potentialAction\":[{\"@type\":\"ReadAction\",\"target\":[\"https:\\\/\\\/whitebirchpaper.com\\\/fr\\\/certifications\\\/\"]}]},{\"@type\":\"ImageObject\",\"inLanguage\":\"fr-FR\",\"@id\":\"https:\\\/\\\/whitebirchpaper.com\\\/fr\\\/certifications\\\/#primaryimage\",\"url\":\"https:\\\/\\\/whitebirchpaper.com\\\/wp-content\\\/uploads\\\/chips.jpg\",\"contentUrl\":\"https:\\\/\\\/whitebirchpaper.com\\\/wp-content\\\/uploads\\\/chips.jpg\",\"width\":1298,\"height\":164},{\"@type\":\"BreadcrumbList\",\"@id\":\"https:\\\/\\\/whitebirchpaper.com\\\/fr\\\/certifications\\\/#breadcrumb\",\"itemListElement\":[{\"@type\":\"ListItem\",\"position\":1,\"name\":\"Home\",\"item\":\"https:\\\/\\\/whitebirchpaper.com\\\/fr\\\/\"},{\"@type\":\"ListItem\",\"position\":2,\"name\":\"Certifications\"}]},{\"@type\":\"WebSite\",\"@id\":\"https:\\\/\\\/whitebirchpaper.com\\\/#website\",\"url\":\"https:\\\/\\\/whitebirchpaper.com\\\/\",\"name\":\"White Birch Paper\",\"description\":\"\",\"publisher\":{\"@id\":\"https:\\\/\\\/whitebirchpaper.com\\\/#organization\"},\"potentialAction\":[{\"@type\":\"SearchAction\",\"target\":{\"@type\":\"EntryPoint\",\"urlTemplate\":\"https:\\\/\\\/whitebirchpaper.com\\\/?s={search_term_string}\"},\"query-input\":{\"@type\":\"PropertyValueSpecification\",\"valueRequired\":true,\"valueName\":\"search_term_string\"}}],\"inLanguage\":\"fr-FR\"},{\"@type\":\"Organization\",\"@id\":\"https:\\\/\\\/whitebirchpaper.com\\\/#organization\",\"name\":\"White Birch Paper\",\"url\":\"https:\\\/\\\/whitebirchpaper.com\\\/\",\"logo\":{\"@type\":\"ImageObject\",\"inLanguage\":\"fr-FR\",\"@id\":\"https:\\\/\\\/whitebirchpaper.com\\\/#\\\/schema\\\/logo\\\/image\\\/\",\"url\":\"https:\\\/\\\/whitebirchpaper.com\\\/wp-content\\\/uploads\\\/logo-white-birch-paper.png\",\"contentUrl\":\"https:\\\/\\\/whitebirchpaper.com\\\/wp-content\\\/uploads\\\/logo-white-birch-paper.png\",\"width\":395,\"height\":75,\"caption\":\"White Birch Paper\"},\"image\":{\"@id\":\"https:\\\/\\\/whitebirchpaper.com\\\/#\\\/schema\\\/logo\\\/image\\\/\"}}]}<\/script>\n<!-- \/ Yoast SEO plugin. -->","yoast_head_json":{"title":"Produits du papier durables | Papier journal \u00e9cologique | Papiers White Birch","description":"White Birch Paper ensure all our fiber supplies are managed for sustainability through a fiber chain of custody standard. Mill practices and certifications.","robots":{"index":"index","follow":"follow","max-snippet":"max-snippet:-1","max-image-preview":"max-image-preview:large","max-video-preview":"max-video-preview:-1"},"canonical":"https:\/\/whitebirchpaper.com\/fr\/certifications\/","og_locale":"fr_FR","og_type":"article","og_title":"Produits du papier durables | Papier journal \u00e9cologique | Papiers White Birch","og_description":"White Birch Paper ensure all our fiber supplies are managed for sustainability through a fiber chain of custody standard. Mill practices and certifications.","og_url":"https:\/\/whitebirchpaper.com\/fr\/certifications\/","og_site_name":"White Birch Paper","article_modified_time":"2026-04-30T18:04:30+00:00","og_image":[{"width":1298,"height":164,"url":"https:\/\/whitebirchpaper.com\/wp-content\/uploads\/chips.jpg","type":"image\/jpeg"}],"twitter_card":"summary_large_image","twitter_misc":{"Dur\u00e9e de lecture estim\u00e9e":"2 minutes"},"schema":{"@context":"https:\/\/schema.org","@graph":[{"@type":"WebPage","@id":"https:\/\/whitebirchpaper.com\/fr\/certifications\/","url":"https:\/\/whitebirchpaper.com\/fr\/certifications\/","name":"Produits du papier durables | Papier journal \u00e9cologique | Papiers White Birch","isPartOf":{"@id":"https:\/\/whitebirchpaper.com\/#website"},"primaryImageOfPage":{"@id":"https:\/\/whitebirchpaper.com\/fr\/certifications\/#primaryimage"},"image":{"@id":"https:\/\/whitebirchpaper.com\/fr\/certifications\/#primaryimage"},"thumbnailUrl":"https:\/\/whitebirchpaper.com\/wp-content\/uploads\/chips.jpg","datePublished":"2015-10-29T18:38:34+00:00","dateModified":"2026-04-30T18:04:30+00:00","description":"White Birch Paper ensure all our fiber supplies are managed for sustainability through a fiber chain of custody standard. Mill practices and certifications.","breadcrumb":{"@id":"https:\/\/whitebirchpaper.com\/fr\/certifications\/#breadcrumb"},"inLanguage":"fr-FR","potentialAction":[{"@type":"ReadAction","target":["https:\/\/whitebirchpaper.com\/fr\/certifications\/"]}]},{"@type":"ImageObject","inLanguage":"fr-FR","@id":"https:\/\/whitebirchpaper.com\/fr\/certifications\/#primaryimage","url":"https:\/\/whitebirchpaper.com\/wp-content\/uploads\/chips.jpg","contentUrl":"https:\/\/whitebirchpaper.com\/wp-content\/uploads\/chips.jpg","width":1298,"height":164},{"@type":"BreadcrumbList","@id":"https:\/\/whitebirchpaper.com\/fr\/certifications\/#breadcrumb","itemListElement":[{"@type":"ListItem","position":1,"name":"Home","item":"https:\/\/whitebirchpaper.com\/fr\/"},{"@type":"ListItem","position":2,"name":"Certifications"}]},{"@type":"WebSite","@id":"https:\/\/whitebirchpaper.com\/#website","url":"https:\/\/whitebirchpaper.com\/","name":"White Birch Paper","description":"","publisher":{"@id":"https:\/\/whitebirchpaper.com\/#organization"},"potentialAction":[{"@type":"SearchAction","target":{"@type":"EntryPoint","urlTemplate":"https:\/\/whitebirchpaper.com\/?s={search_term_string}"},"query-input":{"@type":"PropertyValueSpecification","valueRequired":true,"valueName":"search_term_string"}}],"inLanguage":"fr-FR"},{"@type":"Organization","@id":"https:\/\/whitebirchpaper.com\/#organization","name":"White Birch Paper","url":"https:\/\/whitebirchpaper.com\/","logo":{"@type":"ImageObject","inLanguage":"fr-FR","@id":"https:\/\/whitebirchpaper.com\/#\/schema\/logo\/image\/","url":"https:\/\/whitebirchpaper.com\/wp-content\/uploads\/logo-white-birch-paper.png","contentUrl":"https:\/\/whitebirchpaper.com\/wp-content\/uploads\/logo-white-birch-paper.png","width":395,"height":75,"caption":"White Birch Paper"},"image":{"@id":"https:\/\/whitebirchpaper.com\/#\/schema\/logo\/image\/"}}]}},"_links":{"self":[{"href":"https:\/\/whitebirchpaper.com\/fr\/wp-json\/wp\/v2\/pages\/1095","targetHints":{"allow":["GET"]}}],"collection":[{"href":"https:\/\/whitebirchpaper.com\/fr\/wp-json\/wp\/v2\/pages"}],"about":[{"href":"https:\/\/whitebirchpaper.com\/fr\/wp-json\/wp\/v2\/types\/page"}],"author":[{"embeddable":true,"href":"https:\/\/whitebirchpaper.com\/fr\/wp-json\/wp\/v2\/users\/19"}],"replies":[{"embeddable":true,"href":"https:\/\/whitebirchpaper.com\/fr\/wp-json\/wp\/v2\/comments?post=1095"}],"version-history":[{"count":0,"href":"https:\/\/whitebirchpaper.com\/fr\/wp-json\/wp\/v2\/pages\/1095\/revisions"}],"wp:featuredmedia":[{"embeddable":true,"href":"https:\/\/whitebirchpaper.com\/fr\/wp-json\/wp\/v2\/media\/1004"}],"wp:attachment":[{"href":"https:\/\/whitebirchpaper.com\/fr\/wp-json\/wp\/v2\/media?parent=1095"}],"curies":[{"name":"wp","href":"https:\/\/api.w.org\/{rel}","templated":true}]}}