{"id":1091,"date":"2015-10-29T14:40:46","date_gmt":"2015-10-29T18:40:46","guid":{"rendered":"https:\/\/whitebirchpaper.com\/fr\/careers\/"},"modified":"2026-03-09T15:40:39","modified_gmt":"2026-03-09T19:40:39","slug":"carrieres","status":"publish","type":"page","link":"https:\/\/whitebirchpaper.com\/fr\/carrieres\/","title":{"rendered":"Carri\u00e8res"},"content":{"rendered":"<p>Papiers White Birch est fi\u00e8re de compter plus de 1 000 employ\u00e9s dans nos 2 usines au Canada et aux \u00c9tats-Unis. Nous nous effor\u00e7ons d\u2019\u00eatre un chef de file du march\u00e9 dans tous les sens \u2014 la s\u00e9curit\u00e9, la qualit\u00e9 de l\u2019efficacit\u00e9 et le d\u00e9veloppement durable. Nous excellons en misant sur l\u2019optimisation, les investissements importants, la qualit\u00e9 et la flexibilit\u00e9. Et nous progressons en recherchant activement de nouvelles occasions et en nous adaptant rapidement aux conditions dynamiques de notre industrie. Tout ceci est possible en raison de l\u2019engagement profond et du d\u00e9veloppement de nos employ\u00e9s. Gr\u00e2ce \u00e0 cet engagement, nous sommes en mesure de d\u00e9passer continuellement les attentes de nos clients tout en pr\u00e9servant la rentabilit\u00e9 de nos op\u00e9rations en favorisant la r\u00e9ussite de nos partenaires aujourd\u2019hui et dans l\u2019avenir. <a class=\"more\" href=\"https:\/\/whitebirchpaper.com\/fr\/carrieres\/travailler-chez-papiers-white-birch\/\">en savoir plus<\/a><\/p>\n","protected":false},"excerpt":{"rendered":"<p>Papiers White Birch est fi\u00e8re de compter plus de 1 000 employ\u00e9s dans nos 2 usines au Canada et aux \u00c9tats-Unis. Nous nous effor\u00e7ons d\u2019\u00eatre un chef de file du march\u00e9 dans tous les sens \u2014 la s\u00e9curit\u00e9, la qualit\u00e9 de l\u2019efficacit\u00e9 et le d\u00e9veloppement durable. Nous excellons en misant sur l\u2019optimisation, les investissements importants, [&hellip;]<\/p>\n","protected":false},"author":19,"featured_media":964,"parent":0,"menu_order":4,"comment_status":"closed","ping_status":"closed","template":"","meta":{"_acf_changed":false,"footnotes":""},"class_list":["post-1091","page","type-page","status-publish","hentry"],"acf":[],"yoast_head":"<!-- This site is optimized with the Yoast SEO plugin v27.4 - https:\/\/yoast.com\/product\/yoast-seo-wordpress\/ -->\n<title>Careers Paper Manufacturing | White Birch Paper<\/title>\n<meta name=\"description\" content=\"White Birch Paper offers careers in operations, engineering, management and more. Explore jobs and opportunities in our 5 Mills in Canada and the US.\" \/>\n<meta name=\"robots\" content=\"index, follow, max-snippet:-1, max-image-preview:large, max-video-preview:-1\" \/>\n<link rel=\"canonical\" href=\"https:\/\/whitebirchpaper.com\/fr\/carrieres\/\" \/>\n<meta property=\"og:locale\" content=\"fr_FR\" \/>\n<meta property=\"og:type\" content=\"article\" \/>\n<meta property=\"og:title\" content=\"Careers Paper Manufacturing | White Birch Paper\" \/>\n<meta property=\"og:description\" content=\"White Birch Paper offers careers in operations, engineering, management and more. Explore jobs and opportunities in our 5 Mills in Canada and the US.\" \/>\n<meta property=\"og:url\" content=\"https:\/\/whitebirchpaper.com\/fr\/carrieres\/\" \/>\n<meta property=\"og:site_name\" content=\"White Birch Paper\" \/>\n<meta property=\"article:modified_time\" content=\"2026-03-09T19:40:39+00:00\" \/>\n<meta property=\"og:image\" content=\"https:\/\/whitebirchpaper.com\/wp-content\/uploads\/careers.jpg\" \/>\n\t<meta property=\"og:image:width\" content=\"1298\" \/>\n\t<meta property=\"og:image:height\" content=\"328\" \/>\n\t<meta property=\"og:image:type\" content=\"image\/jpeg\" \/>\n<meta name=\"twitter:card\" content=\"summary_large_image\" \/>\n<meta name=\"twitter:label1\" content=\"Dur\u00e9e de lecture estim\u00e9e\" \/>\n\t<meta name=\"twitter:data1\" content=\"1 minute\" \/>\n<script type=\"application\/ld+json\" class=\"yoast-schema-graph\">{\"@context\":\"https:\\\/\\\/schema.org\",\"@graph\":[{\"@type\":\"WebPage\",\"@id\":\"https:\\\/\\\/whitebirchpaper.com\\\/fr\\\/carrieres\\\/\",\"url\":\"https:\\\/\\\/whitebirchpaper.com\\\/fr\\\/carrieres\\\/\",\"name\":\"Careers Paper Manufacturing | White Birch Paper\",\"isPartOf\":{\"@id\":\"https:\\\/\\\/whitebirchpaper.com\\\/#website\"},\"primaryImageOfPage\":{\"@id\":\"https:\\\/\\\/whitebirchpaper.com\\\/fr\\\/carrieres\\\/#primaryimage\"},\"image\":{\"@id\":\"https:\\\/\\\/whitebirchpaper.com\\\/fr\\\/carrieres\\\/#primaryimage\"},\"thumbnailUrl\":\"https:\\\/\\\/whitebirchpaper.com\\\/wp-content\\\/uploads\\\/careers.jpg\",\"datePublished\":\"2015-10-29T18:40:46+00:00\",\"dateModified\":\"2026-03-09T19:40:39+00:00\",\"description\":\"White Birch Paper offers careers in operations, engineering, management and more. Explore jobs and opportunities in our 5 Mills in Canada and the US.\",\"breadcrumb\":{\"@id\":\"https:\\\/\\\/whitebirchpaper.com\\\/fr\\\/carrieres\\\/#breadcrumb\"},\"inLanguage\":\"fr-FR\",\"potentialAction\":[{\"@type\":\"ReadAction\",\"target\":[\"https:\\\/\\\/whitebirchpaper.com\\\/fr\\\/carrieres\\\/\"]}]},{\"@type\":\"ImageObject\",\"inLanguage\":\"fr-FR\",\"@id\":\"https:\\\/\\\/whitebirchpaper.com\\\/fr\\\/carrieres\\\/#primaryimage\",\"url\":\"https:\\\/\\\/whitebirchpaper.com\\\/wp-content\\\/uploads\\\/careers.jpg\",\"contentUrl\":\"https:\\\/\\\/whitebirchpaper.com\\\/wp-content\\\/uploads\\\/careers.jpg\",\"width\":1298,\"height\":328},{\"@type\":\"BreadcrumbList\",\"@id\":\"https:\\\/\\\/whitebirchpaper.com\\\/fr\\\/carrieres\\\/#breadcrumb\",\"itemListElement\":[{\"@type\":\"ListItem\",\"position\":1,\"name\":\"Home\",\"item\":\"https:\\\/\\\/whitebirchpaper.com\\\/fr\\\/\"},{\"@type\":\"ListItem\",\"position\":2,\"name\":\"Carri\u00e8res\"}]},{\"@type\":\"WebSite\",\"@id\":\"https:\\\/\\\/whitebirchpaper.com\\\/#website\",\"url\":\"https:\\\/\\\/whitebirchpaper.com\\\/\",\"name\":\"White Birch Paper\",\"description\":\"\",\"publisher\":{\"@id\":\"https:\\\/\\\/whitebirchpaper.com\\\/#organization\"},\"potentialAction\":[{\"@type\":\"SearchAction\",\"target\":{\"@type\":\"EntryPoint\",\"urlTemplate\":\"https:\\\/\\\/whitebirchpaper.com\\\/?s={search_term_string}\"},\"query-input\":{\"@type\":\"PropertyValueSpecification\",\"valueRequired\":true,\"valueName\":\"search_term_string\"}}],\"inLanguage\":\"fr-FR\"},{\"@type\":\"Organization\",\"@id\":\"https:\\\/\\\/whitebirchpaper.com\\\/#organization\",\"name\":\"White Birch Paper\",\"url\":\"https:\\\/\\\/whitebirchpaper.com\\\/\",\"logo\":{\"@type\":\"ImageObject\",\"inLanguage\":\"fr-FR\",\"@id\":\"https:\\\/\\\/whitebirchpaper.com\\\/#\\\/schema\\\/logo\\\/image\\\/\",\"url\":\"https:\\\/\\\/whitebirchpaper.com\\\/wp-content\\\/uploads\\\/logo-white-birch-paper.png\",\"contentUrl\":\"https:\\\/\\\/whitebirchpaper.com\\\/wp-content\\\/uploads\\\/logo-white-birch-paper.png\",\"width\":395,\"height\":75,\"caption\":\"White Birch Paper\"},\"image\":{\"@id\":\"https:\\\/\\\/whitebirchpaper.com\\\/#\\\/schema\\\/logo\\\/image\\\/\"}}]}<\/script>\n<!-- \/ Yoast SEO plugin. -->","yoast_head_json":{"title":"Careers Paper Manufacturing | White Birch Paper","description":"White Birch Paper offers careers in operations, engineering, management and more. Explore jobs and opportunities in our 5 Mills in Canada and the US.","robots":{"index":"index","follow":"follow","max-snippet":"max-snippet:-1","max-image-preview":"max-image-preview:large","max-video-preview":"max-video-preview:-1"},"canonical":"https:\/\/whitebirchpaper.com\/fr\/carrieres\/","og_locale":"fr_FR","og_type":"article","og_title":"Careers Paper Manufacturing | White Birch Paper","og_description":"White Birch Paper offers careers in operations, engineering, management and more. Explore jobs and opportunities in our 5 Mills in Canada and the US.","og_url":"https:\/\/whitebirchpaper.com\/fr\/carrieres\/","og_site_name":"White Birch Paper","article_modified_time":"2026-03-09T19:40:39+00:00","og_image":[{"width":1298,"height":328,"url":"https:\/\/whitebirchpaper.com\/wp-content\/uploads\/careers.jpg","type":"image\/jpeg"}],"twitter_card":"summary_large_image","twitter_misc":{"Dur\u00e9e de lecture estim\u00e9e":"1 minute"},"schema":{"@context":"https:\/\/schema.org","@graph":[{"@type":"WebPage","@id":"https:\/\/whitebirchpaper.com\/fr\/carrieres\/","url":"https:\/\/whitebirchpaper.com\/fr\/carrieres\/","name":"Careers Paper Manufacturing | White Birch Paper","isPartOf":{"@id":"https:\/\/whitebirchpaper.com\/#website"},"primaryImageOfPage":{"@id":"https:\/\/whitebirchpaper.com\/fr\/carrieres\/#primaryimage"},"image":{"@id":"https:\/\/whitebirchpaper.com\/fr\/carrieres\/#primaryimage"},"thumbnailUrl":"https:\/\/whitebirchpaper.com\/wp-content\/uploads\/careers.jpg","datePublished":"2015-10-29T18:40:46+00:00","dateModified":"2026-03-09T19:40:39+00:00","description":"White Birch Paper offers careers in operations, engineering, management and more. Explore jobs and opportunities in our 5 Mills in Canada and the US.","breadcrumb":{"@id":"https:\/\/whitebirchpaper.com\/fr\/carrieres\/#breadcrumb"},"inLanguage":"fr-FR","potentialAction":[{"@type":"ReadAction","target":["https:\/\/whitebirchpaper.com\/fr\/carrieres\/"]}]},{"@type":"ImageObject","inLanguage":"fr-FR","@id":"https:\/\/whitebirchpaper.com\/fr\/carrieres\/#primaryimage","url":"https:\/\/whitebirchpaper.com\/wp-content\/uploads\/careers.jpg","contentUrl":"https:\/\/whitebirchpaper.com\/wp-content\/uploads\/careers.jpg","width":1298,"height":328},{"@type":"BreadcrumbList","@id":"https:\/\/whitebirchpaper.com\/fr\/carrieres\/#breadcrumb","itemListElement":[{"@type":"ListItem","position":1,"name":"Home","item":"https:\/\/whitebirchpaper.com\/fr\/"},{"@type":"ListItem","position":2,"name":"Carri\u00e8res"}]},{"@type":"WebSite","@id":"https:\/\/whitebirchpaper.com\/#website","url":"https:\/\/whitebirchpaper.com\/","name":"White Birch Paper","description":"","publisher":{"@id":"https:\/\/whitebirchpaper.com\/#organization"},"potentialAction":[{"@type":"SearchAction","target":{"@type":"EntryPoint","urlTemplate":"https:\/\/whitebirchpaper.com\/?s={search_term_string}"},"query-input":{"@type":"PropertyValueSpecification","valueRequired":true,"valueName":"search_term_string"}}],"inLanguage":"fr-FR"},{"@type":"Organization","@id":"https:\/\/whitebirchpaper.com\/#organization","name":"White Birch Paper","url":"https:\/\/whitebirchpaper.com\/","logo":{"@type":"ImageObject","inLanguage":"fr-FR","@id":"https:\/\/whitebirchpaper.com\/#\/schema\/logo\/image\/","url":"https:\/\/whitebirchpaper.com\/wp-content\/uploads\/logo-white-birch-paper.png","contentUrl":"https:\/\/whitebirchpaper.com\/wp-content\/uploads\/logo-white-birch-paper.png","width":395,"height":75,"caption":"White Birch Paper"},"image":{"@id":"https:\/\/whitebirchpaper.com\/#\/schema\/logo\/image\/"}}]}},"_links":{"self":[{"href":"https:\/\/whitebirchpaper.com\/fr\/wp-json\/wp\/v2\/pages\/1091","targetHints":{"allow":["GET"]}}],"collection":[{"href":"https:\/\/whitebirchpaper.com\/fr\/wp-json\/wp\/v2\/pages"}],"about":[{"href":"https:\/\/whitebirchpaper.com\/fr\/wp-json\/wp\/v2\/types\/page"}],"author":[{"embeddable":true,"href":"https:\/\/whitebirchpaper.com\/fr\/wp-json\/wp\/v2\/users\/19"}],"replies":[{"embeddable":true,"href":"https:\/\/whitebirchpaper.com\/fr\/wp-json\/wp\/v2\/comments?post=1091"}],"version-history":[{"count":0,"href":"https:\/\/whitebirchpaper.com\/fr\/wp-json\/wp\/v2\/pages\/1091\/revisions"}],"wp:featuredmedia":[{"embeddable":true,"href":"https:\/\/whitebirchpaper.com\/fr\/wp-json\/wp\/v2\/media\/964"}],"wp:attachment":[{"href":"https:\/\/whitebirchpaper.com\/fr\/wp-json\/wp\/v2\/media?parent=1091"}],"curies":[{"name":"wp","href":"https:\/\/api.w.org\/{rel}","templated":true}]}}