{"id":1090,"date":"2015-10-29T14:31:24","date_gmt":"2015-10-29T18:31:24","guid":{"rendered":"https:\/\/whitebirchpaper.com\/fr\/about-us\/"},"modified":"2018-11-02T11:40:19","modified_gmt":"2018-11-02T15:40:19","slug":"compagnie","status":"publish","type":"page","link":"https:\/\/whitebirchpaper.com\/fr\/compagnie\/","title":{"rendered":"Compagnie"},"content":{"rendered":"<h2>Production de papier pour l&rsquo;\u00e8re moderne<\/h2>\n<p>Anim\u00e9 par la passion et l\u2019engagement de nos employ\u00e9s, Papiers White Birch fabrique des produits de papier et de carton de la plus haute qualit\u00e9. Gr\u00e2ce aux investissements continus dans la s\u00e9curit\u00e9, le d\u00e9veloppement durable et les op\u00e9rations, nous avons prosp\u00e9r\u00e9 comme partenaire de confiance \u0153uvrant avec un sens d\u2019urgence pour r\u00e9pondre aux besoins de nos clients et favoriser leur r\u00e9ussite. Nous fabriquons du <a href=\"https:\/\/whitebirchpaper.com\/fr\/nos-produits\/papier-journal\/\">papier journal<\/a>, du <a href=\"https:\/\/whitebirchpaper.com\/fr\/nos-produits\/papiers-commerciaux\/papier-haute-brillance\/\">papier \u00e0 haute brillance<\/a>, du <a href=\"https:\/\/whitebirchpaper.com\/fr\/nos-produits\/carton\/\">carton <\/a>et d\u2019autres produits de <a href=\"https:\/\/whitebirchpaper.com\/fr\/nos-produits\/papiers-pour-usages-speciaux\/\">papier pour usages sp\u00e9ciaux<\/a> dans nos quatre <a href=\"https:\/\/whitebirchpaper.com\/fr\/compagnie\/nos-usines\/\">usines<\/a> au Canada et aux \u00c9tats-Unis d\u2019o\u00f9 nous desservons nos clients \u00e0 travers l\u2019Am\u00e9rique du Nord et partout dans le monde.<\/p>\n<h3><strong>NOTRE philosophIE<\/strong><\/h3>\n<p>La philosophie d\u2019affaires de Papiers White Birch peut se r\u00e9sumer en trois mots: <em><strong>l\u2019effort, la performance et le progr\u00e8s<\/strong><\/em>. Nous nous <em><strong>effor\u00e7ons<\/strong> <\/em>de devenir un leader du march\u00e9 \u00e0 tous les niveaux possibles, y compris la s\u00e9curit\u00e9, la qualit\u00e9, l\u2019efficacit\u00e9 et le d\u00e9veloppement durable. Nous <em><strong>performons<\/strong> <\/em>en nous concentrant sur l\u2019optimisation, la qualit\u00e9, la flexibilit\u00e9 et les investissements importants. Nous <em><strong>progressons<\/strong> <\/em>en cherchant activement de nouvelles occasions et en nous adaptant rapidement aux conditions changeantes de notre industrie.<\/p>\n<p>Tout ceci est rendu possible par l\u2019engagement ferme et le d\u00e9veloppement de nos employ\u00e9s. Gr\u00e2ce \u00e0 leur vision et leur engagement, nous pouvons d\u00e9passer les attentes de nos clients de fa\u00e7on constante tout en maintenant la rentabilit\u00e9 de nos op\u00e9rations, assurant notre r\u00e9ussite et la r\u00e9ussite de nos partenaires aujourd\u2019hui et dans l\u2019avenir.<\/p>\n<p>Nous nous <em><strong>effor\u00e7ons<\/strong> <\/em>aussi\u2026<\/p>\n<ul>\n<li>\u00e0 offrir de bonnes conditions de sant\u00e9 et de s\u00e9curit\u00e9 au travail pour nos employ\u00e9s.<\/li>\n<li>\u00e0 prot\u00e9ger l\u2019int\u00e9grit\u00e9 de notre environnement et \u00eatre reconnu comme un partenaire corporatif mod\u00e8le dans nos communaut\u00e9s.<\/li>\n<li>\u00e0 offrir des produits et services de grande qualit\u00e9 qui d\u00e9passent les attentes de nos clients.<\/li>\n<li>\u00a0\u00e0 cr\u00e9er un environnement constructif qui favorise le travail d\u2019\u00e9quipe par une communication efficace, ouverte et respectueuse.<\/li>\n<\/ul>\n<p>Nous <em><strong>performons<\/strong> <\/em>par \u2026<\/p>\n<ul>\n<li>l\u2019optimisation continue et l\u2019investissement dans les actifs humains et technologiques afin d\u2019\u00eatre le producteur de produits forestiers le plus concurrentiel.<\/li>\n<li>notre engagement \u00e0 livrer de fa\u00e7on constante des produits fiables et de la plus haute qualit\u00e9.<\/li>\n<li>nos efforts sur des projets \u00e0 rendement \u00e9lev\u00e9 qui augmentent la productivit\u00e9 et la qualit\u00e9 tout en r\u00e9duisant les co\u00fbts.<\/li>\n<li>nos op\u00e9rations flexibles qui s\u2019adaptent pour r\u00e9pondre aux besoins changeants de nos clients et du march\u00e9.<\/li>\n<\/ul>\n<p>Et nous <em><strong>progressons<\/strong> <\/em>en \u2026<\/p>\n<ul>\n<li>cr\u00e9ant, examinant et par la gestion des risques et des opportunit\u00e9s afin de toujours livrer de la valeur.<\/li>\n<li>cherchant et la mettant en \u0153uvre des occasions de r\u00e9duction des co\u00fbts.<\/li>\n<li>favorisant les nouvelles id\u00e9es et les am\u00e9liorations pour se d\u00e9marquer de nos concurrents.<\/li>\n<li>adaptant notre approche aux besoins changeants de nos clients et des conditions du march\u00e9.<\/li>\n<\/ul>\n","protected":false},"excerpt":{"rendered":"<p>Production de papier pour l&rsquo;\u00e8re moderne Anim\u00e9 par la passion et l\u2019engagement de nos employ\u00e9s, Papiers White Birch fabrique des produits de papier et de carton de la plus haute qualit\u00e9. Gr\u00e2ce aux investissements continus dans la s\u00e9curit\u00e9, le d\u00e9veloppement durable et les op\u00e9rations, nous avons prosp\u00e9r\u00e9 comme partenaire de confiance \u0153uvrant avec un sens [&hellip;]<\/p>\n","protected":false},"author":19,"featured_media":999,"parent":0,"menu_order":1,"comment_status":"closed","ping_status":"closed","template":"","meta":{"_acf_changed":false,"footnotes":""},"class_list":["post-1090","page","type-page","status-publish","hentry"],"acf":[],"yoast_head":"<!-- This site is optimized with the Yoast SEO plugin v27.3 - https:\/\/yoast.com\/product\/yoast-seo-wordpress\/ -->\n<title>Producteur de papier - Papiers White Birch<\/title>\n<meta name=\"description\" content=\"Papiers White Birch est un producteur de papier journal, de papier haute brillance, de papier annuaire et autres produits du papier \u00e0 usage sp\u00e9ciaux\u00a0\" \/>\n<meta name=\"robots\" content=\"index, follow, max-snippet:-1, max-image-preview:large, max-video-preview:-1\" \/>\n<link rel=\"canonical\" href=\"https:\/\/whitebirchpaper.com\/fr\/compagnie\/\" \/>\n<meta property=\"og:locale\" content=\"fr_FR\" \/>\n<meta property=\"og:type\" content=\"article\" \/>\n<meta property=\"og:title\" content=\"Producteur de papier - Papiers White Birch\" \/>\n<meta property=\"og:description\" content=\"Papiers White Birch est un producteur de papier journal, de papier haute brillance, de papier annuaire et autres produits du papier \u00e0 usage sp\u00e9ciaux\u00a0\" \/>\n<meta property=\"og:url\" content=\"https:\/\/whitebirchpaper.com\/fr\/compagnie\/\" \/>\n<meta property=\"og:site_name\" content=\"White Birch Paper\" \/>\n<meta property=\"article:modified_time\" content=\"2018-11-02T15:40:19+00:00\" \/>\n<meta property=\"og:image\" content=\"https:\/\/whitebirchpaper.com\/wp-content\/uploads\/about-whitebirch.jpg\" \/>\n\t<meta property=\"og:image:width\" content=\"1903\" \/>\n\t<meta property=\"og:image:height\" content=\"240\" \/>\n\t<meta property=\"og:image:type\" content=\"image\/jpeg\" \/>\n<meta name=\"twitter:card\" content=\"summary_large_image\" \/>\n<meta name=\"twitter:label1\" content=\"Dur\u00e9e de lecture estim\u00e9e\" \/>\n\t<meta name=\"twitter:data1\" content=\"3 minutes\" \/>\n<script type=\"application\/ld+json\" class=\"yoast-schema-graph\">{\"@context\":\"https:\\\/\\\/schema.org\",\"@graph\":[{\"@type\":\"WebPage\",\"@id\":\"https:\\\/\\\/whitebirchpaper.com\\\/fr\\\/compagnie\\\/\",\"url\":\"https:\\\/\\\/whitebirchpaper.com\\\/fr\\\/compagnie\\\/\",\"name\":\"Producteur de papier - Papiers White Birch\",\"isPartOf\":{\"@id\":\"https:\\\/\\\/whitebirchpaper.com\\\/#website\"},\"primaryImageOfPage\":{\"@id\":\"https:\\\/\\\/whitebirchpaper.com\\\/fr\\\/compagnie\\\/#primaryimage\"},\"image\":{\"@id\":\"https:\\\/\\\/whitebirchpaper.com\\\/fr\\\/compagnie\\\/#primaryimage\"},\"thumbnailUrl\":\"https:\\\/\\\/whitebirchpaper.com\\\/wp-content\\\/uploads\\\/about-whitebirch.jpg\",\"datePublished\":\"2015-10-29T18:31:24+00:00\",\"dateModified\":\"2018-11-02T15:40:19+00:00\",\"description\":\"Papiers White Birch est un producteur de papier journal, de papier haute brillance, de papier annuaire et autres produits du papier \u00e0 usage sp\u00e9ciaux\u00a0\",\"breadcrumb\":{\"@id\":\"https:\\\/\\\/whitebirchpaper.com\\\/fr\\\/compagnie\\\/#breadcrumb\"},\"inLanguage\":\"fr-FR\",\"potentialAction\":[{\"@type\":\"ReadAction\",\"target\":[\"https:\\\/\\\/whitebirchpaper.com\\\/fr\\\/compagnie\\\/\"]}]},{\"@type\":\"ImageObject\",\"inLanguage\":\"fr-FR\",\"@id\":\"https:\\\/\\\/whitebirchpaper.com\\\/fr\\\/compagnie\\\/#primaryimage\",\"url\":\"https:\\\/\\\/whitebirchpaper.com\\\/wp-content\\\/uploads\\\/about-whitebirch.jpg\",\"contentUrl\":\"https:\\\/\\\/whitebirchpaper.com\\\/wp-content\\\/uploads\\\/about-whitebirch.jpg\",\"width\":1903,\"height\":240},{\"@type\":\"BreadcrumbList\",\"@id\":\"https:\\\/\\\/whitebirchpaper.com\\\/fr\\\/compagnie\\\/#breadcrumb\",\"itemListElement\":[{\"@type\":\"ListItem\",\"position\":1,\"name\":\"Home\",\"item\":\"https:\\\/\\\/whitebirchpaper.com\\\/fr\\\/\"},{\"@type\":\"ListItem\",\"position\":2,\"name\":\"Compagnie\"}]},{\"@type\":\"WebSite\",\"@id\":\"https:\\\/\\\/whitebirchpaper.com\\\/#website\",\"url\":\"https:\\\/\\\/whitebirchpaper.com\\\/\",\"name\":\"White Birch Paper\",\"description\":\"\",\"publisher\":{\"@id\":\"https:\\\/\\\/whitebirchpaper.com\\\/#organization\"},\"potentialAction\":[{\"@type\":\"SearchAction\",\"target\":{\"@type\":\"EntryPoint\",\"urlTemplate\":\"https:\\\/\\\/whitebirchpaper.com\\\/?s={search_term_string}\"},\"query-input\":{\"@type\":\"PropertyValueSpecification\",\"valueRequired\":true,\"valueName\":\"search_term_string\"}}],\"inLanguage\":\"fr-FR\"},{\"@type\":\"Organization\",\"@id\":\"https:\\\/\\\/whitebirchpaper.com\\\/#organization\",\"name\":\"White Birch Paper\",\"url\":\"https:\\\/\\\/whitebirchpaper.com\\\/\",\"logo\":{\"@type\":\"ImageObject\",\"inLanguage\":\"fr-FR\",\"@id\":\"https:\\\/\\\/whitebirchpaper.com\\\/#\\\/schema\\\/logo\\\/image\\\/\",\"url\":\"https:\\\/\\\/whitebirchpaper.com\\\/wp-content\\\/uploads\\\/logo-white-birch-paper.png\",\"contentUrl\":\"https:\\\/\\\/whitebirchpaper.com\\\/wp-content\\\/uploads\\\/logo-white-birch-paper.png\",\"width\":395,\"height\":75,\"caption\":\"White Birch Paper\"},\"image\":{\"@id\":\"https:\\\/\\\/whitebirchpaper.com\\\/#\\\/schema\\\/logo\\\/image\\\/\"}}]}<\/script>\n<!-- \/ Yoast SEO plugin. -->","yoast_head_json":{"title":"Producteur de papier - Papiers White Birch","description":"Papiers White Birch est un producteur de papier journal, de papier haute brillance, de papier annuaire et autres produits du papier \u00e0 usage sp\u00e9ciaux\u00a0","robots":{"index":"index","follow":"follow","max-snippet":"max-snippet:-1","max-image-preview":"max-image-preview:large","max-video-preview":"max-video-preview:-1"},"canonical":"https:\/\/whitebirchpaper.com\/fr\/compagnie\/","og_locale":"fr_FR","og_type":"article","og_title":"Producteur de papier - Papiers White Birch","og_description":"Papiers White Birch est un producteur de papier journal, de papier haute brillance, de papier annuaire et autres produits du papier \u00e0 usage sp\u00e9ciaux\u00a0","og_url":"https:\/\/whitebirchpaper.com\/fr\/compagnie\/","og_site_name":"White Birch Paper","article_modified_time":"2018-11-02T15:40:19+00:00","og_image":[{"width":1903,"height":240,"url":"https:\/\/whitebirchpaper.com\/wp-content\/uploads\/about-whitebirch.jpg","type":"image\/jpeg"}],"twitter_card":"summary_large_image","twitter_misc":{"Dur\u00e9e de lecture estim\u00e9e":"3 minutes"},"schema":{"@context":"https:\/\/schema.org","@graph":[{"@type":"WebPage","@id":"https:\/\/whitebirchpaper.com\/fr\/compagnie\/","url":"https:\/\/whitebirchpaper.com\/fr\/compagnie\/","name":"Producteur de papier - Papiers White Birch","isPartOf":{"@id":"https:\/\/whitebirchpaper.com\/#website"},"primaryImageOfPage":{"@id":"https:\/\/whitebirchpaper.com\/fr\/compagnie\/#primaryimage"},"image":{"@id":"https:\/\/whitebirchpaper.com\/fr\/compagnie\/#primaryimage"},"thumbnailUrl":"https:\/\/whitebirchpaper.com\/wp-content\/uploads\/about-whitebirch.jpg","datePublished":"2015-10-29T18:31:24+00:00","dateModified":"2018-11-02T15:40:19+00:00","description":"Papiers White Birch est un producteur de papier journal, de papier haute brillance, de papier annuaire et autres produits du papier \u00e0 usage sp\u00e9ciaux\u00a0","breadcrumb":{"@id":"https:\/\/whitebirchpaper.com\/fr\/compagnie\/#breadcrumb"},"inLanguage":"fr-FR","potentialAction":[{"@type":"ReadAction","target":["https:\/\/whitebirchpaper.com\/fr\/compagnie\/"]}]},{"@type":"ImageObject","inLanguage":"fr-FR","@id":"https:\/\/whitebirchpaper.com\/fr\/compagnie\/#primaryimage","url":"https:\/\/whitebirchpaper.com\/wp-content\/uploads\/about-whitebirch.jpg","contentUrl":"https:\/\/whitebirchpaper.com\/wp-content\/uploads\/about-whitebirch.jpg","width":1903,"height":240},{"@type":"BreadcrumbList","@id":"https:\/\/whitebirchpaper.com\/fr\/compagnie\/#breadcrumb","itemListElement":[{"@type":"ListItem","position":1,"name":"Home","item":"https:\/\/whitebirchpaper.com\/fr\/"},{"@type":"ListItem","position":2,"name":"Compagnie"}]},{"@type":"WebSite","@id":"https:\/\/whitebirchpaper.com\/#website","url":"https:\/\/whitebirchpaper.com\/","name":"White Birch Paper","description":"","publisher":{"@id":"https:\/\/whitebirchpaper.com\/#organization"},"potentialAction":[{"@type":"SearchAction","target":{"@type":"EntryPoint","urlTemplate":"https:\/\/whitebirchpaper.com\/?s={search_term_string}"},"query-input":{"@type":"PropertyValueSpecification","valueRequired":true,"valueName":"search_term_string"}}],"inLanguage":"fr-FR"},{"@type":"Organization","@id":"https:\/\/whitebirchpaper.com\/#organization","name":"White Birch Paper","url":"https:\/\/whitebirchpaper.com\/","logo":{"@type":"ImageObject","inLanguage":"fr-FR","@id":"https:\/\/whitebirchpaper.com\/#\/schema\/logo\/image\/","url":"https:\/\/whitebirchpaper.com\/wp-content\/uploads\/logo-white-birch-paper.png","contentUrl":"https:\/\/whitebirchpaper.com\/wp-content\/uploads\/logo-white-birch-paper.png","width":395,"height":75,"caption":"White Birch Paper"},"image":{"@id":"https:\/\/whitebirchpaper.com\/#\/schema\/logo\/image\/"}}]}},"_links":{"self":[{"href":"https:\/\/whitebirchpaper.com\/fr\/wp-json\/wp\/v2\/pages\/1090","targetHints":{"allow":["GET"]}}],"collection":[{"href":"https:\/\/whitebirchpaper.com\/fr\/wp-json\/wp\/v2\/pages"}],"about":[{"href":"https:\/\/whitebirchpaper.com\/fr\/wp-json\/wp\/v2\/types\/page"}],"author":[{"embeddable":true,"href":"https:\/\/whitebirchpaper.com\/fr\/wp-json\/wp\/v2\/users\/19"}],"replies":[{"embeddable":true,"href":"https:\/\/whitebirchpaper.com\/fr\/wp-json\/wp\/v2\/comments?post=1090"}],"version-history":[{"count":0,"href":"https:\/\/whitebirchpaper.com\/fr\/wp-json\/wp\/v2\/pages\/1090\/revisions"}],"wp:featuredmedia":[{"embeddable":true,"href":"https:\/\/whitebirchpaper.com\/fr\/wp-json\/wp\/v2\/media\/999"}],"wp:attachment":[{"href":"https:\/\/whitebirchpaper.com\/fr\/wp-json\/wp\/v2\/media?parent=1090"}],"curies":[{"name":"wp","href":"https:\/\/api.w.org\/{rel}","templated":true}]}}